{"id":46101,"date":"2025-02-07T09:17:48","date_gmt":"2025-02-07T08:17:48","guid":{"rendered":"https:\/\/librairie7l.com\/?post_type=product&#038;p=46101"},"modified":"2026-04-22T07:27:36","modified_gmt":"2026-04-22T05:27:36","slug":"le-jardin-de-tulipes-cultiver-et-collectionner-des-varietes-botaniques-rares-et-annuelles-2","status":"publish","type":"product","link":"https:\/\/librairie7l.com\/en\/produit\/le-jardin-de-tulipes-cultiver-et-collectionner-des-varietes-botaniques-rares-et-annuelles-2\/","title":{"rendered":"LE JARDIN DE TULIPES : CULTIVER ET COLLECTIONNER DES VARI\u00c9T\u00c9S BOTANIQUES, RARES ET ANNUELLES"},"content":{"rendered":"<p>Une parfaite introduction \u00e0 la culture et \u00e0 la collection des tulipes et des conseils avis\u00e9s pour les jardiniers, avec pour toile de fond un superbe jardin anglais<br \/>\nLa tulipe est l&#8217;une des fleurs les plus cultiv\u00e9es au monde : les Pays-Bas en produisent chaque ann\u00e9e plus de 2 500 vari\u00e9t\u00e9s. Ce livre pr\u00e9sente la collection unique de tulipes rares de Blacklands, le magnifique jardin anglais de Polly Nicholson. Dans Le Jardin de tulipes : Cultiver et collectionner des vari\u00e9t\u00e9s botaniques, rares et annuelles, elle pr\u00e9sente des tulipes botaniques, des tulipes n\u00e9erlandaises historiques remontant jusqu&#8217;au xvie si\u00e8cle, des tulipes de fleuristes anglais du xixe si\u00e8cle et des tulipes annuelles, et retrace l&#8217;histoire culturelle de cette fleur prestigieuse. Elle donne toutes les cl\u00e9s pour r\u00e9ussir \u00e0 cultiver ces plantes, de vari\u00e9t\u00e9s anciennes ou modernes, que ce soit dans des massifs de vivaces, dans des pelouses, dans des pots et bacs ou dans des plates-bandes pour la fleur coup\u00e9e.<\/p>\n","protected":false},"excerpt":{"rendered":"<p>Une parfaite introduction \u00e0 la culture et \u00e0 la collection des tulipes et des conseils avis\u00e9s pour les jardiniers, avec pour toile de fond un superbe jardin anglais La tulipe est l&#8217;une des fleurs les plus cultiv\u00e9es au monde : les Pays-Bas en produisent chaque ann\u00e9e plus de 2 500 vari\u00e9t\u00e9s. Ce livre pr\u00e9sente la [&hellip;]<\/p>\n","protected":false},"featured_media":46099,"template":"","meta":[],"product_cat":[2948,2956],"product_tag":[],"acf":[],"yoast_head":"<!-- This site is optimized with the Yoast SEO plugin v20.11 - https:\/\/yoast.com\/wordpress\/plugins\/seo\/ -->\n<title>Le jardin de tulipes : Cultiver et collectionner des vari\u00e9t\u00e9s botaniques, rares et annuelles - Librairie 7L<\/title>\n<meta name=\"robots\" content=\"index, follow, max-snippet:-1, max-image-preview:large, max-video-preview:-1\" \/>\n<link rel=\"canonical\" href=\"https:\/\/librairie7l.com\/en\/produit\/le-jardin-de-tulipes-cultiver-et-collectionner-des-varietes-botaniques-rares-et-annuelles-2\/\" \/>\n<meta property=\"og:locale\" content=\"en_US\" \/>\n<meta property=\"og:type\" content=\"article\" \/>\n<meta property=\"og:title\" content=\"Le jardin de tulipes : Cultiver et collectionner des vari\u00e9t\u00e9s botaniques, rares et annuelles - Librairie 7L\" \/>\n<meta property=\"og:description\" content=\"Une parfaite introduction \u00e0 la culture et \u00e0 la collection des tulipes et des conseils avis\u00e9s pour les jardiniers, avec pour toile de fond un superbe jardin anglais La tulipe est l&#8217;une des fleurs les plus cultiv\u00e9es au monde : les Pays-Bas en produisent chaque ann\u00e9e plus de 2 500 vari\u00e9t\u00e9s. Ce livre pr\u00e9sente la [&hellip;]\" \/>\n<meta property=\"og:url\" content=\"https:\/\/librairie7l.com\/en\/produit\/le-jardin-de-tulipes-cultiver-et-collectionner-des-varietes-botaniques-rares-et-annuelles-2\/\" \/>\n<meta property=\"og:site_name\" content=\"Librairie 7L\" \/>\n<meta property=\"article:modified_time\" content=\"2026-04-22T05:27:36+00:00\" \/>\n<meta property=\"og:image\" content=\"https:\/\/librairie7l.com\/wp-content\/uploads\/2024\/10\/9781838669928_1_75.jpg\" \/>\n\t<meta property=\"og:image:width\" content=\"600\" \/>\n\t<meta property=\"og:image:height\" content=\"831\" \/>\n\t<meta property=\"og:image:type\" content=\"image\/jpeg\" \/>\n<meta name=\"twitter:card\" content=\"summary_large_image\" \/>\n<meta name=\"twitter:label1\" content=\"Est. reading time\" \/>\n\t<meta name=\"twitter:data1\" content=\"1 minute\" \/>\n<script type=\"application\/ld+json\" class=\"yoast-schema-graph\">{\"@context\":\"https:\/\/schema.org\",\"@graph\":[{\"@type\":\"WebPage\",\"@id\":\"https:\/\/librairie7l.com\/en\/produit\/le-jardin-de-tulipes-cultiver-et-collectionner-des-varietes-botaniques-rares-et-annuelles-2\/\",\"url\":\"https:\/\/librairie7l.com\/en\/produit\/le-jardin-de-tulipes-cultiver-et-collectionner-des-varietes-botaniques-rares-et-annuelles-2\/\",\"name\":\"Le jardin de tulipes : Cultiver et collectionner des vari\u00e9t\u00e9s botaniques, rares et annuelles - Librairie 7L\",\"isPartOf\":{\"@id\":\"https:\/\/librairie7l.com\/en\/#website\"},\"datePublished\":\"2025-02-07T08:17:48+00:00\",\"dateModified\":\"2026-04-22T05:27:36+00:00\",\"breadcrumb\":{\"@id\":\"https:\/\/librairie7l.com\/en\/produit\/le-jardin-de-tulipes-cultiver-et-collectionner-des-varietes-botaniques-rares-et-annuelles-2\/#breadcrumb\"},\"inLanguage\":\"en-US\",\"potentialAction\":[{\"@type\":\"ReadAction\",\"target\":[\"https:\/\/librairie7l.com\/en\/produit\/le-jardin-de-tulipes-cultiver-et-collectionner-des-varietes-botaniques-rares-et-annuelles-2\/\"]}]},{\"@type\":\"BreadcrumbList\",\"@id\":\"https:\/\/librairie7l.com\/en\/produit\/le-jardin-de-tulipes-cultiver-et-collectionner-des-varietes-botaniques-rares-et-annuelles-2\/#breadcrumb\",\"itemListElement\":[{\"@type\":\"ListItem\",\"position\":1,\"name\":\"Accueil\",\"item\":\"https:\/\/librairie7l.com\/en\/\"},{\"@type\":\"ListItem\",\"position\":2,\"name\":\"Shop\",\"item\":\"https:\/\/librairie7l.com\/en\/shop\/\"},{\"@type\":\"ListItem\",\"position\":3,\"name\":\"LE JARDIN DE TULIPES : CULTIVER ET COLLECTIONNER DES VARI\u00c9T\u00c9S BOTANIQUES, RARES ET ANNUELLES\"}]},{\"@type\":\"WebSite\",\"@id\":\"https:\/\/librairie7l.com\/en\/#website\",\"url\":\"https:\/\/librairie7l.com\/en\/\",\"name\":\"Librairie 7L\",\"description\":\"Librairie fond\u00e9e en 1999 par Karl Lagerfeld \u00e0 Paris\",\"publisher\":{\"@id\":\"https:\/\/librairie7l.com\/en\/#organization\"},\"potentialAction\":[{\"@type\":\"SearchAction\",\"target\":{\"@type\":\"EntryPoint\",\"urlTemplate\":\"https:\/\/librairie7l.com\/en\/?s={search_term_string}\"},\"query-input\":\"required name=search_term_string\"}],\"inLanguage\":\"en-US\"},{\"@type\":\"Organization\",\"@id\":\"https:\/\/librairie7l.com\/en\/#organization\",\"name\":\"Librairie 7L\",\"url\":\"https:\/\/librairie7l.com\/en\/\",\"logo\":{\"@type\":\"ImageObject\",\"inLanguage\":\"en-US\",\"@id\":\"https:\/\/librairie7l.com\/en\/#\/schema\/logo\/image\/\",\"url\":\"https:\/\/librairie7l.com\/wp-content\/uploads\/2022\/08\/logo-1.png\",\"contentUrl\":\"https:\/\/librairie7l.com\/wp-content\/uploads\/2022\/08\/logo-1.png\",\"width\":227,\"height\":301,\"caption\":\"Librairie 7L\"},\"image\":{\"@id\":\"https:\/\/librairie7l.com\/en\/#\/schema\/logo\/image\/\"}}]}<\/script>\n<!-- \/ Yoast SEO plugin. -->","yoast_head_json":{"title":"Le jardin de tulipes : Cultiver et collectionner des vari\u00e9t\u00e9s botaniques, rares et annuelles - Librairie 7L","robots":{"index":"index","follow":"follow","max-snippet":"max-snippet:-1","max-image-preview":"max-image-preview:large","max-video-preview":"max-video-preview:-1"},"canonical":"https:\/\/librairie7l.com\/en\/produit\/le-jardin-de-tulipes-cultiver-et-collectionner-des-varietes-botaniques-rares-et-annuelles-2\/","og_locale":"en_US","og_type":"article","og_title":"Le jardin de tulipes : Cultiver et collectionner des vari\u00e9t\u00e9s botaniques, rares et annuelles - Librairie 7L","og_description":"Une parfaite introduction \u00e0 la culture et \u00e0 la collection des tulipes et des conseils avis\u00e9s pour les jardiniers, avec pour toile de fond un superbe jardin anglais La tulipe est l&#8217;une des fleurs les plus cultiv\u00e9es au monde : les Pays-Bas en produisent chaque ann\u00e9e plus de 2 500 vari\u00e9t\u00e9s. Ce livre pr\u00e9sente la [&hellip;]","og_url":"https:\/\/librairie7l.com\/en\/produit\/le-jardin-de-tulipes-cultiver-et-collectionner-des-varietes-botaniques-rares-et-annuelles-2\/","og_site_name":"Librairie 7L","article_modified_time":"2026-04-22T05:27:36+00:00","og_image":[{"width":600,"height":831,"url":"https:\/\/librairie7l.com\/wp-content\/uploads\/2024\/10\/9781838669928_1_75.jpg","type":"image\/jpeg"}],"twitter_card":"summary_large_image","twitter_misc":{"Est. reading time":"1 minute"},"schema":{"@context":"https:\/\/schema.org","@graph":[{"@type":"WebPage","@id":"https:\/\/librairie7l.com\/en\/produit\/le-jardin-de-tulipes-cultiver-et-collectionner-des-varietes-botaniques-rares-et-annuelles-2\/","url":"https:\/\/librairie7l.com\/en\/produit\/le-jardin-de-tulipes-cultiver-et-collectionner-des-varietes-botaniques-rares-et-annuelles-2\/","name":"Le jardin de tulipes : Cultiver et collectionner des vari\u00e9t\u00e9s botaniques, rares et annuelles - Librairie 7L","isPartOf":{"@id":"https:\/\/librairie7l.com\/en\/#website"},"datePublished":"2025-02-07T08:17:48+00:00","dateModified":"2026-04-22T05:27:36+00:00","breadcrumb":{"@id":"https:\/\/librairie7l.com\/en\/produit\/le-jardin-de-tulipes-cultiver-et-collectionner-des-varietes-botaniques-rares-et-annuelles-2\/#breadcrumb"},"inLanguage":"en-US","potentialAction":[{"@type":"ReadAction","target":["https:\/\/librairie7l.com\/en\/produit\/le-jardin-de-tulipes-cultiver-et-collectionner-des-varietes-botaniques-rares-et-annuelles-2\/"]}]},{"@type":"BreadcrumbList","@id":"https:\/\/librairie7l.com\/en\/produit\/le-jardin-de-tulipes-cultiver-et-collectionner-des-varietes-botaniques-rares-et-annuelles-2\/#breadcrumb","itemListElement":[{"@type":"ListItem","position":1,"name":"Accueil","item":"https:\/\/librairie7l.com\/en\/"},{"@type":"ListItem","position":2,"name":"Shop","item":"https:\/\/librairie7l.com\/en\/shop\/"},{"@type":"ListItem","position":3,"name":"LE JARDIN DE TULIPES : CULTIVER ET COLLECTIONNER DES VARI\u00c9T\u00c9S BOTANIQUES, RARES ET ANNUELLES"}]},{"@type":"WebSite","@id":"https:\/\/librairie7l.com\/en\/#website","url":"https:\/\/librairie7l.com\/en\/","name":"Librairie 7L","description":"Librairie fond\u00e9e en 1999 par Karl Lagerfeld \u00e0 Paris","publisher":{"@id":"https:\/\/librairie7l.com\/en\/#organization"},"potentialAction":[{"@type":"SearchAction","target":{"@type":"EntryPoint","urlTemplate":"https:\/\/librairie7l.com\/en\/?s={search_term_string}"},"query-input":"required name=search_term_string"}],"inLanguage":"en-US"},{"@type":"Organization","@id":"https:\/\/librairie7l.com\/en\/#organization","name":"Librairie 7L","url":"https:\/\/librairie7l.com\/en\/","logo":{"@type":"ImageObject","inLanguage":"en-US","@id":"https:\/\/librairie7l.com\/en\/#\/schema\/logo\/image\/","url":"https:\/\/librairie7l.com\/wp-content\/uploads\/2022\/08\/logo-1.png","contentUrl":"https:\/\/librairie7l.com\/wp-content\/uploads\/2022\/08\/logo-1.png","width":227,"height":301,"caption":"Librairie 7L"},"image":{"@id":"https:\/\/librairie7l.com\/en\/#\/schema\/logo\/image\/"}}]}},"_links":{"self":[{"href":"https:\/\/librairie7l.com\/en\/wp-json\/wp\/v2\/product\/46101"}],"collection":[{"href":"https:\/\/librairie7l.com\/en\/wp-json\/wp\/v2\/product"}],"about":[{"href":"https:\/\/librairie7l.com\/en\/wp-json\/wp\/v2\/types\/product"}],"wp:featuredmedia":[{"embeddable":true,"href":"https:\/\/librairie7l.com\/en\/wp-json\/wp\/v2\/media\/46099"}],"wp:attachment":[{"href":"https:\/\/librairie7l.com\/en\/wp-json\/wp\/v2\/media?parent=46101"}],"wp:term":[{"taxonomy":"product_cat","embeddable":true,"href":"https:\/\/librairie7l.com\/en\/wp-json\/wp\/v2\/product_cat?post=46101"},{"taxonomy":"product_tag","embeddable":true,"href":"https:\/\/librairie7l.com\/en\/wp-json\/wp\/v2\/product_tag?post=46101"}],"curies":[{"name":"wp","href":"https:\/\/api.w.org\/{rel}","templated":true}]}}