{"id":46111,"date":"2025-02-07T09:17:56","date_gmt":"2025-02-07T08:17:56","guid":{"rendered":"https:\/\/librairie7l.com\/?post_type=product&#038;p=46111"},"modified":"2026-04-07T08:06:33","modified_gmt":"2026-04-07T06:06:33","slug":"la-fabuleuse-aventure-des-ballets-suedois-1920-1924-2","status":"publish","type":"product","link":"https:\/\/librairie7l.com\/en\/produit\/la-fabuleuse-aventure-des-ballets-suedois-1920-1924-2\/","title":{"rendered":"LA FABULEUSE AVENTURE DES BALLETS SU\u00c9DOIS, 1920-1924"},"content":{"rendered":"<p>La br\u00e8ve existence de la compagnie des Ballets Su\u00e9dois entre 1920 et 1924 est l&#8217;une des plus passionnantes aventures artistiques parisiennes de cette p\u00e9riode que l&#8217;on allait sous peu baptiser \u00ab ann\u00e9es folles \u00bb.<br \/>\nLe temps de cinq saisons et de vingt-six ballets, tous cr\u00e9\u00e9s sur la sc\u00e8ne du Th\u00e9\u00e2tre des Champs-Elys\u00e9es, cette compagnie, fond\u00e9e par Rolf de Mar\u00e9 et dirig\u00e9e par le danseur et chor\u00e9graphe Jean Borlin, allait cr\u00e9er un v\u00e9ritable \u00e9lectrochoc artistique dans le Paris de l&#8217;apr\u00e8s-guerre.<br \/>\nGrand amateur d&#8217;art et issu d&#8217;une noble et riche famille su\u00e9doise, Rolf de Mar\u00e9 n&#8217;est pas sans rappeler l&#8217;illustre figure de son a\u00een\u00e9, le russe Serge Diaghilev. Et Jean Borlin celles de Nijinsky et Massine, dont le fondateur des Ballets Russes fut le pygmalion. Ce n&#8217;est pas non plus une simple co\u00efncidence si la compagnie su\u00e9doise trouva sa maison et sa sc\u00e8ne au Th\u00e9\u00e2tre des Champs-Elys\u00e9es, cette m\u00eame sc\u00e8ne qui avait tant marqu\u00e9 les esprits en 1913 lors de la cr\u00e9ation du Sacre du printemps, pi\u00e8ce musicale et chor\u00e9graphique la plus embl\u00e9matique et la plus moderne du r\u00e9pertoire des Ballets Russes.<\/p>\n","protected":false},"excerpt":{"rendered":"<p>La br\u00e8ve existence de la compagnie des Ballets Su\u00e9dois entre 1920 et 1924 est l&#8217;une des plus passionnantes aventures artistiques parisiennes de cette p\u00e9riode que l&#8217;on allait sous peu baptiser \u00ab ann\u00e9es folles \u00bb. Le temps de cinq saisons et de vingt-six ballets, tous cr\u00e9\u00e9s sur la sc\u00e8ne du Th\u00e9\u00e2tre des Champs-Elys\u00e9es, cette compagnie, fond\u00e9e [&hellip;]<\/p>\n","protected":false},"featured_media":46109,"template":"","meta":[],"product_cat":[2948,2953],"product_tag":[],"acf":[],"yoast_head":"<!-- This site is optimized with the Yoast SEO plugin v20.11 - https:\/\/yoast.com\/wordpress\/plugins\/seo\/ -->\n<title>La fabuleuse aventure des Ballets su\u00e9dois, 1920-1924 - Librairie 7L<\/title>\n<meta name=\"robots\" content=\"index, follow, max-snippet:-1, max-image-preview:large, max-video-preview:-1\" \/>\n<link rel=\"canonical\" href=\"https:\/\/librairie7l.com\/en\/produit\/la-fabuleuse-aventure-des-ballets-suedois-1920-1924-2\/\" \/>\n<meta property=\"og:locale\" content=\"en_US\" \/>\n<meta property=\"og:type\" content=\"article\" \/>\n<meta property=\"og:title\" content=\"La fabuleuse aventure des Ballets su\u00e9dois, 1920-1924 - Librairie 7L\" \/>\n<meta property=\"og:description\" content=\"La br\u00e8ve existence de la compagnie des Ballets Su\u00e9dois entre 1920 et 1924 est l&#8217;une des plus passionnantes aventures artistiques parisiennes de cette p\u00e9riode que l&#8217;on allait sous peu baptiser \u00ab ann\u00e9es folles \u00bb. Le temps de cinq saisons et de vingt-six ballets, tous cr\u00e9\u00e9s sur la sc\u00e8ne du Th\u00e9\u00e2tre des Champs-Elys\u00e9es, cette compagnie, fond\u00e9e [&hellip;]\" \/>\n<meta property=\"og:url\" content=\"https:\/\/librairie7l.com\/en\/produit\/la-fabuleuse-aventure-des-ballets-suedois-1920-1924-2\/\" \/>\n<meta property=\"og:site_name\" content=\"Librairie 7L\" \/>\n<meta property=\"article:modified_time\" content=\"2026-04-07T06:06:33+00:00\" \/>\n<meta property=\"og:image\" content=\"https:\/\/librairie7l.com\/wp-content\/uploads\/2024\/10\/9782382032121_1_75.jpg\" \/>\n\t<meta property=\"og:image:width\" content=\"600\" \/>\n\t<meta property=\"og:image:height\" content=\"903\" \/>\n\t<meta property=\"og:image:type\" content=\"image\/jpeg\" \/>\n<meta name=\"twitter:card\" content=\"summary_large_image\" \/>\n<meta name=\"twitter:label1\" content=\"Est. reading time\" \/>\n\t<meta name=\"twitter:data1\" content=\"1 minute\" \/>\n<script type=\"application\/ld+json\" class=\"yoast-schema-graph\">{\"@context\":\"https:\/\/schema.org\",\"@graph\":[{\"@type\":\"WebPage\",\"@id\":\"https:\/\/librairie7l.com\/en\/produit\/la-fabuleuse-aventure-des-ballets-suedois-1920-1924-2\/\",\"url\":\"https:\/\/librairie7l.com\/en\/produit\/la-fabuleuse-aventure-des-ballets-suedois-1920-1924-2\/\",\"name\":\"La fabuleuse aventure des Ballets su\u00e9dois, 1920-1924 - Librairie 7L\",\"isPartOf\":{\"@id\":\"https:\/\/librairie7l.com\/en\/#website\"},\"datePublished\":\"2025-02-07T08:17:56+00:00\",\"dateModified\":\"2026-04-07T06:06:33+00:00\",\"breadcrumb\":{\"@id\":\"https:\/\/librairie7l.com\/en\/produit\/la-fabuleuse-aventure-des-ballets-suedois-1920-1924-2\/#breadcrumb\"},\"inLanguage\":\"en-US\",\"potentialAction\":[{\"@type\":\"ReadAction\",\"target\":[\"https:\/\/librairie7l.com\/en\/produit\/la-fabuleuse-aventure-des-ballets-suedois-1920-1924-2\/\"]}]},{\"@type\":\"BreadcrumbList\",\"@id\":\"https:\/\/librairie7l.com\/en\/produit\/la-fabuleuse-aventure-des-ballets-suedois-1920-1924-2\/#breadcrumb\",\"itemListElement\":[{\"@type\":\"ListItem\",\"position\":1,\"name\":\"Accueil\",\"item\":\"https:\/\/librairie7l.com\/en\/\"},{\"@type\":\"ListItem\",\"position\":2,\"name\":\"Shop\",\"item\":\"https:\/\/librairie7l.com\/en\/shop\/\"},{\"@type\":\"ListItem\",\"position\":3,\"name\":\"LA FABULEUSE AVENTURE DES BALLETS SU\u00c9DOIS, 1920-1924\"}]},{\"@type\":\"WebSite\",\"@id\":\"https:\/\/librairie7l.com\/en\/#website\",\"url\":\"https:\/\/librairie7l.com\/en\/\",\"name\":\"Librairie 7L\",\"description\":\"Librairie fond\u00e9e en 1999 par Karl Lagerfeld \u00e0 Paris\",\"publisher\":{\"@id\":\"https:\/\/librairie7l.com\/en\/#organization\"},\"potentialAction\":[{\"@type\":\"SearchAction\",\"target\":{\"@type\":\"EntryPoint\",\"urlTemplate\":\"https:\/\/librairie7l.com\/en\/?s={search_term_string}\"},\"query-input\":\"required name=search_term_string\"}],\"inLanguage\":\"en-US\"},{\"@type\":\"Organization\",\"@id\":\"https:\/\/librairie7l.com\/en\/#organization\",\"name\":\"Librairie 7L\",\"url\":\"https:\/\/librairie7l.com\/en\/\",\"logo\":{\"@type\":\"ImageObject\",\"inLanguage\":\"en-US\",\"@id\":\"https:\/\/librairie7l.com\/en\/#\/schema\/logo\/image\/\",\"url\":\"https:\/\/librairie7l.com\/wp-content\/uploads\/2022\/08\/logo-1.png\",\"contentUrl\":\"https:\/\/librairie7l.com\/wp-content\/uploads\/2022\/08\/logo-1.png\",\"width\":227,\"height\":301,\"caption\":\"Librairie 7L\"},\"image\":{\"@id\":\"https:\/\/librairie7l.com\/en\/#\/schema\/logo\/image\/\"}}]}<\/script>\n<!-- \/ Yoast SEO plugin. -->","yoast_head_json":{"title":"La fabuleuse aventure des Ballets su\u00e9dois, 1920-1924 - Librairie 7L","robots":{"index":"index","follow":"follow","max-snippet":"max-snippet:-1","max-image-preview":"max-image-preview:large","max-video-preview":"max-video-preview:-1"},"canonical":"https:\/\/librairie7l.com\/en\/produit\/la-fabuleuse-aventure-des-ballets-suedois-1920-1924-2\/","og_locale":"en_US","og_type":"article","og_title":"La fabuleuse aventure des Ballets su\u00e9dois, 1920-1924 - Librairie 7L","og_description":"La br\u00e8ve existence de la compagnie des Ballets Su\u00e9dois entre 1920 et 1924 est l&#8217;une des plus passionnantes aventures artistiques parisiennes de cette p\u00e9riode que l&#8217;on allait sous peu baptiser \u00ab ann\u00e9es folles \u00bb. Le temps de cinq saisons et de vingt-six ballets, tous cr\u00e9\u00e9s sur la sc\u00e8ne du Th\u00e9\u00e2tre des Champs-Elys\u00e9es, cette compagnie, fond\u00e9e [&hellip;]","og_url":"https:\/\/librairie7l.com\/en\/produit\/la-fabuleuse-aventure-des-ballets-suedois-1920-1924-2\/","og_site_name":"Librairie 7L","article_modified_time":"2026-04-07T06:06:33+00:00","og_image":[{"width":600,"height":903,"url":"https:\/\/librairie7l.com\/wp-content\/uploads\/2024\/10\/9782382032121_1_75.jpg","type":"image\/jpeg"}],"twitter_card":"summary_large_image","twitter_misc":{"Est. reading time":"1 minute"},"schema":{"@context":"https:\/\/schema.org","@graph":[{"@type":"WebPage","@id":"https:\/\/librairie7l.com\/en\/produit\/la-fabuleuse-aventure-des-ballets-suedois-1920-1924-2\/","url":"https:\/\/librairie7l.com\/en\/produit\/la-fabuleuse-aventure-des-ballets-suedois-1920-1924-2\/","name":"La fabuleuse aventure des Ballets su\u00e9dois, 1920-1924 - Librairie 7L","isPartOf":{"@id":"https:\/\/librairie7l.com\/en\/#website"},"datePublished":"2025-02-07T08:17:56+00:00","dateModified":"2026-04-07T06:06:33+00:00","breadcrumb":{"@id":"https:\/\/librairie7l.com\/en\/produit\/la-fabuleuse-aventure-des-ballets-suedois-1920-1924-2\/#breadcrumb"},"inLanguage":"en-US","potentialAction":[{"@type":"ReadAction","target":["https:\/\/librairie7l.com\/en\/produit\/la-fabuleuse-aventure-des-ballets-suedois-1920-1924-2\/"]}]},{"@type":"BreadcrumbList","@id":"https:\/\/librairie7l.com\/en\/produit\/la-fabuleuse-aventure-des-ballets-suedois-1920-1924-2\/#breadcrumb","itemListElement":[{"@type":"ListItem","position":1,"name":"Accueil","item":"https:\/\/librairie7l.com\/en\/"},{"@type":"ListItem","position":2,"name":"Shop","item":"https:\/\/librairie7l.com\/en\/shop\/"},{"@type":"ListItem","position":3,"name":"LA FABULEUSE AVENTURE DES BALLETS SU\u00c9DOIS, 1920-1924"}]},{"@type":"WebSite","@id":"https:\/\/librairie7l.com\/en\/#website","url":"https:\/\/librairie7l.com\/en\/","name":"Librairie 7L","description":"Librairie fond\u00e9e en 1999 par Karl Lagerfeld \u00e0 Paris","publisher":{"@id":"https:\/\/librairie7l.com\/en\/#organization"},"potentialAction":[{"@type":"SearchAction","target":{"@type":"EntryPoint","urlTemplate":"https:\/\/librairie7l.com\/en\/?s={search_term_string}"},"query-input":"required name=search_term_string"}],"inLanguage":"en-US"},{"@type":"Organization","@id":"https:\/\/librairie7l.com\/en\/#organization","name":"Librairie 7L","url":"https:\/\/librairie7l.com\/en\/","logo":{"@type":"ImageObject","inLanguage":"en-US","@id":"https:\/\/librairie7l.com\/en\/#\/schema\/logo\/image\/","url":"https:\/\/librairie7l.com\/wp-content\/uploads\/2022\/08\/logo-1.png","contentUrl":"https:\/\/librairie7l.com\/wp-content\/uploads\/2022\/08\/logo-1.png","width":227,"height":301,"caption":"Librairie 7L"},"image":{"@id":"https:\/\/librairie7l.com\/en\/#\/schema\/logo\/image\/"}}]}},"_links":{"self":[{"href":"https:\/\/librairie7l.com\/en\/wp-json\/wp\/v2\/product\/46111"}],"collection":[{"href":"https:\/\/librairie7l.com\/en\/wp-json\/wp\/v2\/product"}],"about":[{"href":"https:\/\/librairie7l.com\/en\/wp-json\/wp\/v2\/types\/product"}],"wp:featuredmedia":[{"embeddable":true,"href":"https:\/\/librairie7l.com\/en\/wp-json\/wp\/v2\/media\/46109"}],"wp:attachment":[{"href":"https:\/\/librairie7l.com\/en\/wp-json\/wp\/v2\/media?parent=46111"}],"wp:term":[{"taxonomy":"product_cat","embeddable":true,"href":"https:\/\/librairie7l.com\/en\/wp-json\/wp\/v2\/product_cat?post=46111"},{"taxonomy":"product_tag","embeddable":true,"href":"https:\/\/librairie7l.com\/en\/wp-json\/wp\/v2\/product_tag?post=46111"}],"curies":[{"name":"wp","href":"https:\/\/api.w.org\/{rel}","templated":true}]}}