{"id":46115,"date":"2025-02-07T09:18:00","date_gmt":"2025-02-07T08:18:00","guid":{"rendered":"https:\/\/librairie7l.com\/?post_type=product&#038;p=46115"},"modified":"2026-04-05T20:12:14","modified_gmt":"2026-04-05T18:12:14","slug":"the-book-of-printed-fabrics-from-the-16th-century-until-today-2","status":"publish","type":"product","link":"https:\/\/librairie7l.com\/en\/produit\/the-book-of-printed-fabrics-from-the-16th-century-until-today-2\/","title":{"rendered":"THE BOOK OF PRINTED FABRICS: FROM THE 16TH CENTURY UNTIL TODAY"},"content":{"rendered":"<p>Dans l&#8217;est de la France, tout pr\u00e8s des fronti\u00e8res allemande et suisse, se trouve la cit\u00e9 historique de Mulhouse. Au d\u00e9but du XIXe si\u00e8cle, elle est devenue une capitale de la manufacture textile. Elle accueille aujourd&#8217;hui un mus\u00e9e enti\u00e8rement consacr\u00e9 \u00e0 l&#8217;histoire de l&#8217;impression sur \u00e9toffes, du XVIIe  si\u00e8cle \u00e0 nos jours. <\/p>\n<p>Rares sont les cr\u00e9ateurs de mode s\u00e9rieux qui ne viennent pas visiter cet \u00e9tonnant temple du tissu. Cet ouvrage remarquable vous en procure les cl\u00e9s de vo\u00fbte, en pr\u00e9sentant dans un format g\u00e9n\u00e9reux des images parfaitement calibr\u00e9es de ses collections qui couvrent quatre continents et en retra\u00e7ant une fascinante aventure artistique et technologique \u00e0 travers le monde, depuis ses origines en Inde jusqu&#8217;aux cr\u00e9ations les plus contemporaines. <\/p>\n<p>Au fil de ces deux tomes, vous parcourrez neuf chapitres foisonnant d&#8217;illustrations qui composent un panorama th\u00e9matique et chronologique de la r\u00e9trospective in\u00e9gal\u00e9e sur l&#8217;art de l&#8217;impression textile que propose le mus\u00e9e. Le voyage commence en Inde : le premier tome est consacr\u00e9 aux origines orientales des techniques et motifs qui ont rendu c\u00e9l\u00e8bres ces tissus imprim\u00e9s, et \u00e0 leur arriv\u00e9e dans les manufactures europ\u00e9ennes. Vous y trouverez aussi des histoires et des images sur des innovations artistiques majeures comme la toile de Jouy ou l&#8217;\u00e9laboration de nouvelles palettes chromatiques. <\/p>\n<p>Dans le second tome, vous d\u00e9couvrirez l&#8217;incroyable inventivit\u00e9 que d\u00e9montrent les fabricants et leurs \u00e9quipes de cr\u00e9ation tout au long des XIXe et XXe si\u00e8cles. Plongez dans les motifs cachemire hypnotiques et la passion pour les fleurs et la nature qui enflamma le Second Empire, avant que les avant-gardes artistiques et la modernit\u00e9 transforment en profondeur la cr\u00e9ation d&#8217;\u00e9toffes imprim\u00e9es.<\/p>\n<p>Avec ses quelque 900 pi\u00e8ces photographi\u00e9es avec les techniques de reproductions les plus perfectionn\u00e9es, qui vous embarqueront dans une extraordinaire tapisserie de motifs et de couleurs, cet ouvrage est une source d&#8217;inspiration in\u00e9gal\u00e9e pour les fanatiques de textile de tout poil.<\/p>\n","protected":false},"excerpt":{"rendered":"<p>Dans l&#8217;est de la France, tout pr\u00e8s des fronti\u00e8res allemande et suisse, se trouve la cit\u00e9 historique de Mulhouse. Au d\u00e9but du XIXe si\u00e8cle, elle est devenue une capitale de la manufacture textile. Elle accueille aujourd&#8217;hui un mus\u00e9e enti\u00e8rement consacr\u00e9 \u00e0 l&#8217;histoire de l&#8217;impression sur \u00e9toffes, du XVIIe si\u00e8cle \u00e0 nos jours. Rares sont les [&hellip;]<\/p>\n","protected":false},"featured_media":46113,"template":"","meta":[],"product_cat":[2948,2957],"product_tag":[],"acf":[],"yoast_head":"<!-- This site is optimized with the Yoast SEO plugin v20.11 - https:\/\/yoast.com\/wordpress\/plugins\/seo\/ -->\n<title>The book of printed fabrics: From the 16th century until today - Librairie 7L<\/title>\n<meta name=\"robots\" content=\"index, follow, max-snippet:-1, max-image-preview:large, max-video-preview:-1\" \/>\n<link rel=\"canonical\" href=\"https:\/\/librairie7l.com\/en\/produit\/the-book-of-printed-fabrics-from-the-16th-century-until-today-2\/\" \/>\n<meta property=\"og:locale\" content=\"en_US\" \/>\n<meta property=\"og:type\" content=\"article\" \/>\n<meta property=\"og:title\" content=\"The book of printed fabrics: From the 16th century until today - Librairie 7L\" \/>\n<meta property=\"og:description\" content=\"Dans l&#8217;est de la France, tout pr\u00e8s des fronti\u00e8res allemande et suisse, se trouve la cit\u00e9 historique de Mulhouse. Au d\u00e9but du XIXe si\u00e8cle, elle est devenue une capitale de la manufacture textile. Elle accueille aujourd&#8217;hui un mus\u00e9e enti\u00e8rement consacr\u00e9 \u00e0 l&#8217;histoire de l&#8217;impression sur \u00e9toffes, du XVIIe si\u00e8cle \u00e0 nos jours. Rares sont les [&hellip;]\" \/>\n<meta property=\"og:url\" content=\"https:\/\/librairie7l.com\/en\/produit\/the-book-of-printed-fabrics-from-the-16th-century-until-today-2\/\" \/>\n<meta property=\"og:site_name\" content=\"Librairie 7L\" \/>\n<meta property=\"article:modified_time\" content=\"2026-04-05T18:12:14+00:00\" \/>\n<meta property=\"og:image\" content=\"https:\/\/librairie7l.com\/wp-content\/uploads\/2017\/08\/9783836562768_1_75.jpg\" \/>\n\t<meta property=\"og:image:width\" content=\"600\" \/>\n\t<meta property=\"og:image:height\" content=\"608\" \/>\n\t<meta property=\"og:image:type\" content=\"image\/jpeg\" \/>\n<meta name=\"twitter:card\" content=\"summary_large_image\" \/>\n<meta name=\"twitter:label1\" content=\"Est. reading time\" \/>\n\t<meta name=\"twitter:data1\" content=\"2 minutes\" \/>\n<script type=\"application\/ld+json\" class=\"yoast-schema-graph\">{\"@context\":\"https:\/\/schema.org\",\"@graph\":[{\"@type\":\"WebPage\",\"@id\":\"https:\/\/librairie7l.com\/en\/produit\/the-book-of-printed-fabrics-from-the-16th-century-until-today-2\/\",\"url\":\"https:\/\/librairie7l.com\/en\/produit\/the-book-of-printed-fabrics-from-the-16th-century-until-today-2\/\",\"name\":\"The book of printed fabrics: From the 16th century until today - Librairie 7L\",\"isPartOf\":{\"@id\":\"https:\/\/librairie7l.com\/en\/#website\"},\"datePublished\":\"2025-02-07T08:18:00+00:00\",\"dateModified\":\"2026-04-05T18:12:14+00:00\",\"breadcrumb\":{\"@id\":\"https:\/\/librairie7l.com\/en\/produit\/the-book-of-printed-fabrics-from-the-16th-century-until-today-2\/#breadcrumb\"},\"inLanguage\":\"en-US\",\"potentialAction\":[{\"@type\":\"ReadAction\",\"target\":[\"https:\/\/librairie7l.com\/en\/produit\/the-book-of-printed-fabrics-from-the-16th-century-until-today-2\/\"]}]},{\"@type\":\"BreadcrumbList\",\"@id\":\"https:\/\/librairie7l.com\/en\/produit\/the-book-of-printed-fabrics-from-the-16th-century-until-today-2\/#breadcrumb\",\"itemListElement\":[{\"@type\":\"ListItem\",\"position\":1,\"name\":\"Accueil\",\"item\":\"https:\/\/librairie7l.com\/en\/\"},{\"@type\":\"ListItem\",\"position\":2,\"name\":\"Shop\",\"item\":\"https:\/\/librairie7l.com\/en\/shop\/\"},{\"@type\":\"ListItem\",\"position\":3,\"name\":\"THE BOOK OF PRINTED FABRICS: FROM THE 16TH CENTURY UNTIL TODAY\"}]},{\"@type\":\"WebSite\",\"@id\":\"https:\/\/librairie7l.com\/en\/#website\",\"url\":\"https:\/\/librairie7l.com\/en\/\",\"name\":\"Librairie 7L\",\"description\":\"Librairie fond\u00e9e en 1999 par Karl Lagerfeld \u00e0 Paris\",\"publisher\":{\"@id\":\"https:\/\/librairie7l.com\/en\/#organization\"},\"potentialAction\":[{\"@type\":\"SearchAction\",\"target\":{\"@type\":\"EntryPoint\",\"urlTemplate\":\"https:\/\/librairie7l.com\/en\/?s={search_term_string}\"},\"query-input\":\"required name=search_term_string\"}],\"inLanguage\":\"en-US\"},{\"@type\":\"Organization\",\"@id\":\"https:\/\/librairie7l.com\/en\/#organization\",\"name\":\"Librairie 7L\",\"url\":\"https:\/\/librairie7l.com\/en\/\",\"logo\":{\"@type\":\"ImageObject\",\"inLanguage\":\"en-US\",\"@id\":\"https:\/\/librairie7l.com\/en\/#\/schema\/logo\/image\/\",\"url\":\"https:\/\/librairie7l.com\/wp-content\/uploads\/2022\/08\/logo-1.png\",\"contentUrl\":\"https:\/\/librairie7l.com\/wp-content\/uploads\/2022\/08\/logo-1.png\",\"width\":227,\"height\":301,\"caption\":\"Librairie 7L\"},\"image\":{\"@id\":\"https:\/\/librairie7l.com\/en\/#\/schema\/logo\/image\/\"}}]}<\/script>\n<!-- \/ Yoast SEO plugin. -->","yoast_head_json":{"title":"The book of printed fabrics: From the 16th century until today - Librairie 7L","robots":{"index":"index","follow":"follow","max-snippet":"max-snippet:-1","max-image-preview":"max-image-preview:large","max-video-preview":"max-video-preview:-1"},"canonical":"https:\/\/librairie7l.com\/en\/produit\/the-book-of-printed-fabrics-from-the-16th-century-until-today-2\/","og_locale":"en_US","og_type":"article","og_title":"The book of printed fabrics: From the 16th century until today - Librairie 7L","og_description":"Dans l&#8217;est de la France, tout pr\u00e8s des fronti\u00e8res allemande et suisse, se trouve la cit\u00e9 historique de Mulhouse. Au d\u00e9but du XIXe si\u00e8cle, elle est devenue une capitale de la manufacture textile. Elle accueille aujourd&#8217;hui un mus\u00e9e enti\u00e8rement consacr\u00e9 \u00e0 l&#8217;histoire de l&#8217;impression sur \u00e9toffes, du XVIIe si\u00e8cle \u00e0 nos jours. Rares sont les [&hellip;]","og_url":"https:\/\/librairie7l.com\/en\/produit\/the-book-of-printed-fabrics-from-the-16th-century-until-today-2\/","og_site_name":"Librairie 7L","article_modified_time":"2026-04-05T18:12:14+00:00","og_image":[{"width":600,"height":608,"url":"https:\/\/librairie7l.com\/wp-content\/uploads\/2017\/08\/9783836562768_1_75.jpg","type":"image\/jpeg"}],"twitter_card":"summary_large_image","twitter_misc":{"Est. reading time":"2 minutes"},"schema":{"@context":"https:\/\/schema.org","@graph":[{"@type":"WebPage","@id":"https:\/\/librairie7l.com\/en\/produit\/the-book-of-printed-fabrics-from-the-16th-century-until-today-2\/","url":"https:\/\/librairie7l.com\/en\/produit\/the-book-of-printed-fabrics-from-the-16th-century-until-today-2\/","name":"The book of printed fabrics: From the 16th century until today - Librairie 7L","isPartOf":{"@id":"https:\/\/librairie7l.com\/en\/#website"},"datePublished":"2025-02-07T08:18:00+00:00","dateModified":"2026-04-05T18:12:14+00:00","breadcrumb":{"@id":"https:\/\/librairie7l.com\/en\/produit\/the-book-of-printed-fabrics-from-the-16th-century-until-today-2\/#breadcrumb"},"inLanguage":"en-US","potentialAction":[{"@type":"ReadAction","target":["https:\/\/librairie7l.com\/en\/produit\/the-book-of-printed-fabrics-from-the-16th-century-until-today-2\/"]}]},{"@type":"BreadcrumbList","@id":"https:\/\/librairie7l.com\/en\/produit\/the-book-of-printed-fabrics-from-the-16th-century-until-today-2\/#breadcrumb","itemListElement":[{"@type":"ListItem","position":1,"name":"Accueil","item":"https:\/\/librairie7l.com\/en\/"},{"@type":"ListItem","position":2,"name":"Shop","item":"https:\/\/librairie7l.com\/en\/shop\/"},{"@type":"ListItem","position":3,"name":"THE BOOK OF PRINTED FABRICS: FROM THE 16TH CENTURY UNTIL TODAY"}]},{"@type":"WebSite","@id":"https:\/\/librairie7l.com\/en\/#website","url":"https:\/\/librairie7l.com\/en\/","name":"Librairie 7L","description":"Librairie fond\u00e9e en 1999 par Karl Lagerfeld \u00e0 Paris","publisher":{"@id":"https:\/\/librairie7l.com\/en\/#organization"},"potentialAction":[{"@type":"SearchAction","target":{"@type":"EntryPoint","urlTemplate":"https:\/\/librairie7l.com\/en\/?s={search_term_string}"},"query-input":"required name=search_term_string"}],"inLanguage":"en-US"},{"@type":"Organization","@id":"https:\/\/librairie7l.com\/en\/#organization","name":"Librairie 7L","url":"https:\/\/librairie7l.com\/en\/","logo":{"@type":"ImageObject","inLanguage":"en-US","@id":"https:\/\/librairie7l.com\/en\/#\/schema\/logo\/image\/","url":"https:\/\/librairie7l.com\/wp-content\/uploads\/2022\/08\/logo-1.png","contentUrl":"https:\/\/librairie7l.com\/wp-content\/uploads\/2022\/08\/logo-1.png","width":227,"height":301,"caption":"Librairie 7L"},"image":{"@id":"https:\/\/librairie7l.com\/en\/#\/schema\/logo\/image\/"}}]}},"_links":{"self":[{"href":"https:\/\/librairie7l.com\/en\/wp-json\/wp\/v2\/product\/46115"}],"collection":[{"href":"https:\/\/librairie7l.com\/en\/wp-json\/wp\/v2\/product"}],"about":[{"href":"https:\/\/librairie7l.com\/en\/wp-json\/wp\/v2\/types\/product"}],"wp:featuredmedia":[{"embeddable":true,"href":"https:\/\/librairie7l.com\/en\/wp-json\/wp\/v2\/media\/46113"}],"wp:attachment":[{"href":"https:\/\/librairie7l.com\/en\/wp-json\/wp\/v2\/media?parent=46115"}],"wp:term":[{"taxonomy":"product_cat","embeddable":true,"href":"https:\/\/librairie7l.com\/en\/wp-json\/wp\/v2\/product_cat?post=46115"},{"taxonomy":"product_tag","embeddable":true,"href":"https:\/\/librairie7l.com\/en\/wp-json\/wp\/v2\/product_tag?post=46115"}],"curies":[{"name":"wp","href":"https:\/\/api.w.org\/{rel}","templated":true}]}}