{"id":46123,"date":"2025-02-07T09:18:07","date_gmt":"2025-02-07T08:18:07","guid":{"rendered":"https:\/\/librairie7l.com\/?post_type=product&#038;p=46123"},"modified":"2026-05-02T07:15:40","modified_gmt":"2026-05-02T05:15:40","slug":"marges-2","status":"publish","type":"product","link":"https:\/\/librairie7l.com\/en\/produit\/marges-2\/","title":{"rendered":"MARGES"},"content":{"rendered":"<p>MARGES est un travail photographique r\u00e9alis\u00e9 entre 2012 et 2024 le long de la Seine, depuis sa confluence avec l&#8217;Yonne jusqu&#8217;\u00e0 son embouchure au Havre. Au sens propre, J\u00e9r\u00e9mie Lenoir survole ces territoires suivant un protocole de prises de vues bien pr\u00e9cis utilis\u00e9 dans toutes ses missions a\u00e9riennes. Toujours \u00e0 la m\u00eame altitude de 400 m\u00e8tres, toujours vers midi. Dans ce projet, J\u00e9r\u00e9mie Lenoir poursuit son anthropologie des paysages en parcourant la fronti\u00e8re entre villes et campagnes, cette ligne de tension o\u00f9 s&#8217;inscrit dans la terre, la globalisation f\u00e9roce des formes, usages et fonctions de nos espaces de vies. Chantiers, friches, carri\u00e8res, toitures, stockages prennent ici des traits abstraits et symboliques qui arr\u00eatent le regard, ouvrant \u00e0 une contemplation sensible, po\u00e9tique, plastique, et permettant \u00e0 Lenoir de parfaire sa s\u00e9miotique originale des territoires contemporains. \u00abOn dirait&#8230;\u00bb, c&#8217;est l&#8217;expression qu&#8217;on entend le plus devant ces photographies. Des pluies de ciment, un mur ancien, des t\u00e2ches microscopiques, des stries de patins \u00e0 glace, des coul\u00e9es de peinture&#8230;tout notre imaginaire est convoqu\u00e9 parce que nous ne reconnaissons rien de tangible. Et c&#8217;est bien ce relev\u00e9 inattendu des traces contemporaines, un relev\u00e9 calligraphique qu&#8217;il nous transmet, vu du ciel. Inqui\u00e9tant effacement, merveilleuse abstraction, qui oriente toute la recherche du photographe au coeur de l&#8217;esth\u00e9tique de la disparition. Les photographies de J\u00e9r\u00e9mie Lenoir sont accompagn\u00e9es d&#8217;un texte in\u00e9dit de Pierre Wat, historien de l&#8217;art, qui amplifie la r\u00e9sonance du jeu d&#8217;illusion pratiqu\u00e9 par J\u00e9r\u00e9mie Lenoir entre la photographie et la peinture. \u00ab Cette confusion se fait \u00e0 la fa\u00e7on d&#8217;une lutte durant laquelle il s&#8217;agit pour le photographe d&#8217;user de la force du peintre, afin d&#8217;affronter ensemble le  r\u00e9el si aveuglant \u00bb.  \u00ab Le sol est remu\u00e9, brass\u00e9, recompos\u00e9, dans le jeu s&#8217;\u00e9laborant entre les \u00e9chelles de grandeur&#8230; Les photographies de J\u00e9r\u00e9mie Lenoir sont des parois gratt\u00e9es, griff\u00e9es, hachur\u00e9es&#8230; Ce que nous devinons reste une \u00e9nigme de plis, de routes et de d\u00e9routes, telle une toile froiss\u00e9e de Simon Hanta\u00ef. Nous sommes au coeur d&#8217;un \u00e9cheveau de poussi\u00e8res, d&#8217;une g\u00e9om\u00e9trie follement minutieuse, de barricades du n\u00e9ant. Nous sommes dans du langage fondamental \u00bb. Fabien Rib\u00e9ry &#8211; Marges.<\/p>\n","protected":false},"excerpt":{"rendered":"<p>MARGES est un travail photographique r\u00e9alis\u00e9 entre 2012 et 2024 le long de la Seine, depuis sa confluence avec l&#8217;Yonne jusqu&#8217;\u00e0 son embouchure au Havre. Au sens propre, J\u00e9r\u00e9mie Lenoir survole ces territoires suivant un protocole de prises de vues bien pr\u00e9cis utilis\u00e9 dans toutes ses missions a\u00e9riennes. Toujours \u00e0 la m\u00eame altitude de 400 [&hellip;]<\/p>\n","protected":false},"featured_media":46121,"template":"","meta":[],"product_cat":[2948,2958],"product_tag":[],"acf":[],"yoast_head":"<!-- This site is optimized with the Yoast SEO plugin v20.11 - https:\/\/yoast.com\/wordpress\/plugins\/seo\/ -->\n<title>Marges - Librairie 7L<\/title>\n<meta name=\"robots\" content=\"index, follow, max-snippet:-1, max-image-preview:large, max-video-preview:-1\" \/>\n<link rel=\"canonical\" href=\"https:\/\/librairie7l.com\/en\/produit\/marges-2\/\" \/>\n<meta property=\"og:locale\" content=\"en_US\" \/>\n<meta property=\"og:type\" content=\"article\" \/>\n<meta property=\"og:title\" content=\"Marges - Librairie 7L\" \/>\n<meta property=\"og:description\" content=\"MARGES est un travail photographique r\u00e9alis\u00e9 entre 2012 et 2024 le long de la Seine, depuis sa confluence avec l&#8217;Yonne jusqu&#8217;\u00e0 son embouchure au Havre. Au sens propre, J\u00e9r\u00e9mie Lenoir survole ces territoires suivant un protocole de prises de vues bien pr\u00e9cis utilis\u00e9 dans toutes ses missions a\u00e9riennes. Toujours \u00e0 la m\u00eame altitude de 400 [&hellip;]\" \/>\n<meta property=\"og:url\" content=\"https:\/\/librairie7l.com\/en\/produit\/marges-2\/\" \/>\n<meta property=\"og:site_name\" content=\"Librairie 7L\" \/>\n<meta property=\"article:modified_time\" content=\"2026-05-02T05:15:40+00:00\" \/>\n<meta property=\"og:image\" content=\"https:\/\/librairie7l.com\/wp-content\/uploads\/2024\/10\/9791095118305_1_75.jpg\" \/>\n\t<meta property=\"og:image:width\" content=\"600\" \/>\n\t<meta property=\"og:image:height\" content=\"659\" \/>\n\t<meta property=\"og:image:type\" content=\"image\/jpeg\" \/>\n<meta name=\"twitter:card\" content=\"summary_large_image\" \/>\n<meta name=\"twitter:label1\" content=\"Est. reading time\" \/>\n\t<meta name=\"twitter:data1\" content=\"2 minutes\" \/>\n<script type=\"application\/ld+json\" class=\"yoast-schema-graph\">{\"@context\":\"https:\/\/schema.org\",\"@graph\":[{\"@type\":\"WebPage\",\"@id\":\"https:\/\/librairie7l.com\/en\/produit\/marges-2\/\",\"url\":\"https:\/\/librairie7l.com\/en\/produit\/marges-2\/\",\"name\":\"Marges - Librairie 7L\",\"isPartOf\":{\"@id\":\"https:\/\/librairie7l.com\/en\/#website\"},\"datePublished\":\"2025-02-07T08:18:07+00:00\",\"dateModified\":\"2026-05-02T05:15:40+00:00\",\"breadcrumb\":{\"@id\":\"https:\/\/librairie7l.com\/en\/produit\/marges-2\/#breadcrumb\"},\"inLanguage\":\"en-US\",\"potentialAction\":[{\"@type\":\"ReadAction\",\"target\":[\"https:\/\/librairie7l.com\/en\/produit\/marges-2\/\"]}]},{\"@type\":\"BreadcrumbList\",\"@id\":\"https:\/\/librairie7l.com\/en\/produit\/marges-2\/#breadcrumb\",\"itemListElement\":[{\"@type\":\"ListItem\",\"position\":1,\"name\":\"Accueil\",\"item\":\"https:\/\/librairie7l.com\/en\/\"},{\"@type\":\"ListItem\",\"position\":2,\"name\":\"Shop\",\"item\":\"https:\/\/librairie7l.com\/en\/shop\/\"},{\"@type\":\"ListItem\",\"position\":3,\"name\":\"MARGES\"}]},{\"@type\":\"WebSite\",\"@id\":\"https:\/\/librairie7l.com\/en\/#website\",\"url\":\"https:\/\/librairie7l.com\/en\/\",\"name\":\"Librairie 7L\",\"description\":\"Librairie fond\u00e9e en 1999 par Karl Lagerfeld \u00e0 Paris\",\"publisher\":{\"@id\":\"https:\/\/librairie7l.com\/en\/#organization\"},\"potentialAction\":[{\"@type\":\"SearchAction\",\"target\":{\"@type\":\"EntryPoint\",\"urlTemplate\":\"https:\/\/librairie7l.com\/en\/?s={search_term_string}\"},\"query-input\":\"required name=search_term_string\"}],\"inLanguage\":\"en-US\"},{\"@type\":\"Organization\",\"@id\":\"https:\/\/librairie7l.com\/en\/#organization\",\"name\":\"Librairie 7L\",\"url\":\"https:\/\/librairie7l.com\/en\/\",\"logo\":{\"@type\":\"ImageObject\",\"inLanguage\":\"en-US\",\"@id\":\"https:\/\/librairie7l.com\/en\/#\/schema\/logo\/image\/\",\"url\":\"https:\/\/librairie7l.com\/wp-content\/uploads\/2022\/08\/logo-1.png\",\"contentUrl\":\"https:\/\/librairie7l.com\/wp-content\/uploads\/2022\/08\/logo-1.png\",\"width\":227,\"height\":301,\"caption\":\"Librairie 7L\"},\"image\":{\"@id\":\"https:\/\/librairie7l.com\/en\/#\/schema\/logo\/image\/\"}}]}<\/script>\n<!-- \/ Yoast SEO plugin. -->","yoast_head_json":{"title":"Marges - Librairie 7L","robots":{"index":"index","follow":"follow","max-snippet":"max-snippet:-1","max-image-preview":"max-image-preview:large","max-video-preview":"max-video-preview:-1"},"canonical":"https:\/\/librairie7l.com\/en\/produit\/marges-2\/","og_locale":"en_US","og_type":"article","og_title":"Marges - Librairie 7L","og_description":"MARGES est un travail photographique r\u00e9alis\u00e9 entre 2012 et 2024 le long de la Seine, depuis sa confluence avec l&#8217;Yonne jusqu&#8217;\u00e0 son embouchure au Havre. Au sens propre, J\u00e9r\u00e9mie Lenoir survole ces territoires suivant un protocole de prises de vues bien pr\u00e9cis utilis\u00e9 dans toutes ses missions a\u00e9riennes. Toujours \u00e0 la m\u00eame altitude de 400 [&hellip;]","og_url":"https:\/\/librairie7l.com\/en\/produit\/marges-2\/","og_site_name":"Librairie 7L","article_modified_time":"2026-05-02T05:15:40+00:00","og_image":[{"width":600,"height":659,"url":"https:\/\/librairie7l.com\/wp-content\/uploads\/2024\/10\/9791095118305_1_75.jpg","type":"image\/jpeg"}],"twitter_card":"summary_large_image","twitter_misc":{"Est. reading time":"2 minutes"},"schema":{"@context":"https:\/\/schema.org","@graph":[{"@type":"WebPage","@id":"https:\/\/librairie7l.com\/en\/produit\/marges-2\/","url":"https:\/\/librairie7l.com\/en\/produit\/marges-2\/","name":"Marges - Librairie 7L","isPartOf":{"@id":"https:\/\/librairie7l.com\/en\/#website"},"datePublished":"2025-02-07T08:18:07+00:00","dateModified":"2026-05-02T05:15:40+00:00","breadcrumb":{"@id":"https:\/\/librairie7l.com\/en\/produit\/marges-2\/#breadcrumb"},"inLanguage":"en-US","potentialAction":[{"@type":"ReadAction","target":["https:\/\/librairie7l.com\/en\/produit\/marges-2\/"]}]},{"@type":"BreadcrumbList","@id":"https:\/\/librairie7l.com\/en\/produit\/marges-2\/#breadcrumb","itemListElement":[{"@type":"ListItem","position":1,"name":"Accueil","item":"https:\/\/librairie7l.com\/en\/"},{"@type":"ListItem","position":2,"name":"Shop","item":"https:\/\/librairie7l.com\/en\/shop\/"},{"@type":"ListItem","position":3,"name":"MARGES"}]},{"@type":"WebSite","@id":"https:\/\/librairie7l.com\/en\/#website","url":"https:\/\/librairie7l.com\/en\/","name":"Librairie 7L","description":"Librairie fond\u00e9e en 1999 par Karl Lagerfeld \u00e0 Paris","publisher":{"@id":"https:\/\/librairie7l.com\/en\/#organization"},"potentialAction":[{"@type":"SearchAction","target":{"@type":"EntryPoint","urlTemplate":"https:\/\/librairie7l.com\/en\/?s={search_term_string}"},"query-input":"required name=search_term_string"}],"inLanguage":"en-US"},{"@type":"Organization","@id":"https:\/\/librairie7l.com\/en\/#organization","name":"Librairie 7L","url":"https:\/\/librairie7l.com\/en\/","logo":{"@type":"ImageObject","inLanguage":"en-US","@id":"https:\/\/librairie7l.com\/en\/#\/schema\/logo\/image\/","url":"https:\/\/librairie7l.com\/wp-content\/uploads\/2022\/08\/logo-1.png","contentUrl":"https:\/\/librairie7l.com\/wp-content\/uploads\/2022\/08\/logo-1.png","width":227,"height":301,"caption":"Librairie 7L"},"image":{"@id":"https:\/\/librairie7l.com\/en\/#\/schema\/logo\/image\/"}}]}},"_links":{"self":[{"href":"https:\/\/librairie7l.com\/en\/wp-json\/wp\/v2\/product\/46123"}],"collection":[{"href":"https:\/\/librairie7l.com\/en\/wp-json\/wp\/v2\/product"}],"about":[{"href":"https:\/\/librairie7l.com\/en\/wp-json\/wp\/v2\/types\/product"}],"wp:featuredmedia":[{"embeddable":true,"href":"https:\/\/librairie7l.com\/en\/wp-json\/wp\/v2\/media\/46121"}],"wp:attachment":[{"href":"https:\/\/librairie7l.com\/en\/wp-json\/wp\/v2\/media?parent=46123"}],"wp:term":[{"taxonomy":"product_cat","embeddable":true,"href":"https:\/\/librairie7l.com\/en\/wp-json\/wp\/v2\/product_cat?post=46123"},{"taxonomy":"product_tag","embeddable":true,"href":"https:\/\/librairie7l.com\/en\/wp-json\/wp\/v2\/product_tag?post=46123"}],"curies":[{"name":"wp","href":"https:\/\/api.w.org\/{rel}","templated":true}]}}