{"id":46164,"date":"2025-02-08T09:17:55","date_gmt":"2025-02-08T08:17:55","guid":{"rendered":"https:\/\/librairie7l.com\/?post_type=product&#038;p=46164"},"modified":"2026-04-04T12:18:58","modified_gmt":"2026-04-04T10:18:58","slug":"au-fil-de-lor-lart-de-se-vetir-de-lorient-au-soleil-levant-avec-guo-pei-2","status":"publish","type":"product","link":"https:\/\/librairie7l.com\/en\/produit\/au-fil-de-lor-lart-de-se-vetir-de-lorient-au-soleil-levant-avec-guo-pei-2\/","title":{"rendered":"AU FIL DE L&#8217;OR : L&#8217;ART DE SE V\u00c9TIR DE L&#8217;ORIENT AU SOLEIL-LEVANT, AVEC GUO PEI"},"content":{"rendered":"<p>Invitation \u00e0 la d\u00e9couverte de l&#8217;histoire mill\u00e9naire de l&#8217;or dans les arts textiles, \u00ab Au fil de l&#8217;or. L&#8217;art de se v\u00eatir de l&#8217;Orient au Soleil-Levant \u00bb propose un \u00e9blouissant voyage dans la mati\u00e8re, le temps et les g\u00e9ographies.<\/p>\n<p>Depuis les plus anciens ornements textiles en or retrouv\u00e9s sur la rive occidentale de la mer Noire au fil m\u00e9tallique Lurex\u00e2, en passant par les lamelles, fil\u00e9s et feuilles d&#8217;or, cet ouvrage explore les techniques des orf\u00e8vres, artisans et tisserands ayant permis de se parer de cette \u00ab poussi\u00e8re d&#8217;\u00e9toile \u00bb. Les contributions de trente-quatre sp\u00e9cialistes d\u00e9voilent ainsi la beaut\u00e9, la diversit\u00e9 et la richesse des costumes d&#8217;une vaste r\u00e9gion allant du Maghreb au Japon.<\/p>\n<p>Robes de c\u00e9r\u00e9monie, chasubles m\u00e9di\u00e9vales, caftans, gilets, sarongs, kimonos, coiffes et fragments textiles c\u00f4toient ici les somptueuses robes de la cr\u00e9atrice de mode chinoise Guo Pei, r\u00e9v\u00e9lant la fascination intemporelle pour le plus noble des m\u00e9taux : l&#8217;or.<\/p>\n","protected":false},"excerpt":{"rendered":"<p>Invitation \u00e0 la d\u00e9couverte de l&#8217;histoire mill\u00e9naire de l&#8217;or dans les arts textiles, \u00ab Au fil de l&#8217;or. L&#8217;art de se v\u00eatir de l&#8217;Orient au Soleil-Levant \u00bb propose un \u00e9blouissant voyage dans la mati\u00e8re, le temps et les g\u00e9ographies. Depuis les plus anciens ornements textiles en or retrouv\u00e9s sur la rive occidentale de la mer [&hellip;]<\/p>\n","protected":false},"featured_media":46162,"template":"","meta":[],"product_cat":[2948,2957],"product_tag":[],"acf":[],"yoast_head":"<!-- This site is optimized with the Yoast SEO plugin v20.11 - https:\/\/yoast.com\/wordpress\/plugins\/seo\/ -->\n<title>Au fil de l&#039;or : L&#039;art de se v\u00e9tir de l&#039;Orient au Soleil-levant, avec Guo Pei - Librairie 7L<\/title>\n<meta name=\"robots\" content=\"index, follow, max-snippet:-1, max-image-preview:large, max-video-preview:-1\" \/>\n<link rel=\"canonical\" href=\"https:\/\/librairie7l.com\/en\/produit\/au-fil-de-lor-lart-de-se-vetir-de-lorient-au-soleil-levant-avec-guo-pei-2\/\" \/>\n<meta property=\"og:locale\" content=\"en_US\" \/>\n<meta property=\"og:type\" content=\"article\" \/>\n<meta property=\"og:title\" content=\"Au fil de l&#039;or : L&#039;art de se v\u00e9tir de l&#039;Orient au Soleil-levant, avec Guo Pei - Librairie 7L\" \/>\n<meta property=\"og:description\" content=\"Invitation \u00e0 la d\u00e9couverte de l&#8217;histoire mill\u00e9naire de l&#8217;or dans les arts textiles, \u00ab Au fil de l&#8217;or. L&#8217;art de se v\u00eatir de l&#8217;Orient au Soleil-Levant \u00bb propose un \u00e9blouissant voyage dans la mati\u00e8re, le temps et les g\u00e9ographies. Depuis les plus anciens ornements textiles en or retrouv\u00e9s sur la rive occidentale de la mer [&hellip;]\" \/>\n<meta property=\"og:url\" content=\"https:\/\/librairie7l.com\/en\/produit\/au-fil-de-lor-lart-de-se-vetir-de-lorient-au-soleil-levant-avec-guo-pei-2\/\" \/>\n<meta property=\"og:site_name\" content=\"Librairie 7L\" \/>\n<meta property=\"article:modified_time\" content=\"2026-04-04T10:18:58+00:00\" \/>\n<meta property=\"og:image\" content=\"https:\/\/librairie7l.com\/wp-content\/uploads\/2024\/08\/9782370742193_1_75.jpg\" \/>\n\t<meta property=\"og:image:width\" content=\"400\" \/>\n\t<meta property=\"og:image:height\" content=\"493\" \/>\n\t<meta property=\"og:image:type\" content=\"image\/jpeg\" \/>\n<meta name=\"twitter:card\" content=\"summary_large_image\" \/>\n<meta name=\"twitter:label1\" content=\"Est. reading time\" \/>\n\t<meta name=\"twitter:data1\" content=\"1 minute\" \/>\n<script type=\"application\/ld+json\" class=\"yoast-schema-graph\">{\"@context\":\"https:\/\/schema.org\",\"@graph\":[{\"@type\":\"WebPage\",\"@id\":\"https:\/\/librairie7l.com\/en\/produit\/au-fil-de-lor-lart-de-se-vetir-de-lorient-au-soleil-levant-avec-guo-pei-2\/\",\"url\":\"https:\/\/librairie7l.com\/en\/produit\/au-fil-de-lor-lart-de-se-vetir-de-lorient-au-soleil-levant-avec-guo-pei-2\/\",\"name\":\"Au fil de l'or : L'art de se v\u00e9tir de l'Orient au Soleil-levant, avec Guo Pei - Librairie 7L\",\"isPartOf\":{\"@id\":\"https:\/\/librairie7l.com\/en\/#website\"},\"datePublished\":\"2025-02-08T08:17:55+00:00\",\"dateModified\":\"2026-04-04T10:18:58+00:00\",\"breadcrumb\":{\"@id\":\"https:\/\/librairie7l.com\/en\/produit\/au-fil-de-lor-lart-de-se-vetir-de-lorient-au-soleil-levant-avec-guo-pei-2\/#breadcrumb\"},\"inLanguage\":\"en-US\",\"potentialAction\":[{\"@type\":\"ReadAction\",\"target\":[\"https:\/\/librairie7l.com\/en\/produit\/au-fil-de-lor-lart-de-se-vetir-de-lorient-au-soleil-levant-avec-guo-pei-2\/\"]}]},{\"@type\":\"BreadcrumbList\",\"@id\":\"https:\/\/librairie7l.com\/en\/produit\/au-fil-de-lor-lart-de-se-vetir-de-lorient-au-soleil-levant-avec-guo-pei-2\/#breadcrumb\",\"itemListElement\":[{\"@type\":\"ListItem\",\"position\":1,\"name\":\"Accueil\",\"item\":\"https:\/\/librairie7l.com\/en\/\"},{\"@type\":\"ListItem\",\"position\":2,\"name\":\"Shop\",\"item\":\"https:\/\/librairie7l.com\/en\/shop\/\"},{\"@type\":\"ListItem\",\"position\":3,\"name\":\"AU FIL DE L&#8217;OR : L&#8217;ART DE SE V\u00c9TIR DE L&#8217;ORIENT AU SOLEIL-LEVANT, AVEC GUO PEI\"}]},{\"@type\":\"WebSite\",\"@id\":\"https:\/\/librairie7l.com\/en\/#website\",\"url\":\"https:\/\/librairie7l.com\/en\/\",\"name\":\"Librairie 7L\",\"description\":\"Librairie fond\u00e9e en 1999 par Karl Lagerfeld \u00e0 Paris\",\"publisher\":{\"@id\":\"https:\/\/librairie7l.com\/en\/#organization\"},\"potentialAction\":[{\"@type\":\"SearchAction\",\"target\":{\"@type\":\"EntryPoint\",\"urlTemplate\":\"https:\/\/librairie7l.com\/en\/?s={search_term_string}\"},\"query-input\":\"required name=search_term_string\"}],\"inLanguage\":\"en-US\"},{\"@type\":\"Organization\",\"@id\":\"https:\/\/librairie7l.com\/en\/#organization\",\"name\":\"Librairie 7L\",\"url\":\"https:\/\/librairie7l.com\/en\/\",\"logo\":{\"@type\":\"ImageObject\",\"inLanguage\":\"en-US\",\"@id\":\"https:\/\/librairie7l.com\/en\/#\/schema\/logo\/image\/\",\"url\":\"https:\/\/librairie7l.com\/wp-content\/uploads\/2022\/08\/logo-1.png\",\"contentUrl\":\"https:\/\/librairie7l.com\/wp-content\/uploads\/2022\/08\/logo-1.png\",\"width\":227,\"height\":301,\"caption\":\"Librairie 7L\"},\"image\":{\"@id\":\"https:\/\/librairie7l.com\/en\/#\/schema\/logo\/image\/\"}}]}<\/script>\n<!-- \/ Yoast SEO plugin. -->","yoast_head_json":{"title":"Au fil de l'or : L'art de se v\u00e9tir de l'Orient au Soleil-levant, avec Guo Pei - Librairie 7L","robots":{"index":"index","follow":"follow","max-snippet":"max-snippet:-1","max-image-preview":"max-image-preview:large","max-video-preview":"max-video-preview:-1"},"canonical":"https:\/\/librairie7l.com\/en\/produit\/au-fil-de-lor-lart-de-se-vetir-de-lorient-au-soleil-levant-avec-guo-pei-2\/","og_locale":"en_US","og_type":"article","og_title":"Au fil de l'or : L'art de se v\u00e9tir de l'Orient au Soleil-levant, avec Guo Pei - Librairie 7L","og_description":"Invitation \u00e0 la d\u00e9couverte de l&#8217;histoire mill\u00e9naire de l&#8217;or dans les arts textiles, \u00ab Au fil de l&#8217;or. L&#8217;art de se v\u00eatir de l&#8217;Orient au Soleil-Levant \u00bb propose un \u00e9blouissant voyage dans la mati\u00e8re, le temps et les g\u00e9ographies. Depuis les plus anciens ornements textiles en or retrouv\u00e9s sur la rive occidentale de la mer [&hellip;]","og_url":"https:\/\/librairie7l.com\/en\/produit\/au-fil-de-lor-lart-de-se-vetir-de-lorient-au-soleil-levant-avec-guo-pei-2\/","og_site_name":"Librairie 7L","article_modified_time":"2026-04-04T10:18:58+00:00","og_image":[{"width":400,"height":493,"url":"https:\/\/librairie7l.com\/wp-content\/uploads\/2024\/08\/9782370742193_1_75.jpg","type":"image\/jpeg"}],"twitter_card":"summary_large_image","twitter_misc":{"Est. reading time":"1 minute"},"schema":{"@context":"https:\/\/schema.org","@graph":[{"@type":"WebPage","@id":"https:\/\/librairie7l.com\/en\/produit\/au-fil-de-lor-lart-de-se-vetir-de-lorient-au-soleil-levant-avec-guo-pei-2\/","url":"https:\/\/librairie7l.com\/en\/produit\/au-fil-de-lor-lart-de-se-vetir-de-lorient-au-soleil-levant-avec-guo-pei-2\/","name":"Au fil de l'or : L'art de se v\u00e9tir de l'Orient au Soleil-levant, avec Guo Pei - Librairie 7L","isPartOf":{"@id":"https:\/\/librairie7l.com\/en\/#website"},"datePublished":"2025-02-08T08:17:55+00:00","dateModified":"2026-04-04T10:18:58+00:00","breadcrumb":{"@id":"https:\/\/librairie7l.com\/en\/produit\/au-fil-de-lor-lart-de-se-vetir-de-lorient-au-soleil-levant-avec-guo-pei-2\/#breadcrumb"},"inLanguage":"en-US","potentialAction":[{"@type":"ReadAction","target":["https:\/\/librairie7l.com\/en\/produit\/au-fil-de-lor-lart-de-se-vetir-de-lorient-au-soleil-levant-avec-guo-pei-2\/"]}]},{"@type":"BreadcrumbList","@id":"https:\/\/librairie7l.com\/en\/produit\/au-fil-de-lor-lart-de-se-vetir-de-lorient-au-soleil-levant-avec-guo-pei-2\/#breadcrumb","itemListElement":[{"@type":"ListItem","position":1,"name":"Accueil","item":"https:\/\/librairie7l.com\/en\/"},{"@type":"ListItem","position":2,"name":"Shop","item":"https:\/\/librairie7l.com\/en\/shop\/"},{"@type":"ListItem","position":3,"name":"AU FIL DE L&#8217;OR : L&#8217;ART DE SE V\u00c9TIR DE L&#8217;ORIENT AU SOLEIL-LEVANT, AVEC GUO PEI"}]},{"@type":"WebSite","@id":"https:\/\/librairie7l.com\/en\/#website","url":"https:\/\/librairie7l.com\/en\/","name":"Librairie 7L","description":"Librairie fond\u00e9e en 1999 par Karl Lagerfeld \u00e0 Paris","publisher":{"@id":"https:\/\/librairie7l.com\/en\/#organization"},"potentialAction":[{"@type":"SearchAction","target":{"@type":"EntryPoint","urlTemplate":"https:\/\/librairie7l.com\/en\/?s={search_term_string}"},"query-input":"required name=search_term_string"}],"inLanguage":"en-US"},{"@type":"Organization","@id":"https:\/\/librairie7l.com\/en\/#organization","name":"Librairie 7L","url":"https:\/\/librairie7l.com\/en\/","logo":{"@type":"ImageObject","inLanguage":"en-US","@id":"https:\/\/librairie7l.com\/en\/#\/schema\/logo\/image\/","url":"https:\/\/librairie7l.com\/wp-content\/uploads\/2022\/08\/logo-1.png","contentUrl":"https:\/\/librairie7l.com\/wp-content\/uploads\/2022\/08\/logo-1.png","width":227,"height":301,"caption":"Librairie 7L"},"image":{"@id":"https:\/\/librairie7l.com\/en\/#\/schema\/logo\/image\/"}}]}},"_links":{"self":[{"href":"https:\/\/librairie7l.com\/en\/wp-json\/wp\/v2\/product\/46164"}],"collection":[{"href":"https:\/\/librairie7l.com\/en\/wp-json\/wp\/v2\/product"}],"about":[{"href":"https:\/\/librairie7l.com\/en\/wp-json\/wp\/v2\/types\/product"}],"wp:featuredmedia":[{"embeddable":true,"href":"https:\/\/librairie7l.com\/en\/wp-json\/wp\/v2\/media\/46162"}],"wp:attachment":[{"href":"https:\/\/librairie7l.com\/en\/wp-json\/wp\/v2\/media?parent=46164"}],"wp:term":[{"taxonomy":"product_cat","embeddable":true,"href":"https:\/\/librairie7l.com\/en\/wp-json\/wp\/v2\/product_cat?post=46164"},{"taxonomy":"product_tag","embeddable":true,"href":"https:\/\/librairie7l.com\/en\/wp-json\/wp\/v2\/product_tag?post=46164"}],"curies":[{"name":"wp","href":"https:\/\/api.w.org\/{rel}","templated":true}]}}