{"id":46201,"date":"2025-02-11T00:37:50","date_gmt":"2025-02-10T23:37:50","guid":{"rendered":"https:\/\/librairie7l.com\/?post_type=product&#038;p=46201"},"modified":"2026-04-17T05:07:11","modified_gmt":"2026-04-17T03:07:11","slug":"rodney-smith-2","status":"publish","type":"product","link":"https:\/\/librairie7l.com\/en\/produit\/rodney-smith-2\/","title":{"rendered":"RODNEY SMITH"},"content":{"rendered":"<p>&#8220;J&#8217;esp\u00e8re que je suis unique en mon genre&#8221;. &#8211; Rodney Smith Myst\u00e8re et mani\u00e8res, romance et amusement &#8211; les compositions sophistiqu\u00e9es et les personnages styl\u00e9s des extraordinaires clich\u00e9s du photographe de mode Rodney Smith (1947-2016) existent dans un monde intemporel issu de son imagination. N\u00e9 \u00e0 New York, Rodney Smith a d\u00e9but\u00e9 comme photo-essayiste, puis il a commenc\u00e9 \u00e0 faire du portrait avant de trouver sa voie et son plus grand succ\u00e8s dans la photographie de mode. Inspir\u00e9 par W. Eugene Smith, form\u00e9 par Walker Evans et passionn\u00e9 par les techniques d&#8217;Ansel Adams, Smith \u00e9tait anim\u00e9 par le double id\u00e9al de la ma\u00eetrise technique et de la beaut\u00e9 pure. Ce somptueux volume comprend pr\u00e8s de deux cents reproductions d&#8217;images de Smith &#8211; dont beaucoup n&#8217;ont jamais \u00e9t\u00e9 publi\u00e9es auparavant &#8211; et r\u00e9unit un essai biocritique de Paul Martineau, conservateur du Getty Museum, et une \u00e9valuation technique de la production de Smith par Rebecca Senf, conservatrice en chef du Center for Creative Photography. Il retrace la trajectoire cr\u00e9ative de Smith &#8211; y compris son initiation \u00e0 la photographie, ses premiers projets personnels, son enseignement, ses commandes et sa carri\u00e8re dans la mode &#8211; et donne un aper\u00e7u de sa vie personnelle et de son caract\u00e8re, en repla\u00e7ant son travail et ses tendances cr\u00e9atives dans le contexte de son \u00e9ducation privil\u00e9gi\u00e9e mais solitaire et de sa composition \u00e9motionnelle et psychologique complexe. Rodney Smith est le t\u00e9moignage d\u00e9finitif de l&#8217;oeuvre de toute une vie et de la vision du monde d&#8217;un artiste vraiment original.<\/p>\n","protected":false},"excerpt":{"rendered":"<p>&#8220;J&#8217;esp\u00e8re que je suis unique en mon genre&#8221;. &#8211; Rodney Smith Myst\u00e8re et mani\u00e8res, romance et amusement &#8211; les compositions sophistiqu\u00e9es et les personnages styl\u00e9s des extraordinaires clich\u00e9s du photographe de mode Rodney Smith (1947-2016) existent dans un monde intemporel issu de son imagination. N\u00e9 \u00e0 New York, Rodney Smith a d\u00e9but\u00e9 comme photo-essayiste, puis [&hellip;]<\/p>\n","protected":false},"featured_media":46199,"template":"","meta":[],"product_cat":[7364,2948],"product_tag":[],"acf":[],"yoast_head":"<!-- This site is optimized with the Yoast SEO plugin v20.11 - https:\/\/yoast.com\/wordpress\/plugins\/seo\/ -->\n<title>Rodney Smith - Librairie 7L<\/title>\n<meta name=\"robots\" content=\"index, follow, max-snippet:-1, max-image-preview:large, max-video-preview:-1\" \/>\n<link rel=\"canonical\" href=\"https:\/\/librairie7l.com\/en\/produit\/rodney-smith-2\/\" \/>\n<meta property=\"og:locale\" content=\"en_US\" \/>\n<meta property=\"og:type\" content=\"article\" \/>\n<meta property=\"og:title\" content=\"Rodney Smith - Librairie 7L\" \/>\n<meta property=\"og:description\" content=\"&#8220;J&#8217;esp\u00e8re que je suis unique en mon genre&#8221;. &#8211; Rodney Smith Myst\u00e8re et mani\u00e8res, romance et amusement &#8211; les compositions sophistiqu\u00e9es et les personnages styl\u00e9s des extraordinaires clich\u00e9s du photographe de mode Rodney Smith (1947-2016) existent dans un monde intemporel issu de son imagination. N\u00e9 \u00e0 New York, Rodney Smith a d\u00e9but\u00e9 comme photo-essayiste, puis [&hellip;]\" \/>\n<meta property=\"og:url\" content=\"https:\/\/librairie7l.com\/en\/produit\/rodney-smith-2\/\" \/>\n<meta property=\"og:site_name\" content=\"Librairie 7L\" \/>\n<meta property=\"article:modified_time\" content=\"2026-04-17T03:07:11+00:00\" \/>\n<meta property=\"og:image\" content=\"https:\/\/librairie7l.com\/wp-content\/uploads\/2023\/02\/9781606068465_1_75.jpg\" \/>\n\t<meta property=\"og:image:width\" content=\"400\" \/>\n\t<meta property=\"og:image:height\" content=\"486\" \/>\n\t<meta property=\"og:image:type\" content=\"image\/jpeg\" \/>\n<meta name=\"twitter:card\" content=\"summary_large_image\" \/>\n<meta name=\"twitter:label1\" content=\"Est. reading time\" \/>\n\t<meta name=\"twitter:data1\" content=\"1 minute\" \/>\n<script type=\"application\/ld+json\" class=\"yoast-schema-graph\">{\"@context\":\"https:\/\/schema.org\",\"@graph\":[{\"@type\":\"WebPage\",\"@id\":\"https:\/\/librairie7l.com\/en\/produit\/rodney-smith-2\/\",\"url\":\"https:\/\/librairie7l.com\/en\/produit\/rodney-smith-2\/\",\"name\":\"Rodney Smith - Librairie 7L\",\"isPartOf\":{\"@id\":\"https:\/\/librairie7l.com\/en\/#website\"},\"datePublished\":\"2025-02-10T23:37:50+00:00\",\"dateModified\":\"2026-04-17T03:07:11+00:00\",\"breadcrumb\":{\"@id\":\"https:\/\/librairie7l.com\/en\/produit\/rodney-smith-2\/#breadcrumb\"},\"inLanguage\":\"en-US\",\"potentialAction\":[{\"@type\":\"ReadAction\",\"target\":[\"https:\/\/librairie7l.com\/en\/produit\/rodney-smith-2\/\"]}]},{\"@type\":\"BreadcrumbList\",\"@id\":\"https:\/\/librairie7l.com\/en\/produit\/rodney-smith-2\/#breadcrumb\",\"itemListElement\":[{\"@type\":\"ListItem\",\"position\":1,\"name\":\"Accueil\",\"item\":\"https:\/\/librairie7l.com\/en\/\"},{\"@type\":\"ListItem\",\"position\":2,\"name\":\"Shop\",\"item\":\"https:\/\/librairie7l.com\/en\/shop\/\"},{\"@type\":\"ListItem\",\"position\":3,\"name\":\"RODNEY SMITH\"}]},{\"@type\":\"WebSite\",\"@id\":\"https:\/\/librairie7l.com\/en\/#website\",\"url\":\"https:\/\/librairie7l.com\/en\/\",\"name\":\"Librairie 7L\",\"description\":\"Librairie fond\u00e9e en 1999 par Karl Lagerfeld \u00e0 Paris\",\"publisher\":{\"@id\":\"https:\/\/librairie7l.com\/en\/#organization\"},\"potentialAction\":[{\"@type\":\"SearchAction\",\"target\":{\"@type\":\"EntryPoint\",\"urlTemplate\":\"https:\/\/librairie7l.com\/en\/?s={search_term_string}\"},\"query-input\":\"required name=search_term_string\"}],\"inLanguage\":\"en-US\"},{\"@type\":\"Organization\",\"@id\":\"https:\/\/librairie7l.com\/en\/#organization\",\"name\":\"Librairie 7L\",\"url\":\"https:\/\/librairie7l.com\/en\/\",\"logo\":{\"@type\":\"ImageObject\",\"inLanguage\":\"en-US\",\"@id\":\"https:\/\/librairie7l.com\/en\/#\/schema\/logo\/image\/\",\"url\":\"https:\/\/librairie7l.com\/wp-content\/uploads\/2022\/08\/logo-1.png\",\"contentUrl\":\"https:\/\/librairie7l.com\/wp-content\/uploads\/2022\/08\/logo-1.png\",\"width\":227,\"height\":301,\"caption\":\"Librairie 7L\"},\"image\":{\"@id\":\"https:\/\/librairie7l.com\/en\/#\/schema\/logo\/image\/\"}}]}<\/script>\n<!-- \/ Yoast SEO plugin. -->","yoast_head_json":{"title":"Rodney Smith - Librairie 7L","robots":{"index":"index","follow":"follow","max-snippet":"max-snippet:-1","max-image-preview":"max-image-preview:large","max-video-preview":"max-video-preview:-1"},"canonical":"https:\/\/librairie7l.com\/en\/produit\/rodney-smith-2\/","og_locale":"en_US","og_type":"article","og_title":"Rodney Smith - Librairie 7L","og_description":"&#8220;J&#8217;esp\u00e8re que je suis unique en mon genre&#8221;. &#8211; Rodney Smith Myst\u00e8re et mani\u00e8res, romance et amusement &#8211; les compositions sophistiqu\u00e9es et les personnages styl\u00e9s des extraordinaires clich\u00e9s du photographe de mode Rodney Smith (1947-2016) existent dans un monde intemporel issu de son imagination. N\u00e9 \u00e0 New York, Rodney Smith a d\u00e9but\u00e9 comme photo-essayiste, puis [&hellip;]","og_url":"https:\/\/librairie7l.com\/en\/produit\/rodney-smith-2\/","og_site_name":"Librairie 7L","article_modified_time":"2026-04-17T03:07:11+00:00","og_image":[{"width":400,"height":486,"url":"https:\/\/librairie7l.com\/wp-content\/uploads\/2023\/02\/9781606068465_1_75.jpg","type":"image\/jpeg"}],"twitter_card":"summary_large_image","twitter_misc":{"Est. reading time":"1 minute"},"schema":{"@context":"https:\/\/schema.org","@graph":[{"@type":"WebPage","@id":"https:\/\/librairie7l.com\/en\/produit\/rodney-smith-2\/","url":"https:\/\/librairie7l.com\/en\/produit\/rodney-smith-2\/","name":"Rodney Smith - Librairie 7L","isPartOf":{"@id":"https:\/\/librairie7l.com\/en\/#website"},"datePublished":"2025-02-10T23:37:50+00:00","dateModified":"2026-04-17T03:07:11+00:00","breadcrumb":{"@id":"https:\/\/librairie7l.com\/en\/produit\/rodney-smith-2\/#breadcrumb"},"inLanguage":"en-US","potentialAction":[{"@type":"ReadAction","target":["https:\/\/librairie7l.com\/en\/produit\/rodney-smith-2\/"]}]},{"@type":"BreadcrumbList","@id":"https:\/\/librairie7l.com\/en\/produit\/rodney-smith-2\/#breadcrumb","itemListElement":[{"@type":"ListItem","position":1,"name":"Accueil","item":"https:\/\/librairie7l.com\/en\/"},{"@type":"ListItem","position":2,"name":"Shop","item":"https:\/\/librairie7l.com\/en\/shop\/"},{"@type":"ListItem","position":3,"name":"RODNEY SMITH"}]},{"@type":"WebSite","@id":"https:\/\/librairie7l.com\/en\/#website","url":"https:\/\/librairie7l.com\/en\/","name":"Librairie 7L","description":"Librairie fond\u00e9e en 1999 par Karl Lagerfeld \u00e0 Paris","publisher":{"@id":"https:\/\/librairie7l.com\/en\/#organization"},"potentialAction":[{"@type":"SearchAction","target":{"@type":"EntryPoint","urlTemplate":"https:\/\/librairie7l.com\/en\/?s={search_term_string}"},"query-input":"required name=search_term_string"}],"inLanguage":"en-US"},{"@type":"Organization","@id":"https:\/\/librairie7l.com\/en\/#organization","name":"Librairie 7L","url":"https:\/\/librairie7l.com\/en\/","logo":{"@type":"ImageObject","inLanguage":"en-US","@id":"https:\/\/librairie7l.com\/en\/#\/schema\/logo\/image\/","url":"https:\/\/librairie7l.com\/wp-content\/uploads\/2022\/08\/logo-1.png","contentUrl":"https:\/\/librairie7l.com\/wp-content\/uploads\/2022\/08\/logo-1.png","width":227,"height":301,"caption":"Librairie 7L"},"image":{"@id":"https:\/\/librairie7l.com\/en\/#\/schema\/logo\/image\/"}}]}},"_links":{"self":[{"href":"https:\/\/librairie7l.com\/en\/wp-json\/wp\/v2\/product\/46201"}],"collection":[{"href":"https:\/\/librairie7l.com\/en\/wp-json\/wp\/v2\/product"}],"about":[{"href":"https:\/\/librairie7l.com\/en\/wp-json\/wp\/v2\/types\/product"}],"wp:featuredmedia":[{"embeddable":true,"href":"https:\/\/librairie7l.com\/en\/wp-json\/wp\/v2\/media\/46199"}],"wp:attachment":[{"href":"https:\/\/librairie7l.com\/en\/wp-json\/wp\/v2\/media?parent=46201"}],"wp:term":[{"taxonomy":"product_cat","embeddable":true,"href":"https:\/\/librairie7l.com\/en\/wp-json\/wp\/v2\/product_cat?post=46201"},{"taxonomy":"product_tag","embeddable":true,"href":"https:\/\/librairie7l.com\/en\/wp-json\/wp\/v2\/product_tag?post=46201"}],"curies":[{"name":"wp","href":"https:\/\/api.w.org\/{rel}","templated":true}]}}