{"id":46212,"date":"2025-02-12T09:17:54","date_gmt":"2025-02-12T08:17:54","guid":{"rendered":"https:\/\/librairie7l.com\/?post_type=product&#038;p=46212"},"modified":"2026-04-22T06:30:02","modified_gmt":"2026-04-22T04:30:02","slug":"guillaume-apollinaire-le-flaneur-de-paris-2","status":"publish","type":"product","link":"https:\/\/librairie7l.com\/en\/produit\/guillaume-apollinaire-le-flaneur-de-paris-2\/","title":{"rendered":"GUILLAUME APOLLINAIRE, LE FL\u00c2NEUR DE PARIS"},"content":{"rendered":"<p>&#8221; Fl\u00e2neur des deux rives &#8220;, Guillaume Apollinaire fut un grand<br \/>\namoureux de Paris. Source d&#8217;inspiration et d&#8217;\u00e9criture, lieu de vie<br \/>\npresque exclusif sur une vingtaine d&#8217;ann\u00e9es, la capitale t\u00e9moigne<br \/>\nde son &#8221; esprit nouveau &#8221; o\u00f9 la po\u00e9sie se lib\u00e8re des contraintes,<br \/>\npuise dans le modernisme et dans le progr\u00e8s pour magnifier<br \/>\nune ville o\u00f9 &#8221; les tramways, feux verts sur l&#8217;\u00e9chine, \/ musiquent,<br \/>\nau long des port\u00e9es &#8220;.<br \/>\nZigzagant dans sa vie comme dans ses vers, le po\u00e8te adore<br \/>\nles faits divers, les histoires insolites, la brocante po\u00e9tique,<br \/>\nles caf\u00e9s et les rencontres, indispensables nourritures d&#8217;une<br \/>\noeuvre volontairement h\u00e9t\u00e9rog\u00e8ne m\u00ealant le r\u00e9el et l&#8217;imaginaire.<br \/>\nNavigant entre \u00e9sot\u00e9risme, lyrisme et avant-gardisme, le po\u00e8te<br \/>\nfait de la ville un terrain de mots o\u00f9 l&#8217;inattendu se pare de lumi\u00e8re.<br \/>\nDe long en large, \u00e0 pied, en vers et en calligrammes, il arpente<br \/>\nParis, de la Nouvelle Ath\u00e8nes au Quartier latin, de Montmartre<br \/>\n\u00e0 Montparnasse, d&#8217;Auteuil \u00e0 Saint-Germain-des-Pr\u00e9s.<\/p>\n","protected":false},"excerpt":{"rendered":"<p>&#8221; Fl\u00e2neur des deux rives &#8220;, Guillaume Apollinaire fut un grand amoureux de Paris. Source d&#8217;inspiration et d&#8217;\u00e9criture, lieu de vie presque exclusif sur une vingtaine d&#8217;ann\u00e9es, la capitale t\u00e9moigne de son &#8221; esprit nouveau &#8221; o\u00f9 la po\u00e9sie se lib\u00e8re des contraintes, puise dans le modernisme et dans le progr\u00e8s pour magnifier une ville [&hellip;]<\/p>\n","protected":false},"featured_media":46210,"template":"","meta":[],"product_cat":[2948,2958],"product_tag":[],"acf":[],"yoast_head":"<!-- This site is optimized with the Yoast SEO plugin v20.11 - https:\/\/yoast.com\/wordpress\/plugins\/seo\/ -->\n<title>Guillaume Apollinaire, le fl\u00e2neur de Paris - Librairie 7L<\/title>\n<meta name=\"robots\" content=\"index, follow, max-snippet:-1, max-image-preview:large, max-video-preview:-1\" \/>\n<link rel=\"canonical\" href=\"https:\/\/librairie7l.com\/en\/produit\/guillaume-apollinaire-le-flaneur-de-paris-2\/\" \/>\n<meta property=\"og:locale\" content=\"en_US\" \/>\n<meta property=\"og:type\" content=\"article\" \/>\n<meta property=\"og:title\" content=\"Guillaume Apollinaire, le fl\u00e2neur de Paris - Librairie 7L\" \/>\n<meta property=\"og:description\" content=\"&#8221; Fl\u00e2neur des deux rives &#8220;, Guillaume Apollinaire fut un grand amoureux de Paris. Source d&#8217;inspiration et d&#8217;\u00e9criture, lieu de vie presque exclusif sur une vingtaine d&#8217;ann\u00e9es, la capitale t\u00e9moigne de son &#8221; esprit nouveau &#8221; o\u00f9 la po\u00e9sie se lib\u00e8re des contraintes, puise dans le modernisme et dans le progr\u00e8s pour magnifier une ville [&hellip;]\" \/>\n<meta property=\"og:url\" content=\"https:\/\/librairie7l.com\/en\/produit\/guillaume-apollinaire-le-flaneur-de-paris-2\/\" \/>\n<meta property=\"og:site_name\" content=\"Librairie 7L\" \/>\n<meta property=\"article:modified_time\" content=\"2026-04-22T04:30:02+00:00\" \/>\n<meta property=\"og:image\" content=\"https:\/\/librairie7l.com\/wp-content\/uploads\/2024\/10\/9782373952629_1_75.jpg\" \/>\n\t<meta property=\"og:image:width\" content=\"600\" \/>\n\t<meta property=\"og:image:height\" content=\"840\" \/>\n\t<meta property=\"og:image:type\" content=\"image\/jpeg\" \/>\n<meta name=\"twitter:card\" content=\"summary_large_image\" \/>\n<meta name=\"twitter:label1\" content=\"Est. reading time\" \/>\n\t<meta name=\"twitter:data1\" content=\"1 minute\" \/>\n<script type=\"application\/ld+json\" class=\"yoast-schema-graph\">{\"@context\":\"https:\/\/schema.org\",\"@graph\":[{\"@type\":\"WebPage\",\"@id\":\"https:\/\/librairie7l.com\/en\/produit\/guillaume-apollinaire-le-flaneur-de-paris-2\/\",\"url\":\"https:\/\/librairie7l.com\/en\/produit\/guillaume-apollinaire-le-flaneur-de-paris-2\/\",\"name\":\"Guillaume Apollinaire, le fl\u00e2neur de Paris - Librairie 7L\",\"isPartOf\":{\"@id\":\"https:\/\/librairie7l.com\/en\/#website\"},\"datePublished\":\"2025-02-12T08:17:54+00:00\",\"dateModified\":\"2026-04-22T04:30:02+00:00\",\"breadcrumb\":{\"@id\":\"https:\/\/librairie7l.com\/en\/produit\/guillaume-apollinaire-le-flaneur-de-paris-2\/#breadcrumb\"},\"inLanguage\":\"en-US\",\"potentialAction\":[{\"@type\":\"ReadAction\",\"target\":[\"https:\/\/librairie7l.com\/en\/produit\/guillaume-apollinaire-le-flaneur-de-paris-2\/\"]}]},{\"@type\":\"BreadcrumbList\",\"@id\":\"https:\/\/librairie7l.com\/en\/produit\/guillaume-apollinaire-le-flaneur-de-paris-2\/#breadcrumb\",\"itemListElement\":[{\"@type\":\"ListItem\",\"position\":1,\"name\":\"Accueil\",\"item\":\"https:\/\/librairie7l.com\/en\/\"},{\"@type\":\"ListItem\",\"position\":2,\"name\":\"Shop\",\"item\":\"https:\/\/librairie7l.com\/en\/shop\/\"},{\"@type\":\"ListItem\",\"position\":3,\"name\":\"GUILLAUME APOLLINAIRE, LE FL\u00c2NEUR DE PARIS\"}]},{\"@type\":\"WebSite\",\"@id\":\"https:\/\/librairie7l.com\/en\/#website\",\"url\":\"https:\/\/librairie7l.com\/en\/\",\"name\":\"Librairie 7L\",\"description\":\"Librairie fond\u00e9e en 1999 par Karl Lagerfeld \u00e0 Paris\",\"publisher\":{\"@id\":\"https:\/\/librairie7l.com\/en\/#organization\"},\"potentialAction\":[{\"@type\":\"SearchAction\",\"target\":{\"@type\":\"EntryPoint\",\"urlTemplate\":\"https:\/\/librairie7l.com\/en\/?s={search_term_string}\"},\"query-input\":\"required name=search_term_string\"}],\"inLanguage\":\"en-US\"},{\"@type\":\"Organization\",\"@id\":\"https:\/\/librairie7l.com\/en\/#organization\",\"name\":\"Librairie 7L\",\"url\":\"https:\/\/librairie7l.com\/en\/\",\"logo\":{\"@type\":\"ImageObject\",\"inLanguage\":\"en-US\",\"@id\":\"https:\/\/librairie7l.com\/en\/#\/schema\/logo\/image\/\",\"url\":\"https:\/\/librairie7l.com\/wp-content\/uploads\/2022\/08\/logo-1.png\",\"contentUrl\":\"https:\/\/librairie7l.com\/wp-content\/uploads\/2022\/08\/logo-1.png\",\"width\":227,\"height\":301,\"caption\":\"Librairie 7L\"},\"image\":{\"@id\":\"https:\/\/librairie7l.com\/en\/#\/schema\/logo\/image\/\"}}]}<\/script>\n<!-- \/ Yoast SEO plugin. -->","yoast_head_json":{"title":"Guillaume Apollinaire, le fl\u00e2neur de Paris - Librairie 7L","robots":{"index":"index","follow":"follow","max-snippet":"max-snippet:-1","max-image-preview":"max-image-preview:large","max-video-preview":"max-video-preview:-1"},"canonical":"https:\/\/librairie7l.com\/en\/produit\/guillaume-apollinaire-le-flaneur-de-paris-2\/","og_locale":"en_US","og_type":"article","og_title":"Guillaume Apollinaire, le fl\u00e2neur de Paris - Librairie 7L","og_description":"&#8221; Fl\u00e2neur des deux rives &#8220;, Guillaume Apollinaire fut un grand amoureux de Paris. Source d&#8217;inspiration et d&#8217;\u00e9criture, lieu de vie presque exclusif sur une vingtaine d&#8217;ann\u00e9es, la capitale t\u00e9moigne de son &#8221; esprit nouveau &#8221; o\u00f9 la po\u00e9sie se lib\u00e8re des contraintes, puise dans le modernisme et dans le progr\u00e8s pour magnifier une ville [&hellip;]","og_url":"https:\/\/librairie7l.com\/en\/produit\/guillaume-apollinaire-le-flaneur-de-paris-2\/","og_site_name":"Librairie 7L","article_modified_time":"2026-04-22T04:30:02+00:00","og_image":[{"width":600,"height":840,"url":"https:\/\/librairie7l.com\/wp-content\/uploads\/2024\/10\/9782373952629_1_75.jpg","type":"image\/jpeg"}],"twitter_card":"summary_large_image","twitter_misc":{"Est. reading time":"1 minute"},"schema":{"@context":"https:\/\/schema.org","@graph":[{"@type":"WebPage","@id":"https:\/\/librairie7l.com\/en\/produit\/guillaume-apollinaire-le-flaneur-de-paris-2\/","url":"https:\/\/librairie7l.com\/en\/produit\/guillaume-apollinaire-le-flaneur-de-paris-2\/","name":"Guillaume Apollinaire, le fl\u00e2neur de Paris - Librairie 7L","isPartOf":{"@id":"https:\/\/librairie7l.com\/en\/#website"},"datePublished":"2025-02-12T08:17:54+00:00","dateModified":"2026-04-22T04:30:02+00:00","breadcrumb":{"@id":"https:\/\/librairie7l.com\/en\/produit\/guillaume-apollinaire-le-flaneur-de-paris-2\/#breadcrumb"},"inLanguage":"en-US","potentialAction":[{"@type":"ReadAction","target":["https:\/\/librairie7l.com\/en\/produit\/guillaume-apollinaire-le-flaneur-de-paris-2\/"]}]},{"@type":"BreadcrumbList","@id":"https:\/\/librairie7l.com\/en\/produit\/guillaume-apollinaire-le-flaneur-de-paris-2\/#breadcrumb","itemListElement":[{"@type":"ListItem","position":1,"name":"Accueil","item":"https:\/\/librairie7l.com\/en\/"},{"@type":"ListItem","position":2,"name":"Shop","item":"https:\/\/librairie7l.com\/en\/shop\/"},{"@type":"ListItem","position":3,"name":"GUILLAUME APOLLINAIRE, LE FL\u00c2NEUR DE PARIS"}]},{"@type":"WebSite","@id":"https:\/\/librairie7l.com\/en\/#website","url":"https:\/\/librairie7l.com\/en\/","name":"Librairie 7L","description":"Librairie fond\u00e9e en 1999 par Karl Lagerfeld \u00e0 Paris","publisher":{"@id":"https:\/\/librairie7l.com\/en\/#organization"},"potentialAction":[{"@type":"SearchAction","target":{"@type":"EntryPoint","urlTemplate":"https:\/\/librairie7l.com\/en\/?s={search_term_string}"},"query-input":"required name=search_term_string"}],"inLanguage":"en-US"},{"@type":"Organization","@id":"https:\/\/librairie7l.com\/en\/#organization","name":"Librairie 7L","url":"https:\/\/librairie7l.com\/en\/","logo":{"@type":"ImageObject","inLanguage":"en-US","@id":"https:\/\/librairie7l.com\/en\/#\/schema\/logo\/image\/","url":"https:\/\/librairie7l.com\/wp-content\/uploads\/2022\/08\/logo-1.png","contentUrl":"https:\/\/librairie7l.com\/wp-content\/uploads\/2022\/08\/logo-1.png","width":227,"height":301,"caption":"Librairie 7L"},"image":{"@id":"https:\/\/librairie7l.com\/en\/#\/schema\/logo\/image\/"}}]}},"_links":{"self":[{"href":"https:\/\/librairie7l.com\/en\/wp-json\/wp\/v2\/product\/46212"}],"collection":[{"href":"https:\/\/librairie7l.com\/en\/wp-json\/wp\/v2\/product"}],"about":[{"href":"https:\/\/librairie7l.com\/en\/wp-json\/wp\/v2\/types\/product"}],"wp:featuredmedia":[{"embeddable":true,"href":"https:\/\/librairie7l.com\/en\/wp-json\/wp\/v2\/media\/46210"}],"wp:attachment":[{"href":"https:\/\/librairie7l.com\/en\/wp-json\/wp\/v2\/media?parent=46212"}],"wp:term":[{"taxonomy":"product_cat","embeddable":true,"href":"https:\/\/librairie7l.com\/en\/wp-json\/wp\/v2\/product_cat?post=46212"},{"taxonomy":"product_tag","embeddable":true,"href":"https:\/\/librairie7l.com\/en\/wp-json\/wp\/v2\/product_tag?post=46212"}],"curies":[{"name":"wp","href":"https:\/\/api.w.org\/{rel}","templated":true}]}}