{"id":46233,"date":"2025-02-13T09:17:54","date_gmt":"2025-02-13T08:17:54","guid":{"rendered":"https:\/\/librairie7l.com\/?post_type=product&#038;p=46233"},"modified":"2026-04-04T07:06:45","modified_gmt":"2026-04-04T05:06:45","slug":"kyoto-2","status":"publish","type":"product","link":"https:\/\/librairie7l.com\/en\/produit\/kyoto-2\/","title":{"rendered":"KYOTO"},"content":{"rendered":"<p>Pavillon d&#8217;or, ruelles de Gion, temples zen et for\u00eats de bambous, sanctuaire de Fushimi Inari, rivi\u00e8re et cerisiers en fleurs \u00e0 Arashiyama, in\u00e9narrable gastronomie japonaise, maisons de th\u00e9 et bars \u00e0 sak\u00e9, march\u00e9s fumants et \u00e9choppes traditionnelles, \u00e9chapp\u00e9e \u00e0 Osaka : suivez le guide!<\/p>\n<p>&#8211; Un concept unique : des cartes grand format d\u00e9pliables par quartier.<br \/>\n&#8211; Les incontournables, visites, restos et sorties localis\u00e9s sur les cartes.<br \/>\n&#8211; Des id\u00e9es et des activit\u00e9s pour d\u00e9couvrir la ville autrement.<\/p>\n<p>Tous les bons plans test\u00e9s par nos auteurs pour vivre \u00e0 l&#8217;heure de Kyoto !<\/p>\n","protected":false},"excerpt":{"rendered":"<p>Pavillon d&#8217;or, ruelles de Gion, temples zen et for\u00eats de bambous, sanctuaire de Fushimi Inari, rivi\u00e8re et cerisiers en fleurs \u00e0 Arashiyama, in\u00e9narrable gastronomie japonaise, maisons de th\u00e9 et bars \u00e0 sak\u00e9, march\u00e9s fumants et \u00e9choppes traditionnelles, \u00e9chapp\u00e9e \u00e0 Osaka : suivez le guide! &#8211; Un concept unique : des cartes grand format d\u00e9pliables par [&hellip;]<\/p>\n","protected":false},"featured_media":46231,"template":"","meta":[],"product_cat":[2948,2950],"product_tag":[],"acf":[],"yoast_head":"<!-- This site is optimized with the Yoast SEO plugin v20.11 - https:\/\/yoast.com\/wordpress\/plugins\/seo\/ -->\n<title>Kyoto - Librairie 7L<\/title>\n<meta name=\"robots\" content=\"index, follow, max-snippet:-1, max-image-preview:large, max-video-preview:-1\" \/>\n<link rel=\"canonical\" href=\"https:\/\/librairie7l.com\/en\/produit\/kyoto-2\/\" \/>\n<meta property=\"og:locale\" content=\"en_US\" \/>\n<meta property=\"og:type\" content=\"article\" \/>\n<meta property=\"og:title\" content=\"Kyoto - Librairie 7L\" \/>\n<meta property=\"og:description\" content=\"Pavillon d&#8217;or, ruelles de Gion, temples zen et for\u00eats de bambous, sanctuaire de Fushimi Inari, rivi\u00e8re et cerisiers en fleurs \u00e0 Arashiyama, in\u00e9narrable gastronomie japonaise, maisons de th\u00e9 et bars \u00e0 sak\u00e9, march\u00e9s fumants et \u00e9choppes traditionnelles, \u00e9chapp\u00e9e \u00e0 Osaka : suivez le guide! &#8211; Un concept unique : des cartes grand format d\u00e9pliables par [&hellip;]\" \/>\n<meta property=\"og:url\" content=\"https:\/\/librairie7l.com\/en\/produit\/kyoto-2\/\" \/>\n<meta property=\"og:site_name\" content=\"Librairie 7L\" \/>\n<meta property=\"article:modified_time\" content=\"2026-04-04T05:06:45+00:00\" \/>\n<meta property=\"og:image\" content=\"https:\/\/librairie7l.com\/wp-content\/uploads\/2022\/04\/9782742464128_1_75.jpg\" \/>\n\t<meta property=\"og:image:width\" content=\"600\" \/>\n\t<meta property=\"og:image:height\" content=\"847\" \/>\n\t<meta property=\"og:image:type\" content=\"image\/jpeg\" \/>\n<meta name=\"twitter:card\" content=\"summary_large_image\" \/>\n<script type=\"application\/ld+json\" class=\"yoast-schema-graph\">{\"@context\":\"https:\/\/schema.org\",\"@graph\":[{\"@type\":\"WebPage\",\"@id\":\"https:\/\/librairie7l.com\/en\/produit\/kyoto-2\/\",\"url\":\"https:\/\/librairie7l.com\/en\/produit\/kyoto-2\/\",\"name\":\"Kyoto - Librairie 7L\",\"isPartOf\":{\"@id\":\"https:\/\/librairie7l.com\/en\/#website\"},\"datePublished\":\"2025-02-13T08:17:54+00:00\",\"dateModified\":\"2026-04-04T05:06:45+00:00\",\"breadcrumb\":{\"@id\":\"https:\/\/librairie7l.com\/en\/produit\/kyoto-2\/#breadcrumb\"},\"inLanguage\":\"en-US\",\"potentialAction\":[{\"@type\":\"ReadAction\",\"target\":[\"https:\/\/librairie7l.com\/en\/produit\/kyoto-2\/\"]}]},{\"@type\":\"BreadcrumbList\",\"@id\":\"https:\/\/librairie7l.com\/en\/produit\/kyoto-2\/#breadcrumb\",\"itemListElement\":[{\"@type\":\"ListItem\",\"position\":1,\"name\":\"Accueil\",\"item\":\"https:\/\/librairie7l.com\/en\/\"},{\"@type\":\"ListItem\",\"position\":2,\"name\":\"Shop\",\"item\":\"https:\/\/librairie7l.com\/en\/shop\/\"},{\"@type\":\"ListItem\",\"position\":3,\"name\":\"KYOTO\"}]},{\"@type\":\"WebSite\",\"@id\":\"https:\/\/librairie7l.com\/en\/#website\",\"url\":\"https:\/\/librairie7l.com\/en\/\",\"name\":\"Librairie 7L\",\"description\":\"Librairie fond\u00e9e en 1999 par Karl Lagerfeld \u00e0 Paris\",\"publisher\":{\"@id\":\"https:\/\/librairie7l.com\/en\/#organization\"},\"potentialAction\":[{\"@type\":\"SearchAction\",\"target\":{\"@type\":\"EntryPoint\",\"urlTemplate\":\"https:\/\/librairie7l.com\/en\/?s={search_term_string}\"},\"query-input\":\"required name=search_term_string\"}],\"inLanguage\":\"en-US\"},{\"@type\":\"Organization\",\"@id\":\"https:\/\/librairie7l.com\/en\/#organization\",\"name\":\"Librairie 7L\",\"url\":\"https:\/\/librairie7l.com\/en\/\",\"logo\":{\"@type\":\"ImageObject\",\"inLanguage\":\"en-US\",\"@id\":\"https:\/\/librairie7l.com\/en\/#\/schema\/logo\/image\/\",\"url\":\"https:\/\/librairie7l.com\/wp-content\/uploads\/2022\/08\/logo-1.png\",\"contentUrl\":\"https:\/\/librairie7l.com\/wp-content\/uploads\/2022\/08\/logo-1.png\",\"width\":227,\"height\":301,\"caption\":\"Librairie 7L\"},\"image\":{\"@id\":\"https:\/\/librairie7l.com\/en\/#\/schema\/logo\/image\/\"}}]}<\/script>\n<!-- \/ Yoast SEO plugin. -->","yoast_head_json":{"title":"Kyoto - Librairie 7L","robots":{"index":"index","follow":"follow","max-snippet":"max-snippet:-1","max-image-preview":"max-image-preview:large","max-video-preview":"max-video-preview:-1"},"canonical":"https:\/\/librairie7l.com\/en\/produit\/kyoto-2\/","og_locale":"en_US","og_type":"article","og_title":"Kyoto - Librairie 7L","og_description":"Pavillon d&#8217;or, ruelles de Gion, temples zen et for\u00eats de bambous, sanctuaire de Fushimi Inari, rivi\u00e8re et cerisiers en fleurs \u00e0 Arashiyama, in\u00e9narrable gastronomie japonaise, maisons de th\u00e9 et bars \u00e0 sak\u00e9, march\u00e9s fumants et \u00e9choppes traditionnelles, \u00e9chapp\u00e9e \u00e0 Osaka : suivez le guide! &#8211; Un concept unique : des cartes grand format d\u00e9pliables par [&hellip;]","og_url":"https:\/\/librairie7l.com\/en\/produit\/kyoto-2\/","og_site_name":"Librairie 7L","article_modified_time":"2026-04-04T05:06:45+00:00","og_image":[{"width":600,"height":847,"url":"https:\/\/librairie7l.com\/wp-content\/uploads\/2022\/04\/9782742464128_1_75.jpg","type":"image\/jpeg"}],"twitter_card":"summary_large_image","schema":{"@context":"https:\/\/schema.org","@graph":[{"@type":"WebPage","@id":"https:\/\/librairie7l.com\/en\/produit\/kyoto-2\/","url":"https:\/\/librairie7l.com\/en\/produit\/kyoto-2\/","name":"Kyoto - Librairie 7L","isPartOf":{"@id":"https:\/\/librairie7l.com\/en\/#website"},"datePublished":"2025-02-13T08:17:54+00:00","dateModified":"2026-04-04T05:06:45+00:00","breadcrumb":{"@id":"https:\/\/librairie7l.com\/en\/produit\/kyoto-2\/#breadcrumb"},"inLanguage":"en-US","potentialAction":[{"@type":"ReadAction","target":["https:\/\/librairie7l.com\/en\/produit\/kyoto-2\/"]}]},{"@type":"BreadcrumbList","@id":"https:\/\/librairie7l.com\/en\/produit\/kyoto-2\/#breadcrumb","itemListElement":[{"@type":"ListItem","position":1,"name":"Accueil","item":"https:\/\/librairie7l.com\/en\/"},{"@type":"ListItem","position":2,"name":"Shop","item":"https:\/\/librairie7l.com\/en\/shop\/"},{"@type":"ListItem","position":3,"name":"KYOTO"}]},{"@type":"WebSite","@id":"https:\/\/librairie7l.com\/en\/#website","url":"https:\/\/librairie7l.com\/en\/","name":"Librairie 7L","description":"Librairie fond\u00e9e en 1999 par Karl Lagerfeld \u00e0 Paris","publisher":{"@id":"https:\/\/librairie7l.com\/en\/#organization"},"potentialAction":[{"@type":"SearchAction","target":{"@type":"EntryPoint","urlTemplate":"https:\/\/librairie7l.com\/en\/?s={search_term_string}"},"query-input":"required name=search_term_string"}],"inLanguage":"en-US"},{"@type":"Organization","@id":"https:\/\/librairie7l.com\/en\/#organization","name":"Librairie 7L","url":"https:\/\/librairie7l.com\/en\/","logo":{"@type":"ImageObject","inLanguage":"en-US","@id":"https:\/\/librairie7l.com\/en\/#\/schema\/logo\/image\/","url":"https:\/\/librairie7l.com\/wp-content\/uploads\/2022\/08\/logo-1.png","contentUrl":"https:\/\/librairie7l.com\/wp-content\/uploads\/2022\/08\/logo-1.png","width":227,"height":301,"caption":"Librairie 7L"},"image":{"@id":"https:\/\/librairie7l.com\/en\/#\/schema\/logo\/image\/"}}]}},"_links":{"self":[{"href":"https:\/\/librairie7l.com\/en\/wp-json\/wp\/v2\/product\/46233"}],"collection":[{"href":"https:\/\/librairie7l.com\/en\/wp-json\/wp\/v2\/product"}],"about":[{"href":"https:\/\/librairie7l.com\/en\/wp-json\/wp\/v2\/types\/product"}],"wp:featuredmedia":[{"embeddable":true,"href":"https:\/\/librairie7l.com\/en\/wp-json\/wp\/v2\/media\/46231"}],"wp:attachment":[{"href":"https:\/\/librairie7l.com\/en\/wp-json\/wp\/v2\/media?parent=46233"}],"wp:term":[{"taxonomy":"product_cat","embeddable":true,"href":"https:\/\/librairie7l.com\/en\/wp-json\/wp\/v2\/product_cat?post=46233"},{"taxonomy":"product_tag","embeddable":true,"href":"https:\/\/librairie7l.com\/en\/wp-json\/wp\/v2\/product_tag?post=46233"}],"curies":[{"name":"wp","href":"https:\/\/api.w.org\/{rel}","templated":true}]}}