{"id":46251,"date":"2025-02-13T09:18:12","date_gmt":"2025-02-13T08:18:12","guid":{"rendered":"https:\/\/librairie7l.com\/?post_type=product&#038;p=46251"},"modified":"2026-04-22T09:07:49","modified_gmt":"2026-04-22T07:07:49","slug":"le-gout-marchand-mercier-collection-paul-kesseler-2","status":"publish","type":"product","link":"https:\/\/librairie7l.com\/en\/produit\/le-gout-marchand-mercier-collection-paul-kesseler-2\/","title":{"rendered":"LE GO\u00dbT MARCHAND MERCIER : COLLECTION PAUL KESSELER"},"content":{"rendered":"<p>Les marchands merciers demeurent des acteurs du march\u00e9 de l&#8217;art de l&#8217;Ancien R\u00e9gime encore<br \/>\nrelativement m\u00e9connus du grand public. Qu&#8217;ils soient revendeurs de biens d&#8217;occasion ou<br \/>\ncr\u00e9ateurs, ces commer\u00e7ants du luxe jouent un r\u00f4le essentiel dans la fa\u00e7on des modes<br \/>\nd\u00e9coratives des XVIIe et XVIIIe si\u00e8cles jusqu&#8217;\u00e0 la dissolution de leur corporation avec la loi Le<br \/>\nChapelier en 1791. Dans un monde alors en pleine reconstruction, de nouveaux marchands<br \/>\ncr\u00e9ateurs et marchands antiquaires succ\u00e8dent aux marchands merciers d\u00e8s la R\u00e9volution<br \/>\nfran\u00e7aise.<br \/>\nDes artisans, orf\u00e8vres, \u00e9b\u00e9nistes, d\u00e9sormais libres d&#8217;\u00e9tendre le spectre de leur production<br \/>\ns&#8217;inspirent de leur cr\u00e9ativit\u00e9.<br \/>\nMarie-Jeanne-Rosalie Desarnaud-Charpentier et son \u00e9poux fondent \u00c0 l&#8217;Escalier de Cristal<br \/>\nsous le Premier Empire autour d&#8217;un nouveau mat\u00e9riau de pr\u00e9dilection: le cristal. Philippe-<br \/>\nClaude Ma\u00eblrondt se fait le Duvaux de la Restauration et \u00ab fait \u00e9tablir lui-m\u00eame, avec go\u00fbt et<br \/>\ndiscernement, des meubles de grands prix, et monter des vases pr\u00e9cieux par d&#8217;habiles ciseleurs<br \/>\net \u00e9b\u00e9nistes modernes \u00bb. Les commissaires-priseurs, comme Alexandre-Joseph Paillet, d\u00e9j\u00e0<br \/>\nbien \u00e9tablis auparavant gr\u00e2ce au d\u00e9veloppement des ventes aux ench\u00e8res et du collectionnisme<br \/>\ndurant le XVIIIe si\u00e8cle, reprennent avec des marchands tels que Nicolas Lerouge et Jean-<br \/>\nBaptiste Lebrun, le flambeau du commerce d&#8217;occasion de biens de luxe.<br \/>\nC&#8217;est l&#8217;attrait pour les multiples expressions du go\u00fbt et de la cr\u00e9ativit\u00e9 des commer\u00e7ants des<br \/>\nXVIIe-XIXe si\u00e8cles qui a pr\u00e9sid\u00e9 \u00e0 la constitution de la brillante collection pr\u00e9sent\u00e9e dans cet<br \/>\nouvrage.<\/p>\n","protected":false},"excerpt":{"rendered":"<p>Les marchands merciers demeurent des acteurs du march\u00e9 de l&#8217;art de l&#8217;Ancien R\u00e9gime encore relativement m\u00e9connus du grand public. Qu&#8217;ils soient revendeurs de biens d&#8217;occasion ou cr\u00e9ateurs, ces commer\u00e7ants du luxe jouent un r\u00f4le essentiel dans la fa\u00e7on des modes d\u00e9coratives des XVIIe et XVIIIe si\u00e8cles jusqu&#8217;\u00e0 la dissolution de leur corporation avec la loi [&hellip;]<\/p>\n","protected":false},"featured_media":46538,"template":"","meta":[],"product_cat":[2948,2952],"product_tag":[],"acf":[],"yoast_head":"<!-- This site is optimized with the Yoast SEO plugin v20.11 - https:\/\/yoast.com\/wordpress\/plugins\/seo\/ -->\n<title>Le go\u00fbt marchand Mercier : Collection Paul Kesseler - Librairie 7L<\/title>\n<meta name=\"robots\" content=\"index, follow, max-snippet:-1, max-image-preview:large, max-video-preview:-1\" \/>\n<link rel=\"canonical\" href=\"https:\/\/librairie7l.com\/en\/produit\/le-gout-marchand-mercier-collection-paul-kesseler-2\/\" \/>\n<meta property=\"og:locale\" content=\"en_US\" \/>\n<meta property=\"og:type\" content=\"article\" \/>\n<meta property=\"og:title\" content=\"Le go\u00fbt marchand Mercier : Collection Paul Kesseler - Librairie 7L\" \/>\n<meta property=\"og:description\" content=\"Les marchands merciers demeurent des acteurs du march\u00e9 de l&#8217;art de l&#8217;Ancien R\u00e9gime encore relativement m\u00e9connus du grand public. Qu&#8217;ils soient revendeurs de biens d&#8217;occasion ou cr\u00e9ateurs, ces commer\u00e7ants du luxe jouent un r\u00f4le essentiel dans la fa\u00e7on des modes d\u00e9coratives des XVIIe et XVIIIe si\u00e8cles jusqu&#8217;\u00e0 la dissolution de leur corporation avec la loi [&hellip;]\" \/>\n<meta property=\"og:url\" content=\"https:\/\/librairie7l.com\/en\/produit\/le-gout-marchand-mercier-collection-paul-kesseler-2\/\" \/>\n<meta property=\"og:site_name\" content=\"Librairie 7L\" \/>\n<meta property=\"article:modified_time\" content=\"2026-04-22T07:07:49+00:00\" \/>\n<meta name=\"twitter:card\" content=\"summary_large_image\" \/>\n<meta name=\"twitter:label1\" content=\"Est. reading time\" \/>\n\t<meta name=\"twitter:data1\" content=\"1 minute\" \/>\n<script type=\"application\/ld+json\" class=\"yoast-schema-graph\">{\"@context\":\"https:\/\/schema.org\",\"@graph\":[{\"@type\":\"WebPage\",\"@id\":\"https:\/\/librairie7l.com\/en\/produit\/le-gout-marchand-mercier-collection-paul-kesseler-2\/\",\"url\":\"https:\/\/librairie7l.com\/en\/produit\/le-gout-marchand-mercier-collection-paul-kesseler-2\/\",\"name\":\"Le go\u00fbt marchand Mercier : Collection Paul Kesseler - Librairie 7L\",\"isPartOf\":{\"@id\":\"https:\/\/librairie7l.com\/en\/#website\"},\"datePublished\":\"2025-02-13T08:18:12+00:00\",\"dateModified\":\"2026-04-22T07:07:49+00:00\",\"breadcrumb\":{\"@id\":\"https:\/\/librairie7l.com\/en\/produit\/le-gout-marchand-mercier-collection-paul-kesseler-2\/#breadcrumb\"},\"inLanguage\":\"en-US\",\"potentialAction\":[{\"@type\":\"ReadAction\",\"target\":[\"https:\/\/librairie7l.com\/en\/produit\/le-gout-marchand-mercier-collection-paul-kesseler-2\/\"]}]},{\"@type\":\"BreadcrumbList\",\"@id\":\"https:\/\/librairie7l.com\/en\/produit\/le-gout-marchand-mercier-collection-paul-kesseler-2\/#breadcrumb\",\"itemListElement\":[{\"@type\":\"ListItem\",\"position\":1,\"name\":\"Accueil\",\"item\":\"https:\/\/librairie7l.com\/en\/\"},{\"@type\":\"ListItem\",\"position\":2,\"name\":\"Shop\",\"item\":\"https:\/\/librairie7l.com\/en\/shop\/\"},{\"@type\":\"ListItem\",\"position\":3,\"name\":\"LE GO\u00dbT MARCHAND MERCIER : COLLECTION PAUL KESSELER\"}]},{\"@type\":\"WebSite\",\"@id\":\"https:\/\/librairie7l.com\/en\/#website\",\"url\":\"https:\/\/librairie7l.com\/en\/\",\"name\":\"Librairie 7L\",\"description\":\"Librairie fond\u00e9e en 1999 par Karl Lagerfeld \u00e0 Paris\",\"publisher\":{\"@id\":\"https:\/\/librairie7l.com\/en\/#organization\"},\"potentialAction\":[{\"@type\":\"SearchAction\",\"target\":{\"@type\":\"EntryPoint\",\"urlTemplate\":\"https:\/\/librairie7l.com\/en\/?s={search_term_string}\"},\"query-input\":\"required name=search_term_string\"}],\"inLanguage\":\"en-US\"},{\"@type\":\"Organization\",\"@id\":\"https:\/\/librairie7l.com\/en\/#organization\",\"name\":\"Librairie 7L\",\"url\":\"https:\/\/librairie7l.com\/en\/\",\"logo\":{\"@type\":\"ImageObject\",\"inLanguage\":\"en-US\",\"@id\":\"https:\/\/librairie7l.com\/en\/#\/schema\/logo\/image\/\",\"url\":\"https:\/\/librairie7l.com\/wp-content\/uploads\/2022\/08\/logo-1.png\",\"contentUrl\":\"https:\/\/librairie7l.com\/wp-content\/uploads\/2022\/08\/logo-1.png\",\"width\":227,\"height\":301,\"caption\":\"Librairie 7L\"},\"image\":{\"@id\":\"https:\/\/librairie7l.com\/en\/#\/schema\/logo\/image\/\"}}]}<\/script>\n<!-- \/ Yoast SEO plugin. -->","yoast_head_json":{"title":"Le go\u00fbt marchand Mercier : Collection Paul Kesseler - Librairie 7L","robots":{"index":"index","follow":"follow","max-snippet":"max-snippet:-1","max-image-preview":"max-image-preview:large","max-video-preview":"max-video-preview:-1"},"canonical":"https:\/\/librairie7l.com\/en\/produit\/le-gout-marchand-mercier-collection-paul-kesseler-2\/","og_locale":"en_US","og_type":"article","og_title":"Le go\u00fbt marchand Mercier : Collection Paul Kesseler - Librairie 7L","og_description":"Les marchands merciers demeurent des acteurs du march\u00e9 de l&#8217;art de l&#8217;Ancien R\u00e9gime encore relativement m\u00e9connus du grand public. Qu&#8217;ils soient revendeurs de biens d&#8217;occasion ou cr\u00e9ateurs, ces commer\u00e7ants du luxe jouent un r\u00f4le essentiel dans la fa\u00e7on des modes d\u00e9coratives des XVIIe et XVIIIe si\u00e8cles jusqu&#8217;\u00e0 la dissolution de leur corporation avec la loi [&hellip;]","og_url":"https:\/\/librairie7l.com\/en\/produit\/le-gout-marchand-mercier-collection-paul-kesseler-2\/","og_site_name":"Librairie 7L","article_modified_time":"2026-04-22T07:07:49+00:00","twitter_card":"summary_large_image","twitter_misc":{"Est. reading time":"1 minute"},"schema":{"@context":"https:\/\/schema.org","@graph":[{"@type":"WebPage","@id":"https:\/\/librairie7l.com\/en\/produit\/le-gout-marchand-mercier-collection-paul-kesseler-2\/","url":"https:\/\/librairie7l.com\/en\/produit\/le-gout-marchand-mercier-collection-paul-kesseler-2\/","name":"Le go\u00fbt marchand Mercier : Collection Paul Kesseler - Librairie 7L","isPartOf":{"@id":"https:\/\/librairie7l.com\/en\/#website"},"datePublished":"2025-02-13T08:18:12+00:00","dateModified":"2026-04-22T07:07:49+00:00","breadcrumb":{"@id":"https:\/\/librairie7l.com\/en\/produit\/le-gout-marchand-mercier-collection-paul-kesseler-2\/#breadcrumb"},"inLanguage":"en-US","potentialAction":[{"@type":"ReadAction","target":["https:\/\/librairie7l.com\/en\/produit\/le-gout-marchand-mercier-collection-paul-kesseler-2\/"]}]},{"@type":"BreadcrumbList","@id":"https:\/\/librairie7l.com\/en\/produit\/le-gout-marchand-mercier-collection-paul-kesseler-2\/#breadcrumb","itemListElement":[{"@type":"ListItem","position":1,"name":"Accueil","item":"https:\/\/librairie7l.com\/en\/"},{"@type":"ListItem","position":2,"name":"Shop","item":"https:\/\/librairie7l.com\/en\/shop\/"},{"@type":"ListItem","position":3,"name":"LE GO\u00dbT MARCHAND MERCIER : COLLECTION PAUL KESSELER"}]},{"@type":"WebSite","@id":"https:\/\/librairie7l.com\/en\/#website","url":"https:\/\/librairie7l.com\/en\/","name":"Librairie 7L","description":"Librairie fond\u00e9e en 1999 par Karl Lagerfeld \u00e0 Paris","publisher":{"@id":"https:\/\/librairie7l.com\/en\/#organization"},"potentialAction":[{"@type":"SearchAction","target":{"@type":"EntryPoint","urlTemplate":"https:\/\/librairie7l.com\/en\/?s={search_term_string}"},"query-input":"required name=search_term_string"}],"inLanguage":"en-US"},{"@type":"Organization","@id":"https:\/\/librairie7l.com\/en\/#organization","name":"Librairie 7L","url":"https:\/\/librairie7l.com\/en\/","logo":{"@type":"ImageObject","inLanguage":"en-US","@id":"https:\/\/librairie7l.com\/en\/#\/schema\/logo\/image\/","url":"https:\/\/librairie7l.com\/wp-content\/uploads\/2022\/08\/logo-1.png","contentUrl":"https:\/\/librairie7l.com\/wp-content\/uploads\/2022\/08\/logo-1.png","width":227,"height":301,"caption":"Librairie 7L"},"image":{"@id":"https:\/\/librairie7l.com\/en\/#\/schema\/logo\/image\/"}}]}},"_links":{"self":[{"href":"https:\/\/librairie7l.com\/en\/wp-json\/wp\/v2\/product\/46251"}],"collection":[{"href":"https:\/\/librairie7l.com\/en\/wp-json\/wp\/v2\/product"}],"about":[{"href":"https:\/\/librairie7l.com\/en\/wp-json\/wp\/v2\/types\/product"}],"wp:featuredmedia":[{"embeddable":true,"href":"https:\/\/librairie7l.com\/en\/wp-json\/wp\/v2\/media\/46538"}],"wp:attachment":[{"href":"https:\/\/librairie7l.com\/en\/wp-json\/wp\/v2\/media?parent=46251"}],"wp:term":[{"taxonomy":"product_cat","embeddable":true,"href":"https:\/\/librairie7l.com\/en\/wp-json\/wp\/v2\/product_cat?post=46251"},{"taxonomy":"product_tag","embeddable":true,"href":"https:\/\/librairie7l.com\/en\/wp-json\/wp\/v2\/product_tag?post=46251"}],"curies":[{"name":"wp","href":"https:\/\/api.w.org\/{rel}","templated":true}]}}