{"id":46255,"date":"2025-02-13T09:18:16","date_gmt":"2025-02-13T08:18:16","guid":{"rendered":"https:\/\/librairie7l.com\/?post_type=product&#038;p=46255"},"modified":"2026-04-16T22:06:39","modified_gmt":"2026-04-16T20:06:39","slug":"la-mort-dans-tous-ses-etats-modernite-et-esthetique-des-danses-macabres-1785-1966-2","status":"publish","type":"product","link":"https:\/\/librairie7l.com\/en\/produit\/la-mort-dans-tous-ses-etats-modernite-et-esthetique-des-danses-macabres-1785-1966-2\/","title":{"rendered":"LA MORT DANS TOUS SES \u00c9TATS : MODERNIT\u00c9 ET ESTH\u00c9TIQUE DES DANSES MACABRES, 1785-1966"},"content":{"rendered":"<p>Rassemblant 102 Danses macabres modernes et plus de 1000 images comment\u00e9es, ainsi que 13 focus th\u00e9matiques, l&#8217;ouvrage de Vincent Wackenheim t\u00e9moigne de la vitalit\u00e9 et de la p\u00e9rennit\u00e9 d&#8217;une forme graphique ancienne que de nombreux artistes, de toutes nationalit\u00e9s, revisit\u00e8rent d\u00e8s le XVIIIe si\u00e8cle. Le fil conducteur est ici de montrer comment ceux-ci, selon les orientations stylistiques de leur temps, ont r\u00e9interpr\u00e9t\u00e9 des images iconiques install\u00e9es dans les imaginaires depuis le XVe si\u00e8cle, en y int\u00e9grant, \u00e0 partir d&#8217;une structure originelle marqu\u00e9e par l&#8217;histoire religieuse, des th\u00e9matiques nouvelles, sociales et politiques, tragiques et burlesques, cons\u00e9quences aussi des deux guerres mondiales.<\/p>\n<p>*<\/p>\n<p>Depuis la fresque du cimeti\u00e8re des Saints-Innocents \u00e0 Paris (1424), de celle de B\u00e2le (1440) ou des gravures de Holbein (1538), les repr\u00e9sentations des Danses des Morts ont \u00e9t\u00e9 codifi\u00e9es, atteignant en Europe une forme d&#8217;universalit\u00e9. On y voit des couples compos\u00e9s d&#8217;un mort, plus ou moins d\u00e9charn\u00e9 ou squelettique, et d&#8217;un vivant, qui se suivent dans un ordre hi\u00e9rarchique, du pape \u00e0 l&#8217;ermite, du noble au lansquenet, du colporteur au laboureur.<\/p>\n<p>Le cadre est ainsi fix\u00e9, fait d&#8217;angoisse et d&#8217;une pointe d&#8217;ironie \u00e0 l&#8217;encontre des puissants. Car si l&#8217;\u00e9galit\u00e9 face \u00e0 la mort est affirm\u00e9e, l&#8217;\u00e9galit\u00e9 sur terre fait encore cruellement d\u00e9faut.<\/p>\n<p>\u00c0 partir de la fin du XVIIIe si\u00e8cle, les Danses des Morts vont conna\u00eetre un \u00e9tonnant regain d&#8217;int\u00e9r\u00eat, fait d&#8217;appropriation, de renouvellement des th\u00e8mes et d&#8217;une grande distanciation par rapport au Moyen \u00c2ge. L&#8217;extr\u00eame lisibilit\u00e9 du genre, compr\u00e9hensible par toutes les classes de la soci\u00e9t\u00e9, l&#8217;atemporalit\u00e9 de la th\u00e9matique, sa violence et sa popularit\u00e9 inscrite dans la m\u00e9moire collective, font que des artistes en proposent des interpr\u00e9tations hardies, au-del\u00e0 des r\u00e9f\u00e9rences chr\u00e9tiennes.<\/p>\n<p>Aid\u00e9 par la large diffusion due aux progr\u00e8s des techniques d&#8217;impression, le tempo des Danses des Morts s&#8217;inscrit d\u00e9sormais dans celui de l&#8217;Histoire moderne, marqu\u00e9e par les r\u00e9volutions et les troubles sociaux, la persistance des \u00e9pid\u00e9mies et une soci\u00e9t\u00e9 en pleine mutation.<\/p>\n<p>Le choc sensible, visuel et tangible de la guerre est tel que le premier conflit de 1914-1918 devient le sujet central d&#8217;un tr\u00e8s grand nombre de danses macabres, tant en France qu&#8217;en Allemagne ou en Angleterre, ainsi que, dans une moindre mesure, la Seconde Guerre mondiale, sans oublier la vision de l&#8217;univers concentrationnaire ou les bombardements alli\u00e9s qui, en f\u00e9vrier 1945, d\u00e9truisirent Dresde. On ne s&#8217;\u00e9tonnera pas enfin, dans la situation des ann\u00e9es 50 et de la guerre de Cor\u00e9e, de voir les risques d&#8217;embrasement nucl\u00e9aire \u00eatre pour quelques artistes une source d&#8217;angoisse qu&#8217;on trouvera traduite dans leurs portfolios.<\/p>\n<p>Si les Danses des Morts pr\u00e9sentaient \u00e0 l&#8217;origine une vision somme toute rassurante de la soci\u00e9t\u00e9, leurs d\u00e9clinaisons modernes placent d\u00e9sormais l&#8217;individu seul devant \u00e0 la mort : pas de familles \u00e9plor\u00e9es, pas de pleureuses, pas de notaires &#8211; seulement le face \u00e0 face. La Mort vient saisir le joueur, le d\u00e9bauch\u00e9, la coquette, l&#8217;avare, \u00e0 cause de leurs d\u00e9fauts : voil\u00e0 qui laisse \u00e0 penser que ceux-l\u00e0 auraient pu, sinon \u00e9chapper au tr\u00e9pas, du moins en retarder l&#8217;\u00e9ch\u00e9ance en menant une vie r\u00e9gl\u00e9e.<\/p>\n<p>Chaque Danse des Morts t\u00e9moigne ainsi des travers d&#8217;une \u00e9poque : les personnages et les situations que croquent Rowlandson, Grandville, Merkel, Barth ou Dyl, r\u00e9v\u00e8lent les perversions, les ambitions, les conflits de l&#8217;Angleterre du d\u00e9but du XIXe si\u00e8cle, de la France de 1830, de l&#8217;Allemagne du XIXe, de la France des ann\u00e9es 20, en privil\u00e9giant, \u00e0 c\u00f4t\u00e9 de l&#8217;extr\u00eame violence des planches, la satire, l&#8217;ironie et l&#8217;humour.<\/p>\n<p>L&#8217;\u00e9ternelle crainte de mourir &#8211; et la volont\u00e9 de s&#8217;y bien pr\u00e9parer, donnant pr\u00e9texte aux innombrables \u00e9ditions du type De arte bene moriendi, voire \u00e0 un engouement pour les Vanit\u00e9s &#8211; trouvent un prolongement dans ces \u00e9tonnantes Danses des Morts modernes, pr\u00e9sentant comme une parcelle d&#8217;\u00e9ternit\u00e9 le moment qui pr\u00e9c\u00e8de le tr\u00e9pas, quand tout est jou\u00e9, et qu&#8217;il para\u00eet alors vain de vouloir peser sur son destin.<\/p>\n","protected":false},"excerpt":{"rendered":"<p>Rassemblant 102 Danses macabres modernes et plus de 1000 images comment\u00e9es, ainsi que 13 focus th\u00e9matiques, l&#8217;ouvrage de Vincent Wackenheim t\u00e9moigne de la vitalit\u00e9 et de la p\u00e9rennit\u00e9 d&#8217;une forme graphique ancienne que de nombreux artistes, de toutes nationalit\u00e9s, revisit\u00e8rent d\u00e8s le XVIIIe si\u00e8cle. Le fil conducteur est ici de montrer comment ceux-ci, selon les [&hellip;]<\/p>\n","protected":false},"featured_media":46253,"template":"","meta":[],"product_cat":[2948,2953],"product_tag":[],"acf":[],"yoast_head":"<!-- This site is optimized with the Yoast SEO plugin v20.11 - https:\/\/yoast.com\/wordpress\/plugins\/seo\/ -->\n<title>La mort dans tous ses \u00e9tats : Modernit\u00e9 et esth\u00e9tique des Danses macabres, 1785-1966 - Librairie 7L<\/title>\n<meta name=\"robots\" content=\"index, follow, max-snippet:-1, max-image-preview:large, max-video-preview:-1\" \/>\n<link rel=\"canonical\" href=\"https:\/\/librairie7l.com\/en\/produit\/la-mort-dans-tous-ses-etats-modernite-et-esthetique-des-danses-macabres-1785-1966-2\/\" \/>\n<meta property=\"og:locale\" content=\"en_US\" \/>\n<meta property=\"og:type\" content=\"article\" \/>\n<meta property=\"og:title\" content=\"La mort dans tous ses \u00e9tats : Modernit\u00e9 et esth\u00e9tique des Danses macabres, 1785-1966 - Librairie 7L\" \/>\n<meta property=\"og:description\" content=\"Rassemblant 102 Danses macabres modernes et plus de 1000 images comment\u00e9es, ainsi que 13 focus th\u00e9matiques, l&#8217;ouvrage de Vincent Wackenheim t\u00e9moigne de la vitalit\u00e9 et de la p\u00e9rennit\u00e9 d&#8217;une forme graphique ancienne que de nombreux artistes, de toutes nationalit\u00e9s, revisit\u00e8rent d\u00e8s le XVIIIe si\u00e8cle. Le fil conducteur est ici de montrer comment ceux-ci, selon les [&hellip;]\" \/>\n<meta property=\"og:url\" content=\"https:\/\/librairie7l.com\/en\/produit\/la-mort-dans-tous-ses-etats-modernite-et-esthetique-des-danses-macabres-1785-1966-2\/\" \/>\n<meta property=\"og:site_name\" content=\"Librairie 7L\" \/>\n<meta property=\"article:modified_time\" content=\"2026-04-16T20:06:39+00:00\" \/>\n<meta property=\"og:image\" content=\"https:\/\/librairie7l.com\/wp-content\/uploads\/2024\/06\/9782850351679_1_75.jpg\" \/>\n\t<meta property=\"og:image:width\" content=\"600\" \/>\n\t<meta property=\"og:image:height\" content=\"792\" \/>\n\t<meta property=\"og:image:type\" content=\"image\/jpeg\" \/>\n<meta name=\"twitter:card\" content=\"summary_large_image\" \/>\n<meta name=\"twitter:label1\" content=\"Est. reading time\" \/>\n\t<meta name=\"twitter:data1\" content=\"3 minutes\" \/>\n<script type=\"application\/ld+json\" class=\"yoast-schema-graph\">{\"@context\":\"https:\/\/schema.org\",\"@graph\":[{\"@type\":\"WebPage\",\"@id\":\"https:\/\/librairie7l.com\/en\/produit\/la-mort-dans-tous-ses-etats-modernite-et-esthetique-des-danses-macabres-1785-1966-2\/\",\"url\":\"https:\/\/librairie7l.com\/en\/produit\/la-mort-dans-tous-ses-etats-modernite-et-esthetique-des-danses-macabres-1785-1966-2\/\",\"name\":\"La mort dans tous ses \u00e9tats : Modernit\u00e9 et esth\u00e9tique des Danses macabres, 1785-1966 - Librairie 7L\",\"isPartOf\":{\"@id\":\"https:\/\/librairie7l.com\/en\/#website\"},\"datePublished\":\"2025-02-13T08:18:16+00:00\",\"dateModified\":\"2026-04-16T20:06:39+00:00\",\"breadcrumb\":{\"@id\":\"https:\/\/librairie7l.com\/en\/produit\/la-mort-dans-tous-ses-etats-modernite-et-esthetique-des-danses-macabres-1785-1966-2\/#breadcrumb\"},\"inLanguage\":\"en-US\",\"potentialAction\":[{\"@type\":\"ReadAction\",\"target\":[\"https:\/\/librairie7l.com\/en\/produit\/la-mort-dans-tous-ses-etats-modernite-et-esthetique-des-danses-macabres-1785-1966-2\/\"]}]},{\"@type\":\"BreadcrumbList\",\"@id\":\"https:\/\/librairie7l.com\/en\/produit\/la-mort-dans-tous-ses-etats-modernite-et-esthetique-des-danses-macabres-1785-1966-2\/#breadcrumb\",\"itemListElement\":[{\"@type\":\"ListItem\",\"position\":1,\"name\":\"Accueil\",\"item\":\"https:\/\/librairie7l.com\/en\/\"},{\"@type\":\"ListItem\",\"position\":2,\"name\":\"Shop\",\"item\":\"https:\/\/librairie7l.com\/en\/shop\/\"},{\"@type\":\"ListItem\",\"position\":3,\"name\":\"LA MORT DANS TOUS SES \u00c9TATS : MODERNIT\u00c9 ET ESTH\u00c9TIQUE DES DANSES MACABRES, 1785-1966\"}]},{\"@type\":\"WebSite\",\"@id\":\"https:\/\/librairie7l.com\/en\/#website\",\"url\":\"https:\/\/librairie7l.com\/en\/\",\"name\":\"Librairie 7L\",\"description\":\"Librairie fond\u00e9e en 1999 par Karl Lagerfeld \u00e0 Paris\",\"publisher\":{\"@id\":\"https:\/\/librairie7l.com\/en\/#organization\"},\"potentialAction\":[{\"@type\":\"SearchAction\",\"target\":{\"@type\":\"EntryPoint\",\"urlTemplate\":\"https:\/\/librairie7l.com\/en\/?s={search_term_string}\"},\"query-input\":\"required name=search_term_string\"}],\"inLanguage\":\"en-US\"},{\"@type\":\"Organization\",\"@id\":\"https:\/\/librairie7l.com\/en\/#organization\",\"name\":\"Librairie 7L\",\"url\":\"https:\/\/librairie7l.com\/en\/\",\"logo\":{\"@type\":\"ImageObject\",\"inLanguage\":\"en-US\",\"@id\":\"https:\/\/librairie7l.com\/en\/#\/schema\/logo\/image\/\",\"url\":\"https:\/\/librairie7l.com\/wp-content\/uploads\/2022\/08\/logo-1.png\",\"contentUrl\":\"https:\/\/librairie7l.com\/wp-content\/uploads\/2022\/08\/logo-1.png\",\"width\":227,\"height\":301,\"caption\":\"Librairie 7L\"},\"image\":{\"@id\":\"https:\/\/librairie7l.com\/en\/#\/schema\/logo\/image\/\"}}]}<\/script>\n<!-- \/ Yoast SEO plugin. -->","yoast_head_json":{"title":"La mort dans tous ses \u00e9tats : Modernit\u00e9 et esth\u00e9tique des Danses macabres, 1785-1966 - Librairie 7L","robots":{"index":"index","follow":"follow","max-snippet":"max-snippet:-1","max-image-preview":"max-image-preview:large","max-video-preview":"max-video-preview:-1"},"canonical":"https:\/\/librairie7l.com\/en\/produit\/la-mort-dans-tous-ses-etats-modernite-et-esthetique-des-danses-macabres-1785-1966-2\/","og_locale":"en_US","og_type":"article","og_title":"La mort dans tous ses \u00e9tats : Modernit\u00e9 et esth\u00e9tique des Danses macabres, 1785-1966 - Librairie 7L","og_description":"Rassemblant 102 Danses macabres modernes et plus de 1000 images comment\u00e9es, ainsi que 13 focus th\u00e9matiques, l&#8217;ouvrage de Vincent Wackenheim t\u00e9moigne de la vitalit\u00e9 et de la p\u00e9rennit\u00e9 d&#8217;une forme graphique ancienne que de nombreux artistes, de toutes nationalit\u00e9s, revisit\u00e8rent d\u00e8s le XVIIIe si\u00e8cle. Le fil conducteur est ici de montrer comment ceux-ci, selon les [&hellip;]","og_url":"https:\/\/librairie7l.com\/en\/produit\/la-mort-dans-tous-ses-etats-modernite-et-esthetique-des-danses-macabres-1785-1966-2\/","og_site_name":"Librairie 7L","article_modified_time":"2026-04-16T20:06:39+00:00","og_image":[{"width":600,"height":792,"url":"https:\/\/librairie7l.com\/wp-content\/uploads\/2024\/06\/9782850351679_1_75.jpg","type":"image\/jpeg"}],"twitter_card":"summary_large_image","twitter_misc":{"Est. reading time":"3 minutes"},"schema":{"@context":"https:\/\/schema.org","@graph":[{"@type":"WebPage","@id":"https:\/\/librairie7l.com\/en\/produit\/la-mort-dans-tous-ses-etats-modernite-et-esthetique-des-danses-macabres-1785-1966-2\/","url":"https:\/\/librairie7l.com\/en\/produit\/la-mort-dans-tous-ses-etats-modernite-et-esthetique-des-danses-macabres-1785-1966-2\/","name":"La mort dans tous ses \u00e9tats : Modernit\u00e9 et esth\u00e9tique des Danses macabres, 1785-1966 - Librairie 7L","isPartOf":{"@id":"https:\/\/librairie7l.com\/en\/#website"},"datePublished":"2025-02-13T08:18:16+00:00","dateModified":"2026-04-16T20:06:39+00:00","breadcrumb":{"@id":"https:\/\/librairie7l.com\/en\/produit\/la-mort-dans-tous-ses-etats-modernite-et-esthetique-des-danses-macabres-1785-1966-2\/#breadcrumb"},"inLanguage":"en-US","potentialAction":[{"@type":"ReadAction","target":["https:\/\/librairie7l.com\/en\/produit\/la-mort-dans-tous-ses-etats-modernite-et-esthetique-des-danses-macabres-1785-1966-2\/"]}]},{"@type":"BreadcrumbList","@id":"https:\/\/librairie7l.com\/en\/produit\/la-mort-dans-tous-ses-etats-modernite-et-esthetique-des-danses-macabres-1785-1966-2\/#breadcrumb","itemListElement":[{"@type":"ListItem","position":1,"name":"Accueil","item":"https:\/\/librairie7l.com\/en\/"},{"@type":"ListItem","position":2,"name":"Shop","item":"https:\/\/librairie7l.com\/en\/shop\/"},{"@type":"ListItem","position":3,"name":"LA MORT DANS TOUS SES \u00c9TATS : MODERNIT\u00c9 ET ESTH\u00c9TIQUE DES DANSES MACABRES, 1785-1966"}]},{"@type":"WebSite","@id":"https:\/\/librairie7l.com\/en\/#website","url":"https:\/\/librairie7l.com\/en\/","name":"Librairie 7L","description":"Librairie fond\u00e9e en 1999 par Karl Lagerfeld \u00e0 Paris","publisher":{"@id":"https:\/\/librairie7l.com\/en\/#organization"},"potentialAction":[{"@type":"SearchAction","target":{"@type":"EntryPoint","urlTemplate":"https:\/\/librairie7l.com\/en\/?s={search_term_string}"},"query-input":"required name=search_term_string"}],"inLanguage":"en-US"},{"@type":"Organization","@id":"https:\/\/librairie7l.com\/en\/#organization","name":"Librairie 7L","url":"https:\/\/librairie7l.com\/en\/","logo":{"@type":"ImageObject","inLanguage":"en-US","@id":"https:\/\/librairie7l.com\/en\/#\/schema\/logo\/image\/","url":"https:\/\/librairie7l.com\/wp-content\/uploads\/2022\/08\/logo-1.png","contentUrl":"https:\/\/librairie7l.com\/wp-content\/uploads\/2022\/08\/logo-1.png","width":227,"height":301,"caption":"Librairie 7L"},"image":{"@id":"https:\/\/librairie7l.com\/en\/#\/schema\/logo\/image\/"}}]}},"_links":{"self":[{"href":"https:\/\/librairie7l.com\/en\/wp-json\/wp\/v2\/product\/46255"}],"collection":[{"href":"https:\/\/librairie7l.com\/en\/wp-json\/wp\/v2\/product"}],"about":[{"href":"https:\/\/librairie7l.com\/en\/wp-json\/wp\/v2\/types\/product"}],"wp:featuredmedia":[{"embeddable":true,"href":"https:\/\/librairie7l.com\/en\/wp-json\/wp\/v2\/media\/46253"}],"wp:attachment":[{"href":"https:\/\/librairie7l.com\/en\/wp-json\/wp\/v2\/media?parent=46255"}],"wp:term":[{"taxonomy":"product_cat","embeddable":true,"href":"https:\/\/librairie7l.com\/en\/wp-json\/wp\/v2\/product_cat?post=46255"},{"taxonomy":"product_tag","embeddable":true,"href":"https:\/\/librairie7l.com\/en\/wp-json\/wp\/v2\/product_tag?post=46255"}],"curies":[{"name":"wp","href":"https:\/\/api.w.org\/{rel}","templated":true}]}}