{"id":46309,"date":"2025-02-15T09:17:49","date_gmt":"2025-02-15T08:17:49","guid":{"rendered":"https:\/\/librairie7l.com\/?post_type=product&#038;p=46309"},"modified":"2026-04-08T17:25:46","modified_gmt":"2026-04-08T15:25:46","slug":"cimabue-aux-origines-de-la-peinture-moderne-en-occident-2","status":"publish","type":"product","link":"https:\/\/librairie7l.com\/en\/produit\/cimabue-aux-origines-de-la-peinture-moderne-en-occident-2\/","title":{"rendered":"CIMABUE : AUX ORIGINES DE LA PEINTURE MODERNE EN OCCIDENT"},"content":{"rendered":"<p>Artiste myst\u00e9rieux, qui depuis sept si\u00e8cles fascine po\u00e8tes, artistes, collectionneurs et historiens de l&#8217;art, Cimabue renouvela profond\u00e9ment la peinture en Italie \u00e0 la fin du XIIIe si\u00e8cle. Ouvrant la voie aux recherches des artistes de la Renaissance, il fut l&#8217;un des premiers \u00e0 repr\u00e9senter le monde, les objets et les corps tels qu&#8217;ils existent. Avec lui, les conventions h\u00e9rit\u00e9es de l&#8217;art oriental, si pris\u00e9es jusqu&#8217;alors, c\u00e8dent la place \u00e0 une peinture inventive, cherchant \u00e0 sugg\u00e9rer un espace tridimensionnel, des corps en volume model\u00e9s par de subtils d\u00e9grad\u00e9s, des membres articul\u00e9s, des gestes naturels et des \u00e9motions humaines.<\/p>\n<p>L&#8217;acquisition r\u00e9cente par le mus\u00e9e du Louvre de La D\u00e9rision du Christ, sa restauration ainsi que celle de la grande Maest\u00e0 sont l&#8217;occasion de remettre en lumi\u00e8re un peintre fascinant, d&#8217;une importance majeure. L&#8217;ouvrage, au contenu in\u00e9dit, rassemble des textes des plus grands sp\u00e9cialistes de la peinture italienne de cette \u00e9poque. En repla\u00e7ant Cimabue dans le contexte d&#8217;effervescence artistique, culturelle, scientifique, spirituelle et philosophique qui marque l&#8217;Italie du XIIIe si\u00e8cle, il r\u00e9v\u00e8le toute l&#8217;originalit\u00e9 de son art. R\u00e9unies pour la premi\u00e8re fois et pr\u00e9sent\u00e9es \u00e0 c\u00f4t\u00e9 d&#8217;oeuvres de Giunta Pisano, de Duccio et de Giotto, mais aussi d&#8217;ic\u00f4nes et d&#8217;objets pr\u00e9cieux venus d&#8217;Orient qui inspir\u00e8rent l&#8217;artiste, ses peintures majestueuses, vives et color\u00e9es apparaissent sous un jour nouveau.<\/p>\n","protected":false},"excerpt":{"rendered":"<p>Artiste myst\u00e9rieux, qui depuis sept si\u00e8cles fascine po\u00e8tes, artistes, collectionneurs et historiens de l&#8217;art, Cimabue renouvela profond\u00e9ment la peinture en Italie \u00e0 la fin du XIIIe si\u00e8cle. Ouvrant la voie aux recherches des artistes de la Renaissance, il fut l&#8217;un des premiers \u00e0 repr\u00e9senter le monde, les objets et les corps tels qu&#8217;ils existent. Avec [&hellip;]<\/p>\n","protected":false},"featured_media":46307,"template":"","meta":[],"product_cat":[2948,2953],"product_tag":[],"acf":[],"yoast_head":"<!-- This site is optimized with the Yoast SEO plugin v20.11 - https:\/\/yoast.com\/wordpress\/plugins\/seo\/ -->\n<title>Cimabue : aux origines de la peinture moderne en Occident - Librairie 7L<\/title>\n<meta name=\"robots\" content=\"index, follow, max-snippet:-1, max-image-preview:large, max-video-preview:-1\" \/>\n<link rel=\"canonical\" href=\"https:\/\/librairie7l.com\/en\/produit\/cimabue-aux-origines-de-la-peinture-moderne-en-occident-2\/\" \/>\n<meta property=\"og:locale\" content=\"en_US\" \/>\n<meta property=\"og:type\" content=\"article\" \/>\n<meta property=\"og:title\" content=\"Cimabue : aux origines de la peinture moderne en Occident - Librairie 7L\" \/>\n<meta property=\"og:description\" content=\"Artiste myst\u00e9rieux, qui depuis sept si\u00e8cles fascine po\u00e8tes, artistes, collectionneurs et historiens de l&#8217;art, Cimabue renouvela profond\u00e9ment la peinture en Italie \u00e0 la fin du XIIIe si\u00e8cle. Ouvrant la voie aux recherches des artistes de la Renaissance, il fut l&#8217;un des premiers \u00e0 repr\u00e9senter le monde, les objets et les corps tels qu&#8217;ils existent. Avec [&hellip;]\" \/>\n<meta property=\"og:url\" content=\"https:\/\/librairie7l.com\/en\/produit\/cimabue-aux-origines-de-la-peinture-moderne-en-occident-2\/\" \/>\n<meta property=\"og:site_name\" content=\"Librairie 7L\" \/>\n<meta property=\"article:modified_time\" content=\"2026-04-08T15:25:46+00:00\" \/>\n<meta property=\"og:image\" content=\"https:\/\/librairie7l.com\/wp-content\/uploads\/2024\/09\/9788836658848_1_75.jpg\" \/>\n\t<meta property=\"og:image:width\" content=\"600\" \/>\n\t<meta property=\"og:image:height\" content=\"739\" \/>\n\t<meta property=\"og:image:type\" content=\"image\/jpeg\" \/>\n<meta name=\"twitter:card\" content=\"summary_large_image\" \/>\n<meta name=\"twitter:label1\" content=\"Est. reading time\" \/>\n\t<meta name=\"twitter:data1\" content=\"1 minute\" \/>\n<script type=\"application\/ld+json\" class=\"yoast-schema-graph\">{\"@context\":\"https:\/\/schema.org\",\"@graph\":[{\"@type\":\"WebPage\",\"@id\":\"https:\/\/librairie7l.com\/en\/produit\/cimabue-aux-origines-de-la-peinture-moderne-en-occident-2\/\",\"url\":\"https:\/\/librairie7l.com\/en\/produit\/cimabue-aux-origines-de-la-peinture-moderne-en-occident-2\/\",\"name\":\"Cimabue : aux origines de la peinture moderne en Occident - Librairie 7L\",\"isPartOf\":{\"@id\":\"https:\/\/librairie7l.com\/en\/#website\"},\"datePublished\":\"2025-02-15T08:17:49+00:00\",\"dateModified\":\"2026-04-08T15:25:46+00:00\",\"breadcrumb\":{\"@id\":\"https:\/\/librairie7l.com\/en\/produit\/cimabue-aux-origines-de-la-peinture-moderne-en-occident-2\/#breadcrumb\"},\"inLanguage\":\"en-US\",\"potentialAction\":[{\"@type\":\"ReadAction\",\"target\":[\"https:\/\/librairie7l.com\/en\/produit\/cimabue-aux-origines-de-la-peinture-moderne-en-occident-2\/\"]}]},{\"@type\":\"BreadcrumbList\",\"@id\":\"https:\/\/librairie7l.com\/en\/produit\/cimabue-aux-origines-de-la-peinture-moderne-en-occident-2\/#breadcrumb\",\"itemListElement\":[{\"@type\":\"ListItem\",\"position\":1,\"name\":\"Accueil\",\"item\":\"https:\/\/librairie7l.com\/en\/\"},{\"@type\":\"ListItem\",\"position\":2,\"name\":\"Shop\",\"item\":\"https:\/\/librairie7l.com\/en\/shop\/\"},{\"@type\":\"ListItem\",\"position\":3,\"name\":\"CIMABUE : AUX ORIGINES DE LA PEINTURE MODERNE EN OCCIDENT\"}]},{\"@type\":\"WebSite\",\"@id\":\"https:\/\/librairie7l.com\/en\/#website\",\"url\":\"https:\/\/librairie7l.com\/en\/\",\"name\":\"Librairie 7L\",\"description\":\"Librairie fond\u00e9e en 1999 par Karl Lagerfeld \u00e0 Paris\",\"publisher\":{\"@id\":\"https:\/\/librairie7l.com\/en\/#organization\"},\"potentialAction\":[{\"@type\":\"SearchAction\",\"target\":{\"@type\":\"EntryPoint\",\"urlTemplate\":\"https:\/\/librairie7l.com\/en\/?s={search_term_string}\"},\"query-input\":\"required name=search_term_string\"}],\"inLanguage\":\"en-US\"},{\"@type\":\"Organization\",\"@id\":\"https:\/\/librairie7l.com\/en\/#organization\",\"name\":\"Librairie 7L\",\"url\":\"https:\/\/librairie7l.com\/en\/\",\"logo\":{\"@type\":\"ImageObject\",\"inLanguage\":\"en-US\",\"@id\":\"https:\/\/librairie7l.com\/en\/#\/schema\/logo\/image\/\",\"url\":\"https:\/\/librairie7l.com\/wp-content\/uploads\/2022\/08\/logo-1.png\",\"contentUrl\":\"https:\/\/librairie7l.com\/wp-content\/uploads\/2022\/08\/logo-1.png\",\"width\":227,\"height\":301,\"caption\":\"Librairie 7L\"},\"image\":{\"@id\":\"https:\/\/librairie7l.com\/en\/#\/schema\/logo\/image\/\"}}]}<\/script>\n<!-- \/ Yoast SEO plugin. -->","yoast_head_json":{"title":"Cimabue : aux origines de la peinture moderne en Occident - Librairie 7L","robots":{"index":"index","follow":"follow","max-snippet":"max-snippet:-1","max-image-preview":"max-image-preview:large","max-video-preview":"max-video-preview:-1"},"canonical":"https:\/\/librairie7l.com\/en\/produit\/cimabue-aux-origines-de-la-peinture-moderne-en-occident-2\/","og_locale":"en_US","og_type":"article","og_title":"Cimabue : aux origines de la peinture moderne en Occident - Librairie 7L","og_description":"Artiste myst\u00e9rieux, qui depuis sept si\u00e8cles fascine po\u00e8tes, artistes, collectionneurs et historiens de l&#8217;art, Cimabue renouvela profond\u00e9ment la peinture en Italie \u00e0 la fin du XIIIe si\u00e8cle. Ouvrant la voie aux recherches des artistes de la Renaissance, il fut l&#8217;un des premiers \u00e0 repr\u00e9senter le monde, les objets et les corps tels qu&#8217;ils existent. Avec [&hellip;]","og_url":"https:\/\/librairie7l.com\/en\/produit\/cimabue-aux-origines-de-la-peinture-moderne-en-occident-2\/","og_site_name":"Librairie 7L","article_modified_time":"2026-04-08T15:25:46+00:00","og_image":[{"width":600,"height":739,"url":"https:\/\/librairie7l.com\/wp-content\/uploads\/2024\/09\/9788836658848_1_75.jpg","type":"image\/jpeg"}],"twitter_card":"summary_large_image","twitter_misc":{"Est. reading time":"1 minute"},"schema":{"@context":"https:\/\/schema.org","@graph":[{"@type":"WebPage","@id":"https:\/\/librairie7l.com\/en\/produit\/cimabue-aux-origines-de-la-peinture-moderne-en-occident-2\/","url":"https:\/\/librairie7l.com\/en\/produit\/cimabue-aux-origines-de-la-peinture-moderne-en-occident-2\/","name":"Cimabue : aux origines de la peinture moderne en Occident - Librairie 7L","isPartOf":{"@id":"https:\/\/librairie7l.com\/en\/#website"},"datePublished":"2025-02-15T08:17:49+00:00","dateModified":"2026-04-08T15:25:46+00:00","breadcrumb":{"@id":"https:\/\/librairie7l.com\/en\/produit\/cimabue-aux-origines-de-la-peinture-moderne-en-occident-2\/#breadcrumb"},"inLanguage":"en-US","potentialAction":[{"@type":"ReadAction","target":["https:\/\/librairie7l.com\/en\/produit\/cimabue-aux-origines-de-la-peinture-moderne-en-occident-2\/"]}]},{"@type":"BreadcrumbList","@id":"https:\/\/librairie7l.com\/en\/produit\/cimabue-aux-origines-de-la-peinture-moderne-en-occident-2\/#breadcrumb","itemListElement":[{"@type":"ListItem","position":1,"name":"Accueil","item":"https:\/\/librairie7l.com\/en\/"},{"@type":"ListItem","position":2,"name":"Shop","item":"https:\/\/librairie7l.com\/en\/shop\/"},{"@type":"ListItem","position":3,"name":"CIMABUE : AUX ORIGINES DE LA PEINTURE MODERNE EN OCCIDENT"}]},{"@type":"WebSite","@id":"https:\/\/librairie7l.com\/en\/#website","url":"https:\/\/librairie7l.com\/en\/","name":"Librairie 7L","description":"Librairie fond\u00e9e en 1999 par Karl Lagerfeld \u00e0 Paris","publisher":{"@id":"https:\/\/librairie7l.com\/en\/#organization"},"potentialAction":[{"@type":"SearchAction","target":{"@type":"EntryPoint","urlTemplate":"https:\/\/librairie7l.com\/en\/?s={search_term_string}"},"query-input":"required name=search_term_string"}],"inLanguage":"en-US"},{"@type":"Organization","@id":"https:\/\/librairie7l.com\/en\/#organization","name":"Librairie 7L","url":"https:\/\/librairie7l.com\/en\/","logo":{"@type":"ImageObject","inLanguage":"en-US","@id":"https:\/\/librairie7l.com\/en\/#\/schema\/logo\/image\/","url":"https:\/\/librairie7l.com\/wp-content\/uploads\/2022\/08\/logo-1.png","contentUrl":"https:\/\/librairie7l.com\/wp-content\/uploads\/2022\/08\/logo-1.png","width":227,"height":301,"caption":"Librairie 7L"},"image":{"@id":"https:\/\/librairie7l.com\/en\/#\/schema\/logo\/image\/"}}]}},"_links":{"self":[{"href":"https:\/\/librairie7l.com\/en\/wp-json\/wp\/v2\/product\/46309"}],"collection":[{"href":"https:\/\/librairie7l.com\/en\/wp-json\/wp\/v2\/product"}],"about":[{"href":"https:\/\/librairie7l.com\/en\/wp-json\/wp\/v2\/types\/product"}],"wp:featuredmedia":[{"embeddable":true,"href":"https:\/\/librairie7l.com\/en\/wp-json\/wp\/v2\/media\/46307"}],"wp:attachment":[{"href":"https:\/\/librairie7l.com\/en\/wp-json\/wp\/v2\/media?parent=46309"}],"wp:term":[{"taxonomy":"product_cat","embeddable":true,"href":"https:\/\/librairie7l.com\/en\/wp-json\/wp\/v2\/product_cat?post=46309"},{"taxonomy":"product_tag","embeddable":true,"href":"https:\/\/librairie7l.com\/en\/wp-json\/wp\/v2\/product_tag?post=46309"}],"curies":[{"name":"wp","href":"https:\/\/api.w.org\/{rel}","templated":true}]}}