{"id":46311,"date":"2025-02-15T09:17:52","date_gmt":"2025-02-15T08:17:52","guid":{"rendered":"https:\/\/librairie7l.com\/?post_type=product&#038;p=46311"},"modified":"2026-04-22T08:14:02","modified_gmt":"2026-04-22T06:14:02","slug":"mario-giacomelli-2","status":"publish","type":"product","link":"https:\/\/librairie7l.com\/en\/produit\/mario-giacomelli-2\/","title":{"rendered":"MARIO GIACOMELLI"},"content":{"rendered":"<p>Ma\u00eetre incontest\u00e9 de la photographie contemporaine, Mario Giacomelli repr\u00e9sente un cas \u00e0 part dans le panorama artistique et expressif du XXe si\u00e8cle. Depuis sa ville des Marches, Senigallia, o\u00f9 il a pass\u00e9 toute sa vie, Giacomelli a su cr\u00e9er des images uniques et irrempla\u00e7ables, fruit de son regard franc et visionnaire et de son habilet\u00e9 manuelle hors du commun. Dans les noirs et blancs absolus de ses photographies, l&#8217;angoisse de l&#8217;homme contemporain, la peur de la mort, le regret d&#8217;un Eden pass\u00e9, r\u00eav\u00e9 plus que r\u00e9el, la certitude inqui\u00e9tante de l&#8217;oubli et de l&#8217;approche d&#8217;une mort certaine reviennent comme des th\u00e8mes universels, d\u00e9clin\u00e9s dans les s\u00e9ries photographiques qui l&#8217;ont rendu c\u00e9l\u00e8bre : les personnes \u00e2g\u00e9es \u00e0 l&#8217;hospice, la foule en p\u00e8lerinage \u00e0 Lourdes, les s\u00e9minaristes en f\u00eate, les rythmes de la campagne paysanne, les ruelles de Scanno dans les Abruzzes et surtout les sillons de la terre, comme des marques sur la peau du monde, des paysages.<br \/>\nCe catalogue, un choix de 40 images de Mario Giacomelli issues de la collection de la Maison Europ\u00e9enne de la Photographie, pr\u00e9sente quelques-unes des oeuvres les plus c\u00e9l\u00e8bres du grand photographe italien et permet d&#8217;appr\u00e9cier, encore une fois, la port\u00e9e de cette cr\u00e9ation po\u00e9tique, compos\u00e9e d&#8217;une mati\u00e8re charnelle et dense, celle des r\u00eaves et des d\u00e9chirements de l&#8217;homme contemporain.<\/p>\n","protected":false},"excerpt":{"rendered":"<p>Ma\u00eetre incontest\u00e9 de la photographie contemporaine, Mario Giacomelli repr\u00e9sente un cas \u00e0 part dans le panorama artistique et expressif du XXe si\u00e8cle. Depuis sa ville des Marches, Senigallia, o\u00f9 il a pass\u00e9 toute sa vie, Giacomelli a su cr\u00e9er des images uniques et irrempla\u00e7ables, fruit de son regard franc et visionnaire et de son habilet\u00e9 [&hellip;]<\/p>\n","protected":false},"featured_media":0,"template":"","meta":[],"product_cat":[2948,2958],"product_tag":[],"acf":[],"yoast_head":"<!-- This site is optimized with the Yoast SEO plugin v20.11 - https:\/\/yoast.com\/wordpress\/plugins\/seo\/ -->\n<title>Mario Giacomelli - Librairie 7L<\/title>\n<meta name=\"robots\" content=\"index, follow, max-snippet:-1, max-image-preview:large, max-video-preview:-1\" \/>\n<link rel=\"canonical\" href=\"https:\/\/librairie7l.com\/en\/produit\/mario-giacomelli-2\/\" \/>\n<meta property=\"og:locale\" content=\"en_US\" \/>\n<meta property=\"og:type\" content=\"article\" \/>\n<meta property=\"og:title\" content=\"Mario Giacomelli - Librairie 7L\" \/>\n<meta property=\"og:description\" content=\"Ma\u00eetre incontest\u00e9 de la photographie contemporaine, Mario Giacomelli repr\u00e9sente un cas \u00e0 part dans le panorama artistique et expressif du XXe si\u00e8cle. Depuis sa ville des Marches, Senigallia, o\u00f9 il a pass\u00e9 toute sa vie, Giacomelli a su cr\u00e9er des images uniques et irrempla\u00e7ables, fruit de son regard franc et visionnaire et de son habilet\u00e9 [&hellip;]\" \/>\n<meta property=\"og:url\" content=\"https:\/\/librairie7l.com\/en\/produit\/mario-giacomelli-2\/\" \/>\n<meta property=\"og:site_name\" content=\"Librairie 7L\" \/>\n<meta property=\"article:modified_time\" content=\"2026-04-22T06:14:02+00:00\" \/>\n<meta name=\"twitter:card\" content=\"summary_large_image\" \/>\n<meta name=\"twitter:label1\" content=\"Est. reading time\" \/>\n\t<meta name=\"twitter:data1\" content=\"1 minute\" \/>\n<script type=\"application\/ld+json\" class=\"yoast-schema-graph\">{\"@context\":\"https:\/\/schema.org\",\"@graph\":[{\"@type\":\"WebPage\",\"@id\":\"https:\/\/librairie7l.com\/en\/produit\/mario-giacomelli-2\/\",\"url\":\"https:\/\/librairie7l.com\/en\/produit\/mario-giacomelli-2\/\",\"name\":\"Mario Giacomelli - Librairie 7L\",\"isPartOf\":{\"@id\":\"https:\/\/librairie7l.com\/en\/#website\"},\"datePublished\":\"2025-02-15T08:17:52+00:00\",\"dateModified\":\"2026-04-22T06:14:02+00:00\",\"breadcrumb\":{\"@id\":\"https:\/\/librairie7l.com\/en\/produit\/mario-giacomelli-2\/#breadcrumb\"},\"inLanguage\":\"en-US\",\"potentialAction\":[{\"@type\":\"ReadAction\",\"target\":[\"https:\/\/librairie7l.com\/en\/produit\/mario-giacomelli-2\/\"]}]},{\"@type\":\"BreadcrumbList\",\"@id\":\"https:\/\/librairie7l.com\/en\/produit\/mario-giacomelli-2\/#breadcrumb\",\"itemListElement\":[{\"@type\":\"ListItem\",\"position\":1,\"name\":\"Accueil\",\"item\":\"https:\/\/librairie7l.com\/en\/\"},{\"@type\":\"ListItem\",\"position\":2,\"name\":\"Shop\",\"item\":\"https:\/\/librairie7l.com\/en\/shop\/\"},{\"@type\":\"ListItem\",\"position\":3,\"name\":\"MARIO GIACOMELLI\"}]},{\"@type\":\"WebSite\",\"@id\":\"https:\/\/librairie7l.com\/en\/#website\",\"url\":\"https:\/\/librairie7l.com\/en\/\",\"name\":\"Librairie 7L\",\"description\":\"Librairie fond\u00e9e en 1999 par Karl Lagerfeld \u00e0 Paris\",\"publisher\":{\"@id\":\"https:\/\/librairie7l.com\/en\/#organization\"},\"potentialAction\":[{\"@type\":\"SearchAction\",\"target\":{\"@type\":\"EntryPoint\",\"urlTemplate\":\"https:\/\/librairie7l.com\/en\/?s={search_term_string}\"},\"query-input\":\"required name=search_term_string\"}],\"inLanguage\":\"en-US\"},{\"@type\":\"Organization\",\"@id\":\"https:\/\/librairie7l.com\/en\/#organization\",\"name\":\"Librairie 7L\",\"url\":\"https:\/\/librairie7l.com\/en\/\",\"logo\":{\"@type\":\"ImageObject\",\"inLanguage\":\"en-US\",\"@id\":\"https:\/\/librairie7l.com\/en\/#\/schema\/logo\/image\/\",\"url\":\"https:\/\/librairie7l.com\/wp-content\/uploads\/2022\/08\/logo-1.png\",\"contentUrl\":\"https:\/\/librairie7l.com\/wp-content\/uploads\/2022\/08\/logo-1.png\",\"width\":227,\"height\":301,\"caption\":\"Librairie 7L\"},\"image\":{\"@id\":\"https:\/\/librairie7l.com\/en\/#\/schema\/logo\/image\/\"}}]}<\/script>\n<!-- \/ Yoast SEO plugin. -->","yoast_head_json":{"title":"Mario Giacomelli - Librairie 7L","robots":{"index":"index","follow":"follow","max-snippet":"max-snippet:-1","max-image-preview":"max-image-preview:large","max-video-preview":"max-video-preview:-1"},"canonical":"https:\/\/librairie7l.com\/en\/produit\/mario-giacomelli-2\/","og_locale":"en_US","og_type":"article","og_title":"Mario Giacomelli - Librairie 7L","og_description":"Ma\u00eetre incontest\u00e9 de la photographie contemporaine, Mario Giacomelli repr\u00e9sente un cas \u00e0 part dans le panorama artistique et expressif du XXe si\u00e8cle. Depuis sa ville des Marches, Senigallia, o\u00f9 il a pass\u00e9 toute sa vie, Giacomelli a su cr\u00e9er des images uniques et irrempla\u00e7ables, fruit de son regard franc et visionnaire et de son habilet\u00e9 [&hellip;]","og_url":"https:\/\/librairie7l.com\/en\/produit\/mario-giacomelli-2\/","og_site_name":"Librairie 7L","article_modified_time":"2026-04-22T06:14:02+00:00","twitter_card":"summary_large_image","twitter_misc":{"Est. reading time":"1 minute"},"schema":{"@context":"https:\/\/schema.org","@graph":[{"@type":"WebPage","@id":"https:\/\/librairie7l.com\/en\/produit\/mario-giacomelli-2\/","url":"https:\/\/librairie7l.com\/en\/produit\/mario-giacomelli-2\/","name":"Mario Giacomelli - Librairie 7L","isPartOf":{"@id":"https:\/\/librairie7l.com\/en\/#website"},"datePublished":"2025-02-15T08:17:52+00:00","dateModified":"2026-04-22T06:14:02+00:00","breadcrumb":{"@id":"https:\/\/librairie7l.com\/en\/produit\/mario-giacomelli-2\/#breadcrumb"},"inLanguage":"en-US","potentialAction":[{"@type":"ReadAction","target":["https:\/\/librairie7l.com\/en\/produit\/mario-giacomelli-2\/"]}]},{"@type":"BreadcrumbList","@id":"https:\/\/librairie7l.com\/en\/produit\/mario-giacomelli-2\/#breadcrumb","itemListElement":[{"@type":"ListItem","position":1,"name":"Accueil","item":"https:\/\/librairie7l.com\/en\/"},{"@type":"ListItem","position":2,"name":"Shop","item":"https:\/\/librairie7l.com\/en\/shop\/"},{"@type":"ListItem","position":3,"name":"MARIO GIACOMELLI"}]},{"@type":"WebSite","@id":"https:\/\/librairie7l.com\/en\/#website","url":"https:\/\/librairie7l.com\/en\/","name":"Librairie 7L","description":"Librairie fond\u00e9e en 1999 par Karl Lagerfeld \u00e0 Paris","publisher":{"@id":"https:\/\/librairie7l.com\/en\/#organization"},"potentialAction":[{"@type":"SearchAction","target":{"@type":"EntryPoint","urlTemplate":"https:\/\/librairie7l.com\/en\/?s={search_term_string}"},"query-input":"required name=search_term_string"}],"inLanguage":"en-US"},{"@type":"Organization","@id":"https:\/\/librairie7l.com\/en\/#organization","name":"Librairie 7L","url":"https:\/\/librairie7l.com\/en\/","logo":{"@type":"ImageObject","inLanguage":"en-US","@id":"https:\/\/librairie7l.com\/en\/#\/schema\/logo\/image\/","url":"https:\/\/librairie7l.com\/wp-content\/uploads\/2022\/08\/logo-1.png","contentUrl":"https:\/\/librairie7l.com\/wp-content\/uploads\/2022\/08\/logo-1.png","width":227,"height":301,"caption":"Librairie 7L"},"image":{"@id":"https:\/\/librairie7l.com\/en\/#\/schema\/logo\/image\/"}}]}},"_links":{"self":[{"href":"https:\/\/librairie7l.com\/en\/wp-json\/wp\/v2\/product\/46311"}],"collection":[{"href":"https:\/\/librairie7l.com\/en\/wp-json\/wp\/v2\/product"}],"about":[{"href":"https:\/\/librairie7l.com\/en\/wp-json\/wp\/v2\/types\/product"}],"wp:attachment":[{"href":"https:\/\/librairie7l.com\/en\/wp-json\/wp\/v2\/media?parent=46311"}],"wp:term":[{"taxonomy":"product_cat","embeddable":true,"href":"https:\/\/librairie7l.com\/en\/wp-json\/wp\/v2\/product_cat?post=46311"},{"taxonomy":"product_tag","embeddable":true,"href":"https:\/\/librairie7l.com\/en\/wp-json\/wp\/v2\/product_tag?post=46311"}],"curies":[{"name":"wp","href":"https:\/\/api.w.org\/{rel}","templated":true}]}}