{"id":46331,"date":"2025-02-15T14:09:34","date_gmt":"2025-02-15T13:09:34","guid":{"rendered":"https:\/\/librairie7l.com\/?post_type=product&#038;p=46331"},"modified":"2026-04-05T08:33:27","modified_gmt":"2026-04-05T06:33:27","slug":"linvention-de-la-mer-2","status":"publish","type":"product","link":"https:\/\/librairie7l.com\/en\/produit\/linvention-de-la-mer-2\/","title":{"rendered":"L&#8217;INVENTION DE LA MER"},"content":{"rendered":"<p>La chim\u00e8re poulpe Violeta Benedetti-Ogundip rassemble au sein de L&#8217;Invention de la mer deux manuscrits \u00e9crits par des chim\u00e8res c\u00e9tac\u00e9 et crustac\u00e9 et les commente en donnant des cl\u00e9s scientifiques, po\u00e9tiques, historiques. Se livrent ainsi, comme des contes et l\u00e9gendes, les histoires de Gina de Gal\u00e8ne, chim\u00e8re cachalot qui raconte les souffrances de sa lign\u00e9e et la l\u00e9gende de son a\u00efeule, et de M\u00e9nippe Zahl\u00e9, chim\u00e8re crabe qui, apr\u00e8s un s\u00e9jour en prison, fait de la lutte en r\u00e9citant des vers. Entre roman, conte, essai et po\u00e9sie, L&#8217;Invention de la mer est un texte lui-m\u00eame hybride qui r\u00e9sonne comme un mythe futuriste avec les enjeux soci\u00e9taux actuels.<\/p>\n","protected":false},"excerpt":{"rendered":"<p>La chim\u00e8re poulpe Violeta Benedetti-Ogundip rassemble au sein de L&#8217;Invention de la mer deux manuscrits \u00e9crits par des chim\u00e8res c\u00e9tac\u00e9 et crustac\u00e9 et les commente en donnant des cl\u00e9s scientifiques, po\u00e9tiques, historiques. Se livrent ainsi, comme des contes et l\u00e9gendes, les histoires de Gina de Gal\u00e8ne, chim\u00e8re cachalot qui raconte les souffrances de sa lign\u00e9e [&hellip;]<\/p>\n","protected":false},"featured_media":46329,"template":"","meta":[],"product_cat":[7364,2948],"product_tag":[],"acf":[],"yoast_head":"<!-- This site is optimized with the Yoast SEO plugin v20.11 - https:\/\/yoast.com\/wordpress\/plugins\/seo\/ -->\n<title>L&#039;Invention de la mer - Librairie 7L<\/title>\n<meta name=\"robots\" content=\"index, follow, max-snippet:-1, max-image-preview:large, max-video-preview:-1\" \/>\n<link rel=\"canonical\" href=\"https:\/\/librairie7l.com\/en\/produit\/linvention-de-la-mer-2\/\" \/>\n<meta property=\"og:locale\" content=\"en_US\" \/>\n<meta property=\"og:type\" content=\"article\" \/>\n<meta property=\"og:title\" content=\"L&#039;Invention de la mer - Librairie 7L\" \/>\n<meta property=\"og:description\" content=\"La chim\u00e8re poulpe Violeta Benedetti-Ogundip rassemble au sein de L&#8217;Invention de la mer deux manuscrits \u00e9crits par des chim\u00e8res c\u00e9tac\u00e9 et crustac\u00e9 et les commente en donnant des cl\u00e9s scientifiques, po\u00e9tiques, historiques. Se livrent ainsi, comme des contes et l\u00e9gendes, les histoires de Gina de Gal\u00e8ne, chim\u00e8re cachalot qui raconte les souffrances de sa lign\u00e9e [&hellip;]\" \/>\n<meta property=\"og:url\" content=\"https:\/\/librairie7l.com\/en\/produit\/linvention-de-la-mer-2\/\" \/>\n<meta property=\"og:site_name\" content=\"Librairie 7L\" \/>\n<meta property=\"article:modified_time\" content=\"2026-04-05T06:33:27+00:00\" \/>\n<meta property=\"og:image\" content=\"https:\/\/librairie7l.com\/wp-content\/uploads\/2024\/10\/9782370554444_1_75.jpg\" \/>\n\t<meta property=\"og:image:width\" content=\"600\" \/>\n\t<meta property=\"og:image:height\" content=\"864\" \/>\n\t<meta property=\"og:image:type\" content=\"image\/jpeg\" \/>\n<meta name=\"twitter:card\" content=\"summary_large_image\" \/>\n<meta name=\"twitter:label1\" content=\"Est. reading time\" \/>\n\t<meta name=\"twitter:data1\" content=\"1 minute\" \/>\n<script type=\"application\/ld+json\" class=\"yoast-schema-graph\">{\"@context\":\"https:\/\/schema.org\",\"@graph\":[{\"@type\":\"WebPage\",\"@id\":\"https:\/\/librairie7l.com\/en\/produit\/linvention-de-la-mer-2\/\",\"url\":\"https:\/\/librairie7l.com\/en\/produit\/linvention-de-la-mer-2\/\",\"name\":\"L'Invention de la mer - Librairie 7L\",\"isPartOf\":{\"@id\":\"https:\/\/librairie7l.com\/en\/#website\"},\"datePublished\":\"2025-02-15T13:09:34+00:00\",\"dateModified\":\"2026-04-05T06:33:27+00:00\",\"breadcrumb\":{\"@id\":\"https:\/\/librairie7l.com\/en\/produit\/linvention-de-la-mer-2\/#breadcrumb\"},\"inLanguage\":\"en-US\",\"potentialAction\":[{\"@type\":\"ReadAction\",\"target\":[\"https:\/\/librairie7l.com\/en\/produit\/linvention-de-la-mer-2\/\"]}]},{\"@type\":\"BreadcrumbList\",\"@id\":\"https:\/\/librairie7l.com\/en\/produit\/linvention-de-la-mer-2\/#breadcrumb\",\"itemListElement\":[{\"@type\":\"ListItem\",\"position\":1,\"name\":\"Accueil\",\"item\":\"https:\/\/librairie7l.com\/en\/\"},{\"@type\":\"ListItem\",\"position\":2,\"name\":\"Shop\",\"item\":\"https:\/\/librairie7l.com\/en\/shop\/\"},{\"@type\":\"ListItem\",\"position\":3,\"name\":\"L&#8217;INVENTION DE LA MER\"}]},{\"@type\":\"WebSite\",\"@id\":\"https:\/\/librairie7l.com\/en\/#website\",\"url\":\"https:\/\/librairie7l.com\/en\/\",\"name\":\"Librairie 7L\",\"description\":\"Librairie fond\u00e9e en 1999 par Karl Lagerfeld \u00e0 Paris\",\"publisher\":{\"@id\":\"https:\/\/librairie7l.com\/en\/#organization\"},\"potentialAction\":[{\"@type\":\"SearchAction\",\"target\":{\"@type\":\"EntryPoint\",\"urlTemplate\":\"https:\/\/librairie7l.com\/en\/?s={search_term_string}\"},\"query-input\":\"required name=search_term_string\"}],\"inLanguage\":\"en-US\"},{\"@type\":\"Organization\",\"@id\":\"https:\/\/librairie7l.com\/en\/#organization\",\"name\":\"Librairie 7L\",\"url\":\"https:\/\/librairie7l.com\/en\/\",\"logo\":{\"@type\":\"ImageObject\",\"inLanguage\":\"en-US\",\"@id\":\"https:\/\/librairie7l.com\/en\/#\/schema\/logo\/image\/\",\"url\":\"https:\/\/librairie7l.com\/wp-content\/uploads\/2022\/08\/logo-1.png\",\"contentUrl\":\"https:\/\/librairie7l.com\/wp-content\/uploads\/2022\/08\/logo-1.png\",\"width\":227,\"height\":301,\"caption\":\"Librairie 7L\"},\"image\":{\"@id\":\"https:\/\/librairie7l.com\/en\/#\/schema\/logo\/image\/\"}}]}<\/script>\n<!-- \/ Yoast SEO plugin. -->","yoast_head_json":{"title":"L'Invention de la mer - Librairie 7L","robots":{"index":"index","follow":"follow","max-snippet":"max-snippet:-1","max-image-preview":"max-image-preview:large","max-video-preview":"max-video-preview:-1"},"canonical":"https:\/\/librairie7l.com\/en\/produit\/linvention-de-la-mer-2\/","og_locale":"en_US","og_type":"article","og_title":"L'Invention de la mer - Librairie 7L","og_description":"La chim\u00e8re poulpe Violeta Benedetti-Ogundip rassemble au sein de L&#8217;Invention de la mer deux manuscrits \u00e9crits par des chim\u00e8res c\u00e9tac\u00e9 et crustac\u00e9 et les commente en donnant des cl\u00e9s scientifiques, po\u00e9tiques, historiques. Se livrent ainsi, comme des contes et l\u00e9gendes, les histoires de Gina de Gal\u00e8ne, chim\u00e8re cachalot qui raconte les souffrances de sa lign\u00e9e [&hellip;]","og_url":"https:\/\/librairie7l.com\/en\/produit\/linvention-de-la-mer-2\/","og_site_name":"Librairie 7L","article_modified_time":"2026-04-05T06:33:27+00:00","og_image":[{"width":600,"height":864,"url":"https:\/\/librairie7l.com\/wp-content\/uploads\/2024\/10\/9782370554444_1_75.jpg","type":"image\/jpeg"}],"twitter_card":"summary_large_image","twitter_misc":{"Est. reading time":"1 minute"},"schema":{"@context":"https:\/\/schema.org","@graph":[{"@type":"WebPage","@id":"https:\/\/librairie7l.com\/en\/produit\/linvention-de-la-mer-2\/","url":"https:\/\/librairie7l.com\/en\/produit\/linvention-de-la-mer-2\/","name":"L'Invention de la mer - Librairie 7L","isPartOf":{"@id":"https:\/\/librairie7l.com\/en\/#website"},"datePublished":"2025-02-15T13:09:34+00:00","dateModified":"2026-04-05T06:33:27+00:00","breadcrumb":{"@id":"https:\/\/librairie7l.com\/en\/produit\/linvention-de-la-mer-2\/#breadcrumb"},"inLanguage":"en-US","potentialAction":[{"@type":"ReadAction","target":["https:\/\/librairie7l.com\/en\/produit\/linvention-de-la-mer-2\/"]}]},{"@type":"BreadcrumbList","@id":"https:\/\/librairie7l.com\/en\/produit\/linvention-de-la-mer-2\/#breadcrumb","itemListElement":[{"@type":"ListItem","position":1,"name":"Accueil","item":"https:\/\/librairie7l.com\/en\/"},{"@type":"ListItem","position":2,"name":"Shop","item":"https:\/\/librairie7l.com\/en\/shop\/"},{"@type":"ListItem","position":3,"name":"L&#8217;INVENTION DE LA MER"}]},{"@type":"WebSite","@id":"https:\/\/librairie7l.com\/en\/#website","url":"https:\/\/librairie7l.com\/en\/","name":"Librairie 7L","description":"Librairie fond\u00e9e en 1999 par Karl Lagerfeld \u00e0 Paris","publisher":{"@id":"https:\/\/librairie7l.com\/en\/#organization"},"potentialAction":[{"@type":"SearchAction","target":{"@type":"EntryPoint","urlTemplate":"https:\/\/librairie7l.com\/en\/?s={search_term_string}"},"query-input":"required name=search_term_string"}],"inLanguage":"en-US"},{"@type":"Organization","@id":"https:\/\/librairie7l.com\/en\/#organization","name":"Librairie 7L","url":"https:\/\/librairie7l.com\/en\/","logo":{"@type":"ImageObject","inLanguage":"en-US","@id":"https:\/\/librairie7l.com\/en\/#\/schema\/logo\/image\/","url":"https:\/\/librairie7l.com\/wp-content\/uploads\/2022\/08\/logo-1.png","contentUrl":"https:\/\/librairie7l.com\/wp-content\/uploads\/2022\/08\/logo-1.png","width":227,"height":301,"caption":"Librairie 7L"},"image":{"@id":"https:\/\/librairie7l.com\/en\/#\/schema\/logo\/image\/"}}]}},"_links":{"self":[{"href":"https:\/\/librairie7l.com\/en\/wp-json\/wp\/v2\/product\/46331"}],"collection":[{"href":"https:\/\/librairie7l.com\/en\/wp-json\/wp\/v2\/product"}],"about":[{"href":"https:\/\/librairie7l.com\/en\/wp-json\/wp\/v2\/types\/product"}],"wp:featuredmedia":[{"embeddable":true,"href":"https:\/\/librairie7l.com\/en\/wp-json\/wp\/v2\/media\/46329"}],"wp:attachment":[{"href":"https:\/\/librairie7l.com\/en\/wp-json\/wp\/v2\/media?parent=46331"}],"wp:term":[{"taxonomy":"product_cat","embeddable":true,"href":"https:\/\/librairie7l.com\/en\/wp-json\/wp\/v2\/product_cat?post=46331"},{"taxonomy":"product_tag","embeddable":true,"href":"https:\/\/librairie7l.com\/en\/wp-json\/wp\/v2\/product_tag?post=46331"}],"curies":[{"name":"wp","href":"https:\/\/api.w.org\/{rel}","templated":true}]}}