{"id":46337,"date":"2025-02-17T20:30:54","date_gmt":"2025-02-17T19:30:54","guid":{"rendered":"https:\/\/librairie7l.com\/?post_type=product&#038;p=46337"},"modified":"2026-04-17T19:47:14","modified_gmt":"2026-04-17T17:47:14","slug":"louis-vuitton-marc-jacobs-2","status":"publish","type":"product","link":"https:\/\/librairie7l.com\/en\/produit\/louis-vuitton-marc-jacobs-2\/","title":{"rendered":"LOUIS VUITTON \/ MARC JACOBS"},"content":{"rendered":"<p>N\u00e9 en 1821 \u00e0 Anchay, petit hameau du Jura, Louis Vuitton quitte son village \u00e0 l&#8217;\u00e2ge de 13 ans et part pour Paris, sans un sou en poche. Il fait son apprentissage aupr\u00e8s de Romain Mar\u00e9chal, layetier et emballeur r\u00e9put\u00e9 de la capitale. En 1854, Louis fonde sa propre maison, s&#8217;installe comme emballeur et ouvre son premier magasin, dans le quartier de l&#8217;Op\u00e9ra. Ses malles et ses bagages sont vite pl\u00e9biscit\u00e9s par la haute soci\u00e9t\u00e9 dans l&#8217;Europe enti\u00e8re. Cr\u00e9ateurs visionnaires, Louis et ses descendants font de l&#8217;art du voyage un v\u00e9ritable art de vivre, transformant la petite maison familiale en grand nom du luxe.<br \/>\nEn 1997, Marc Jacobs devient le directeur artistique de la maison Louis Vuitton et lance les premi\u00e8res collections de pr\u00eat-\u00e0-porter. Il renouv\u00e8le la gamme des accessoires en faisant appel aux artistes Stephen Sprouse, Takashi Murakami et Richard Prince, cette association entre art et mode bouleversant les habitudes de tout un secteur. Sans renier les racines de la maison, multipliant les r\u00e9f\u00e9rences \u00e0 son patrimoine, Marc Jacobs lui donne un nouveau souffle. En quelques saisons, il r\u00e9interpr\u00e8te les codes de la marque, lui apporte une dimension contemporaine et installe d\u00e9finitivement Louis Vuitton dans l&#8217;univers de la mode.<br \/>\nTr\u00e8s document\u00e9 et richement illustr\u00e9, ce livre montre comment, \u00e0 plus d&#8217;un si\u00e8cle d&#8217;intervalle, ces deux personnalit\u00e9s ont su comprendre leur \u00e9poque et s&#8217;appuyer sur les possibilit\u00e9s qu&#8217;elles offrent : Louis Vuitton d\u00e9veloppe son entreprise dans un quartier en pleine expansion, alors que la r\u00e9volution industrielle permet de nouvelles possibilit\u00e9s techniques tout en faisant na\u00eetre une nouvelle client\u00e8le fortun\u00e9e. Aujourd&#8217;hui, alors que le syst\u00e8me de la mode est devenu plan\u00e9taire, Marc Jacobs se r\u00e9approprie les codes culturels de la mode tout en les d\u00e9tournant, incarnant \u00e0 la perfection le mod\u00e8le type du cr\u00e9ateur contemporain.<\/p>\n","protected":false},"excerpt":{"rendered":"<p>N\u00e9 en 1821 \u00e0 Anchay, petit hameau du Jura, Louis Vuitton quitte son village \u00e0 l&#8217;\u00e2ge de 13 ans et part pour Paris, sans un sou en poche. Il fait son apprentissage aupr\u00e8s de Romain Mar\u00e9chal, layetier et emballeur r\u00e9put\u00e9 de la capitale. En 1854, Louis fonde sa propre maison, s&#8217;installe comme emballeur et ouvre [&hellip;]<\/p>\n","protected":false},"featured_media":46335,"template":"","meta":[],"product_cat":[7364,2948],"product_tag":[],"acf":[],"yoast_head":"<!-- This site is optimized with the Yoast SEO plugin v20.11 - https:\/\/yoast.com\/wordpress\/plugins\/seo\/ -->\n<title>Louis Vuitton \/ Marc Jacobs - Librairie 7L<\/title>\n<meta name=\"robots\" content=\"index, follow, max-snippet:-1, max-image-preview:large, max-video-preview:-1\" \/>\n<link rel=\"canonical\" href=\"https:\/\/librairie7l.com\/en\/produit\/louis-vuitton-marc-jacobs-2\/\" \/>\n<meta property=\"og:locale\" content=\"en_US\" \/>\n<meta property=\"og:type\" content=\"article\" \/>\n<meta property=\"og:title\" content=\"Louis Vuitton \/ Marc Jacobs - Librairie 7L\" \/>\n<meta property=\"og:description\" content=\"N\u00e9 en 1821 \u00e0 Anchay, petit hameau du Jura, Louis Vuitton quitte son village \u00e0 l&#8217;\u00e2ge de 13 ans et part pour Paris, sans un sou en poche. Il fait son apprentissage aupr\u00e8s de Romain Mar\u00e9chal, layetier et emballeur r\u00e9put\u00e9 de la capitale. En 1854, Louis fonde sa propre maison, s&#8217;installe comme emballeur et ouvre [&hellip;]\" \/>\n<meta property=\"og:url\" content=\"https:\/\/librairie7l.com\/en\/produit\/louis-vuitton-marc-jacobs-2\/\" \/>\n<meta property=\"og:site_name\" content=\"Librairie 7L\" \/>\n<meta property=\"article:modified_time\" content=\"2026-04-17T17:47:14+00:00\" \/>\n<meta property=\"og:image\" content=\"https:\/\/librairie7l.com\/wp-content\/uploads\/2011\/12\/9782916914312_1_75.jpg\" \/>\n\t<meta property=\"og:image:width\" content=\"600\" \/>\n\t<meta property=\"og:image:height\" content=\"691\" \/>\n\t<meta property=\"og:image:type\" content=\"image\/jpeg\" \/>\n<meta name=\"twitter:card\" content=\"summary_large_image\" \/>\n<meta name=\"twitter:label1\" content=\"Est. reading time\" \/>\n\t<meta name=\"twitter:data1\" content=\"2 minutes\" \/>\n<script type=\"application\/ld+json\" class=\"yoast-schema-graph\">{\"@context\":\"https:\/\/schema.org\",\"@graph\":[{\"@type\":\"WebPage\",\"@id\":\"https:\/\/librairie7l.com\/en\/produit\/louis-vuitton-marc-jacobs-2\/\",\"url\":\"https:\/\/librairie7l.com\/en\/produit\/louis-vuitton-marc-jacobs-2\/\",\"name\":\"Louis Vuitton \/ Marc Jacobs - Librairie 7L\",\"isPartOf\":{\"@id\":\"https:\/\/librairie7l.com\/en\/#website\"},\"datePublished\":\"2025-02-17T19:30:54+00:00\",\"dateModified\":\"2026-04-17T17:47:14+00:00\",\"breadcrumb\":{\"@id\":\"https:\/\/librairie7l.com\/en\/produit\/louis-vuitton-marc-jacobs-2\/#breadcrumb\"},\"inLanguage\":\"en-US\",\"potentialAction\":[{\"@type\":\"ReadAction\",\"target\":[\"https:\/\/librairie7l.com\/en\/produit\/louis-vuitton-marc-jacobs-2\/\"]}]},{\"@type\":\"BreadcrumbList\",\"@id\":\"https:\/\/librairie7l.com\/en\/produit\/louis-vuitton-marc-jacobs-2\/#breadcrumb\",\"itemListElement\":[{\"@type\":\"ListItem\",\"position\":1,\"name\":\"Accueil\",\"item\":\"https:\/\/librairie7l.com\/en\/\"},{\"@type\":\"ListItem\",\"position\":2,\"name\":\"Shop\",\"item\":\"https:\/\/librairie7l.com\/en\/shop\/\"},{\"@type\":\"ListItem\",\"position\":3,\"name\":\"LOUIS VUITTON \/ MARC JACOBS\"}]},{\"@type\":\"WebSite\",\"@id\":\"https:\/\/librairie7l.com\/en\/#website\",\"url\":\"https:\/\/librairie7l.com\/en\/\",\"name\":\"Librairie 7L\",\"description\":\"Librairie fond\u00e9e en 1999 par Karl Lagerfeld \u00e0 Paris\",\"publisher\":{\"@id\":\"https:\/\/librairie7l.com\/en\/#organization\"},\"potentialAction\":[{\"@type\":\"SearchAction\",\"target\":{\"@type\":\"EntryPoint\",\"urlTemplate\":\"https:\/\/librairie7l.com\/en\/?s={search_term_string}\"},\"query-input\":\"required name=search_term_string\"}],\"inLanguage\":\"en-US\"},{\"@type\":\"Organization\",\"@id\":\"https:\/\/librairie7l.com\/en\/#organization\",\"name\":\"Librairie 7L\",\"url\":\"https:\/\/librairie7l.com\/en\/\",\"logo\":{\"@type\":\"ImageObject\",\"inLanguage\":\"en-US\",\"@id\":\"https:\/\/librairie7l.com\/en\/#\/schema\/logo\/image\/\",\"url\":\"https:\/\/librairie7l.com\/wp-content\/uploads\/2022\/08\/logo-1.png\",\"contentUrl\":\"https:\/\/librairie7l.com\/wp-content\/uploads\/2022\/08\/logo-1.png\",\"width\":227,\"height\":301,\"caption\":\"Librairie 7L\"},\"image\":{\"@id\":\"https:\/\/librairie7l.com\/en\/#\/schema\/logo\/image\/\"}}]}<\/script>\n<!-- \/ Yoast SEO plugin. -->","yoast_head_json":{"title":"Louis Vuitton \/ Marc Jacobs - Librairie 7L","robots":{"index":"index","follow":"follow","max-snippet":"max-snippet:-1","max-image-preview":"max-image-preview:large","max-video-preview":"max-video-preview:-1"},"canonical":"https:\/\/librairie7l.com\/en\/produit\/louis-vuitton-marc-jacobs-2\/","og_locale":"en_US","og_type":"article","og_title":"Louis Vuitton \/ Marc Jacobs - Librairie 7L","og_description":"N\u00e9 en 1821 \u00e0 Anchay, petit hameau du Jura, Louis Vuitton quitte son village \u00e0 l&#8217;\u00e2ge de 13 ans et part pour Paris, sans un sou en poche. Il fait son apprentissage aupr\u00e8s de Romain Mar\u00e9chal, layetier et emballeur r\u00e9put\u00e9 de la capitale. En 1854, Louis fonde sa propre maison, s&#8217;installe comme emballeur et ouvre [&hellip;]","og_url":"https:\/\/librairie7l.com\/en\/produit\/louis-vuitton-marc-jacobs-2\/","og_site_name":"Librairie 7L","article_modified_time":"2026-04-17T17:47:14+00:00","og_image":[{"width":600,"height":691,"url":"https:\/\/librairie7l.com\/wp-content\/uploads\/2011\/12\/9782916914312_1_75.jpg","type":"image\/jpeg"}],"twitter_card":"summary_large_image","twitter_misc":{"Est. reading time":"2 minutes"},"schema":{"@context":"https:\/\/schema.org","@graph":[{"@type":"WebPage","@id":"https:\/\/librairie7l.com\/en\/produit\/louis-vuitton-marc-jacobs-2\/","url":"https:\/\/librairie7l.com\/en\/produit\/louis-vuitton-marc-jacobs-2\/","name":"Louis Vuitton \/ Marc Jacobs - Librairie 7L","isPartOf":{"@id":"https:\/\/librairie7l.com\/en\/#website"},"datePublished":"2025-02-17T19:30:54+00:00","dateModified":"2026-04-17T17:47:14+00:00","breadcrumb":{"@id":"https:\/\/librairie7l.com\/en\/produit\/louis-vuitton-marc-jacobs-2\/#breadcrumb"},"inLanguage":"en-US","potentialAction":[{"@type":"ReadAction","target":["https:\/\/librairie7l.com\/en\/produit\/louis-vuitton-marc-jacobs-2\/"]}]},{"@type":"BreadcrumbList","@id":"https:\/\/librairie7l.com\/en\/produit\/louis-vuitton-marc-jacobs-2\/#breadcrumb","itemListElement":[{"@type":"ListItem","position":1,"name":"Accueil","item":"https:\/\/librairie7l.com\/en\/"},{"@type":"ListItem","position":2,"name":"Shop","item":"https:\/\/librairie7l.com\/en\/shop\/"},{"@type":"ListItem","position":3,"name":"LOUIS VUITTON \/ MARC JACOBS"}]},{"@type":"WebSite","@id":"https:\/\/librairie7l.com\/en\/#website","url":"https:\/\/librairie7l.com\/en\/","name":"Librairie 7L","description":"Librairie fond\u00e9e en 1999 par Karl Lagerfeld \u00e0 Paris","publisher":{"@id":"https:\/\/librairie7l.com\/en\/#organization"},"potentialAction":[{"@type":"SearchAction","target":{"@type":"EntryPoint","urlTemplate":"https:\/\/librairie7l.com\/en\/?s={search_term_string}"},"query-input":"required name=search_term_string"}],"inLanguage":"en-US"},{"@type":"Organization","@id":"https:\/\/librairie7l.com\/en\/#organization","name":"Librairie 7L","url":"https:\/\/librairie7l.com\/en\/","logo":{"@type":"ImageObject","inLanguage":"en-US","@id":"https:\/\/librairie7l.com\/en\/#\/schema\/logo\/image\/","url":"https:\/\/librairie7l.com\/wp-content\/uploads\/2022\/08\/logo-1.png","contentUrl":"https:\/\/librairie7l.com\/wp-content\/uploads\/2022\/08\/logo-1.png","width":227,"height":301,"caption":"Librairie 7L"},"image":{"@id":"https:\/\/librairie7l.com\/en\/#\/schema\/logo\/image\/"}}]}},"_links":{"self":[{"href":"https:\/\/librairie7l.com\/en\/wp-json\/wp\/v2\/product\/46337"}],"collection":[{"href":"https:\/\/librairie7l.com\/en\/wp-json\/wp\/v2\/product"}],"about":[{"href":"https:\/\/librairie7l.com\/en\/wp-json\/wp\/v2\/types\/product"}],"wp:featuredmedia":[{"embeddable":true,"href":"https:\/\/librairie7l.com\/en\/wp-json\/wp\/v2\/media\/46335"}],"wp:attachment":[{"href":"https:\/\/librairie7l.com\/en\/wp-json\/wp\/v2\/media?parent=46337"}],"wp:term":[{"taxonomy":"product_cat","embeddable":true,"href":"https:\/\/librairie7l.com\/en\/wp-json\/wp\/v2\/product_cat?post=46337"},{"taxonomy":"product_tag","embeddable":true,"href":"https:\/\/librairie7l.com\/en\/wp-json\/wp\/v2\/product_tag?post=46337"}],"curies":[{"name":"wp","href":"https:\/\/api.w.org\/{rel}","templated":true}]}}