{"id":46341,"date":"2025-02-18T09:27:21","date_gmt":"2025-02-18T08:27:21","guid":{"rendered":"https:\/\/librairie7l.com\/?post_type=product&#038;p=46341"},"modified":"2026-04-08T15:28:54","modified_gmt":"2026-04-08T13:28:54","slug":"the-radical-eye-modernist-photography-from-the-sir-elton-john-collection-2","status":"publish","type":"product","link":"https:\/\/librairie7l.com\/en\/produit\/the-radical-eye-modernist-photography-from-the-sir-elton-john-collection-2\/","title":{"rendered":"THE RADICAL EYE : MODERNIST PHOTOGRAPHY FROM THE SIR ELTON JOHN COLLECTION"},"content":{"rendered":"<p>\u00c0 Londres, la Tate Modern r\u00e9v\u00e8le l&#8217;importante collection de photographie moderniste d\u00e9tenue par Elton John (10\/11\/2016-07\/05\/2017). Avec plus de 70 artistes des ann\u00e9es 20 aux ann\u00e9es 50 et presque 150 tirages vintage de Brassa\u00ef, Imogen Cunningham, Andr\u00e9 Kert\u00e9sz, Dorothea Lange, Tina Modotti, et Alexander Rodchenko notamment, ainsi qu&#8217;une s\u00e9rie de portraits de Matisse, Picasso, ou Andr\u00e9 Breton par Man Ray, cet ouvrage documente une p\u00e9riode artistique et l&#8217;oeil particulier d&#8217;un collectionneur.<\/p>\n","protected":false},"excerpt":{"rendered":"<p>\u00c0 Londres, la Tate Modern r\u00e9v\u00e8le l&#8217;importante collection de photographie moderniste d\u00e9tenue par Elton John (10\/11\/2016-07\/05\/2017). Avec plus de 70 artistes des ann\u00e9es 20 aux ann\u00e9es 50 et presque 150 tirages vintage de Brassa\u00ef, Imogen Cunningham, Andr\u00e9 Kert\u00e9sz, Dorothea Lange, Tina Modotti, et Alexander Rodchenko notamment, ainsi qu&#8217;une s\u00e9rie de portraits de Matisse, Picasso, ou [&hellip;]<\/p>\n","protected":false},"featured_media":46339,"template":"","meta":[],"product_cat":[7364,2948],"product_tag":[],"acf":[],"yoast_head":"<!-- This site is optimized with the Yoast SEO plugin v20.11 - https:\/\/yoast.com\/wordpress\/plugins\/seo\/ -->\n<title>The radical eye : modernist photography from the sir elton john collection - Librairie 7L<\/title>\n<meta name=\"robots\" content=\"index, follow, max-snippet:-1, max-image-preview:large, max-video-preview:-1\" \/>\n<link rel=\"canonical\" href=\"https:\/\/librairie7l.com\/en\/produit\/the-radical-eye-modernist-photography-from-the-sir-elton-john-collection-2\/\" \/>\n<meta property=\"og:locale\" content=\"en_US\" \/>\n<meta property=\"og:type\" content=\"article\" \/>\n<meta property=\"og:title\" content=\"The radical eye : modernist photography from the sir elton john collection - Librairie 7L\" \/>\n<meta property=\"og:description\" content=\"\u00c0 Londres, la Tate Modern r\u00e9v\u00e8le l&#8217;importante collection de photographie moderniste d\u00e9tenue par Elton John (10\/11\/2016-07\/05\/2017). Avec plus de 70 artistes des ann\u00e9es 20 aux ann\u00e9es 50 et presque 150 tirages vintage de Brassa\u00ef, Imogen Cunningham, Andr\u00e9 Kert\u00e9sz, Dorothea Lange, Tina Modotti, et Alexander Rodchenko notamment, ainsi qu&#8217;une s\u00e9rie de portraits de Matisse, Picasso, ou [&hellip;]\" \/>\n<meta property=\"og:url\" content=\"https:\/\/librairie7l.com\/en\/produit\/the-radical-eye-modernist-photography-from-the-sir-elton-john-collection-2\/\" \/>\n<meta property=\"og:site_name\" content=\"Librairie 7L\" \/>\n<meta property=\"article:modified_time\" content=\"2026-04-08T13:28:54+00:00\" \/>\n<meta property=\"og:image\" content=\"https:\/\/librairie7l.com\/wp-content\/uploads\/2016\/04\/9781849764070_1_75.jpg\" \/>\n\t<meta property=\"og:image:width\" content=\"258\" \/>\n\t<meta property=\"og:image:height\" content=\"327\" \/>\n\t<meta property=\"og:image:type\" content=\"image\/jpeg\" \/>\n<meta name=\"twitter:card\" content=\"summary_large_image\" \/>\n<script type=\"application\/ld+json\" class=\"yoast-schema-graph\">{\"@context\":\"https:\/\/schema.org\",\"@graph\":[{\"@type\":\"WebPage\",\"@id\":\"https:\/\/librairie7l.com\/en\/produit\/the-radical-eye-modernist-photography-from-the-sir-elton-john-collection-2\/\",\"url\":\"https:\/\/librairie7l.com\/en\/produit\/the-radical-eye-modernist-photography-from-the-sir-elton-john-collection-2\/\",\"name\":\"The radical eye : modernist photography from the sir elton john collection - Librairie 7L\",\"isPartOf\":{\"@id\":\"https:\/\/librairie7l.com\/en\/#website\"},\"datePublished\":\"2025-02-18T08:27:21+00:00\",\"dateModified\":\"2026-04-08T13:28:54+00:00\",\"breadcrumb\":{\"@id\":\"https:\/\/librairie7l.com\/en\/produit\/the-radical-eye-modernist-photography-from-the-sir-elton-john-collection-2\/#breadcrumb\"},\"inLanguage\":\"en-US\",\"potentialAction\":[{\"@type\":\"ReadAction\",\"target\":[\"https:\/\/librairie7l.com\/en\/produit\/the-radical-eye-modernist-photography-from-the-sir-elton-john-collection-2\/\"]}]},{\"@type\":\"BreadcrumbList\",\"@id\":\"https:\/\/librairie7l.com\/en\/produit\/the-radical-eye-modernist-photography-from-the-sir-elton-john-collection-2\/#breadcrumb\",\"itemListElement\":[{\"@type\":\"ListItem\",\"position\":1,\"name\":\"Accueil\",\"item\":\"https:\/\/librairie7l.com\/en\/\"},{\"@type\":\"ListItem\",\"position\":2,\"name\":\"Shop\",\"item\":\"https:\/\/librairie7l.com\/en\/shop\/\"},{\"@type\":\"ListItem\",\"position\":3,\"name\":\"THE RADICAL EYE : MODERNIST PHOTOGRAPHY FROM THE SIR ELTON JOHN COLLECTION\"}]},{\"@type\":\"WebSite\",\"@id\":\"https:\/\/librairie7l.com\/en\/#website\",\"url\":\"https:\/\/librairie7l.com\/en\/\",\"name\":\"Librairie 7L\",\"description\":\"Librairie fond\u00e9e en 1999 par Karl Lagerfeld \u00e0 Paris\",\"publisher\":{\"@id\":\"https:\/\/librairie7l.com\/en\/#organization\"},\"potentialAction\":[{\"@type\":\"SearchAction\",\"target\":{\"@type\":\"EntryPoint\",\"urlTemplate\":\"https:\/\/librairie7l.com\/en\/?s={search_term_string}\"},\"query-input\":\"required name=search_term_string\"}],\"inLanguage\":\"en-US\"},{\"@type\":\"Organization\",\"@id\":\"https:\/\/librairie7l.com\/en\/#organization\",\"name\":\"Librairie 7L\",\"url\":\"https:\/\/librairie7l.com\/en\/\",\"logo\":{\"@type\":\"ImageObject\",\"inLanguage\":\"en-US\",\"@id\":\"https:\/\/librairie7l.com\/en\/#\/schema\/logo\/image\/\",\"url\":\"https:\/\/librairie7l.com\/wp-content\/uploads\/2022\/08\/logo-1.png\",\"contentUrl\":\"https:\/\/librairie7l.com\/wp-content\/uploads\/2022\/08\/logo-1.png\",\"width\":227,\"height\":301,\"caption\":\"Librairie 7L\"},\"image\":{\"@id\":\"https:\/\/librairie7l.com\/en\/#\/schema\/logo\/image\/\"}}]}<\/script>\n<!-- \/ Yoast SEO plugin. -->","yoast_head_json":{"title":"The radical eye : modernist photography from the sir elton john collection - Librairie 7L","robots":{"index":"index","follow":"follow","max-snippet":"max-snippet:-1","max-image-preview":"max-image-preview:large","max-video-preview":"max-video-preview:-1"},"canonical":"https:\/\/librairie7l.com\/en\/produit\/the-radical-eye-modernist-photography-from-the-sir-elton-john-collection-2\/","og_locale":"en_US","og_type":"article","og_title":"The radical eye : modernist photography from the sir elton john collection - Librairie 7L","og_description":"\u00c0 Londres, la Tate Modern r\u00e9v\u00e8le l&#8217;importante collection de photographie moderniste d\u00e9tenue par Elton John (10\/11\/2016-07\/05\/2017). Avec plus de 70 artistes des ann\u00e9es 20 aux ann\u00e9es 50 et presque 150 tirages vintage de Brassa\u00ef, Imogen Cunningham, Andr\u00e9 Kert\u00e9sz, Dorothea Lange, Tina Modotti, et Alexander Rodchenko notamment, ainsi qu&#8217;une s\u00e9rie de portraits de Matisse, Picasso, ou [&hellip;]","og_url":"https:\/\/librairie7l.com\/en\/produit\/the-radical-eye-modernist-photography-from-the-sir-elton-john-collection-2\/","og_site_name":"Librairie 7L","article_modified_time":"2026-04-08T13:28:54+00:00","og_image":[{"width":258,"height":327,"url":"https:\/\/librairie7l.com\/wp-content\/uploads\/2016\/04\/9781849764070_1_75.jpg","type":"image\/jpeg"}],"twitter_card":"summary_large_image","schema":{"@context":"https:\/\/schema.org","@graph":[{"@type":"WebPage","@id":"https:\/\/librairie7l.com\/en\/produit\/the-radical-eye-modernist-photography-from-the-sir-elton-john-collection-2\/","url":"https:\/\/librairie7l.com\/en\/produit\/the-radical-eye-modernist-photography-from-the-sir-elton-john-collection-2\/","name":"The radical eye : modernist photography from the sir elton john collection - Librairie 7L","isPartOf":{"@id":"https:\/\/librairie7l.com\/en\/#website"},"datePublished":"2025-02-18T08:27:21+00:00","dateModified":"2026-04-08T13:28:54+00:00","breadcrumb":{"@id":"https:\/\/librairie7l.com\/en\/produit\/the-radical-eye-modernist-photography-from-the-sir-elton-john-collection-2\/#breadcrumb"},"inLanguage":"en-US","potentialAction":[{"@type":"ReadAction","target":["https:\/\/librairie7l.com\/en\/produit\/the-radical-eye-modernist-photography-from-the-sir-elton-john-collection-2\/"]}]},{"@type":"BreadcrumbList","@id":"https:\/\/librairie7l.com\/en\/produit\/the-radical-eye-modernist-photography-from-the-sir-elton-john-collection-2\/#breadcrumb","itemListElement":[{"@type":"ListItem","position":1,"name":"Accueil","item":"https:\/\/librairie7l.com\/en\/"},{"@type":"ListItem","position":2,"name":"Shop","item":"https:\/\/librairie7l.com\/en\/shop\/"},{"@type":"ListItem","position":3,"name":"THE RADICAL EYE : MODERNIST PHOTOGRAPHY FROM THE SIR ELTON JOHN COLLECTION"}]},{"@type":"WebSite","@id":"https:\/\/librairie7l.com\/en\/#website","url":"https:\/\/librairie7l.com\/en\/","name":"Librairie 7L","description":"Librairie fond\u00e9e en 1999 par Karl Lagerfeld \u00e0 Paris","publisher":{"@id":"https:\/\/librairie7l.com\/en\/#organization"},"potentialAction":[{"@type":"SearchAction","target":{"@type":"EntryPoint","urlTemplate":"https:\/\/librairie7l.com\/en\/?s={search_term_string}"},"query-input":"required name=search_term_string"}],"inLanguage":"en-US"},{"@type":"Organization","@id":"https:\/\/librairie7l.com\/en\/#organization","name":"Librairie 7L","url":"https:\/\/librairie7l.com\/en\/","logo":{"@type":"ImageObject","inLanguage":"en-US","@id":"https:\/\/librairie7l.com\/en\/#\/schema\/logo\/image\/","url":"https:\/\/librairie7l.com\/wp-content\/uploads\/2022\/08\/logo-1.png","contentUrl":"https:\/\/librairie7l.com\/wp-content\/uploads\/2022\/08\/logo-1.png","width":227,"height":301,"caption":"Librairie 7L"},"image":{"@id":"https:\/\/librairie7l.com\/en\/#\/schema\/logo\/image\/"}}]}},"_links":{"self":[{"href":"https:\/\/librairie7l.com\/en\/wp-json\/wp\/v2\/product\/46341"}],"collection":[{"href":"https:\/\/librairie7l.com\/en\/wp-json\/wp\/v2\/product"}],"about":[{"href":"https:\/\/librairie7l.com\/en\/wp-json\/wp\/v2\/types\/product"}],"wp:featuredmedia":[{"embeddable":true,"href":"https:\/\/librairie7l.com\/en\/wp-json\/wp\/v2\/media\/46339"}],"wp:attachment":[{"href":"https:\/\/librairie7l.com\/en\/wp-json\/wp\/v2\/media?parent=46341"}],"wp:term":[{"taxonomy":"product_cat","embeddable":true,"href":"https:\/\/librairie7l.com\/en\/wp-json\/wp\/v2\/product_cat?post=46341"},{"taxonomy":"product_tag","embeddable":true,"href":"https:\/\/librairie7l.com\/en\/wp-json\/wp\/v2\/product_tag?post=46341"}],"curies":[{"name":"wp","href":"https:\/\/api.w.org\/{rel}","templated":true}]}}