{"id":46396,"date":"2025-02-21T11:11:31","date_gmt":"2025-02-21T10:11:31","guid":{"rendered":"https:\/\/librairie7l.com\/?post_type=product&#038;p=46396"},"modified":"2026-04-21T20:07:03","modified_gmt":"2026-04-21T18:07:03","slug":"fils-perles-motifs-exclusifs-a-reproduire-sur-le-support-de-votre-choix-2","status":"publish","type":"product","link":"https:\/\/librairie7l.com\/en\/produit\/fils-perles-motifs-exclusifs-a-reproduire-sur-le-support-de-votre-choix-2\/","title":{"rendered":"FILS &AMP; PERLES MOTIFS EXCLUSIFS \u00c0 REPRODUIRE SUR LE SUPPORT DE VOTRE CHOIX"},"content":{"rendered":"<p>L&#8217;\u00c9cole de Broderie d&#8217;Art Pascal Jaouen vous propose de personnaliser vos v\u00eatements. Les diff\u00e9rents motifs pr\u00e9sent\u00e9s associent la perle et le glazig. Dans ce livret, tous les motifs peuvent \u00eatre r\u00e9alis\u00e9s sur une poche, sur le dos d&#8217;une veste, une manche, un col, un sac, etc.<\/p>\n","protected":false},"excerpt":{"rendered":"<p>L&#8217;\u00c9cole de Broderie d&#8217;Art Pascal Jaouen vous propose de personnaliser vos v\u00eatements. Les diff\u00e9rents motifs pr\u00e9sent\u00e9s associent la perle et le glazig. Dans ce livret, tous les motifs peuvent \u00eatre r\u00e9alis\u00e9s sur une poche, sur le dos d&#8217;une veste, une manche, un col, un sac, etc.<\/p>\n","protected":false},"featured_media":46394,"template":"","meta":[],"product_cat":[7364,2948],"product_tag":[],"acf":[],"yoast_head":"<!-- This site is optimized with the Yoast SEO plugin v20.11 - https:\/\/yoast.com\/wordpress\/plugins\/seo\/ -->\n<title>Fils &amp; perles motifs exclusifs \u00e0 reproduire sur le support de votre choix - Librairie 7L<\/title>\n<meta name=\"robots\" content=\"index, follow, max-snippet:-1, max-image-preview:large, max-video-preview:-1\" \/>\n<link rel=\"canonical\" href=\"https:\/\/librairie7l.com\/en\/produit\/fils-perles-motifs-exclusifs-a-reproduire-sur-le-support-de-votre-choix-2\/\" \/>\n<meta property=\"og:locale\" content=\"en_US\" \/>\n<meta property=\"og:type\" content=\"article\" \/>\n<meta property=\"og:title\" content=\"Fils &amp; perles motifs exclusifs \u00e0 reproduire sur le support de votre choix - Librairie 7L\" \/>\n<meta property=\"og:description\" content=\"L&#8217;\u00c9cole de Broderie d&#8217;Art Pascal Jaouen vous propose de personnaliser vos v\u00eatements. Les diff\u00e9rents motifs pr\u00e9sent\u00e9s associent la perle et le glazig. Dans ce livret, tous les motifs peuvent \u00eatre r\u00e9alis\u00e9s sur une poche, sur le dos d&#8217;une veste, une manche, un col, un sac, etc.\" \/>\n<meta property=\"og:url\" content=\"https:\/\/librairie7l.com\/en\/produit\/fils-perles-motifs-exclusifs-a-reproduire-sur-le-support-de-votre-choix-2\/\" \/>\n<meta property=\"og:site_name\" content=\"Librairie 7L\" \/>\n<meta property=\"article:modified_time\" content=\"2026-04-21T18:07:03+00:00\" \/>\n<meta property=\"og:image\" content=\"https:\/\/librairie7l.com\/wp-content\/uploads\/2018\/06\/9791091161213_1_75.jpg\" \/>\n\t<meta property=\"og:image:width\" content=\"557\" \/>\n\t<meta property=\"og:image:height\" content=\"798\" \/>\n\t<meta property=\"og:image:type\" content=\"image\/jpeg\" \/>\n<meta name=\"twitter:card\" content=\"summary_large_image\" \/>\n<script type=\"application\/ld+json\" class=\"yoast-schema-graph\">{\"@context\":\"https:\/\/schema.org\",\"@graph\":[{\"@type\":\"WebPage\",\"@id\":\"https:\/\/librairie7l.com\/en\/produit\/fils-perles-motifs-exclusifs-a-reproduire-sur-le-support-de-votre-choix-2\/\",\"url\":\"https:\/\/librairie7l.com\/en\/produit\/fils-perles-motifs-exclusifs-a-reproduire-sur-le-support-de-votre-choix-2\/\",\"name\":\"Fils &amp; perles motifs exclusifs \u00e0 reproduire sur le support de votre choix - Librairie 7L\",\"isPartOf\":{\"@id\":\"https:\/\/librairie7l.com\/en\/#website\"},\"datePublished\":\"2025-02-21T10:11:31+00:00\",\"dateModified\":\"2026-04-21T18:07:03+00:00\",\"breadcrumb\":{\"@id\":\"https:\/\/librairie7l.com\/en\/produit\/fils-perles-motifs-exclusifs-a-reproduire-sur-le-support-de-votre-choix-2\/#breadcrumb\"},\"inLanguage\":\"en-US\",\"potentialAction\":[{\"@type\":\"ReadAction\",\"target\":[\"https:\/\/librairie7l.com\/en\/produit\/fils-perles-motifs-exclusifs-a-reproduire-sur-le-support-de-votre-choix-2\/\"]}]},{\"@type\":\"BreadcrumbList\",\"@id\":\"https:\/\/librairie7l.com\/en\/produit\/fils-perles-motifs-exclusifs-a-reproduire-sur-le-support-de-votre-choix-2\/#breadcrumb\",\"itemListElement\":[{\"@type\":\"ListItem\",\"position\":1,\"name\":\"Accueil\",\"item\":\"https:\/\/librairie7l.com\/en\/\"},{\"@type\":\"ListItem\",\"position\":2,\"name\":\"Shop\",\"item\":\"https:\/\/librairie7l.com\/en\/shop\/\"},{\"@type\":\"ListItem\",\"position\":3,\"name\":\"FILS &AMP; PERLES MOTIFS EXCLUSIFS \u00c0 REPRODUIRE SUR LE SUPPORT DE VOTRE CHOIX\"}]},{\"@type\":\"WebSite\",\"@id\":\"https:\/\/librairie7l.com\/en\/#website\",\"url\":\"https:\/\/librairie7l.com\/en\/\",\"name\":\"Librairie 7L\",\"description\":\"Librairie fond\u00e9e en 1999 par Karl Lagerfeld \u00e0 Paris\",\"publisher\":{\"@id\":\"https:\/\/librairie7l.com\/en\/#organization\"},\"potentialAction\":[{\"@type\":\"SearchAction\",\"target\":{\"@type\":\"EntryPoint\",\"urlTemplate\":\"https:\/\/librairie7l.com\/en\/?s={search_term_string}\"},\"query-input\":\"required name=search_term_string\"}],\"inLanguage\":\"en-US\"},{\"@type\":\"Organization\",\"@id\":\"https:\/\/librairie7l.com\/en\/#organization\",\"name\":\"Librairie 7L\",\"url\":\"https:\/\/librairie7l.com\/en\/\",\"logo\":{\"@type\":\"ImageObject\",\"inLanguage\":\"en-US\",\"@id\":\"https:\/\/librairie7l.com\/en\/#\/schema\/logo\/image\/\",\"url\":\"https:\/\/librairie7l.com\/wp-content\/uploads\/2022\/08\/logo-1.png\",\"contentUrl\":\"https:\/\/librairie7l.com\/wp-content\/uploads\/2022\/08\/logo-1.png\",\"width\":227,\"height\":301,\"caption\":\"Librairie 7L\"},\"image\":{\"@id\":\"https:\/\/librairie7l.com\/en\/#\/schema\/logo\/image\/\"}}]}<\/script>\n<!-- \/ Yoast SEO plugin. -->","yoast_head_json":{"title":"Fils &amp; perles motifs exclusifs \u00e0 reproduire sur le support de votre choix - Librairie 7L","robots":{"index":"index","follow":"follow","max-snippet":"max-snippet:-1","max-image-preview":"max-image-preview:large","max-video-preview":"max-video-preview:-1"},"canonical":"https:\/\/librairie7l.com\/en\/produit\/fils-perles-motifs-exclusifs-a-reproduire-sur-le-support-de-votre-choix-2\/","og_locale":"en_US","og_type":"article","og_title":"Fils &amp; perles motifs exclusifs \u00e0 reproduire sur le support de votre choix - Librairie 7L","og_description":"L&#8217;\u00c9cole de Broderie d&#8217;Art Pascal Jaouen vous propose de personnaliser vos v\u00eatements. Les diff\u00e9rents motifs pr\u00e9sent\u00e9s associent la perle et le glazig. Dans ce livret, tous les motifs peuvent \u00eatre r\u00e9alis\u00e9s sur une poche, sur le dos d&#8217;une veste, une manche, un col, un sac, etc.","og_url":"https:\/\/librairie7l.com\/en\/produit\/fils-perles-motifs-exclusifs-a-reproduire-sur-le-support-de-votre-choix-2\/","og_site_name":"Librairie 7L","article_modified_time":"2026-04-21T18:07:03+00:00","og_image":[{"width":557,"height":798,"url":"https:\/\/librairie7l.com\/wp-content\/uploads\/2018\/06\/9791091161213_1_75.jpg","type":"image\/jpeg"}],"twitter_card":"summary_large_image","schema":{"@context":"https:\/\/schema.org","@graph":[{"@type":"WebPage","@id":"https:\/\/librairie7l.com\/en\/produit\/fils-perles-motifs-exclusifs-a-reproduire-sur-le-support-de-votre-choix-2\/","url":"https:\/\/librairie7l.com\/en\/produit\/fils-perles-motifs-exclusifs-a-reproduire-sur-le-support-de-votre-choix-2\/","name":"Fils &amp; perles motifs exclusifs \u00e0 reproduire sur le support de votre choix - Librairie 7L","isPartOf":{"@id":"https:\/\/librairie7l.com\/en\/#website"},"datePublished":"2025-02-21T10:11:31+00:00","dateModified":"2026-04-21T18:07:03+00:00","breadcrumb":{"@id":"https:\/\/librairie7l.com\/en\/produit\/fils-perles-motifs-exclusifs-a-reproduire-sur-le-support-de-votre-choix-2\/#breadcrumb"},"inLanguage":"en-US","potentialAction":[{"@type":"ReadAction","target":["https:\/\/librairie7l.com\/en\/produit\/fils-perles-motifs-exclusifs-a-reproduire-sur-le-support-de-votre-choix-2\/"]}]},{"@type":"BreadcrumbList","@id":"https:\/\/librairie7l.com\/en\/produit\/fils-perles-motifs-exclusifs-a-reproduire-sur-le-support-de-votre-choix-2\/#breadcrumb","itemListElement":[{"@type":"ListItem","position":1,"name":"Accueil","item":"https:\/\/librairie7l.com\/en\/"},{"@type":"ListItem","position":2,"name":"Shop","item":"https:\/\/librairie7l.com\/en\/shop\/"},{"@type":"ListItem","position":3,"name":"FILS &AMP; PERLES MOTIFS EXCLUSIFS \u00c0 REPRODUIRE SUR LE SUPPORT DE VOTRE CHOIX"}]},{"@type":"WebSite","@id":"https:\/\/librairie7l.com\/en\/#website","url":"https:\/\/librairie7l.com\/en\/","name":"Librairie 7L","description":"Librairie fond\u00e9e en 1999 par Karl Lagerfeld \u00e0 Paris","publisher":{"@id":"https:\/\/librairie7l.com\/en\/#organization"},"potentialAction":[{"@type":"SearchAction","target":{"@type":"EntryPoint","urlTemplate":"https:\/\/librairie7l.com\/en\/?s={search_term_string}"},"query-input":"required name=search_term_string"}],"inLanguage":"en-US"},{"@type":"Organization","@id":"https:\/\/librairie7l.com\/en\/#organization","name":"Librairie 7L","url":"https:\/\/librairie7l.com\/en\/","logo":{"@type":"ImageObject","inLanguage":"en-US","@id":"https:\/\/librairie7l.com\/en\/#\/schema\/logo\/image\/","url":"https:\/\/librairie7l.com\/wp-content\/uploads\/2022\/08\/logo-1.png","contentUrl":"https:\/\/librairie7l.com\/wp-content\/uploads\/2022\/08\/logo-1.png","width":227,"height":301,"caption":"Librairie 7L"},"image":{"@id":"https:\/\/librairie7l.com\/en\/#\/schema\/logo\/image\/"}}]}},"_links":{"self":[{"href":"https:\/\/librairie7l.com\/en\/wp-json\/wp\/v2\/product\/46396"}],"collection":[{"href":"https:\/\/librairie7l.com\/en\/wp-json\/wp\/v2\/product"}],"about":[{"href":"https:\/\/librairie7l.com\/en\/wp-json\/wp\/v2\/types\/product"}],"wp:featuredmedia":[{"embeddable":true,"href":"https:\/\/librairie7l.com\/en\/wp-json\/wp\/v2\/media\/46394"}],"wp:attachment":[{"href":"https:\/\/librairie7l.com\/en\/wp-json\/wp\/v2\/media?parent=46396"}],"wp:term":[{"taxonomy":"product_cat","embeddable":true,"href":"https:\/\/librairie7l.com\/en\/wp-json\/wp\/v2\/product_cat?post=46396"},{"taxonomy":"product_tag","embeddable":true,"href":"https:\/\/librairie7l.com\/en\/wp-json\/wp\/v2\/product_tag?post=46396"}],"curies":[{"name":"wp","href":"https:\/\/api.w.org\/{rel}","templated":true}]}}