{"id":46418,"date":"2025-02-22T09:18:01","date_gmt":"2025-02-22T08:18:01","guid":{"rendered":"https:\/\/librairie7l.com\/?post_type=product&#038;p=46418"},"modified":"2026-04-22T11:38:33","modified_gmt":"2026-04-22T09:38:33","slug":"compagnons-dune-vie-une-donation-a-la-piscine-2","status":"publish","type":"product","link":"https:\/\/librairie7l.com\/en\/produit\/compagnons-dune-vie-une-donation-a-la-piscine-2\/","title":{"rendered":"COMPAGNONS D&#8217;UNE VIE : UNE DONATION \u00c0 LA PISCINE"},"content":{"rendered":"<p>\u00ab Chantal et moi, nous avons eu la chance de faire ensemble un grand bout de chemin parmi des oeuvres d&#8217;art que nous aimions. Elles ont \u00e9t\u00e9 les t\u00e9moins de nos go\u00fbts, de nos int\u00e9r\u00eats intellectuels, de nos convictions, de nos affections. Le moment approchant o\u00f9 \u00ab il va falloir quitter tout cela \u00bb, nous avons pris le parti de convertir en bien commun ce dont nous \u00e9tions jusqu&#8217;alors seuls \u00e0 jouir : de l\u00e0 cette donation. Et comme collections et donations sont de beaux sujets d&#8217;\u00e9tude, nous nous sommes pris \u00e0 r\u00e9fl\u00e9chir \u00e0 notre pratique en la mati\u00e8re, ce que nous n&#8217;avions gu\u00e8re fait auparavant : \u00e0 nous la rappeler, \u00e0 tenter d&#8217;en identifier les ressorts. De l\u00e0 ce livre entre catalogue et essai, pr\u00e9sentation objective de la collection devenue donation et coup d&#8217;oeil r\u00e9trospectif &#8211; donc subjectif &#8211; sur ses tenants et aboutissants. \u00bb  &#8211; Pierre Georgel<\/p>\n","protected":false},"excerpt":{"rendered":"<p>\u00ab Chantal et moi, nous avons eu la chance de faire ensemble un grand bout de chemin parmi des oeuvres d&#8217;art que nous aimions. Elles ont \u00e9t\u00e9 les t\u00e9moins de nos go\u00fbts, de nos int\u00e9r\u00eats intellectuels, de nos convictions, de nos affections. Le moment approchant o\u00f9 \u00ab il va falloir quitter tout cela \u00bb, nous [&hellip;]<\/p>\n","protected":false},"featured_media":46416,"template":"","meta":[],"product_cat":[2948,2953],"product_tag":[],"acf":[],"yoast_head":"<!-- This site is optimized with the Yoast SEO plugin v20.11 - https:\/\/yoast.com\/wordpress\/plugins\/seo\/ -->\n<title>Compagnons d&#039;une vie : Une donation \u00e0 La Piscine - Librairie 7L<\/title>\n<meta name=\"robots\" content=\"index, follow, max-snippet:-1, max-image-preview:large, max-video-preview:-1\" \/>\n<link rel=\"canonical\" href=\"https:\/\/librairie7l.com\/en\/produit\/compagnons-dune-vie-une-donation-a-la-piscine-2\/\" \/>\n<meta property=\"og:locale\" content=\"en_US\" \/>\n<meta property=\"og:type\" content=\"article\" \/>\n<meta property=\"og:title\" content=\"Compagnons d&#039;une vie : Une donation \u00e0 La Piscine - Librairie 7L\" \/>\n<meta property=\"og:description\" content=\"\u00ab Chantal et moi, nous avons eu la chance de faire ensemble un grand bout de chemin parmi des oeuvres d&#8217;art que nous aimions. Elles ont \u00e9t\u00e9 les t\u00e9moins de nos go\u00fbts, de nos int\u00e9r\u00eats intellectuels, de nos convictions, de nos affections. Le moment approchant o\u00f9 \u00ab il va falloir quitter tout cela \u00bb, nous [&hellip;]\" \/>\n<meta property=\"og:url\" content=\"https:\/\/librairie7l.com\/en\/produit\/compagnons-dune-vie-une-donation-a-la-piscine-2\/\" \/>\n<meta property=\"og:site_name\" content=\"Librairie 7L\" \/>\n<meta property=\"article:modified_time\" content=\"2026-04-22T09:38:33+00:00\" \/>\n<meta property=\"og:image\" content=\"https:\/\/librairie7l.com\/wp-content\/uploads\/2023\/12\/9788836656844_1_75.jpg\" \/>\n\t<meta property=\"og:image:width\" content=\"600\" \/>\n\t<meta property=\"og:image:height\" content=\"836\" \/>\n\t<meta property=\"og:image:type\" content=\"image\/jpeg\" \/>\n<meta name=\"twitter:card\" content=\"summary_large_image\" \/>\n<meta name=\"twitter:label1\" content=\"Est. reading time\" \/>\n\t<meta name=\"twitter:data1\" content=\"1 minute\" \/>\n<script type=\"application\/ld+json\" class=\"yoast-schema-graph\">{\"@context\":\"https:\/\/schema.org\",\"@graph\":[{\"@type\":\"WebPage\",\"@id\":\"https:\/\/librairie7l.com\/en\/produit\/compagnons-dune-vie-une-donation-a-la-piscine-2\/\",\"url\":\"https:\/\/librairie7l.com\/en\/produit\/compagnons-dune-vie-une-donation-a-la-piscine-2\/\",\"name\":\"Compagnons d'une vie : Une donation \u00e0 La Piscine - Librairie 7L\",\"isPartOf\":{\"@id\":\"https:\/\/librairie7l.com\/en\/#website\"},\"datePublished\":\"2025-02-22T08:18:01+00:00\",\"dateModified\":\"2026-04-22T09:38:33+00:00\",\"breadcrumb\":{\"@id\":\"https:\/\/librairie7l.com\/en\/produit\/compagnons-dune-vie-une-donation-a-la-piscine-2\/#breadcrumb\"},\"inLanguage\":\"en-US\",\"potentialAction\":[{\"@type\":\"ReadAction\",\"target\":[\"https:\/\/librairie7l.com\/en\/produit\/compagnons-dune-vie-une-donation-a-la-piscine-2\/\"]}]},{\"@type\":\"BreadcrumbList\",\"@id\":\"https:\/\/librairie7l.com\/en\/produit\/compagnons-dune-vie-une-donation-a-la-piscine-2\/#breadcrumb\",\"itemListElement\":[{\"@type\":\"ListItem\",\"position\":1,\"name\":\"Accueil\",\"item\":\"https:\/\/librairie7l.com\/en\/\"},{\"@type\":\"ListItem\",\"position\":2,\"name\":\"Shop\",\"item\":\"https:\/\/librairie7l.com\/en\/shop\/\"},{\"@type\":\"ListItem\",\"position\":3,\"name\":\"COMPAGNONS D&#8217;UNE VIE : UNE DONATION \u00c0 LA PISCINE\"}]},{\"@type\":\"WebSite\",\"@id\":\"https:\/\/librairie7l.com\/en\/#website\",\"url\":\"https:\/\/librairie7l.com\/en\/\",\"name\":\"Librairie 7L\",\"description\":\"Librairie fond\u00e9e en 1999 par Karl Lagerfeld \u00e0 Paris\",\"publisher\":{\"@id\":\"https:\/\/librairie7l.com\/en\/#organization\"},\"potentialAction\":[{\"@type\":\"SearchAction\",\"target\":{\"@type\":\"EntryPoint\",\"urlTemplate\":\"https:\/\/librairie7l.com\/en\/?s={search_term_string}\"},\"query-input\":\"required name=search_term_string\"}],\"inLanguage\":\"en-US\"},{\"@type\":\"Organization\",\"@id\":\"https:\/\/librairie7l.com\/en\/#organization\",\"name\":\"Librairie 7L\",\"url\":\"https:\/\/librairie7l.com\/en\/\",\"logo\":{\"@type\":\"ImageObject\",\"inLanguage\":\"en-US\",\"@id\":\"https:\/\/librairie7l.com\/en\/#\/schema\/logo\/image\/\",\"url\":\"https:\/\/librairie7l.com\/wp-content\/uploads\/2022\/08\/logo-1.png\",\"contentUrl\":\"https:\/\/librairie7l.com\/wp-content\/uploads\/2022\/08\/logo-1.png\",\"width\":227,\"height\":301,\"caption\":\"Librairie 7L\"},\"image\":{\"@id\":\"https:\/\/librairie7l.com\/en\/#\/schema\/logo\/image\/\"}}]}<\/script>\n<!-- \/ Yoast SEO plugin. -->","yoast_head_json":{"title":"Compagnons d'une vie : Une donation \u00e0 La Piscine - Librairie 7L","robots":{"index":"index","follow":"follow","max-snippet":"max-snippet:-1","max-image-preview":"max-image-preview:large","max-video-preview":"max-video-preview:-1"},"canonical":"https:\/\/librairie7l.com\/en\/produit\/compagnons-dune-vie-une-donation-a-la-piscine-2\/","og_locale":"en_US","og_type":"article","og_title":"Compagnons d'une vie : Une donation \u00e0 La Piscine - Librairie 7L","og_description":"\u00ab Chantal et moi, nous avons eu la chance de faire ensemble un grand bout de chemin parmi des oeuvres d&#8217;art que nous aimions. Elles ont \u00e9t\u00e9 les t\u00e9moins de nos go\u00fbts, de nos int\u00e9r\u00eats intellectuels, de nos convictions, de nos affections. Le moment approchant o\u00f9 \u00ab il va falloir quitter tout cela \u00bb, nous [&hellip;]","og_url":"https:\/\/librairie7l.com\/en\/produit\/compagnons-dune-vie-une-donation-a-la-piscine-2\/","og_site_name":"Librairie 7L","article_modified_time":"2026-04-22T09:38:33+00:00","og_image":[{"width":600,"height":836,"url":"https:\/\/librairie7l.com\/wp-content\/uploads\/2023\/12\/9788836656844_1_75.jpg","type":"image\/jpeg"}],"twitter_card":"summary_large_image","twitter_misc":{"Est. reading time":"1 minute"},"schema":{"@context":"https:\/\/schema.org","@graph":[{"@type":"WebPage","@id":"https:\/\/librairie7l.com\/en\/produit\/compagnons-dune-vie-une-donation-a-la-piscine-2\/","url":"https:\/\/librairie7l.com\/en\/produit\/compagnons-dune-vie-une-donation-a-la-piscine-2\/","name":"Compagnons d'une vie : Une donation \u00e0 La Piscine - Librairie 7L","isPartOf":{"@id":"https:\/\/librairie7l.com\/en\/#website"},"datePublished":"2025-02-22T08:18:01+00:00","dateModified":"2026-04-22T09:38:33+00:00","breadcrumb":{"@id":"https:\/\/librairie7l.com\/en\/produit\/compagnons-dune-vie-une-donation-a-la-piscine-2\/#breadcrumb"},"inLanguage":"en-US","potentialAction":[{"@type":"ReadAction","target":["https:\/\/librairie7l.com\/en\/produit\/compagnons-dune-vie-une-donation-a-la-piscine-2\/"]}]},{"@type":"BreadcrumbList","@id":"https:\/\/librairie7l.com\/en\/produit\/compagnons-dune-vie-une-donation-a-la-piscine-2\/#breadcrumb","itemListElement":[{"@type":"ListItem","position":1,"name":"Accueil","item":"https:\/\/librairie7l.com\/en\/"},{"@type":"ListItem","position":2,"name":"Shop","item":"https:\/\/librairie7l.com\/en\/shop\/"},{"@type":"ListItem","position":3,"name":"COMPAGNONS D&#8217;UNE VIE : UNE DONATION \u00c0 LA PISCINE"}]},{"@type":"WebSite","@id":"https:\/\/librairie7l.com\/en\/#website","url":"https:\/\/librairie7l.com\/en\/","name":"Librairie 7L","description":"Librairie fond\u00e9e en 1999 par Karl Lagerfeld \u00e0 Paris","publisher":{"@id":"https:\/\/librairie7l.com\/en\/#organization"},"potentialAction":[{"@type":"SearchAction","target":{"@type":"EntryPoint","urlTemplate":"https:\/\/librairie7l.com\/en\/?s={search_term_string}"},"query-input":"required name=search_term_string"}],"inLanguage":"en-US"},{"@type":"Organization","@id":"https:\/\/librairie7l.com\/en\/#organization","name":"Librairie 7L","url":"https:\/\/librairie7l.com\/en\/","logo":{"@type":"ImageObject","inLanguage":"en-US","@id":"https:\/\/librairie7l.com\/en\/#\/schema\/logo\/image\/","url":"https:\/\/librairie7l.com\/wp-content\/uploads\/2022\/08\/logo-1.png","contentUrl":"https:\/\/librairie7l.com\/wp-content\/uploads\/2022\/08\/logo-1.png","width":227,"height":301,"caption":"Librairie 7L"},"image":{"@id":"https:\/\/librairie7l.com\/en\/#\/schema\/logo\/image\/"}}]}},"_links":{"self":[{"href":"https:\/\/librairie7l.com\/en\/wp-json\/wp\/v2\/product\/46418"}],"collection":[{"href":"https:\/\/librairie7l.com\/en\/wp-json\/wp\/v2\/product"}],"about":[{"href":"https:\/\/librairie7l.com\/en\/wp-json\/wp\/v2\/types\/product"}],"wp:featuredmedia":[{"embeddable":true,"href":"https:\/\/librairie7l.com\/en\/wp-json\/wp\/v2\/media\/46416"}],"wp:attachment":[{"href":"https:\/\/librairie7l.com\/en\/wp-json\/wp\/v2\/media?parent=46418"}],"wp:term":[{"taxonomy":"product_cat","embeddable":true,"href":"https:\/\/librairie7l.com\/en\/wp-json\/wp\/v2\/product_cat?post=46418"},{"taxonomy":"product_tag","embeddable":true,"href":"https:\/\/librairie7l.com\/en\/wp-json\/wp\/v2\/product_tag?post=46418"}],"curies":[{"name":"wp","href":"https:\/\/api.w.org\/{rel}","templated":true}]}}