{"id":46422,"date":"2025-02-22T09:18:04","date_gmt":"2025-02-22T08:18:04","guid":{"rendered":"https:\/\/librairie7l.com\/?post_type=product&#038;p=46422"},"modified":"2026-04-17T15:44:22","modified_gmt":"2026-04-17T13:44:22","slug":"brown-fleming-and-the-haarlem-collection-the-european-production-of-wax-prints-for-west-africa-2","status":"publish","type":"product","link":"https:\/\/librairie7l.com\/en\/produit\/brown-fleming-and-the-haarlem-collection-the-european-production-of-wax-prints-for-west-africa-2\/","title":{"rendered":"BROWN FLEMING AND THE HAARLEM COLLECTION : THE EUROPEAN PRODUCTION OF WAX PRINTS FOR WEST-AFRICA"},"content":{"rendered":"<p>Cet ouvrage d\u00e9taille la mani\u00e8re dont les copies du batik indon\u00e9sien, fabriqu\u00e9es en Europe et initialement destin\u00e9es au march\u00e9 de l&#8217;Asie du Sud-Est, ont connu un succ\u00e8s inattendu sur la c\u00f4te ouest de l&#8217;Afrique \u00e0 la fin du XIXe si\u00e8cle. Le marchand \u00e9cossais Brown Fleming introduit les premi\u00e8res imitations de batik imprim\u00e9 \u00e0 la cire faites par Pr\u00e9vinaire et produites aux Pays-Bas, et les adapte au go\u00fbt de la client\u00e8le africaine.    De nouvelles recherches s&#8217;appuyant sur les archives n\u00e9erlandaises, anglaises et suisses ont permis non seulement de reconstituer les premi\u00e8res collections, mais aussi de donner un aper\u00e7u de l&#8217;\u00e9volution du wax hollandais en Europe depuis ses d\u00e9buts jusqu&#8217;\u00e0 la derni\u00e8re entreprise survivante, Vlisco, \u00e0 Helmond (Pays-Bas), qui imprime encore ces classiques aujourd&#8217;hui.   Le plus passionnant est la d\u00e9couverte d&#8217;\u00e9chantillons des premiers wax en parfait \u00e9tat. Brown Fleming a enregistr\u00e9 environ 250 mod\u00e8les entre 1895 et 1912. Le registre et le propri\u00e9taire ont conserv\u00e9 une copie de chaque repr\u00e9sentation. Ces copies ont \u00e9t\u00e9 conserv\u00e9es aux Archives nationales de Kew, \u00e0 Londres, et aux archives Brunnschweiler, conserv\u00e9es \u00e0 la Withworth Art Gallery, \u00e0 l&#8217;Universit\u00e9 de Manchester. Ce livre donnera \u00e0 voir les originaux pour la toute premi\u00e8re fois. Beaucoup de ces mod\u00e8les sont encore tr\u00e8s populaires de nos jours et sont devenus un arch\u00e9type du v\u00eatement et du patrimoine culturel africain. L&#8217;ouvrage comprendra \u00e9galement des photographies de personnes d&#8217;Afrique de l&#8217;Ouest, portant ces v\u00eatements aux motifs c\u00e9l\u00e8bres, \u00e0 partir des ann\u00e9es 1900.<\/p>\n","protected":false},"excerpt":{"rendered":"<p>Cet ouvrage d\u00e9taille la mani\u00e8re dont les copies du batik indon\u00e9sien, fabriqu\u00e9es en Europe et initialement destin\u00e9es au march\u00e9 de l&#8217;Asie du Sud-Est, ont connu un succ\u00e8s inattendu sur la c\u00f4te ouest de l&#8217;Afrique \u00e0 la fin du XIXe si\u00e8cle. Le marchand \u00e9cossais Brown Fleming introduit les premi\u00e8res imitations de batik imprim\u00e9 \u00e0 la cire [&hellip;]<\/p>\n","protected":false},"featured_media":46420,"template":"","meta":[],"product_cat":[2948,2953],"product_tag":[],"acf":[],"yoast_head":"<!-- This site is optimized with the Yoast SEO plugin v20.11 - https:\/\/yoast.com\/wordpress\/plugins\/seo\/ -->\n<title>Brown fleming and the haarlem collection : the european production of wax prints for west-africa - Librairie 7L<\/title>\n<meta name=\"robots\" content=\"index, follow, max-snippet:-1, max-image-preview:large, max-video-preview:-1\" \/>\n<link rel=\"canonical\" href=\"https:\/\/librairie7l.com\/en\/produit\/brown-fleming-and-the-haarlem-collection-the-european-production-of-wax-prints-for-west-africa-2\/\" \/>\n<meta property=\"og:locale\" content=\"en_US\" \/>\n<meta property=\"og:type\" content=\"article\" \/>\n<meta property=\"og:title\" content=\"Brown fleming and the haarlem collection : the european production of wax prints for west-africa - Librairie 7L\" \/>\n<meta property=\"og:description\" content=\"Cet ouvrage d\u00e9taille la mani\u00e8re dont les copies du batik indon\u00e9sien, fabriqu\u00e9es en Europe et initialement destin\u00e9es au march\u00e9 de l&#8217;Asie du Sud-Est, ont connu un succ\u00e8s inattendu sur la c\u00f4te ouest de l&#8217;Afrique \u00e0 la fin du XIXe si\u00e8cle. Le marchand \u00e9cossais Brown Fleming introduit les premi\u00e8res imitations de batik imprim\u00e9 \u00e0 la cire [&hellip;]\" \/>\n<meta property=\"og:url\" content=\"https:\/\/librairie7l.com\/en\/produit\/brown-fleming-and-the-haarlem-collection-the-european-production-of-wax-prints-for-west-africa-2\/\" \/>\n<meta property=\"og:site_name\" content=\"Librairie 7L\" \/>\n<meta property=\"article:modified_time\" content=\"2026-04-17T13:44:22+00:00\" \/>\n<meta property=\"og:image\" content=\"https:\/\/librairie7l.com\/wp-content\/uploads\/2024\/06\/9788836658749_1_75.jpg\" \/>\n\t<meta property=\"og:image:width\" content=\"600\" \/>\n\t<meta property=\"og:image:height\" content=\"742\" \/>\n\t<meta property=\"og:image:type\" content=\"image\/jpeg\" \/>\n<meta name=\"twitter:card\" content=\"summary_large_image\" \/>\n<meta name=\"twitter:label1\" content=\"Est. reading time\" \/>\n\t<meta name=\"twitter:data1\" content=\"1 minute\" \/>\n<script type=\"application\/ld+json\" class=\"yoast-schema-graph\">{\"@context\":\"https:\/\/schema.org\",\"@graph\":[{\"@type\":\"WebPage\",\"@id\":\"https:\/\/librairie7l.com\/en\/produit\/brown-fleming-and-the-haarlem-collection-the-european-production-of-wax-prints-for-west-africa-2\/\",\"url\":\"https:\/\/librairie7l.com\/en\/produit\/brown-fleming-and-the-haarlem-collection-the-european-production-of-wax-prints-for-west-africa-2\/\",\"name\":\"Brown fleming and the haarlem collection : the european production of wax prints for west-africa - Librairie 7L\",\"isPartOf\":{\"@id\":\"https:\/\/librairie7l.com\/en\/#website\"},\"datePublished\":\"2025-02-22T08:18:04+00:00\",\"dateModified\":\"2026-04-17T13:44:22+00:00\",\"breadcrumb\":{\"@id\":\"https:\/\/librairie7l.com\/en\/produit\/brown-fleming-and-the-haarlem-collection-the-european-production-of-wax-prints-for-west-africa-2\/#breadcrumb\"},\"inLanguage\":\"en-US\",\"potentialAction\":[{\"@type\":\"ReadAction\",\"target\":[\"https:\/\/librairie7l.com\/en\/produit\/brown-fleming-and-the-haarlem-collection-the-european-production-of-wax-prints-for-west-africa-2\/\"]}]},{\"@type\":\"BreadcrumbList\",\"@id\":\"https:\/\/librairie7l.com\/en\/produit\/brown-fleming-and-the-haarlem-collection-the-european-production-of-wax-prints-for-west-africa-2\/#breadcrumb\",\"itemListElement\":[{\"@type\":\"ListItem\",\"position\":1,\"name\":\"Accueil\",\"item\":\"https:\/\/librairie7l.com\/en\/\"},{\"@type\":\"ListItem\",\"position\":2,\"name\":\"Shop\",\"item\":\"https:\/\/librairie7l.com\/en\/shop\/\"},{\"@type\":\"ListItem\",\"position\":3,\"name\":\"BROWN FLEMING AND THE HAARLEM COLLECTION : THE EUROPEAN PRODUCTION OF WAX PRINTS FOR WEST-AFRICA\"}]},{\"@type\":\"WebSite\",\"@id\":\"https:\/\/librairie7l.com\/en\/#website\",\"url\":\"https:\/\/librairie7l.com\/en\/\",\"name\":\"Librairie 7L\",\"description\":\"Librairie fond\u00e9e en 1999 par Karl Lagerfeld \u00e0 Paris\",\"publisher\":{\"@id\":\"https:\/\/librairie7l.com\/en\/#organization\"},\"potentialAction\":[{\"@type\":\"SearchAction\",\"target\":{\"@type\":\"EntryPoint\",\"urlTemplate\":\"https:\/\/librairie7l.com\/en\/?s={search_term_string}\"},\"query-input\":\"required name=search_term_string\"}],\"inLanguage\":\"en-US\"},{\"@type\":\"Organization\",\"@id\":\"https:\/\/librairie7l.com\/en\/#organization\",\"name\":\"Librairie 7L\",\"url\":\"https:\/\/librairie7l.com\/en\/\",\"logo\":{\"@type\":\"ImageObject\",\"inLanguage\":\"en-US\",\"@id\":\"https:\/\/librairie7l.com\/en\/#\/schema\/logo\/image\/\",\"url\":\"https:\/\/librairie7l.com\/wp-content\/uploads\/2022\/08\/logo-1.png\",\"contentUrl\":\"https:\/\/librairie7l.com\/wp-content\/uploads\/2022\/08\/logo-1.png\",\"width\":227,\"height\":301,\"caption\":\"Librairie 7L\"},\"image\":{\"@id\":\"https:\/\/librairie7l.com\/en\/#\/schema\/logo\/image\/\"}}]}<\/script>\n<!-- \/ Yoast SEO plugin. -->","yoast_head_json":{"title":"Brown fleming and the haarlem collection : the european production of wax prints for west-africa - Librairie 7L","robots":{"index":"index","follow":"follow","max-snippet":"max-snippet:-1","max-image-preview":"max-image-preview:large","max-video-preview":"max-video-preview:-1"},"canonical":"https:\/\/librairie7l.com\/en\/produit\/brown-fleming-and-the-haarlem-collection-the-european-production-of-wax-prints-for-west-africa-2\/","og_locale":"en_US","og_type":"article","og_title":"Brown fleming and the haarlem collection : the european production of wax prints for west-africa - Librairie 7L","og_description":"Cet ouvrage d\u00e9taille la mani\u00e8re dont les copies du batik indon\u00e9sien, fabriqu\u00e9es en Europe et initialement destin\u00e9es au march\u00e9 de l&#8217;Asie du Sud-Est, ont connu un succ\u00e8s inattendu sur la c\u00f4te ouest de l&#8217;Afrique \u00e0 la fin du XIXe si\u00e8cle. Le marchand \u00e9cossais Brown Fleming introduit les premi\u00e8res imitations de batik imprim\u00e9 \u00e0 la cire [&hellip;]","og_url":"https:\/\/librairie7l.com\/en\/produit\/brown-fleming-and-the-haarlem-collection-the-european-production-of-wax-prints-for-west-africa-2\/","og_site_name":"Librairie 7L","article_modified_time":"2026-04-17T13:44:22+00:00","og_image":[{"width":600,"height":742,"url":"https:\/\/librairie7l.com\/wp-content\/uploads\/2024\/06\/9788836658749_1_75.jpg","type":"image\/jpeg"}],"twitter_card":"summary_large_image","twitter_misc":{"Est. reading time":"1 minute"},"schema":{"@context":"https:\/\/schema.org","@graph":[{"@type":"WebPage","@id":"https:\/\/librairie7l.com\/en\/produit\/brown-fleming-and-the-haarlem-collection-the-european-production-of-wax-prints-for-west-africa-2\/","url":"https:\/\/librairie7l.com\/en\/produit\/brown-fleming-and-the-haarlem-collection-the-european-production-of-wax-prints-for-west-africa-2\/","name":"Brown fleming and the haarlem collection : the european production of wax prints for west-africa - Librairie 7L","isPartOf":{"@id":"https:\/\/librairie7l.com\/en\/#website"},"datePublished":"2025-02-22T08:18:04+00:00","dateModified":"2026-04-17T13:44:22+00:00","breadcrumb":{"@id":"https:\/\/librairie7l.com\/en\/produit\/brown-fleming-and-the-haarlem-collection-the-european-production-of-wax-prints-for-west-africa-2\/#breadcrumb"},"inLanguage":"en-US","potentialAction":[{"@type":"ReadAction","target":["https:\/\/librairie7l.com\/en\/produit\/brown-fleming-and-the-haarlem-collection-the-european-production-of-wax-prints-for-west-africa-2\/"]}]},{"@type":"BreadcrumbList","@id":"https:\/\/librairie7l.com\/en\/produit\/brown-fleming-and-the-haarlem-collection-the-european-production-of-wax-prints-for-west-africa-2\/#breadcrumb","itemListElement":[{"@type":"ListItem","position":1,"name":"Accueil","item":"https:\/\/librairie7l.com\/en\/"},{"@type":"ListItem","position":2,"name":"Shop","item":"https:\/\/librairie7l.com\/en\/shop\/"},{"@type":"ListItem","position":3,"name":"BROWN FLEMING AND THE HAARLEM COLLECTION : THE EUROPEAN PRODUCTION OF WAX PRINTS FOR WEST-AFRICA"}]},{"@type":"WebSite","@id":"https:\/\/librairie7l.com\/en\/#website","url":"https:\/\/librairie7l.com\/en\/","name":"Librairie 7L","description":"Librairie fond\u00e9e en 1999 par Karl Lagerfeld \u00e0 Paris","publisher":{"@id":"https:\/\/librairie7l.com\/en\/#organization"},"potentialAction":[{"@type":"SearchAction","target":{"@type":"EntryPoint","urlTemplate":"https:\/\/librairie7l.com\/en\/?s={search_term_string}"},"query-input":"required name=search_term_string"}],"inLanguage":"en-US"},{"@type":"Organization","@id":"https:\/\/librairie7l.com\/en\/#organization","name":"Librairie 7L","url":"https:\/\/librairie7l.com\/en\/","logo":{"@type":"ImageObject","inLanguage":"en-US","@id":"https:\/\/librairie7l.com\/en\/#\/schema\/logo\/image\/","url":"https:\/\/librairie7l.com\/wp-content\/uploads\/2022\/08\/logo-1.png","contentUrl":"https:\/\/librairie7l.com\/wp-content\/uploads\/2022\/08\/logo-1.png","width":227,"height":301,"caption":"Librairie 7L"},"image":{"@id":"https:\/\/librairie7l.com\/en\/#\/schema\/logo\/image\/"}}]}},"_links":{"self":[{"href":"https:\/\/librairie7l.com\/en\/wp-json\/wp\/v2\/product\/46422"}],"collection":[{"href":"https:\/\/librairie7l.com\/en\/wp-json\/wp\/v2\/product"}],"about":[{"href":"https:\/\/librairie7l.com\/en\/wp-json\/wp\/v2\/types\/product"}],"wp:featuredmedia":[{"embeddable":true,"href":"https:\/\/librairie7l.com\/en\/wp-json\/wp\/v2\/media\/46420"}],"wp:attachment":[{"href":"https:\/\/librairie7l.com\/en\/wp-json\/wp\/v2\/media?parent=46422"}],"wp:term":[{"taxonomy":"product_cat","embeddable":true,"href":"https:\/\/librairie7l.com\/en\/wp-json\/wp\/v2\/product_cat?post=46422"},{"taxonomy":"product_tag","embeddable":true,"href":"https:\/\/librairie7l.com\/en\/wp-json\/wp\/v2\/product_tag?post=46422"}],"curies":[{"name":"wp","href":"https:\/\/api.w.org\/{rel}","templated":true}]}}