{"id":46444,"date":"2025-02-26T09:17:51","date_gmt":"2025-02-26T08:17:51","guid":{"rendered":"https:\/\/librairie7l.com\/?post_type=product&#038;p=46444"},"modified":"2026-04-22T09:57:47","modified_gmt":"2026-04-22T07:57:47","slug":"oser-le-nu-le-nu-represente-par-les-artistes-femmes-2","status":"publish","type":"product","link":"https:\/\/librairie7l.com\/en\/produit\/oser-le-nu-le-nu-represente-par-les-artistes-femmes-2\/","title":{"rendered":"OSER LE NU : LE NU REPR\u00c9SENT\u00c9 PAR LES ARTISTES FEMMES"},"content":{"rendered":"<p>Le \u00abfemale gaze\u00bb en histoire de l&#8217;art existe-t-il et en particulier sur le nu ? Il semble \u00e9tabli qu&#8217;il n&#8217;ait pas exist\u00e9 : les femmes n&#8217;ont pas eu acc\u00e8s aux cours de nu&#8230; n&#8217;ont pas os\u00e9&#8230; n&#8217;ont rien \u00e0 dire&#8230; Ou n&#8217;est-ce pas le contraire ? N&#8217;est-ce pas nous, collectivement, qui n&#8217;avons pas su et ne savons toujours pas regarder le nu vu par les femmes ? Du XVI? au XX? si\u00e8cle, l&#8217;ouvrage retrace l&#8217;histoire de l&#8217;art et replace les nus de ces artistes femmes dans leur temps. Hildegarde von Bingen, Artemisia Gentileschi, Imogen Cunningham, Paula Modersohn-Becker, Suzanne Valadon, Amrita Sher-Gil, Tarsila do Amaral, Faith Ringgold, Martha Rosler, Cindy Sherman, Louise Bougeois, Alice Neel sont quelques-unes des nombreuses artistes \u00e0 avoir repr\u00e9sent\u00e9 le corps nu, chacune \u00e0 leur \u00e9poque, gr\u00e2ce \u00e0 leur talent mais aussi leurs connaissances anatomiques bien r\u00e9elles. Le nu vu par les artistes femmes pose \u00e9galement la question de l&#8217;appropriation d&#8217;un corps si souvent pens\u00e9 uniquement comme \u00e9tant repr\u00e9sent\u00e9 par les hommes, selon des traditions europ\u00e9ennes et h\u00e9t\u00e9ronorm\u00e9es. Et si les femmes portaient tout simplement un autre regard sur la nudit\u00e9 ?<\/p>\n","protected":false},"excerpt":{"rendered":"<p>Le \u00abfemale gaze\u00bb en histoire de l&#8217;art existe-t-il et en particulier sur le nu ? Il semble \u00e9tabli qu&#8217;il n&#8217;ait pas exist\u00e9 : les femmes n&#8217;ont pas eu acc\u00e8s aux cours de nu&#8230; n&#8217;ont pas os\u00e9&#8230; n&#8217;ont rien \u00e0 dire&#8230; Ou n&#8217;est-ce pas le contraire ? N&#8217;est-ce pas nous, collectivement, qui n&#8217;avons pas su et [&hellip;]<\/p>\n","protected":false},"featured_media":46442,"template":"","meta":[],"product_cat":[2948,2953],"product_tag":[],"acf":[],"yoast_head":"<!-- This site is optimized with the Yoast SEO plugin v20.11 - https:\/\/yoast.com\/wordpress\/plugins\/seo\/ -->\n<title>Oser le nu : Le nu repr\u00e9sent\u00e9 par les artistes femmes - Librairie 7L<\/title>\n<meta name=\"robots\" content=\"index, follow, max-snippet:-1, max-image-preview:large, max-video-preview:-1\" \/>\n<link rel=\"canonical\" href=\"https:\/\/librairie7l.com\/en\/produit\/oser-le-nu-le-nu-represente-par-les-artistes-femmes-2\/\" \/>\n<meta property=\"og:locale\" content=\"en_US\" \/>\n<meta property=\"og:type\" content=\"article\" \/>\n<meta property=\"og:title\" content=\"Oser le nu : Le nu repr\u00e9sent\u00e9 par les artistes femmes - Librairie 7L\" \/>\n<meta property=\"og:description\" content=\"Le \u00abfemale gaze\u00bb en histoire de l&#8217;art existe-t-il et en particulier sur le nu ? Il semble \u00e9tabli qu&#8217;il n&#8217;ait pas exist\u00e9 : les femmes n&#8217;ont pas eu acc\u00e8s aux cours de nu&#8230; n&#8217;ont pas os\u00e9&#8230; n&#8217;ont rien \u00e0 dire&#8230; Ou n&#8217;est-ce pas le contraire ? N&#8217;est-ce pas nous, collectivement, qui n&#8217;avons pas su et [&hellip;]\" \/>\n<meta property=\"og:url\" content=\"https:\/\/librairie7l.com\/en\/produit\/oser-le-nu-le-nu-represente-par-les-artistes-femmes-2\/\" \/>\n<meta property=\"og:site_name\" content=\"Librairie 7L\" \/>\n<meta property=\"article:modified_time\" content=\"2026-04-22T07:57:47+00:00\" \/>\n<meta property=\"og:image\" content=\"https:\/\/librairie7l.com\/wp-content\/uploads\/2024\/10\/9782080467836_1_75.jpg\" \/>\n\t<meta property=\"og:image:width\" content=\"600\" \/>\n\t<meta property=\"og:image:height\" content=\"832\" \/>\n\t<meta property=\"og:image:type\" content=\"image\/jpeg\" \/>\n<meta name=\"twitter:card\" content=\"summary_large_image\" \/>\n<meta name=\"twitter:label1\" content=\"Est. reading time\" \/>\n\t<meta name=\"twitter:data1\" content=\"1 minute\" \/>\n<script type=\"application\/ld+json\" class=\"yoast-schema-graph\">{\"@context\":\"https:\/\/schema.org\",\"@graph\":[{\"@type\":\"WebPage\",\"@id\":\"https:\/\/librairie7l.com\/en\/produit\/oser-le-nu-le-nu-represente-par-les-artistes-femmes-2\/\",\"url\":\"https:\/\/librairie7l.com\/en\/produit\/oser-le-nu-le-nu-represente-par-les-artistes-femmes-2\/\",\"name\":\"Oser le nu : Le nu repr\u00e9sent\u00e9 par les artistes femmes - Librairie 7L\",\"isPartOf\":{\"@id\":\"https:\/\/librairie7l.com\/en\/#website\"},\"datePublished\":\"2025-02-26T08:17:51+00:00\",\"dateModified\":\"2026-04-22T07:57:47+00:00\",\"breadcrumb\":{\"@id\":\"https:\/\/librairie7l.com\/en\/produit\/oser-le-nu-le-nu-represente-par-les-artistes-femmes-2\/#breadcrumb\"},\"inLanguage\":\"en-US\",\"potentialAction\":[{\"@type\":\"ReadAction\",\"target\":[\"https:\/\/librairie7l.com\/en\/produit\/oser-le-nu-le-nu-represente-par-les-artistes-femmes-2\/\"]}]},{\"@type\":\"BreadcrumbList\",\"@id\":\"https:\/\/librairie7l.com\/en\/produit\/oser-le-nu-le-nu-represente-par-les-artistes-femmes-2\/#breadcrumb\",\"itemListElement\":[{\"@type\":\"ListItem\",\"position\":1,\"name\":\"Accueil\",\"item\":\"https:\/\/librairie7l.com\/en\/\"},{\"@type\":\"ListItem\",\"position\":2,\"name\":\"Shop\",\"item\":\"https:\/\/librairie7l.com\/en\/shop\/\"},{\"@type\":\"ListItem\",\"position\":3,\"name\":\"OSER LE NU : LE NU REPR\u00c9SENT\u00c9 PAR LES ARTISTES FEMMES\"}]},{\"@type\":\"WebSite\",\"@id\":\"https:\/\/librairie7l.com\/en\/#website\",\"url\":\"https:\/\/librairie7l.com\/en\/\",\"name\":\"Librairie 7L\",\"description\":\"Librairie fond\u00e9e en 1999 par Karl Lagerfeld \u00e0 Paris\",\"publisher\":{\"@id\":\"https:\/\/librairie7l.com\/en\/#organization\"},\"potentialAction\":[{\"@type\":\"SearchAction\",\"target\":{\"@type\":\"EntryPoint\",\"urlTemplate\":\"https:\/\/librairie7l.com\/en\/?s={search_term_string}\"},\"query-input\":\"required name=search_term_string\"}],\"inLanguage\":\"en-US\"},{\"@type\":\"Organization\",\"@id\":\"https:\/\/librairie7l.com\/en\/#organization\",\"name\":\"Librairie 7L\",\"url\":\"https:\/\/librairie7l.com\/en\/\",\"logo\":{\"@type\":\"ImageObject\",\"inLanguage\":\"en-US\",\"@id\":\"https:\/\/librairie7l.com\/en\/#\/schema\/logo\/image\/\",\"url\":\"https:\/\/librairie7l.com\/wp-content\/uploads\/2022\/08\/logo-1.png\",\"contentUrl\":\"https:\/\/librairie7l.com\/wp-content\/uploads\/2022\/08\/logo-1.png\",\"width\":227,\"height\":301,\"caption\":\"Librairie 7L\"},\"image\":{\"@id\":\"https:\/\/librairie7l.com\/en\/#\/schema\/logo\/image\/\"}}]}<\/script>\n<!-- \/ Yoast SEO plugin. -->","yoast_head_json":{"title":"Oser le nu : Le nu repr\u00e9sent\u00e9 par les artistes femmes - Librairie 7L","robots":{"index":"index","follow":"follow","max-snippet":"max-snippet:-1","max-image-preview":"max-image-preview:large","max-video-preview":"max-video-preview:-1"},"canonical":"https:\/\/librairie7l.com\/en\/produit\/oser-le-nu-le-nu-represente-par-les-artistes-femmes-2\/","og_locale":"en_US","og_type":"article","og_title":"Oser le nu : Le nu repr\u00e9sent\u00e9 par les artistes femmes - Librairie 7L","og_description":"Le \u00abfemale gaze\u00bb en histoire de l&#8217;art existe-t-il et en particulier sur le nu ? Il semble \u00e9tabli qu&#8217;il n&#8217;ait pas exist\u00e9 : les femmes n&#8217;ont pas eu acc\u00e8s aux cours de nu&#8230; n&#8217;ont pas os\u00e9&#8230; n&#8217;ont rien \u00e0 dire&#8230; Ou n&#8217;est-ce pas le contraire ? N&#8217;est-ce pas nous, collectivement, qui n&#8217;avons pas su et [&hellip;]","og_url":"https:\/\/librairie7l.com\/en\/produit\/oser-le-nu-le-nu-represente-par-les-artistes-femmes-2\/","og_site_name":"Librairie 7L","article_modified_time":"2026-04-22T07:57:47+00:00","og_image":[{"width":600,"height":832,"url":"https:\/\/librairie7l.com\/wp-content\/uploads\/2024\/10\/9782080467836_1_75.jpg","type":"image\/jpeg"}],"twitter_card":"summary_large_image","twitter_misc":{"Est. reading time":"1 minute"},"schema":{"@context":"https:\/\/schema.org","@graph":[{"@type":"WebPage","@id":"https:\/\/librairie7l.com\/en\/produit\/oser-le-nu-le-nu-represente-par-les-artistes-femmes-2\/","url":"https:\/\/librairie7l.com\/en\/produit\/oser-le-nu-le-nu-represente-par-les-artistes-femmes-2\/","name":"Oser le nu : Le nu repr\u00e9sent\u00e9 par les artistes femmes - Librairie 7L","isPartOf":{"@id":"https:\/\/librairie7l.com\/en\/#website"},"datePublished":"2025-02-26T08:17:51+00:00","dateModified":"2026-04-22T07:57:47+00:00","breadcrumb":{"@id":"https:\/\/librairie7l.com\/en\/produit\/oser-le-nu-le-nu-represente-par-les-artistes-femmes-2\/#breadcrumb"},"inLanguage":"en-US","potentialAction":[{"@type":"ReadAction","target":["https:\/\/librairie7l.com\/en\/produit\/oser-le-nu-le-nu-represente-par-les-artistes-femmes-2\/"]}]},{"@type":"BreadcrumbList","@id":"https:\/\/librairie7l.com\/en\/produit\/oser-le-nu-le-nu-represente-par-les-artistes-femmes-2\/#breadcrumb","itemListElement":[{"@type":"ListItem","position":1,"name":"Accueil","item":"https:\/\/librairie7l.com\/en\/"},{"@type":"ListItem","position":2,"name":"Shop","item":"https:\/\/librairie7l.com\/en\/shop\/"},{"@type":"ListItem","position":3,"name":"OSER LE NU : LE NU REPR\u00c9SENT\u00c9 PAR LES ARTISTES FEMMES"}]},{"@type":"WebSite","@id":"https:\/\/librairie7l.com\/en\/#website","url":"https:\/\/librairie7l.com\/en\/","name":"Librairie 7L","description":"Librairie fond\u00e9e en 1999 par Karl Lagerfeld \u00e0 Paris","publisher":{"@id":"https:\/\/librairie7l.com\/en\/#organization"},"potentialAction":[{"@type":"SearchAction","target":{"@type":"EntryPoint","urlTemplate":"https:\/\/librairie7l.com\/en\/?s={search_term_string}"},"query-input":"required name=search_term_string"}],"inLanguage":"en-US"},{"@type":"Organization","@id":"https:\/\/librairie7l.com\/en\/#organization","name":"Librairie 7L","url":"https:\/\/librairie7l.com\/en\/","logo":{"@type":"ImageObject","inLanguage":"en-US","@id":"https:\/\/librairie7l.com\/en\/#\/schema\/logo\/image\/","url":"https:\/\/librairie7l.com\/wp-content\/uploads\/2022\/08\/logo-1.png","contentUrl":"https:\/\/librairie7l.com\/wp-content\/uploads\/2022\/08\/logo-1.png","width":227,"height":301,"caption":"Librairie 7L"},"image":{"@id":"https:\/\/librairie7l.com\/en\/#\/schema\/logo\/image\/"}}]}},"_links":{"self":[{"href":"https:\/\/librairie7l.com\/en\/wp-json\/wp\/v2\/product\/46444"}],"collection":[{"href":"https:\/\/librairie7l.com\/en\/wp-json\/wp\/v2\/product"}],"about":[{"href":"https:\/\/librairie7l.com\/en\/wp-json\/wp\/v2\/types\/product"}],"wp:featuredmedia":[{"embeddable":true,"href":"https:\/\/librairie7l.com\/en\/wp-json\/wp\/v2\/media\/46442"}],"wp:attachment":[{"href":"https:\/\/librairie7l.com\/en\/wp-json\/wp\/v2\/media?parent=46444"}],"wp:term":[{"taxonomy":"product_cat","embeddable":true,"href":"https:\/\/librairie7l.com\/en\/wp-json\/wp\/v2\/product_cat?post=46444"},{"taxonomy":"product_tag","embeddable":true,"href":"https:\/\/librairie7l.com\/en\/wp-json\/wp\/v2\/product_tag?post=46444"}],"curies":[{"name":"wp","href":"https:\/\/api.w.org\/{rel}","templated":true}]}}