{"id":46448,"date":"2025-02-26T09:17:54","date_gmt":"2025-02-26T08:17:54","guid":{"rendered":"https:\/\/librairie7l.com\/?post_type=product&#038;p=46448"},"modified":"2026-04-17T15:38:48","modified_gmt":"2026-04-17T13:38:48","slug":"hans-hollein-transforms-2","status":"publish","type":"product","link":"https:\/\/librairie7l.com\/en\/produit\/hans-hollein-transforms-2\/","title":{"rendered":"HANS HOLLEIN : TRANSFORMS"},"content":{"rendered":"<p>L&#8217;exposition \u00ab Hans Hollein. transFORMS \u00bb propose de mieux appr\u00e9hender la coh\u00e9rence de la d\u00e9marche cr\u00e9atrice et critique de l&#8217;architecte autrichien Hans Hollein (1934-2014). Elle met en lumi\u00e8re ses pi\u00e8ces les plus embl\u00e9matiques, qui jalonnent une recherche d\u00e9ploy\u00e9e sur plus d&#8217;un demi-si\u00e8cle. Son assimilation \u00e0 un \u00ab style \u00bb postmoderne m\u00e9rite aujourd&#8217;hui d&#8217;\u00eatre r\u00e9\u00e9tudi\u00e9e \u00e0 la lumi\u00e8re de son engagement dans les divers courants ayant fa\u00e7onn\u00e9 les post-avant-gardes des ann\u00e9es 1960 aux ann\u00e9es 1980, allant de l&#8217;art informel \u00e0 l&#8217;art conceptuel et \u00e0 l&#8217;architecture radicale. En 1987, le Centre Pompidou lui consacre dans le Forum une importante exposition et apr\u00e8s sa disparition, le Centre Pompidou &#8211; Mus\u00e9e national d&#8217;art moderne fait l&#8217;acquisition en 2016 d&#8217;un ensemble significatif d&#8217;oeuvres comprenant des installations, des maquettes, des dessins ainsi que des fonds documentaires qui couvrent tous les aspects et toutes les p\u00e9riodes de son activit\u00e9. Avec ses premi\u00e8res recherches sur l&#8217;espace (1958-1962) et l&#8217;architecture-sculpture men\u00e9es en Autriche et aux \u00c9tats-Unis, suivies par l&#8217;exposition \u00ab Architektur \u00bb avec Walter Pichler (Galerie N\u00e4chst St. Stephan, 1963) et ses collages sur l&#8217;\u00e9chelle urbaine (aujourd&#8217;hui conserv\u00e9s au MoMA), la premi\u00e8re phase de son travail le lie \u00e9troitement avec l&#8217;art conceptuel, notamment par le biais de sa participation aux catalogues et aux expositions de cette tendance. D\u00e8s 1965, il participe activement \u00e0 la r\u00e9daction de la revue BAU en Autriche, tout en concevant d&#8217;importantes expositions, telles que \u00ab l&#8217;Austriennale \u00bb (Triennale de Milan, 1968), \u00ab MANtransFORMS \u00bb (Mus\u00e9e Cooper-Hewitt de New York, 1976) ou encore des installations comme par exemple Die Turnstunde (St\u00e4dtisches Museum Abteiberg de M\u00f6nchengladbach, 1984). La cr\u00e9ation de sa fa\u00e7ade embl\u00e9matique, compos\u00e9e d&#8217;une colonnade, pour l&#8217;exposition fondatrice du postmodernisme \u00ab La Strada Novissima \u00bb \u00e0 la Biennale de Venise en 1980, consolide sa renomm\u00e9e internationale et son affiliation \u00e0 ce courant. Apr\u00e8s avoir r\u00e9alis\u00e9 plusieurs boutiques, notamment Retti (1966) et Schullin I et II (1974-1976), Hollein multiplie les projets architecturaux en Autriche, comme la Haas Haus (1990) face \u00e0 la cath\u00e9drale St. Stephan sur la place centrale de Vienne, ainsi qu&#8217;\u00e0 l&#8217;international, avec des r\u00e9alisations majeures telles que le Mus\u00e9e Abteiberg \u00e0 M\u00f6nchengladbach (1982), le Mus\u00e9e d&#8217;art moderne de Francfort (1991), ou encore Vulcania (2002) en Auvergne.<\/p>\n","protected":false},"excerpt":{"rendered":"<p>L&#8217;exposition \u00ab Hans Hollein. transFORMS \u00bb propose de mieux appr\u00e9hender la coh\u00e9rence de la d\u00e9marche cr\u00e9atrice et critique de l&#8217;architecte autrichien Hans Hollein (1934-2014). Elle met en lumi\u00e8re ses pi\u00e8ces les plus embl\u00e9matiques, qui jalonnent une recherche d\u00e9ploy\u00e9e sur plus d&#8217;un demi-si\u00e8cle. Son assimilation \u00e0 un \u00ab style \u00bb postmoderne m\u00e9rite aujourd&#8217;hui d&#8217;\u00eatre r\u00e9\u00e9tudi\u00e9e \u00e0 [&hellip;]<\/p>\n","protected":false},"featured_media":46446,"template":"","meta":[],"product_cat":[2948,2953],"product_tag":[],"acf":[],"yoast_head":"<!-- This site is optimized with the Yoast SEO plugin v20.11 - https:\/\/yoast.com\/wordpress\/plugins\/seo\/ -->\n<title>Hans Hollein : transforms - Librairie 7L<\/title>\n<meta name=\"robots\" content=\"index, follow, max-snippet:-1, max-image-preview:large, max-video-preview:-1\" \/>\n<link rel=\"canonical\" href=\"https:\/\/librairie7l.com\/en\/produit\/hans-hollein-transforms-2\/\" \/>\n<meta property=\"og:locale\" content=\"en_US\" \/>\n<meta property=\"og:type\" content=\"article\" \/>\n<meta property=\"og:title\" content=\"Hans Hollein : transforms - Librairie 7L\" \/>\n<meta property=\"og:description\" content=\"L&#8217;exposition \u00ab Hans Hollein. transFORMS \u00bb propose de mieux appr\u00e9hender la coh\u00e9rence de la d\u00e9marche cr\u00e9atrice et critique de l&#8217;architecte autrichien Hans Hollein (1934-2014). Elle met en lumi\u00e8re ses pi\u00e8ces les plus embl\u00e9matiques, qui jalonnent une recherche d\u00e9ploy\u00e9e sur plus d&#8217;un demi-si\u00e8cle. Son assimilation \u00e0 un \u00ab style \u00bb postmoderne m\u00e9rite aujourd&#8217;hui d&#8217;\u00eatre r\u00e9\u00e9tudi\u00e9e \u00e0 [&hellip;]\" \/>\n<meta property=\"og:url\" content=\"https:\/\/librairie7l.com\/en\/produit\/hans-hollein-transforms-2\/\" \/>\n<meta property=\"og:site_name\" content=\"Librairie 7L\" \/>\n<meta property=\"article:modified_time\" content=\"2026-04-17T13:38:48+00:00\" \/>\n<meta property=\"og:image\" content=\"https:\/\/librairie7l.com\/wp-content\/uploads\/2024\/09\/9782386540097_1_75.jpg\" \/>\n\t<meta property=\"og:image:width\" content=\"600\" \/>\n\t<meta property=\"og:image:height\" content=\"720\" \/>\n\t<meta property=\"og:image:type\" content=\"image\/jpeg\" \/>\n<meta name=\"twitter:card\" content=\"summary_large_image\" \/>\n<meta name=\"twitter:label1\" content=\"Est. reading time\" \/>\n\t<meta name=\"twitter:data1\" content=\"2 minutes\" \/>\n<script type=\"application\/ld+json\" class=\"yoast-schema-graph\">{\"@context\":\"https:\/\/schema.org\",\"@graph\":[{\"@type\":\"WebPage\",\"@id\":\"https:\/\/librairie7l.com\/en\/produit\/hans-hollein-transforms-2\/\",\"url\":\"https:\/\/librairie7l.com\/en\/produit\/hans-hollein-transforms-2\/\",\"name\":\"Hans Hollein : transforms - Librairie 7L\",\"isPartOf\":{\"@id\":\"https:\/\/librairie7l.com\/en\/#website\"},\"datePublished\":\"2025-02-26T08:17:54+00:00\",\"dateModified\":\"2026-04-17T13:38:48+00:00\",\"breadcrumb\":{\"@id\":\"https:\/\/librairie7l.com\/en\/produit\/hans-hollein-transforms-2\/#breadcrumb\"},\"inLanguage\":\"en-US\",\"potentialAction\":[{\"@type\":\"ReadAction\",\"target\":[\"https:\/\/librairie7l.com\/en\/produit\/hans-hollein-transforms-2\/\"]}]},{\"@type\":\"BreadcrumbList\",\"@id\":\"https:\/\/librairie7l.com\/en\/produit\/hans-hollein-transforms-2\/#breadcrumb\",\"itemListElement\":[{\"@type\":\"ListItem\",\"position\":1,\"name\":\"Accueil\",\"item\":\"https:\/\/librairie7l.com\/en\/\"},{\"@type\":\"ListItem\",\"position\":2,\"name\":\"Shop\",\"item\":\"https:\/\/librairie7l.com\/en\/shop\/\"},{\"@type\":\"ListItem\",\"position\":3,\"name\":\"HANS HOLLEIN : TRANSFORMS\"}]},{\"@type\":\"WebSite\",\"@id\":\"https:\/\/librairie7l.com\/en\/#website\",\"url\":\"https:\/\/librairie7l.com\/en\/\",\"name\":\"Librairie 7L\",\"description\":\"Librairie fond\u00e9e en 1999 par Karl Lagerfeld \u00e0 Paris\",\"publisher\":{\"@id\":\"https:\/\/librairie7l.com\/en\/#organization\"},\"potentialAction\":[{\"@type\":\"SearchAction\",\"target\":{\"@type\":\"EntryPoint\",\"urlTemplate\":\"https:\/\/librairie7l.com\/en\/?s={search_term_string}\"},\"query-input\":\"required name=search_term_string\"}],\"inLanguage\":\"en-US\"},{\"@type\":\"Organization\",\"@id\":\"https:\/\/librairie7l.com\/en\/#organization\",\"name\":\"Librairie 7L\",\"url\":\"https:\/\/librairie7l.com\/en\/\",\"logo\":{\"@type\":\"ImageObject\",\"inLanguage\":\"en-US\",\"@id\":\"https:\/\/librairie7l.com\/en\/#\/schema\/logo\/image\/\",\"url\":\"https:\/\/librairie7l.com\/wp-content\/uploads\/2022\/08\/logo-1.png\",\"contentUrl\":\"https:\/\/librairie7l.com\/wp-content\/uploads\/2022\/08\/logo-1.png\",\"width\":227,\"height\":301,\"caption\":\"Librairie 7L\"},\"image\":{\"@id\":\"https:\/\/librairie7l.com\/en\/#\/schema\/logo\/image\/\"}}]}<\/script>\n<!-- \/ Yoast SEO plugin. -->","yoast_head_json":{"title":"Hans Hollein : transforms - Librairie 7L","robots":{"index":"index","follow":"follow","max-snippet":"max-snippet:-1","max-image-preview":"max-image-preview:large","max-video-preview":"max-video-preview:-1"},"canonical":"https:\/\/librairie7l.com\/en\/produit\/hans-hollein-transforms-2\/","og_locale":"en_US","og_type":"article","og_title":"Hans Hollein : transforms - Librairie 7L","og_description":"L&#8217;exposition \u00ab Hans Hollein. transFORMS \u00bb propose de mieux appr\u00e9hender la coh\u00e9rence de la d\u00e9marche cr\u00e9atrice et critique de l&#8217;architecte autrichien Hans Hollein (1934-2014). Elle met en lumi\u00e8re ses pi\u00e8ces les plus embl\u00e9matiques, qui jalonnent une recherche d\u00e9ploy\u00e9e sur plus d&#8217;un demi-si\u00e8cle. Son assimilation \u00e0 un \u00ab style \u00bb postmoderne m\u00e9rite aujourd&#8217;hui d&#8217;\u00eatre r\u00e9\u00e9tudi\u00e9e \u00e0 [&hellip;]","og_url":"https:\/\/librairie7l.com\/en\/produit\/hans-hollein-transforms-2\/","og_site_name":"Librairie 7L","article_modified_time":"2026-04-17T13:38:48+00:00","og_image":[{"width":600,"height":720,"url":"https:\/\/librairie7l.com\/wp-content\/uploads\/2024\/09\/9782386540097_1_75.jpg","type":"image\/jpeg"}],"twitter_card":"summary_large_image","twitter_misc":{"Est. reading time":"2 minutes"},"schema":{"@context":"https:\/\/schema.org","@graph":[{"@type":"WebPage","@id":"https:\/\/librairie7l.com\/en\/produit\/hans-hollein-transforms-2\/","url":"https:\/\/librairie7l.com\/en\/produit\/hans-hollein-transforms-2\/","name":"Hans Hollein : transforms - Librairie 7L","isPartOf":{"@id":"https:\/\/librairie7l.com\/en\/#website"},"datePublished":"2025-02-26T08:17:54+00:00","dateModified":"2026-04-17T13:38:48+00:00","breadcrumb":{"@id":"https:\/\/librairie7l.com\/en\/produit\/hans-hollein-transforms-2\/#breadcrumb"},"inLanguage":"en-US","potentialAction":[{"@type":"ReadAction","target":["https:\/\/librairie7l.com\/en\/produit\/hans-hollein-transforms-2\/"]}]},{"@type":"BreadcrumbList","@id":"https:\/\/librairie7l.com\/en\/produit\/hans-hollein-transforms-2\/#breadcrumb","itemListElement":[{"@type":"ListItem","position":1,"name":"Accueil","item":"https:\/\/librairie7l.com\/en\/"},{"@type":"ListItem","position":2,"name":"Shop","item":"https:\/\/librairie7l.com\/en\/shop\/"},{"@type":"ListItem","position":3,"name":"HANS HOLLEIN : TRANSFORMS"}]},{"@type":"WebSite","@id":"https:\/\/librairie7l.com\/en\/#website","url":"https:\/\/librairie7l.com\/en\/","name":"Librairie 7L","description":"Librairie fond\u00e9e en 1999 par Karl Lagerfeld \u00e0 Paris","publisher":{"@id":"https:\/\/librairie7l.com\/en\/#organization"},"potentialAction":[{"@type":"SearchAction","target":{"@type":"EntryPoint","urlTemplate":"https:\/\/librairie7l.com\/en\/?s={search_term_string}"},"query-input":"required name=search_term_string"}],"inLanguage":"en-US"},{"@type":"Organization","@id":"https:\/\/librairie7l.com\/en\/#organization","name":"Librairie 7L","url":"https:\/\/librairie7l.com\/en\/","logo":{"@type":"ImageObject","inLanguage":"en-US","@id":"https:\/\/librairie7l.com\/en\/#\/schema\/logo\/image\/","url":"https:\/\/librairie7l.com\/wp-content\/uploads\/2022\/08\/logo-1.png","contentUrl":"https:\/\/librairie7l.com\/wp-content\/uploads\/2022\/08\/logo-1.png","width":227,"height":301,"caption":"Librairie 7L"},"image":{"@id":"https:\/\/librairie7l.com\/en\/#\/schema\/logo\/image\/"}}]}},"_links":{"self":[{"href":"https:\/\/librairie7l.com\/en\/wp-json\/wp\/v2\/product\/46448"}],"collection":[{"href":"https:\/\/librairie7l.com\/en\/wp-json\/wp\/v2\/product"}],"about":[{"href":"https:\/\/librairie7l.com\/en\/wp-json\/wp\/v2\/types\/product"}],"wp:featuredmedia":[{"embeddable":true,"href":"https:\/\/librairie7l.com\/en\/wp-json\/wp\/v2\/media\/46446"}],"wp:attachment":[{"href":"https:\/\/librairie7l.com\/en\/wp-json\/wp\/v2\/media?parent=46448"}],"wp:term":[{"taxonomy":"product_cat","embeddable":true,"href":"https:\/\/librairie7l.com\/en\/wp-json\/wp\/v2\/product_cat?post=46448"},{"taxonomy":"product_tag","embeddable":true,"href":"https:\/\/librairie7l.com\/en\/wp-json\/wp\/v2\/product_tag?post=46448"}],"curies":[{"name":"wp","href":"https:\/\/api.w.org\/{rel}","templated":true}]}}