{"id":46464,"date":"2025-02-27T09:17:56","date_gmt":"2025-02-27T08:17:56","guid":{"rendered":"https:\/\/librairie7l.com\/?post_type=product&#038;p=46464"},"modified":"2026-04-17T15:37:57","modified_gmt":"2026-04-17T13:37:57","slug":"lesprit-japonais-comprendre-le-japon-et-ses-habitants-2","status":"publish","type":"product","link":"https:\/\/librairie7l.com\/en\/produit\/lesprit-japonais-comprendre-le-japon-et-ses-habitants-2\/","title":{"rendered":"L&#8217;ESPRIT JAPONAIS ; COMPRENDRE LE JAPON ET SES HABITANTS"},"content":{"rendered":"<p>L&#8217;esprit japonais pr\u00e9sente les concepts cl\u00e9s de la culture japonaise en vingt-huit chapitres, qui sont autant d&#8217;\u00e9clairages sur la psychologie des Japonais, sur leur rapport aux autres, \u00e0 la soci\u00e9t\u00e9, \u00e0 la nature, \u00e0 la beaut\u00e9, \u00e0 la vie et \u00e0 la mort.<br \/>\nCe qui \u00e0 la fois d\u00e9route et fascine les Occidentaux dans la culture du Japon et le comportement de ses habitants &#8211; l&#8217;esprit de groupe, l&#8217;ambigu\u00eft\u00e9, la modestie, les relations hommes-femmes, l&#8217;esprit de la Voie, la conception de la beaut\u00e9 &#8211; est ici expliqu\u00e9, et chaque chapitre ouvre de nouvelles perspectives dans la compr\u00e9hension du monde japonais.<br \/>\nCet ouvrage est d&#8217;une lecture passionnante et d&#8217;une aide pr\u00e9cieuse pour tous ceux qui sont en relation, ou en affinit\u00e9, avec le Japon et qui souhaitent mieux comprendre ses habitants.<\/p>\n","protected":false},"excerpt":{"rendered":"<p>L&#8217;esprit japonais pr\u00e9sente les concepts cl\u00e9s de la culture japonaise en vingt-huit chapitres, qui sont autant d&#8217;\u00e9clairages sur la psychologie des Japonais, sur leur rapport aux autres, \u00e0 la soci\u00e9t\u00e9, \u00e0 la nature, \u00e0 la beaut\u00e9, \u00e0 la vie et \u00e0 la mort. Ce qui \u00e0 la fois d\u00e9route et fascine les Occidentaux dans la [&hellip;]<\/p>\n","protected":false},"featured_media":46462,"template":"","meta":[],"product_cat":[2948,2953],"product_tag":[],"acf":[],"yoast_head":"<!-- This site is optimized with the Yoast SEO plugin v20.11 - https:\/\/yoast.com\/wordpress\/plugins\/seo\/ -->\n<title>L&#039;esprit japonais ; comprendre le Japon et ses habitants - Librairie 7L<\/title>\n<meta name=\"robots\" content=\"index, follow, max-snippet:-1, max-image-preview:large, max-video-preview:-1\" \/>\n<link rel=\"canonical\" href=\"https:\/\/librairie7l.com\/en\/produit\/lesprit-japonais-comprendre-le-japon-et-ses-habitants-2\/\" \/>\n<meta property=\"og:locale\" content=\"en_US\" \/>\n<meta property=\"og:type\" content=\"article\" \/>\n<meta property=\"og:title\" content=\"L&#039;esprit japonais ; comprendre le Japon et ses habitants - Librairie 7L\" \/>\n<meta property=\"og:description\" content=\"L&#8217;esprit japonais pr\u00e9sente les concepts cl\u00e9s de la culture japonaise en vingt-huit chapitres, qui sont autant d&#8217;\u00e9clairages sur la psychologie des Japonais, sur leur rapport aux autres, \u00e0 la soci\u00e9t\u00e9, \u00e0 la nature, \u00e0 la beaut\u00e9, \u00e0 la vie et \u00e0 la mort. Ce qui \u00e0 la fois d\u00e9route et fascine les Occidentaux dans la [&hellip;]\" \/>\n<meta property=\"og:url\" content=\"https:\/\/librairie7l.com\/en\/produit\/lesprit-japonais-comprendre-le-japon-et-ses-habitants-2\/\" \/>\n<meta property=\"og:site_name\" content=\"Librairie 7L\" \/>\n<meta property=\"article:modified_time\" content=\"2026-04-17T13:37:57+00:00\" \/>\n<meta property=\"og:image\" content=\"https:\/\/librairie7l.com\/wp-content\/uploads\/2020\/01\/9782354323325_1_75.jpg\" \/>\n\t<meta property=\"og:image:width\" content=\"292\" \/>\n\t<meta property=\"og:image:height\" content=\"447\" \/>\n\t<meta property=\"og:image:type\" content=\"image\/jpeg\" \/>\n<meta name=\"twitter:card\" content=\"summary_large_image\" \/>\n<meta name=\"twitter:label1\" content=\"Est. reading time\" \/>\n\t<meta name=\"twitter:data1\" content=\"1 minute\" \/>\n<script type=\"application\/ld+json\" class=\"yoast-schema-graph\">{\"@context\":\"https:\/\/schema.org\",\"@graph\":[{\"@type\":\"WebPage\",\"@id\":\"https:\/\/librairie7l.com\/en\/produit\/lesprit-japonais-comprendre-le-japon-et-ses-habitants-2\/\",\"url\":\"https:\/\/librairie7l.com\/en\/produit\/lesprit-japonais-comprendre-le-japon-et-ses-habitants-2\/\",\"name\":\"L'esprit japonais ; comprendre le Japon et ses habitants - Librairie 7L\",\"isPartOf\":{\"@id\":\"https:\/\/librairie7l.com\/en\/#website\"},\"datePublished\":\"2025-02-27T08:17:56+00:00\",\"dateModified\":\"2026-04-17T13:37:57+00:00\",\"breadcrumb\":{\"@id\":\"https:\/\/librairie7l.com\/en\/produit\/lesprit-japonais-comprendre-le-japon-et-ses-habitants-2\/#breadcrumb\"},\"inLanguage\":\"en-US\",\"potentialAction\":[{\"@type\":\"ReadAction\",\"target\":[\"https:\/\/librairie7l.com\/en\/produit\/lesprit-japonais-comprendre-le-japon-et-ses-habitants-2\/\"]}]},{\"@type\":\"BreadcrumbList\",\"@id\":\"https:\/\/librairie7l.com\/en\/produit\/lesprit-japonais-comprendre-le-japon-et-ses-habitants-2\/#breadcrumb\",\"itemListElement\":[{\"@type\":\"ListItem\",\"position\":1,\"name\":\"Accueil\",\"item\":\"https:\/\/librairie7l.com\/en\/\"},{\"@type\":\"ListItem\",\"position\":2,\"name\":\"Shop\",\"item\":\"https:\/\/librairie7l.com\/en\/shop\/\"},{\"@type\":\"ListItem\",\"position\":3,\"name\":\"L&#8217;ESPRIT JAPONAIS ; COMPRENDRE LE JAPON ET SES HABITANTS\"}]},{\"@type\":\"WebSite\",\"@id\":\"https:\/\/librairie7l.com\/en\/#website\",\"url\":\"https:\/\/librairie7l.com\/en\/\",\"name\":\"Librairie 7L\",\"description\":\"Librairie fond\u00e9e en 1999 par Karl Lagerfeld \u00e0 Paris\",\"publisher\":{\"@id\":\"https:\/\/librairie7l.com\/en\/#organization\"},\"potentialAction\":[{\"@type\":\"SearchAction\",\"target\":{\"@type\":\"EntryPoint\",\"urlTemplate\":\"https:\/\/librairie7l.com\/en\/?s={search_term_string}\"},\"query-input\":\"required name=search_term_string\"}],\"inLanguage\":\"en-US\"},{\"@type\":\"Organization\",\"@id\":\"https:\/\/librairie7l.com\/en\/#organization\",\"name\":\"Librairie 7L\",\"url\":\"https:\/\/librairie7l.com\/en\/\",\"logo\":{\"@type\":\"ImageObject\",\"inLanguage\":\"en-US\",\"@id\":\"https:\/\/librairie7l.com\/en\/#\/schema\/logo\/image\/\",\"url\":\"https:\/\/librairie7l.com\/wp-content\/uploads\/2022\/08\/logo-1.png\",\"contentUrl\":\"https:\/\/librairie7l.com\/wp-content\/uploads\/2022\/08\/logo-1.png\",\"width\":227,\"height\":301,\"caption\":\"Librairie 7L\"},\"image\":{\"@id\":\"https:\/\/librairie7l.com\/en\/#\/schema\/logo\/image\/\"}}]}<\/script>\n<!-- \/ Yoast SEO plugin. -->","yoast_head_json":{"title":"L'esprit japonais ; comprendre le Japon et ses habitants - Librairie 7L","robots":{"index":"index","follow":"follow","max-snippet":"max-snippet:-1","max-image-preview":"max-image-preview:large","max-video-preview":"max-video-preview:-1"},"canonical":"https:\/\/librairie7l.com\/en\/produit\/lesprit-japonais-comprendre-le-japon-et-ses-habitants-2\/","og_locale":"en_US","og_type":"article","og_title":"L'esprit japonais ; comprendre le Japon et ses habitants - Librairie 7L","og_description":"L&#8217;esprit japonais pr\u00e9sente les concepts cl\u00e9s de la culture japonaise en vingt-huit chapitres, qui sont autant d&#8217;\u00e9clairages sur la psychologie des Japonais, sur leur rapport aux autres, \u00e0 la soci\u00e9t\u00e9, \u00e0 la nature, \u00e0 la beaut\u00e9, \u00e0 la vie et \u00e0 la mort. Ce qui \u00e0 la fois d\u00e9route et fascine les Occidentaux dans la [&hellip;]","og_url":"https:\/\/librairie7l.com\/en\/produit\/lesprit-japonais-comprendre-le-japon-et-ses-habitants-2\/","og_site_name":"Librairie 7L","article_modified_time":"2026-04-17T13:37:57+00:00","og_image":[{"width":292,"height":447,"url":"https:\/\/librairie7l.com\/wp-content\/uploads\/2020\/01\/9782354323325_1_75.jpg","type":"image\/jpeg"}],"twitter_card":"summary_large_image","twitter_misc":{"Est. reading time":"1 minute"},"schema":{"@context":"https:\/\/schema.org","@graph":[{"@type":"WebPage","@id":"https:\/\/librairie7l.com\/en\/produit\/lesprit-japonais-comprendre-le-japon-et-ses-habitants-2\/","url":"https:\/\/librairie7l.com\/en\/produit\/lesprit-japonais-comprendre-le-japon-et-ses-habitants-2\/","name":"L'esprit japonais ; comprendre le Japon et ses habitants - Librairie 7L","isPartOf":{"@id":"https:\/\/librairie7l.com\/en\/#website"},"datePublished":"2025-02-27T08:17:56+00:00","dateModified":"2026-04-17T13:37:57+00:00","breadcrumb":{"@id":"https:\/\/librairie7l.com\/en\/produit\/lesprit-japonais-comprendre-le-japon-et-ses-habitants-2\/#breadcrumb"},"inLanguage":"en-US","potentialAction":[{"@type":"ReadAction","target":["https:\/\/librairie7l.com\/en\/produit\/lesprit-japonais-comprendre-le-japon-et-ses-habitants-2\/"]}]},{"@type":"BreadcrumbList","@id":"https:\/\/librairie7l.com\/en\/produit\/lesprit-japonais-comprendre-le-japon-et-ses-habitants-2\/#breadcrumb","itemListElement":[{"@type":"ListItem","position":1,"name":"Accueil","item":"https:\/\/librairie7l.com\/en\/"},{"@type":"ListItem","position":2,"name":"Shop","item":"https:\/\/librairie7l.com\/en\/shop\/"},{"@type":"ListItem","position":3,"name":"L&#8217;ESPRIT JAPONAIS ; COMPRENDRE LE JAPON ET SES HABITANTS"}]},{"@type":"WebSite","@id":"https:\/\/librairie7l.com\/en\/#website","url":"https:\/\/librairie7l.com\/en\/","name":"Librairie 7L","description":"Librairie fond\u00e9e en 1999 par Karl Lagerfeld \u00e0 Paris","publisher":{"@id":"https:\/\/librairie7l.com\/en\/#organization"},"potentialAction":[{"@type":"SearchAction","target":{"@type":"EntryPoint","urlTemplate":"https:\/\/librairie7l.com\/en\/?s={search_term_string}"},"query-input":"required name=search_term_string"}],"inLanguage":"en-US"},{"@type":"Organization","@id":"https:\/\/librairie7l.com\/en\/#organization","name":"Librairie 7L","url":"https:\/\/librairie7l.com\/en\/","logo":{"@type":"ImageObject","inLanguage":"en-US","@id":"https:\/\/librairie7l.com\/en\/#\/schema\/logo\/image\/","url":"https:\/\/librairie7l.com\/wp-content\/uploads\/2022\/08\/logo-1.png","contentUrl":"https:\/\/librairie7l.com\/wp-content\/uploads\/2022\/08\/logo-1.png","width":227,"height":301,"caption":"Librairie 7L"},"image":{"@id":"https:\/\/librairie7l.com\/en\/#\/schema\/logo\/image\/"}}]}},"_links":{"self":[{"href":"https:\/\/librairie7l.com\/en\/wp-json\/wp\/v2\/product\/46464"}],"collection":[{"href":"https:\/\/librairie7l.com\/en\/wp-json\/wp\/v2\/product"}],"about":[{"href":"https:\/\/librairie7l.com\/en\/wp-json\/wp\/v2\/types\/product"}],"wp:featuredmedia":[{"embeddable":true,"href":"https:\/\/librairie7l.com\/en\/wp-json\/wp\/v2\/media\/46462"}],"wp:attachment":[{"href":"https:\/\/librairie7l.com\/en\/wp-json\/wp\/v2\/media?parent=46464"}],"wp:term":[{"taxonomy":"product_cat","embeddable":true,"href":"https:\/\/librairie7l.com\/en\/wp-json\/wp\/v2\/product_cat?post=46464"},{"taxonomy":"product_tag","embeddable":true,"href":"https:\/\/librairie7l.com\/en\/wp-json\/wp\/v2\/product_tag?post=46464"}],"curies":[{"name":"wp","href":"https:\/\/api.w.org\/{rel}","templated":true}]}}