{"id":46468,"date":"2025-02-27T09:18:00","date_gmt":"2025-02-27T08:18:00","guid":{"rendered":"https:\/\/librairie7l.com\/?post_type=product&#038;p=46468"},"modified":"2026-04-22T10:53:53","modified_gmt":"2026-04-22T08:53:53","slug":"robert-deblander-2","status":"publish","type":"product","link":"https:\/\/librairie7l.com\/en\/produit\/robert-deblander-2\/","title":{"rendered":"ROBERT DEBLANDER"},"content":{"rendered":"<p>Robert Deblander est l&#8217;un des grands c\u00e9ramistes fran\u00e7ais. Son oeuvre novatrice, empreinte de sobri\u00e9t\u00e9 exigeante, s&#8217;est d\u00e9velopp\u00e9e au cours de la seconde moiti\u00e9 du XXe si\u00e8cle, \u00e0 un moment pionnier de l&#8217;art c\u00e9ramique. Artiste complet et figure ind\u00e9pendante, il se distingue par des formes embl\u00e9matiques de poteries en gr\u00e8s et en porcelaine, une subtile gamme color\u00e9e d&#8217;\u00e9maux monochromes et la modernit\u00e9 de d\u00e9cors graphiques l\u00e9gers et libres, ainsi que par un important ensemble de sculptures abstraites en gr\u00e8s. Apr\u00e8s la r\u00e9trospective pr\u00e9sent\u00e9e au mus\u00e9e de C\u00e9ramique de S\u00e8vres en 2001, Robert Deblander est revenu aux formes sculpturales qui l&#8217;avaient passionn\u00e9 dans les ann\u00e9es 1970, et qu&#8217;il avait poursuivies silencieusement, \u00e9voluant pour s&#8217;affirmer \u00e0 pr\u00e9sent. Des illustrations in\u00e9dites de c\u00e9ramiques anciennes et r\u00e9centes compl\u00e8tent cette nouvelle \u00e9dition.<\/p>\n","protected":false},"excerpt":{"rendered":"<p>Robert Deblander est l&#8217;un des grands c\u00e9ramistes fran\u00e7ais. Son oeuvre novatrice, empreinte de sobri\u00e9t\u00e9 exigeante, s&#8217;est d\u00e9velopp\u00e9e au cours de la seconde moiti\u00e9 du XXe si\u00e8cle, \u00e0 un moment pionnier de l&#8217;art c\u00e9ramique. Artiste complet et figure ind\u00e9pendante, il se distingue par des formes embl\u00e9matiques de poteries en gr\u00e8s et en porcelaine, une subtile gamme [&hellip;]<\/p>\n","protected":false},"featured_media":46466,"template":"","meta":[],"product_cat":[2948,2952],"product_tag":[],"acf":[],"yoast_head":"<!-- This site is optimized with the Yoast SEO plugin v20.11 - https:\/\/yoast.com\/wordpress\/plugins\/seo\/ -->\n<title>Robert Deblander - Librairie 7L<\/title>\n<meta name=\"robots\" content=\"index, follow, max-snippet:-1, max-image-preview:large, max-video-preview:-1\" \/>\n<link rel=\"canonical\" href=\"https:\/\/librairie7l.com\/en\/produit\/robert-deblander-2\/\" \/>\n<meta property=\"og:locale\" content=\"en_US\" \/>\n<meta property=\"og:type\" content=\"article\" \/>\n<meta property=\"og:title\" content=\"Robert Deblander - Librairie 7L\" \/>\n<meta property=\"og:description\" content=\"Robert Deblander est l&#8217;un des grands c\u00e9ramistes fran\u00e7ais. Son oeuvre novatrice, empreinte de sobri\u00e9t\u00e9 exigeante, s&#8217;est d\u00e9velopp\u00e9e au cours de la seconde moiti\u00e9 du XXe si\u00e8cle, \u00e0 un moment pionnier de l&#8217;art c\u00e9ramique. Artiste complet et figure ind\u00e9pendante, il se distingue par des formes embl\u00e9matiques de poteries en gr\u00e8s et en porcelaine, une subtile gamme [&hellip;]\" \/>\n<meta property=\"og:url\" content=\"https:\/\/librairie7l.com\/en\/produit\/robert-deblander-2\/\" \/>\n<meta property=\"og:site_name\" content=\"Librairie 7L\" \/>\n<meta property=\"article:modified_time\" content=\"2026-04-22T08:53:53+00:00\" \/>\n<meta property=\"og:image\" content=\"https:\/\/librairie7l.com\/wp-content\/uploads\/2020\/02\/9782908988451_1_75.jpg\" \/>\n\t<meta property=\"og:image:width\" content=\"230\" \/>\n\t<meta property=\"og:image:height\" content=\"256\" \/>\n\t<meta property=\"og:image:type\" content=\"image\/jpeg\" \/>\n<meta name=\"twitter:card\" content=\"summary_large_image\" \/>\n<meta name=\"twitter:label1\" content=\"Est. reading time\" \/>\n\t<meta name=\"twitter:data1\" content=\"1 minute\" \/>\n<script type=\"application\/ld+json\" class=\"yoast-schema-graph\">{\"@context\":\"https:\/\/schema.org\",\"@graph\":[{\"@type\":\"WebPage\",\"@id\":\"https:\/\/librairie7l.com\/en\/produit\/robert-deblander-2\/\",\"url\":\"https:\/\/librairie7l.com\/en\/produit\/robert-deblander-2\/\",\"name\":\"Robert Deblander - Librairie 7L\",\"isPartOf\":{\"@id\":\"https:\/\/librairie7l.com\/en\/#website\"},\"datePublished\":\"2025-02-27T08:18:00+00:00\",\"dateModified\":\"2026-04-22T08:53:53+00:00\",\"breadcrumb\":{\"@id\":\"https:\/\/librairie7l.com\/en\/produit\/robert-deblander-2\/#breadcrumb\"},\"inLanguage\":\"en-US\",\"potentialAction\":[{\"@type\":\"ReadAction\",\"target\":[\"https:\/\/librairie7l.com\/en\/produit\/robert-deblander-2\/\"]}]},{\"@type\":\"BreadcrumbList\",\"@id\":\"https:\/\/librairie7l.com\/en\/produit\/robert-deblander-2\/#breadcrumb\",\"itemListElement\":[{\"@type\":\"ListItem\",\"position\":1,\"name\":\"Accueil\",\"item\":\"https:\/\/librairie7l.com\/en\/\"},{\"@type\":\"ListItem\",\"position\":2,\"name\":\"Shop\",\"item\":\"https:\/\/librairie7l.com\/en\/shop\/\"},{\"@type\":\"ListItem\",\"position\":3,\"name\":\"ROBERT DEBLANDER\"}]},{\"@type\":\"WebSite\",\"@id\":\"https:\/\/librairie7l.com\/en\/#website\",\"url\":\"https:\/\/librairie7l.com\/en\/\",\"name\":\"Librairie 7L\",\"description\":\"Librairie fond\u00e9e en 1999 par Karl Lagerfeld \u00e0 Paris\",\"publisher\":{\"@id\":\"https:\/\/librairie7l.com\/en\/#organization\"},\"potentialAction\":[{\"@type\":\"SearchAction\",\"target\":{\"@type\":\"EntryPoint\",\"urlTemplate\":\"https:\/\/librairie7l.com\/en\/?s={search_term_string}\"},\"query-input\":\"required name=search_term_string\"}],\"inLanguage\":\"en-US\"},{\"@type\":\"Organization\",\"@id\":\"https:\/\/librairie7l.com\/en\/#organization\",\"name\":\"Librairie 7L\",\"url\":\"https:\/\/librairie7l.com\/en\/\",\"logo\":{\"@type\":\"ImageObject\",\"inLanguage\":\"en-US\",\"@id\":\"https:\/\/librairie7l.com\/en\/#\/schema\/logo\/image\/\",\"url\":\"https:\/\/librairie7l.com\/wp-content\/uploads\/2022\/08\/logo-1.png\",\"contentUrl\":\"https:\/\/librairie7l.com\/wp-content\/uploads\/2022\/08\/logo-1.png\",\"width\":227,\"height\":301,\"caption\":\"Librairie 7L\"},\"image\":{\"@id\":\"https:\/\/librairie7l.com\/en\/#\/schema\/logo\/image\/\"}}]}<\/script>\n<!-- \/ Yoast SEO plugin. -->","yoast_head_json":{"title":"Robert Deblander - Librairie 7L","robots":{"index":"index","follow":"follow","max-snippet":"max-snippet:-1","max-image-preview":"max-image-preview:large","max-video-preview":"max-video-preview:-1"},"canonical":"https:\/\/librairie7l.com\/en\/produit\/robert-deblander-2\/","og_locale":"en_US","og_type":"article","og_title":"Robert Deblander - Librairie 7L","og_description":"Robert Deblander est l&#8217;un des grands c\u00e9ramistes fran\u00e7ais. Son oeuvre novatrice, empreinte de sobri\u00e9t\u00e9 exigeante, s&#8217;est d\u00e9velopp\u00e9e au cours de la seconde moiti\u00e9 du XXe si\u00e8cle, \u00e0 un moment pionnier de l&#8217;art c\u00e9ramique. Artiste complet et figure ind\u00e9pendante, il se distingue par des formes embl\u00e9matiques de poteries en gr\u00e8s et en porcelaine, une subtile gamme [&hellip;]","og_url":"https:\/\/librairie7l.com\/en\/produit\/robert-deblander-2\/","og_site_name":"Librairie 7L","article_modified_time":"2026-04-22T08:53:53+00:00","og_image":[{"width":230,"height":256,"url":"https:\/\/librairie7l.com\/wp-content\/uploads\/2020\/02\/9782908988451_1_75.jpg","type":"image\/jpeg"}],"twitter_card":"summary_large_image","twitter_misc":{"Est. reading time":"1 minute"},"schema":{"@context":"https:\/\/schema.org","@graph":[{"@type":"WebPage","@id":"https:\/\/librairie7l.com\/en\/produit\/robert-deblander-2\/","url":"https:\/\/librairie7l.com\/en\/produit\/robert-deblander-2\/","name":"Robert Deblander - Librairie 7L","isPartOf":{"@id":"https:\/\/librairie7l.com\/en\/#website"},"datePublished":"2025-02-27T08:18:00+00:00","dateModified":"2026-04-22T08:53:53+00:00","breadcrumb":{"@id":"https:\/\/librairie7l.com\/en\/produit\/robert-deblander-2\/#breadcrumb"},"inLanguage":"en-US","potentialAction":[{"@type":"ReadAction","target":["https:\/\/librairie7l.com\/en\/produit\/robert-deblander-2\/"]}]},{"@type":"BreadcrumbList","@id":"https:\/\/librairie7l.com\/en\/produit\/robert-deblander-2\/#breadcrumb","itemListElement":[{"@type":"ListItem","position":1,"name":"Accueil","item":"https:\/\/librairie7l.com\/en\/"},{"@type":"ListItem","position":2,"name":"Shop","item":"https:\/\/librairie7l.com\/en\/shop\/"},{"@type":"ListItem","position":3,"name":"ROBERT DEBLANDER"}]},{"@type":"WebSite","@id":"https:\/\/librairie7l.com\/en\/#website","url":"https:\/\/librairie7l.com\/en\/","name":"Librairie 7L","description":"Librairie fond\u00e9e en 1999 par Karl Lagerfeld \u00e0 Paris","publisher":{"@id":"https:\/\/librairie7l.com\/en\/#organization"},"potentialAction":[{"@type":"SearchAction","target":{"@type":"EntryPoint","urlTemplate":"https:\/\/librairie7l.com\/en\/?s={search_term_string}"},"query-input":"required name=search_term_string"}],"inLanguage":"en-US"},{"@type":"Organization","@id":"https:\/\/librairie7l.com\/en\/#organization","name":"Librairie 7L","url":"https:\/\/librairie7l.com\/en\/","logo":{"@type":"ImageObject","inLanguage":"en-US","@id":"https:\/\/librairie7l.com\/en\/#\/schema\/logo\/image\/","url":"https:\/\/librairie7l.com\/wp-content\/uploads\/2022\/08\/logo-1.png","contentUrl":"https:\/\/librairie7l.com\/wp-content\/uploads\/2022\/08\/logo-1.png","width":227,"height":301,"caption":"Librairie 7L"},"image":{"@id":"https:\/\/librairie7l.com\/en\/#\/schema\/logo\/image\/"}}]}},"_links":{"self":[{"href":"https:\/\/librairie7l.com\/en\/wp-json\/wp\/v2\/product\/46468"}],"collection":[{"href":"https:\/\/librairie7l.com\/en\/wp-json\/wp\/v2\/product"}],"about":[{"href":"https:\/\/librairie7l.com\/en\/wp-json\/wp\/v2\/types\/product"}],"wp:featuredmedia":[{"embeddable":true,"href":"https:\/\/librairie7l.com\/en\/wp-json\/wp\/v2\/media\/46466"}],"wp:attachment":[{"href":"https:\/\/librairie7l.com\/en\/wp-json\/wp\/v2\/media?parent=46468"}],"wp:term":[{"taxonomy":"product_cat","embeddable":true,"href":"https:\/\/librairie7l.com\/en\/wp-json\/wp\/v2\/product_cat?post=46468"},{"taxonomy":"product_tag","embeddable":true,"href":"https:\/\/librairie7l.com\/en\/wp-json\/wp\/v2\/product_tag?post=46468"}],"curies":[{"name":"wp","href":"https:\/\/api.w.org\/{rel}","templated":true}]}}