{"id":46472,"date":"2025-02-27T09:18:05","date_gmt":"2025-02-27T08:18:05","guid":{"rendered":"https:\/\/librairie7l.com\/?post_type=product&#038;p=46472"},"modified":"2026-04-22T10:58:56","modified_gmt":"2026-04-22T08:58:56","slug":"benedicte-vallet-tisser-la-terre-2","status":"publish","type":"product","link":"https:\/\/librairie7l.com\/en\/produit\/benedicte-vallet-tisser-la-terre-2\/","title":{"rendered":"B\u00c9N\u00c9DICTE VALLET : TISSER LA TERRE"},"content":{"rendered":"<p>Une cosmonaute. Telle serait la meilleure fa\u00e7on d&#8217;appr\u00e9hender celle qui aime \u00e0 retremper dans l&#8217;\u00e9tymologie grecque, navigatrice infatigable dans l&#8217;univers sans fronti\u00e8res de l&#8217;art. B\u00e9n\u00e9dicte Vallet marie la porcelaine et la fibre naturelle. Ses &#8220;textiles c\u00e9ramiques&#8221; ouvrent le champ des possibles de ces mati\u00e8res primaires au coeur de deux artisanats ancestraux. De recherches de textures en exp\u00e9rimentations d&#8217;assemblages, scand\u00e9es par les rituels d&#8217;humbles gestes quotidiens de r\u00e9colte, de modelage et de tissage, ont \u00e9merg\u00e9 sous ses doigts d&#8217;\u00e9tranges sculptures prot\u00e9iformes, tout \u00e0 la fois visuelles, tactiles et sonores, cr\u00e9ant une \u00e9criture unique m\u00ealant l&#8217;articulation \u00e0 l&#8217;accumulation. B\u00e9n\u00e9dicte Vallet aime \u00e0 fa\u00e7onner et tisser les mondes. Habit\u00e9e par la qu\u00eate des origines, de ces temps o\u00f9 l&#8217;humain et la nature coexistaient en harmonie, elle d\u00e9ploie toute une arch\u00e9ologie de l&#8217;imaginaire, accumulant les \u00e9l\u00e9ments comme autant de po\u00e8mes, d&#8217;offrandes, d&#8217;utopies.<\/p>\n","protected":false},"excerpt":{"rendered":"<p>Une cosmonaute. Telle serait la meilleure fa\u00e7on d&#8217;appr\u00e9hender celle qui aime \u00e0 retremper dans l&#8217;\u00e9tymologie grecque, navigatrice infatigable dans l&#8217;univers sans fronti\u00e8res de l&#8217;art. B\u00e9n\u00e9dicte Vallet marie la porcelaine et la fibre naturelle. Ses &#8220;textiles c\u00e9ramiques&#8221; ouvrent le champ des possibles de ces mati\u00e8res primaires au coeur de deux artisanats ancestraux. De recherches de textures [&hellip;]<\/p>\n","protected":false},"featured_media":46470,"template":"","meta":[],"product_cat":[2948,2952],"product_tag":[],"acf":[],"yoast_head":"<!-- This site is optimized with the Yoast SEO plugin v20.11 - https:\/\/yoast.com\/wordpress\/plugins\/seo\/ -->\n<title>B\u00e9n\u00e9dicte Vallet : Tisser la terre - Librairie 7L<\/title>\n<meta name=\"robots\" content=\"index, follow, max-snippet:-1, max-image-preview:large, max-video-preview:-1\" \/>\n<link rel=\"canonical\" href=\"https:\/\/librairie7l.com\/en\/produit\/benedicte-vallet-tisser-la-terre-2\/\" \/>\n<meta property=\"og:locale\" content=\"en_US\" \/>\n<meta property=\"og:type\" content=\"article\" \/>\n<meta property=\"og:title\" content=\"B\u00e9n\u00e9dicte Vallet : Tisser la terre - Librairie 7L\" \/>\n<meta property=\"og:description\" content=\"Une cosmonaute. Telle serait la meilleure fa\u00e7on d&#8217;appr\u00e9hender celle qui aime \u00e0 retremper dans l&#8217;\u00e9tymologie grecque, navigatrice infatigable dans l&#8217;univers sans fronti\u00e8res de l&#8217;art. B\u00e9n\u00e9dicte Vallet marie la porcelaine et la fibre naturelle. Ses &#8220;textiles c\u00e9ramiques&#8221; ouvrent le champ des possibles de ces mati\u00e8res primaires au coeur de deux artisanats ancestraux. De recherches de textures [&hellip;]\" \/>\n<meta property=\"og:url\" content=\"https:\/\/librairie7l.com\/en\/produit\/benedicte-vallet-tisser-la-terre-2\/\" \/>\n<meta property=\"og:site_name\" content=\"Librairie 7L\" \/>\n<meta property=\"article:modified_time\" content=\"2026-04-22T08:58:56+00:00\" \/>\n<meta property=\"og:image\" content=\"https:\/\/librairie7l.com\/wp-content\/uploads\/2024\/12\/9791096404407_1_75.jpg\" \/>\n\t<meta property=\"og:image:width\" content=\"600\" \/>\n\t<meta property=\"og:image:height\" content=\"769\" \/>\n\t<meta property=\"og:image:type\" content=\"image\/jpeg\" \/>\n<meta name=\"twitter:card\" content=\"summary_large_image\" \/>\n<meta name=\"twitter:label1\" content=\"Est. reading time\" \/>\n\t<meta name=\"twitter:data1\" content=\"1 minute\" \/>\n<script type=\"application\/ld+json\" class=\"yoast-schema-graph\">{\"@context\":\"https:\/\/schema.org\",\"@graph\":[{\"@type\":\"WebPage\",\"@id\":\"https:\/\/librairie7l.com\/en\/produit\/benedicte-vallet-tisser-la-terre-2\/\",\"url\":\"https:\/\/librairie7l.com\/en\/produit\/benedicte-vallet-tisser-la-terre-2\/\",\"name\":\"B\u00e9n\u00e9dicte Vallet : Tisser la terre - Librairie 7L\",\"isPartOf\":{\"@id\":\"https:\/\/librairie7l.com\/en\/#website\"},\"datePublished\":\"2025-02-27T08:18:05+00:00\",\"dateModified\":\"2026-04-22T08:58:56+00:00\",\"breadcrumb\":{\"@id\":\"https:\/\/librairie7l.com\/en\/produit\/benedicte-vallet-tisser-la-terre-2\/#breadcrumb\"},\"inLanguage\":\"en-US\",\"potentialAction\":[{\"@type\":\"ReadAction\",\"target\":[\"https:\/\/librairie7l.com\/en\/produit\/benedicte-vallet-tisser-la-terre-2\/\"]}]},{\"@type\":\"BreadcrumbList\",\"@id\":\"https:\/\/librairie7l.com\/en\/produit\/benedicte-vallet-tisser-la-terre-2\/#breadcrumb\",\"itemListElement\":[{\"@type\":\"ListItem\",\"position\":1,\"name\":\"Accueil\",\"item\":\"https:\/\/librairie7l.com\/en\/\"},{\"@type\":\"ListItem\",\"position\":2,\"name\":\"Shop\",\"item\":\"https:\/\/librairie7l.com\/en\/shop\/\"},{\"@type\":\"ListItem\",\"position\":3,\"name\":\"B\u00c9N\u00c9DICTE VALLET : TISSER LA TERRE\"}]},{\"@type\":\"WebSite\",\"@id\":\"https:\/\/librairie7l.com\/en\/#website\",\"url\":\"https:\/\/librairie7l.com\/en\/\",\"name\":\"Librairie 7L\",\"description\":\"Librairie fond\u00e9e en 1999 par Karl Lagerfeld \u00e0 Paris\",\"publisher\":{\"@id\":\"https:\/\/librairie7l.com\/en\/#organization\"},\"potentialAction\":[{\"@type\":\"SearchAction\",\"target\":{\"@type\":\"EntryPoint\",\"urlTemplate\":\"https:\/\/librairie7l.com\/en\/?s={search_term_string}\"},\"query-input\":\"required name=search_term_string\"}],\"inLanguage\":\"en-US\"},{\"@type\":\"Organization\",\"@id\":\"https:\/\/librairie7l.com\/en\/#organization\",\"name\":\"Librairie 7L\",\"url\":\"https:\/\/librairie7l.com\/en\/\",\"logo\":{\"@type\":\"ImageObject\",\"inLanguage\":\"en-US\",\"@id\":\"https:\/\/librairie7l.com\/en\/#\/schema\/logo\/image\/\",\"url\":\"https:\/\/librairie7l.com\/wp-content\/uploads\/2022\/08\/logo-1.png\",\"contentUrl\":\"https:\/\/librairie7l.com\/wp-content\/uploads\/2022\/08\/logo-1.png\",\"width\":227,\"height\":301,\"caption\":\"Librairie 7L\"},\"image\":{\"@id\":\"https:\/\/librairie7l.com\/en\/#\/schema\/logo\/image\/\"}}]}<\/script>\n<!-- \/ Yoast SEO plugin. -->","yoast_head_json":{"title":"B\u00e9n\u00e9dicte Vallet : Tisser la terre - Librairie 7L","robots":{"index":"index","follow":"follow","max-snippet":"max-snippet:-1","max-image-preview":"max-image-preview:large","max-video-preview":"max-video-preview:-1"},"canonical":"https:\/\/librairie7l.com\/en\/produit\/benedicte-vallet-tisser-la-terre-2\/","og_locale":"en_US","og_type":"article","og_title":"B\u00e9n\u00e9dicte Vallet : Tisser la terre - Librairie 7L","og_description":"Une cosmonaute. Telle serait la meilleure fa\u00e7on d&#8217;appr\u00e9hender celle qui aime \u00e0 retremper dans l&#8217;\u00e9tymologie grecque, navigatrice infatigable dans l&#8217;univers sans fronti\u00e8res de l&#8217;art. B\u00e9n\u00e9dicte Vallet marie la porcelaine et la fibre naturelle. Ses &#8220;textiles c\u00e9ramiques&#8221; ouvrent le champ des possibles de ces mati\u00e8res primaires au coeur de deux artisanats ancestraux. De recherches de textures [&hellip;]","og_url":"https:\/\/librairie7l.com\/en\/produit\/benedicte-vallet-tisser-la-terre-2\/","og_site_name":"Librairie 7L","article_modified_time":"2026-04-22T08:58:56+00:00","og_image":[{"width":600,"height":769,"url":"https:\/\/librairie7l.com\/wp-content\/uploads\/2024\/12\/9791096404407_1_75.jpg","type":"image\/jpeg"}],"twitter_card":"summary_large_image","twitter_misc":{"Est. reading time":"1 minute"},"schema":{"@context":"https:\/\/schema.org","@graph":[{"@type":"WebPage","@id":"https:\/\/librairie7l.com\/en\/produit\/benedicte-vallet-tisser-la-terre-2\/","url":"https:\/\/librairie7l.com\/en\/produit\/benedicte-vallet-tisser-la-terre-2\/","name":"B\u00e9n\u00e9dicte Vallet : Tisser la terre - Librairie 7L","isPartOf":{"@id":"https:\/\/librairie7l.com\/en\/#website"},"datePublished":"2025-02-27T08:18:05+00:00","dateModified":"2026-04-22T08:58:56+00:00","breadcrumb":{"@id":"https:\/\/librairie7l.com\/en\/produit\/benedicte-vallet-tisser-la-terre-2\/#breadcrumb"},"inLanguage":"en-US","potentialAction":[{"@type":"ReadAction","target":["https:\/\/librairie7l.com\/en\/produit\/benedicte-vallet-tisser-la-terre-2\/"]}]},{"@type":"BreadcrumbList","@id":"https:\/\/librairie7l.com\/en\/produit\/benedicte-vallet-tisser-la-terre-2\/#breadcrumb","itemListElement":[{"@type":"ListItem","position":1,"name":"Accueil","item":"https:\/\/librairie7l.com\/en\/"},{"@type":"ListItem","position":2,"name":"Shop","item":"https:\/\/librairie7l.com\/en\/shop\/"},{"@type":"ListItem","position":3,"name":"B\u00c9N\u00c9DICTE VALLET : TISSER LA TERRE"}]},{"@type":"WebSite","@id":"https:\/\/librairie7l.com\/en\/#website","url":"https:\/\/librairie7l.com\/en\/","name":"Librairie 7L","description":"Librairie fond\u00e9e en 1999 par Karl Lagerfeld \u00e0 Paris","publisher":{"@id":"https:\/\/librairie7l.com\/en\/#organization"},"potentialAction":[{"@type":"SearchAction","target":{"@type":"EntryPoint","urlTemplate":"https:\/\/librairie7l.com\/en\/?s={search_term_string}"},"query-input":"required name=search_term_string"}],"inLanguage":"en-US"},{"@type":"Organization","@id":"https:\/\/librairie7l.com\/en\/#organization","name":"Librairie 7L","url":"https:\/\/librairie7l.com\/en\/","logo":{"@type":"ImageObject","inLanguage":"en-US","@id":"https:\/\/librairie7l.com\/en\/#\/schema\/logo\/image\/","url":"https:\/\/librairie7l.com\/wp-content\/uploads\/2022\/08\/logo-1.png","contentUrl":"https:\/\/librairie7l.com\/wp-content\/uploads\/2022\/08\/logo-1.png","width":227,"height":301,"caption":"Librairie 7L"},"image":{"@id":"https:\/\/librairie7l.com\/en\/#\/schema\/logo\/image\/"}}]}},"_links":{"self":[{"href":"https:\/\/librairie7l.com\/en\/wp-json\/wp\/v2\/product\/46472"}],"collection":[{"href":"https:\/\/librairie7l.com\/en\/wp-json\/wp\/v2\/product"}],"about":[{"href":"https:\/\/librairie7l.com\/en\/wp-json\/wp\/v2\/types\/product"}],"wp:featuredmedia":[{"embeddable":true,"href":"https:\/\/librairie7l.com\/en\/wp-json\/wp\/v2\/media\/46470"}],"wp:attachment":[{"href":"https:\/\/librairie7l.com\/en\/wp-json\/wp\/v2\/media?parent=46472"}],"wp:term":[{"taxonomy":"product_cat","embeddable":true,"href":"https:\/\/librairie7l.com\/en\/wp-json\/wp\/v2\/product_cat?post=46472"},{"taxonomy":"product_tag","embeddable":true,"href":"https:\/\/librairie7l.com\/en\/wp-json\/wp\/v2\/product_tag?post=46472"}],"curies":[{"name":"wp","href":"https:\/\/api.w.org\/{rel}","templated":true}]}}