{"id":46476,"date":"2025-02-27T09:18:09","date_gmt":"2025-02-27T08:18:09","guid":{"rendered":"https:\/\/librairie7l.com\/?post_type=product&#038;p=46476"},"modified":"2026-04-17T15:38:01","modified_gmt":"2026-04-17T13:38:01","slug":"zurbaran-reinventer-un-chef-doeuvre-2","status":"publish","type":"product","link":"https:\/\/librairie7l.com\/en\/produit\/zurbaran-reinventer-un-chef-doeuvre-2\/","title":{"rendered":"ZURBARAN : R\u00c9INVENTER UN CHEF-D&#8217;OEUVRE"},"content":{"rendered":"<p>G\u00e9nie de la peinture, reconnu comme l&#8217;\u00e9gal de son ami Vela&#8217;zquez, Zurbaran, surnomm\u00e9 le &#8221; Caravage espagnol &#8221; en raison de son utilisation magistrale du clair-obscur, est l&#8217;ic\u00f4ne du &#8221; si\u00e8cle d&#8217;or &#8220;, ce sommet de la peinture espagnole qui illumine le XVII\u00e8me si\u00e8cle.<br \/>\nN\u00e9 \u00e0 S\u00e9ville, Francisco De Zurbara&#8217;n (1598 &#8211; 1664) a trouv\u00e9 sa muse dans la richesse culturelle de sa ville natale, pulsante de vie, d&#8217;histoire et d&#8217;une palpable spiritualit\u00e9. Ses peintures religieuses de nonnes, moines et martyrs, ainsi que ses natures mortes, figurent parmi ses oeuvres les plus c\u00e9l\u00e8bres. En effet, qu&#8217;il s&#8217;agisse de sujets divins ou quotidiens, Zurbara&#8217;n capture sur la toile les merveilles du monde, en un profond mysticisme. Chacune de ses oeuvres d\u00e9gage une force spirituelle unique qui le distingue de tout autre peintre du paysage espagnol.<\/p>\n<p> Contemporain et ami de Diego V\u00e9lasquez, influenc\u00e9 par le r\u00e9alisme de Caravage et ses disciples, il sera surnomm\u00e9 le &#8221; Caravage espagnol &#8221; en raison de son utilisation magistrale du clair-obscur.<\/p>\n<p> &#8221; El Greco except\u00e9, et peut-\u00eatre Vela&#8217;zquez, dont il est l&#8217;\u00e9gal, sinon sup\u00e9rieur, Zurbara&#8217;n d\u00e9passe tous les autres peintres espagnols. (&#8230;) La caract\u00e9ristique de l&#8217;oeuvre de Zurbara&#8217;n est d&#8217;offrir tout ce que la peinture peut offrir de v\u00e9rit\u00e9 humaine. (&#8230;) En g\u00e9n\u00e9ral, Zurbara&#8217;n repr\u00e9sente ses saints et ses moines dans la vie physique la plus concise, mais sanctifi\u00e9e par de graves soucis spirituels ou le d\u00e9sir de s&#8217;approcher de Dieu. Il n&#8217;y a jamais chez lui de sentiment terrible. La mort elle-m\u00eame n&#8217;a rien pour lui d&#8217;effroyable. &#8221; -; Christian Zervos dans le Catalogue de l&#8217;exposition du Grand Palais (1988)<\/p>\n","protected":false},"excerpt":{"rendered":"<p>G\u00e9nie de la peinture, reconnu comme l&#8217;\u00e9gal de son ami Vela&#8217;zquez, Zurbaran, surnomm\u00e9 le &#8221; Caravage espagnol &#8221; en raison de son utilisation magistrale du clair-obscur, est l&#8217;ic\u00f4ne du &#8221; si\u00e8cle d&#8217;or &#8220;, ce sommet de la peinture espagnole qui illumine le XVII\u00e8me si\u00e8cle. N\u00e9 \u00e0 S\u00e9ville, Francisco De Zurbara&#8217;n (1598 &#8211; 1664) a trouv\u00e9 [&hellip;]<\/p>\n","protected":false},"featured_media":46474,"template":"","meta":[],"product_cat":[2948,2953],"product_tag":[],"acf":[],"yoast_head":"<!-- This site is optimized with the Yoast SEO plugin v20.11 - https:\/\/yoast.com\/wordpress\/plugins\/seo\/ -->\n<title>Zurbaran : R\u00e9inventer un chef-d&#039;oeuvre - Librairie 7L<\/title>\n<meta name=\"robots\" content=\"index, follow, max-snippet:-1, max-image-preview:large, max-video-preview:-1\" \/>\n<link rel=\"canonical\" href=\"https:\/\/librairie7l.com\/en\/produit\/zurbaran-reinventer-un-chef-doeuvre-2\/\" \/>\n<meta property=\"og:locale\" content=\"en_US\" \/>\n<meta property=\"og:type\" content=\"article\" \/>\n<meta property=\"og:title\" content=\"Zurbaran : R\u00e9inventer un chef-d&#039;oeuvre - Librairie 7L\" \/>\n<meta property=\"og:description\" content=\"G\u00e9nie de la peinture, reconnu comme l&#8217;\u00e9gal de son ami Vela&#8217;zquez, Zurbaran, surnomm\u00e9 le &#8221; Caravage espagnol &#8221; en raison de son utilisation magistrale du clair-obscur, est l&#8217;ic\u00f4ne du &#8221; si\u00e8cle d&#8217;or &#8220;, ce sommet de la peinture espagnole qui illumine le XVII\u00e8me si\u00e8cle. N\u00e9 \u00e0 S\u00e9ville, Francisco De Zurbara&#8217;n (1598 &#8211; 1664) a trouv\u00e9 [&hellip;]\" \/>\n<meta property=\"og:url\" content=\"https:\/\/librairie7l.com\/en\/produit\/zurbaran-reinventer-un-chef-doeuvre-2\/\" \/>\n<meta property=\"og:site_name\" content=\"Librairie 7L\" \/>\n<meta property=\"article:modified_time\" content=\"2026-04-17T13:38:01+00:00\" \/>\n<meta property=\"og:image\" content=\"https:\/\/librairie7l.com\/wp-content\/uploads\/2024\/06\/9788412787733_1_75.jpg\" \/>\n\t<meta property=\"og:image:width\" content=\"400\" \/>\n\t<meta property=\"og:image:height\" content=\"444\" \/>\n\t<meta property=\"og:image:type\" content=\"image\/jpeg\" \/>\n<meta name=\"twitter:card\" content=\"summary_large_image\" \/>\n<meta name=\"twitter:label1\" content=\"Est. reading time\" \/>\n\t<meta name=\"twitter:data1\" content=\"1 minute\" \/>\n<script type=\"application\/ld+json\" class=\"yoast-schema-graph\">{\"@context\":\"https:\/\/schema.org\",\"@graph\":[{\"@type\":\"WebPage\",\"@id\":\"https:\/\/librairie7l.com\/en\/produit\/zurbaran-reinventer-un-chef-doeuvre-2\/\",\"url\":\"https:\/\/librairie7l.com\/en\/produit\/zurbaran-reinventer-un-chef-doeuvre-2\/\",\"name\":\"Zurbaran : R\u00e9inventer un chef-d'oeuvre - Librairie 7L\",\"isPartOf\":{\"@id\":\"https:\/\/librairie7l.com\/en\/#website\"},\"datePublished\":\"2025-02-27T08:18:09+00:00\",\"dateModified\":\"2026-04-17T13:38:01+00:00\",\"breadcrumb\":{\"@id\":\"https:\/\/librairie7l.com\/en\/produit\/zurbaran-reinventer-un-chef-doeuvre-2\/#breadcrumb\"},\"inLanguage\":\"en-US\",\"potentialAction\":[{\"@type\":\"ReadAction\",\"target\":[\"https:\/\/librairie7l.com\/en\/produit\/zurbaran-reinventer-un-chef-doeuvre-2\/\"]}]},{\"@type\":\"BreadcrumbList\",\"@id\":\"https:\/\/librairie7l.com\/en\/produit\/zurbaran-reinventer-un-chef-doeuvre-2\/#breadcrumb\",\"itemListElement\":[{\"@type\":\"ListItem\",\"position\":1,\"name\":\"Accueil\",\"item\":\"https:\/\/librairie7l.com\/en\/\"},{\"@type\":\"ListItem\",\"position\":2,\"name\":\"Shop\",\"item\":\"https:\/\/librairie7l.com\/en\/shop\/\"},{\"@type\":\"ListItem\",\"position\":3,\"name\":\"ZURBARAN : R\u00c9INVENTER UN CHEF-D&#8217;OEUVRE\"}]},{\"@type\":\"WebSite\",\"@id\":\"https:\/\/librairie7l.com\/en\/#website\",\"url\":\"https:\/\/librairie7l.com\/en\/\",\"name\":\"Librairie 7L\",\"description\":\"Librairie fond\u00e9e en 1999 par Karl Lagerfeld \u00e0 Paris\",\"publisher\":{\"@id\":\"https:\/\/librairie7l.com\/en\/#organization\"},\"potentialAction\":[{\"@type\":\"SearchAction\",\"target\":{\"@type\":\"EntryPoint\",\"urlTemplate\":\"https:\/\/librairie7l.com\/en\/?s={search_term_string}\"},\"query-input\":\"required name=search_term_string\"}],\"inLanguage\":\"en-US\"},{\"@type\":\"Organization\",\"@id\":\"https:\/\/librairie7l.com\/en\/#organization\",\"name\":\"Librairie 7L\",\"url\":\"https:\/\/librairie7l.com\/en\/\",\"logo\":{\"@type\":\"ImageObject\",\"inLanguage\":\"en-US\",\"@id\":\"https:\/\/librairie7l.com\/en\/#\/schema\/logo\/image\/\",\"url\":\"https:\/\/librairie7l.com\/wp-content\/uploads\/2022\/08\/logo-1.png\",\"contentUrl\":\"https:\/\/librairie7l.com\/wp-content\/uploads\/2022\/08\/logo-1.png\",\"width\":227,\"height\":301,\"caption\":\"Librairie 7L\"},\"image\":{\"@id\":\"https:\/\/librairie7l.com\/en\/#\/schema\/logo\/image\/\"}}]}<\/script>\n<!-- \/ Yoast SEO plugin. -->","yoast_head_json":{"title":"Zurbaran : R\u00e9inventer un chef-d'oeuvre - Librairie 7L","robots":{"index":"index","follow":"follow","max-snippet":"max-snippet:-1","max-image-preview":"max-image-preview:large","max-video-preview":"max-video-preview:-1"},"canonical":"https:\/\/librairie7l.com\/en\/produit\/zurbaran-reinventer-un-chef-doeuvre-2\/","og_locale":"en_US","og_type":"article","og_title":"Zurbaran : R\u00e9inventer un chef-d'oeuvre - Librairie 7L","og_description":"G\u00e9nie de la peinture, reconnu comme l&#8217;\u00e9gal de son ami Vela&#8217;zquez, Zurbaran, surnomm\u00e9 le &#8221; Caravage espagnol &#8221; en raison de son utilisation magistrale du clair-obscur, est l&#8217;ic\u00f4ne du &#8221; si\u00e8cle d&#8217;or &#8220;, ce sommet de la peinture espagnole qui illumine le XVII\u00e8me si\u00e8cle. N\u00e9 \u00e0 S\u00e9ville, Francisco De Zurbara&#8217;n (1598 &#8211; 1664) a trouv\u00e9 [&hellip;]","og_url":"https:\/\/librairie7l.com\/en\/produit\/zurbaran-reinventer-un-chef-doeuvre-2\/","og_site_name":"Librairie 7L","article_modified_time":"2026-04-17T13:38:01+00:00","og_image":[{"width":400,"height":444,"url":"https:\/\/librairie7l.com\/wp-content\/uploads\/2024\/06\/9788412787733_1_75.jpg","type":"image\/jpeg"}],"twitter_card":"summary_large_image","twitter_misc":{"Est. reading time":"1 minute"},"schema":{"@context":"https:\/\/schema.org","@graph":[{"@type":"WebPage","@id":"https:\/\/librairie7l.com\/en\/produit\/zurbaran-reinventer-un-chef-doeuvre-2\/","url":"https:\/\/librairie7l.com\/en\/produit\/zurbaran-reinventer-un-chef-doeuvre-2\/","name":"Zurbaran : R\u00e9inventer un chef-d'oeuvre - Librairie 7L","isPartOf":{"@id":"https:\/\/librairie7l.com\/en\/#website"},"datePublished":"2025-02-27T08:18:09+00:00","dateModified":"2026-04-17T13:38:01+00:00","breadcrumb":{"@id":"https:\/\/librairie7l.com\/en\/produit\/zurbaran-reinventer-un-chef-doeuvre-2\/#breadcrumb"},"inLanguage":"en-US","potentialAction":[{"@type":"ReadAction","target":["https:\/\/librairie7l.com\/en\/produit\/zurbaran-reinventer-un-chef-doeuvre-2\/"]}]},{"@type":"BreadcrumbList","@id":"https:\/\/librairie7l.com\/en\/produit\/zurbaran-reinventer-un-chef-doeuvre-2\/#breadcrumb","itemListElement":[{"@type":"ListItem","position":1,"name":"Accueil","item":"https:\/\/librairie7l.com\/en\/"},{"@type":"ListItem","position":2,"name":"Shop","item":"https:\/\/librairie7l.com\/en\/shop\/"},{"@type":"ListItem","position":3,"name":"ZURBARAN : R\u00c9INVENTER UN CHEF-D&#8217;OEUVRE"}]},{"@type":"WebSite","@id":"https:\/\/librairie7l.com\/en\/#website","url":"https:\/\/librairie7l.com\/en\/","name":"Librairie 7L","description":"Librairie fond\u00e9e en 1999 par Karl Lagerfeld \u00e0 Paris","publisher":{"@id":"https:\/\/librairie7l.com\/en\/#organization"},"potentialAction":[{"@type":"SearchAction","target":{"@type":"EntryPoint","urlTemplate":"https:\/\/librairie7l.com\/en\/?s={search_term_string}"},"query-input":"required name=search_term_string"}],"inLanguage":"en-US"},{"@type":"Organization","@id":"https:\/\/librairie7l.com\/en\/#organization","name":"Librairie 7L","url":"https:\/\/librairie7l.com\/en\/","logo":{"@type":"ImageObject","inLanguage":"en-US","@id":"https:\/\/librairie7l.com\/en\/#\/schema\/logo\/image\/","url":"https:\/\/librairie7l.com\/wp-content\/uploads\/2022\/08\/logo-1.png","contentUrl":"https:\/\/librairie7l.com\/wp-content\/uploads\/2022\/08\/logo-1.png","width":227,"height":301,"caption":"Librairie 7L"},"image":{"@id":"https:\/\/librairie7l.com\/en\/#\/schema\/logo\/image\/"}}]}},"_links":{"self":[{"href":"https:\/\/librairie7l.com\/en\/wp-json\/wp\/v2\/product\/46476"}],"collection":[{"href":"https:\/\/librairie7l.com\/en\/wp-json\/wp\/v2\/product"}],"about":[{"href":"https:\/\/librairie7l.com\/en\/wp-json\/wp\/v2\/types\/product"}],"wp:featuredmedia":[{"embeddable":true,"href":"https:\/\/librairie7l.com\/en\/wp-json\/wp\/v2\/media\/46474"}],"wp:attachment":[{"href":"https:\/\/librairie7l.com\/en\/wp-json\/wp\/v2\/media?parent=46476"}],"wp:term":[{"taxonomy":"product_cat","embeddable":true,"href":"https:\/\/librairie7l.com\/en\/wp-json\/wp\/v2\/product_cat?post=46476"},{"taxonomy":"product_tag","embeddable":true,"href":"https:\/\/librairie7l.com\/en\/wp-json\/wp\/v2\/product_tag?post=46476"}],"curies":[{"name":"wp","href":"https:\/\/api.w.org\/{rel}","templated":true}]}}