{"id":46522,"date":"2025-03-02T09:17:57","date_gmt":"2025-03-02T08:17:57","guid":{"rendered":"https:\/\/librairie7l.com\/?post_type=product&#038;p=46522"},"modified":"2026-04-04T20:46:27","modified_gmt":"2026-04-04T18:46:27","slug":"les-pionnieres-dans-les-ateliers-des-femmes-artistes-du-xxe-siecle-2","status":"publish","type":"product","link":"https:\/\/librairie7l.com\/en\/produit\/les-pionnieres-dans-les-ateliers-des-femmes-artistes-du-xxe-siecle-2\/","title":{"rendered":"LES PIONNI\u00c8RES ; DANS LES ATELIERS DES FEMMES ARTISTES DU XXE SI\u00c8CLE"},"content":{"rendered":"<p>Cet ouvrage est avant tout un hommage d\u00e9di\u00e9 \u00e0 onze femmes artistes, \u00e0 travers leur portrait, immerg\u00e9es dans leur travail quotidien, dans leur lieu de pr\u00e9dilection : l&#8217;atelier.<br \/>\nGenevi\u00e8ve Asse, Etel Adnan, Pierrette Bloch, Genevi\u00e8ve Claisse, Parvine Curie, Sheila Hicks, Shirley Jaffe, V\u00e9ra Molnar, Aur\u00e9lie Nemours, Judith Reigl, Marta Pan, sont toutes de la m\u00eame g\u00e9n\u00e9ration, celle qui les a fait na\u00eetre avant la deuxi\u00e8me guerre mondiale, celle qui les a fait atteindre leur maturit\u00e9 artistique dans les ann\u00e9es 50 et 60, celle qui les fait resurgir apr\u00e8s l&#8217;an deux mille dans les mus\u00e9es et les galeries, \u00e0 la fin de leur vie.<br \/>\nL&#8217;autre lien qui les rassemble est celui de l&#8217;abstraction, de toutes les sortes d&#8217;abstractions car sous cette \u00e9tiquette se cache autant d&#8217;approches artistiques et de possibilit\u00e9s d&#8217;expression qu&#8217;il y a d&#8217;artistes. Parmi elles, nombreuses sont celles qui se sont affirm\u00e9es, pour ou contre, la seconde \u00c9cole de Paris qui r\u00e9gnait alors sur l&#8217;art. Aucune n&#8217;est cependant une \u00ab figurative \u00bb ou, comme le sera majoritairement la g\u00e9n\u00e9ration suivante, aucune n&#8217;exprime le quotidien, le ressenti, la r\u00e9volte, le constat du monde, ou la r\u00e9invention du \u00ab je \u00bb et du corps de la femme. Toutes les femmes de cet ouvrage ont plut\u00f4t tent\u00e9 de s&#8217;extraire du r\u00e9alisme, de fuir toute manifestation d&#8217;introspection personnelle, de pathos ou de d\u00e9sordre soci\u00e9tal.<br \/>\nCe livre, initi\u00e9 il y a une dizaine d&#8217;ann\u00e9es avant qu&#8217;elles ne soient aussi c\u00e9l\u00e9br\u00e9es et pr\u00e9sentes dans les plus grands mus\u00e9eset collections priv\u00e9es, se veut le t\u00e9moignage l\u00e9ger et attrayant de quelques instants vol\u00e9s, bribes de conversations, moments de d\u00e9tente, souvenirs \u00e9mus, impr\u00e9gn\u00e9s d&#8217;odeurs, de lumi\u00e8res changeantes, de couleurs, de rires et de silences, dans l&#8217;intimit\u00e9 de l&#8217;atelier.<\/p>\n","protected":false},"excerpt":{"rendered":"<p>Cet ouvrage est avant tout un hommage d\u00e9di\u00e9 \u00e0 onze femmes artistes, \u00e0 travers leur portrait, immerg\u00e9es dans leur travail quotidien, dans leur lieu de pr\u00e9dilection : l&#8217;atelier. Genevi\u00e8ve Asse, Etel Adnan, Pierrette Bloch, Genevi\u00e8ve Claisse, Parvine Curie, Sheila Hicks, Shirley Jaffe, V\u00e9ra Molnar, Aur\u00e9lie Nemours, Judith Reigl, Marta Pan, sont toutes de la m\u00eame [&hellip;]<\/p>\n","protected":false},"featured_media":46520,"template":"","meta":[],"product_cat":[2948],"product_tag":[],"acf":[],"yoast_head":"<!-- This site is optimized with the Yoast SEO plugin v20.11 - https:\/\/yoast.com\/wordpress\/plugins\/seo\/ -->\n<title>Les pionni\u00e8res ; dans les ateliers des femmes artistes du XXe si\u00e8cle - Librairie 7L<\/title>\n<meta name=\"robots\" content=\"index, follow, max-snippet:-1, max-image-preview:large, max-video-preview:-1\" \/>\n<link rel=\"canonical\" href=\"https:\/\/librairie7l.com\/en\/produit\/les-pionnieres-dans-les-ateliers-des-femmes-artistes-du-xxe-siecle-2\/\" \/>\n<meta property=\"og:locale\" content=\"en_US\" \/>\n<meta property=\"og:type\" content=\"article\" \/>\n<meta property=\"og:title\" content=\"Les pionni\u00e8res ; dans les ateliers des femmes artistes du XXe si\u00e8cle - Librairie 7L\" \/>\n<meta property=\"og:description\" content=\"Cet ouvrage est avant tout un hommage d\u00e9di\u00e9 \u00e0 onze femmes artistes, \u00e0 travers leur portrait, immerg\u00e9es dans leur travail quotidien, dans leur lieu de pr\u00e9dilection : l&#8217;atelier. Genevi\u00e8ve Asse, Etel Adnan, Pierrette Bloch, Genevi\u00e8ve Claisse, Parvine Curie, Sheila Hicks, Shirley Jaffe, V\u00e9ra Molnar, Aur\u00e9lie Nemours, Judith Reigl, Marta Pan, sont toutes de la m\u00eame [&hellip;]\" \/>\n<meta property=\"og:url\" content=\"https:\/\/librairie7l.com\/en\/produit\/les-pionnieres-dans-les-ateliers-des-femmes-artistes-du-xxe-siecle-2\/\" \/>\n<meta property=\"og:site_name\" content=\"Librairie 7L\" \/>\n<meta property=\"article:modified_time\" content=\"2026-04-04T18:46:27+00:00\" \/>\n<meta property=\"og:image\" content=\"https:\/\/librairie7l.com\/wp-content\/uploads\/2018\/02\/9782757213056_1_75.jpg\" \/>\n\t<meta property=\"og:image:width\" content=\"600\" \/>\n\t<meta property=\"og:image:height\" content=\"716\" \/>\n\t<meta property=\"og:image:type\" content=\"image\/jpeg\" \/>\n<meta name=\"twitter:card\" content=\"summary_large_image\" \/>\n<meta name=\"twitter:label1\" content=\"Est. reading time\" \/>\n\t<meta name=\"twitter:data1\" content=\"2 minutes\" \/>\n<script type=\"application\/ld+json\" class=\"yoast-schema-graph\">{\"@context\":\"https:\/\/schema.org\",\"@graph\":[{\"@type\":\"WebPage\",\"@id\":\"https:\/\/librairie7l.com\/en\/produit\/les-pionnieres-dans-les-ateliers-des-femmes-artistes-du-xxe-siecle-2\/\",\"url\":\"https:\/\/librairie7l.com\/en\/produit\/les-pionnieres-dans-les-ateliers-des-femmes-artistes-du-xxe-siecle-2\/\",\"name\":\"Les pionni\u00e8res ; dans les ateliers des femmes artistes du XXe si\u00e8cle - Librairie 7L\",\"isPartOf\":{\"@id\":\"https:\/\/librairie7l.com\/en\/#website\"},\"datePublished\":\"2025-03-02T08:17:57+00:00\",\"dateModified\":\"2026-04-04T18:46:27+00:00\",\"breadcrumb\":{\"@id\":\"https:\/\/librairie7l.com\/en\/produit\/les-pionnieres-dans-les-ateliers-des-femmes-artistes-du-xxe-siecle-2\/#breadcrumb\"},\"inLanguage\":\"en-US\",\"potentialAction\":[{\"@type\":\"ReadAction\",\"target\":[\"https:\/\/librairie7l.com\/en\/produit\/les-pionnieres-dans-les-ateliers-des-femmes-artistes-du-xxe-siecle-2\/\"]}]},{\"@type\":\"BreadcrumbList\",\"@id\":\"https:\/\/librairie7l.com\/en\/produit\/les-pionnieres-dans-les-ateliers-des-femmes-artistes-du-xxe-siecle-2\/#breadcrumb\",\"itemListElement\":[{\"@type\":\"ListItem\",\"position\":1,\"name\":\"Accueil\",\"item\":\"https:\/\/librairie7l.com\/en\/\"},{\"@type\":\"ListItem\",\"position\":2,\"name\":\"Shop\",\"item\":\"https:\/\/librairie7l.com\/en\/shop\/\"},{\"@type\":\"ListItem\",\"position\":3,\"name\":\"LES PIONNI\u00c8RES ; DANS LES ATELIERS DES FEMMES ARTISTES DU XXE SI\u00c8CLE\"}]},{\"@type\":\"WebSite\",\"@id\":\"https:\/\/librairie7l.com\/en\/#website\",\"url\":\"https:\/\/librairie7l.com\/en\/\",\"name\":\"Librairie 7L\",\"description\":\"Librairie fond\u00e9e en 1999 par Karl Lagerfeld \u00e0 Paris\",\"publisher\":{\"@id\":\"https:\/\/librairie7l.com\/en\/#organization\"},\"potentialAction\":[{\"@type\":\"SearchAction\",\"target\":{\"@type\":\"EntryPoint\",\"urlTemplate\":\"https:\/\/librairie7l.com\/en\/?s={search_term_string}\"},\"query-input\":\"required name=search_term_string\"}],\"inLanguage\":\"en-US\"},{\"@type\":\"Organization\",\"@id\":\"https:\/\/librairie7l.com\/en\/#organization\",\"name\":\"Librairie 7L\",\"url\":\"https:\/\/librairie7l.com\/en\/\",\"logo\":{\"@type\":\"ImageObject\",\"inLanguage\":\"en-US\",\"@id\":\"https:\/\/librairie7l.com\/en\/#\/schema\/logo\/image\/\",\"url\":\"https:\/\/librairie7l.com\/wp-content\/uploads\/2022\/08\/logo-1.png\",\"contentUrl\":\"https:\/\/librairie7l.com\/wp-content\/uploads\/2022\/08\/logo-1.png\",\"width\":227,\"height\":301,\"caption\":\"Librairie 7L\"},\"image\":{\"@id\":\"https:\/\/librairie7l.com\/en\/#\/schema\/logo\/image\/\"}}]}<\/script>\n<!-- \/ Yoast SEO plugin. -->","yoast_head_json":{"title":"Les pionni\u00e8res ; dans les ateliers des femmes artistes du XXe si\u00e8cle - Librairie 7L","robots":{"index":"index","follow":"follow","max-snippet":"max-snippet:-1","max-image-preview":"max-image-preview:large","max-video-preview":"max-video-preview:-1"},"canonical":"https:\/\/librairie7l.com\/en\/produit\/les-pionnieres-dans-les-ateliers-des-femmes-artistes-du-xxe-siecle-2\/","og_locale":"en_US","og_type":"article","og_title":"Les pionni\u00e8res ; dans les ateliers des femmes artistes du XXe si\u00e8cle - Librairie 7L","og_description":"Cet ouvrage est avant tout un hommage d\u00e9di\u00e9 \u00e0 onze femmes artistes, \u00e0 travers leur portrait, immerg\u00e9es dans leur travail quotidien, dans leur lieu de pr\u00e9dilection : l&#8217;atelier. Genevi\u00e8ve Asse, Etel Adnan, Pierrette Bloch, Genevi\u00e8ve Claisse, Parvine Curie, Sheila Hicks, Shirley Jaffe, V\u00e9ra Molnar, Aur\u00e9lie Nemours, Judith Reigl, Marta Pan, sont toutes de la m\u00eame [&hellip;]","og_url":"https:\/\/librairie7l.com\/en\/produit\/les-pionnieres-dans-les-ateliers-des-femmes-artistes-du-xxe-siecle-2\/","og_site_name":"Librairie 7L","article_modified_time":"2026-04-04T18:46:27+00:00","og_image":[{"width":600,"height":716,"url":"https:\/\/librairie7l.com\/wp-content\/uploads\/2018\/02\/9782757213056_1_75.jpg","type":"image\/jpeg"}],"twitter_card":"summary_large_image","twitter_misc":{"Est. reading time":"2 minutes"},"schema":{"@context":"https:\/\/schema.org","@graph":[{"@type":"WebPage","@id":"https:\/\/librairie7l.com\/en\/produit\/les-pionnieres-dans-les-ateliers-des-femmes-artistes-du-xxe-siecle-2\/","url":"https:\/\/librairie7l.com\/en\/produit\/les-pionnieres-dans-les-ateliers-des-femmes-artistes-du-xxe-siecle-2\/","name":"Les pionni\u00e8res ; dans les ateliers des femmes artistes du XXe si\u00e8cle - Librairie 7L","isPartOf":{"@id":"https:\/\/librairie7l.com\/en\/#website"},"datePublished":"2025-03-02T08:17:57+00:00","dateModified":"2026-04-04T18:46:27+00:00","breadcrumb":{"@id":"https:\/\/librairie7l.com\/en\/produit\/les-pionnieres-dans-les-ateliers-des-femmes-artistes-du-xxe-siecle-2\/#breadcrumb"},"inLanguage":"en-US","potentialAction":[{"@type":"ReadAction","target":["https:\/\/librairie7l.com\/en\/produit\/les-pionnieres-dans-les-ateliers-des-femmes-artistes-du-xxe-siecle-2\/"]}]},{"@type":"BreadcrumbList","@id":"https:\/\/librairie7l.com\/en\/produit\/les-pionnieres-dans-les-ateliers-des-femmes-artistes-du-xxe-siecle-2\/#breadcrumb","itemListElement":[{"@type":"ListItem","position":1,"name":"Accueil","item":"https:\/\/librairie7l.com\/en\/"},{"@type":"ListItem","position":2,"name":"Shop","item":"https:\/\/librairie7l.com\/en\/shop\/"},{"@type":"ListItem","position":3,"name":"LES PIONNI\u00c8RES ; DANS LES ATELIERS DES FEMMES ARTISTES DU XXE SI\u00c8CLE"}]},{"@type":"WebSite","@id":"https:\/\/librairie7l.com\/en\/#website","url":"https:\/\/librairie7l.com\/en\/","name":"Librairie 7L","description":"Librairie fond\u00e9e en 1999 par Karl Lagerfeld \u00e0 Paris","publisher":{"@id":"https:\/\/librairie7l.com\/en\/#organization"},"potentialAction":[{"@type":"SearchAction","target":{"@type":"EntryPoint","urlTemplate":"https:\/\/librairie7l.com\/en\/?s={search_term_string}"},"query-input":"required name=search_term_string"}],"inLanguage":"en-US"},{"@type":"Organization","@id":"https:\/\/librairie7l.com\/en\/#organization","name":"Librairie 7L","url":"https:\/\/librairie7l.com\/en\/","logo":{"@type":"ImageObject","inLanguage":"en-US","@id":"https:\/\/librairie7l.com\/en\/#\/schema\/logo\/image\/","url":"https:\/\/librairie7l.com\/wp-content\/uploads\/2022\/08\/logo-1.png","contentUrl":"https:\/\/librairie7l.com\/wp-content\/uploads\/2022\/08\/logo-1.png","width":227,"height":301,"caption":"Librairie 7L"},"image":{"@id":"https:\/\/librairie7l.com\/en\/#\/schema\/logo\/image\/"}}]}},"_links":{"self":[{"href":"https:\/\/librairie7l.com\/en\/wp-json\/wp\/v2\/product\/46522"}],"collection":[{"href":"https:\/\/librairie7l.com\/en\/wp-json\/wp\/v2\/product"}],"about":[{"href":"https:\/\/librairie7l.com\/en\/wp-json\/wp\/v2\/types\/product"}],"wp:featuredmedia":[{"embeddable":true,"href":"https:\/\/librairie7l.com\/en\/wp-json\/wp\/v2\/media\/46520"}],"wp:attachment":[{"href":"https:\/\/librairie7l.com\/en\/wp-json\/wp\/v2\/media?parent=46522"}],"wp:term":[{"taxonomy":"product_cat","embeddable":true,"href":"https:\/\/librairie7l.com\/en\/wp-json\/wp\/v2\/product_cat?post=46522"},{"taxonomy":"product_tag","embeddable":true,"href":"https:\/\/librairie7l.com\/en\/wp-json\/wp\/v2\/product_tag?post=46522"}],"curies":[{"name":"wp","href":"https:\/\/api.w.org\/{rel}","templated":true}]}}