{"id":46524,"date":"2025-03-02T09:17:59","date_gmt":"2025-03-02T08:17:59","guid":{"rendered":"https:\/\/librairie7l.com\/?post_type=product&#038;p=46524"},"modified":"2026-04-04T22:53:34","modified_gmt":"2026-04-04T20:53:34","slug":"le-sac-chanel-2","status":"publish","type":"product","link":"https:\/\/librairie7l.com\/en\/produit\/le-sac-chanel-2\/","title":{"rendered":"LE SAC CHANEL"},"content":{"rendered":"<p>Intemporel, \u00e9l\u00e9gant et iconique, le sac \u00e0 main Chanel est synonyme de l&#8217;\u00e9l\u00e9gance fran\u00e7aise.<\/p>\n<p>Depuis le lancement du 2.55 qui a r\u00e9volutionn\u00e9 l&#8217;univers de la mode en 1955, Chanel a cr\u00e9\u00e9 un grand nombre de mod\u00e8les qui ont atteint une stature iconique.<br \/>\nCet ouvrage d\u00e9crit l&#8217;histoire du sac Chanel depuis ses origines jusqu&#8217;aux derni\u00e8res cr\u00e9ations, de Karl Lagerfeld \u00e0 Virginie Viard. Il d\u00e9voile ses secrets de fabrication dans les ateliers d&#8217;artisanat fran\u00e7ais, \u00e9tudie les mod\u00e8les les plus classiques et les plus originaux, leur \u00e9volution au fil de la mode.<br \/>\nL&#8217;auteure y analyse \u00e9galement le march\u00e9 de l&#8217;occasion sans oublier d&#8217;aborder l&#8217;authentification de ces sacs devenus aujourd&#8217;hui de v\u00e9ritables investissements . <\/p>\n<p>Que vous envisagiez d&#8217;acheter un sac neuf ou d&#8217;occasion, pour c\u00e9l\u00e9brer un \u00e9v\u00e9nement marquant ou une \u00e9tape importante de votre vie, ce beau livre vous invite \u00e0 d\u00e9couvrir cet accessoire exclusif et parfois insaisissable.<\/p>\n","protected":false},"excerpt":{"rendered":"<p>Intemporel, \u00e9l\u00e9gant et iconique, le sac \u00e0 main Chanel est synonyme de l&#8217;\u00e9l\u00e9gance fran\u00e7aise. Depuis le lancement du 2.55 qui a r\u00e9volutionn\u00e9 l&#8217;univers de la mode en 1955, Chanel a cr\u00e9\u00e9 un grand nombre de mod\u00e8les qui ont atteint une stature iconique. Cet ouvrage d\u00e9crit l&#8217;histoire du sac Chanel depuis ses origines jusqu&#8217;aux derni\u00e8res cr\u00e9ations, [&hellip;]<\/p>\n","protected":false},"featured_media":46633,"template":"","meta":[],"product_cat":[2948],"product_tag":[],"acf":[],"yoast_head":"<!-- This site is optimized with the Yoast SEO plugin v20.11 - https:\/\/yoast.com\/wordpress\/plugins\/seo\/ -->\n<title>Le sac Chanel - Librairie 7L<\/title>\n<meta name=\"robots\" content=\"index, follow, max-snippet:-1, max-image-preview:large, max-video-preview:-1\" \/>\n<link rel=\"canonical\" href=\"https:\/\/librairie7l.com\/en\/produit\/le-sac-chanel-2\/\" \/>\n<meta property=\"og:locale\" content=\"en_US\" \/>\n<meta property=\"og:type\" content=\"article\" \/>\n<meta property=\"og:title\" content=\"Le sac Chanel - Librairie 7L\" \/>\n<meta property=\"og:description\" content=\"Intemporel, \u00e9l\u00e9gant et iconique, le sac \u00e0 main Chanel est synonyme de l&#8217;\u00e9l\u00e9gance fran\u00e7aise. Depuis le lancement du 2.55 qui a r\u00e9volutionn\u00e9 l&#8217;univers de la mode en 1955, Chanel a cr\u00e9\u00e9 un grand nombre de mod\u00e8les qui ont atteint une stature iconique. Cet ouvrage d\u00e9crit l&#8217;histoire du sac Chanel depuis ses origines jusqu&#8217;aux derni\u00e8res cr\u00e9ations, [&hellip;]\" \/>\n<meta property=\"og:url\" content=\"https:\/\/librairie7l.com\/en\/produit\/le-sac-chanel-2\/\" \/>\n<meta property=\"og:site_name\" content=\"Librairie 7L\" \/>\n<meta property=\"article:modified_time\" content=\"2026-04-04T20:53:34+00:00\" \/>\n<meta name=\"twitter:card\" content=\"summary_large_image\" \/>\n<meta name=\"twitter:label1\" content=\"Est. reading time\" \/>\n\t<meta name=\"twitter:data1\" content=\"1 minute\" \/>\n<script type=\"application\/ld+json\" class=\"yoast-schema-graph\">{\"@context\":\"https:\/\/schema.org\",\"@graph\":[{\"@type\":\"WebPage\",\"@id\":\"https:\/\/librairie7l.com\/en\/produit\/le-sac-chanel-2\/\",\"url\":\"https:\/\/librairie7l.com\/en\/produit\/le-sac-chanel-2\/\",\"name\":\"Le sac Chanel - Librairie 7L\",\"isPartOf\":{\"@id\":\"https:\/\/librairie7l.com\/en\/#website\"},\"datePublished\":\"2025-03-02T08:17:59+00:00\",\"dateModified\":\"2026-04-04T20:53:34+00:00\",\"breadcrumb\":{\"@id\":\"https:\/\/librairie7l.com\/en\/produit\/le-sac-chanel-2\/#breadcrumb\"},\"inLanguage\":\"en-US\",\"potentialAction\":[{\"@type\":\"ReadAction\",\"target\":[\"https:\/\/librairie7l.com\/en\/produit\/le-sac-chanel-2\/\"]}]},{\"@type\":\"BreadcrumbList\",\"@id\":\"https:\/\/librairie7l.com\/en\/produit\/le-sac-chanel-2\/#breadcrumb\",\"itemListElement\":[{\"@type\":\"ListItem\",\"position\":1,\"name\":\"Accueil\",\"item\":\"https:\/\/librairie7l.com\/en\/\"},{\"@type\":\"ListItem\",\"position\":2,\"name\":\"Shop\",\"item\":\"https:\/\/librairie7l.com\/en\/shop\/\"},{\"@type\":\"ListItem\",\"position\":3,\"name\":\"LE SAC CHANEL\"}]},{\"@type\":\"WebSite\",\"@id\":\"https:\/\/librairie7l.com\/en\/#website\",\"url\":\"https:\/\/librairie7l.com\/en\/\",\"name\":\"Librairie 7L\",\"description\":\"Librairie fond\u00e9e en 1999 par Karl Lagerfeld \u00e0 Paris\",\"publisher\":{\"@id\":\"https:\/\/librairie7l.com\/en\/#organization\"},\"potentialAction\":[{\"@type\":\"SearchAction\",\"target\":{\"@type\":\"EntryPoint\",\"urlTemplate\":\"https:\/\/librairie7l.com\/en\/?s={search_term_string}\"},\"query-input\":\"required name=search_term_string\"}],\"inLanguage\":\"en-US\"},{\"@type\":\"Organization\",\"@id\":\"https:\/\/librairie7l.com\/en\/#organization\",\"name\":\"Librairie 7L\",\"url\":\"https:\/\/librairie7l.com\/en\/\",\"logo\":{\"@type\":\"ImageObject\",\"inLanguage\":\"en-US\",\"@id\":\"https:\/\/librairie7l.com\/en\/#\/schema\/logo\/image\/\",\"url\":\"https:\/\/librairie7l.com\/wp-content\/uploads\/2022\/08\/logo-1.png\",\"contentUrl\":\"https:\/\/librairie7l.com\/wp-content\/uploads\/2022\/08\/logo-1.png\",\"width\":227,\"height\":301,\"caption\":\"Librairie 7L\"},\"image\":{\"@id\":\"https:\/\/librairie7l.com\/en\/#\/schema\/logo\/image\/\"}}]}<\/script>\n<!-- \/ Yoast SEO plugin. -->","yoast_head_json":{"title":"Le sac Chanel - Librairie 7L","robots":{"index":"index","follow":"follow","max-snippet":"max-snippet:-1","max-image-preview":"max-image-preview:large","max-video-preview":"max-video-preview:-1"},"canonical":"https:\/\/librairie7l.com\/en\/produit\/le-sac-chanel-2\/","og_locale":"en_US","og_type":"article","og_title":"Le sac Chanel - Librairie 7L","og_description":"Intemporel, \u00e9l\u00e9gant et iconique, le sac \u00e0 main Chanel est synonyme de l&#8217;\u00e9l\u00e9gance fran\u00e7aise. Depuis le lancement du 2.55 qui a r\u00e9volutionn\u00e9 l&#8217;univers de la mode en 1955, Chanel a cr\u00e9\u00e9 un grand nombre de mod\u00e8les qui ont atteint une stature iconique. Cet ouvrage d\u00e9crit l&#8217;histoire du sac Chanel depuis ses origines jusqu&#8217;aux derni\u00e8res cr\u00e9ations, [&hellip;]","og_url":"https:\/\/librairie7l.com\/en\/produit\/le-sac-chanel-2\/","og_site_name":"Librairie 7L","article_modified_time":"2026-04-04T20:53:34+00:00","twitter_card":"summary_large_image","twitter_misc":{"Est. reading time":"1 minute"},"schema":{"@context":"https:\/\/schema.org","@graph":[{"@type":"WebPage","@id":"https:\/\/librairie7l.com\/en\/produit\/le-sac-chanel-2\/","url":"https:\/\/librairie7l.com\/en\/produit\/le-sac-chanel-2\/","name":"Le sac Chanel - Librairie 7L","isPartOf":{"@id":"https:\/\/librairie7l.com\/en\/#website"},"datePublished":"2025-03-02T08:17:59+00:00","dateModified":"2026-04-04T20:53:34+00:00","breadcrumb":{"@id":"https:\/\/librairie7l.com\/en\/produit\/le-sac-chanel-2\/#breadcrumb"},"inLanguage":"en-US","potentialAction":[{"@type":"ReadAction","target":["https:\/\/librairie7l.com\/en\/produit\/le-sac-chanel-2\/"]}]},{"@type":"BreadcrumbList","@id":"https:\/\/librairie7l.com\/en\/produit\/le-sac-chanel-2\/#breadcrumb","itemListElement":[{"@type":"ListItem","position":1,"name":"Accueil","item":"https:\/\/librairie7l.com\/en\/"},{"@type":"ListItem","position":2,"name":"Shop","item":"https:\/\/librairie7l.com\/en\/shop\/"},{"@type":"ListItem","position":3,"name":"LE SAC CHANEL"}]},{"@type":"WebSite","@id":"https:\/\/librairie7l.com\/en\/#website","url":"https:\/\/librairie7l.com\/en\/","name":"Librairie 7L","description":"Librairie fond\u00e9e en 1999 par Karl Lagerfeld \u00e0 Paris","publisher":{"@id":"https:\/\/librairie7l.com\/en\/#organization"},"potentialAction":[{"@type":"SearchAction","target":{"@type":"EntryPoint","urlTemplate":"https:\/\/librairie7l.com\/en\/?s={search_term_string}"},"query-input":"required name=search_term_string"}],"inLanguage":"en-US"},{"@type":"Organization","@id":"https:\/\/librairie7l.com\/en\/#organization","name":"Librairie 7L","url":"https:\/\/librairie7l.com\/en\/","logo":{"@type":"ImageObject","inLanguage":"en-US","@id":"https:\/\/librairie7l.com\/en\/#\/schema\/logo\/image\/","url":"https:\/\/librairie7l.com\/wp-content\/uploads\/2022\/08\/logo-1.png","contentUrl":"https:\/\/librairie7l.com\/wp-content\/uploads\/2022\/08\/logo-1.png","width":227,"height":301,"caption":"Librairie 7L"},"image":{"@id":"https:\/\/librairie7l.com\/en\/#\/schema\/logo\/image\/"}}]}},"_links":{"self":[{"href":"https:\/\/librairie7l.com\/en\/wp-json\/wp\/v2\/product\/46524"}],"collection":[{"href":"https:\/\/librairie7l.com\/en\/wp-json\/wp\/v2\/product"}],"about":[{"href":"https:\/\/librairie7l.com\/en\/wp-json\/wp\/v2\/types\/product"}],"wp:featuredmedia":[{"embeddable":true,"href":"https:\/\/librairie7l.com\/en\/wp-json\/wp\/v2\/media\/46633"}],"wp:attachment":[{"href":"https:\/\/librairie7l.com\/en\/wp-json\/wp\/v2\/media?parent=46524"}],"wp:term":[{"taxonomy":"product_cat","embeddable":true,"href":"https:\/\/librairie7l.com\/en\/wp-json\/wp\/v2\/product_cat?post=46524"},{"taxonomy":"product_tag","embeddable":true,"href":"https:\/\/librairie7l.com\/en\/wp-json\/wp\/v2\/product_tag?post=46524"}],"curies":[{"name":"wp","href":"https:\/\/api.w.org\/{rel}","templated":true}]}}