{"id":46528,"date":"2025-03-02T09:18:03","date_gmt":"2025-03-02T08:18:03","guid":{"rendered":"https:\/\/librairie7l.com\/?post_type=product&#038;p=46528"},"modified":"2026-05-01T15:06:29","modified_gmt":"2026-05-01T13:06:29","slug":"les-101-mots-des-metiers-dart-a-lusage-de-tous-2","status":"publish","type":"product","link":"https:\/\/librairie7l.com\/en\/produit\/les-101-mots-des-metiers-dart-a-lusage-de-tous-2\/","title":{"rendered":"LES 101 MOTS DES M\u00c9TIERS D&#8217;ART, \u00c0 L&#8217;USAGE DE TOUS"},"content":{"rendered":"<p>Les m\u00e9tiers d&#8217;art sont l&#8217;h\u00e9ritage de savoir-faire pr\u00e9cieusement \u00e9labor\u00e9s au fil des si\u00e8cles. Ils repr\u00e9sentent en France plus de 80000 personnes, plus de 200\u00a0m\u00e9tiers, r\u00e9partis dans pr\u00e8s de 20 secteurs diff\u00e9rents. Cette grande diversit\u00e9 repr\u00e9sente une ressource infinie pour tous les artisans, cr\u00e9ateurs. Ces m\u00e9tiers sont en constante \u00e9volution gr\u00e2ce \u00e0 la recherche, l&#8217;innovation et le dialogue. Ils font la richesse et la sp\u00e9cificit\u00e9 de notre pays, ils sont une v\u00e9ritable vitrine d&#8217;excellence de notre culture. Les professionnels des m\u00e9tiers d&#8217;art sont des femmes et des hommes de passion qui peuvent travailler pour la restauration et la conservation du patrimoine mais aussi pour les domaines de la cr\u00e9ation ou de l&#8217;innovation en collaboration avec d&#8217;autres pratiques artistiques. Les m\u00e9tiers d&#8217;art sont porteurs de valeurs recherch\u00e9es par notre soci\u00e9t\u00e9 : le temps long, la consommation ma\u00eetris\u00e9e, la beaut\u00e9, la durabilit\u00e9. Ils sont des m\u00e9tiers porteurs d&#8217;avenir, et \u00e9veillent sans cesse de nouvelles vocations.<\/p>\n","protected":false},"excerpt":{"rendered":"<p>Les m\u00e9tiers d&#8217;art sont l&#8217;h\u00e9ritage de savoir-faire pr\u00e9cieusement \u00e9labor\u00e9s au fil des si\u00e8cles. Ils repr\u00e9sentent en France plus de 80000 personnes, plus de 200\u00a0m\u00e9tiers, r\u00e9partis dans pr\u00e8s de 20 secteurs diff\u00e9rents. Cette grande diversit\u00e9 repr\u00e9sente une ressource infinie pour tous les artisans, cr\u00e9ateurs. Ces m\u00e9tiers sont en constante \u00e9volution gr\u00e2ce \u00e0 la recherche, l&#8217;innovation et [&hellip;]<\/p>\n","protected":false},"featured_media":46526,"template":"","meta":[],"product_cat":[2948],"product_tag":[],"acf":[],"yoast_head":"<!-- This site is optimized with the Yoast SEO plugin v20.11 - https:\/\/yoast.com\/wordpress\/plugins\/seo\/ -->\n<title>Les 101 mots des m\u00e9tiers d&#039;art, \u00e0 l&#039;usage de tous - Librairie 7L<\/title>\n<meta name=\"robots\" content=\"index, follow, max-snippet:-1, max-image-preview:large, max-video-preview:-1\" \/>\n<link rel=\"canonical\" href=\"https:\/\/librairie7l.com\/en\/produit\/les-101-mots-des-metiers-dart-a-lusage-de-tous-2\/\" \/>\n<meta property=\"og:locale\" content=\"en_US\" \/>\n<meta property=\"og:type\" content=\"article\" \/>\n<meta property=\"og:title\" content=\"Les 101 mots des m\u00e9tiers d&#039;art, \u00e0 l&#039;usage de tous - Librairie 7L\" \/>\n<meta property=\"og:description\" content=\"Les m\u00e9tiers d&#8217;art sont l&#8217;h\u00e9ritage de savoir-faire pr\u00e9cieusement \u00e9labor\u00e9s au fil des si\u00e8cles. Ils repr\u00e9sentent en France plus de 80000 personnes, plus de 200\u00a0m\u00e9tiers, r\u00e9partis dans pr\u00e8s de 20 secteurs diff\u00e9rents. Cette grande diversit\u00e9 repr\u00e9sente une ressource infinie pour tous les artisans, cr\u00e9ateurs. Ces m\u00e9tiers sont en constante \u00e9volution gr\u00e2ce \u00e0 la recherche, l&#8217;innovation et [&hellip;]\" \/>\n<meta property=\"og:url\" content=\"https:\/\/librairie7l.com\/en\/produit\/les-101-mots-des-metiers-dart-a-lusage-de-tous-2\/\" \/>\n<meta property=\"og:site_name\" content=\"Librairie 7L\" \/>\n<meta property=\"article:modified_time\" content=\"2026-05-01T13:06:29+00:00\" \/>\n<meta property=\"og:image\" content=\"https:\/\/librairie7l.com\/wp-content\/uploads\/2016\/04\/9782357334168_1_75.jpg\" \/>\n\t<meta property=\"og:image:width\" content=\"600\" \/>\n\t<meta property=\"og:image:height\" content=\"1260\" \/>\n\t<meta property=\"og:image:type\" content=\"image\/jpeg\" \/>\n<meta name=\"twitter:card\" content=\"summary_large_image\" \/>\n<meta name=\"twitter:label1\" content=\"Est. reading time\" \/>\n\t<meta name=\"twitter:data1\" content=\"1 minute\" \/>\n<script type=\"application\/ld+json\" class=\"yoast-schema-graph\">{\"@context\":\"https:\/\/schema.org\",\"@graph\":[{\"@type\":\"WebPage\",\"@id\":\"https:\/\/librairie7l.com\/en\/produit\/les-101-mots-des-metiers-dart-a-lusage-de-tous-2\/\",\"url\":\"https:\/\/librairie7l.com\/en\/produit\/les-101-mots-des-metiers-dart-a-lusage-de-tous-2\/\",\"name\":\"Les 101 mots des m\u00e9tiers d'art, \u00e0 l'usage de tous - Librairie 7L\",\"isPartOf\":{\"@id\":\"https:\/\/librairie7l.com\/en\/#website\"},\"datePublished\":\"2025-03-02T08:18:03+00:00\",\"dateModified\":\"2026-05-01T13:06:29+00:00\",\"breadcrumb\":{\"@id\":\"https:\/\/librairie7l.com\/en\/produit\/les-101-mots-des-metiers-dart-a-lusage-de-tous-2\/#breadcrumb\"},\"inLanguage\":\"en-US\",\"potentialAction\":[{\"@type\":\"ReadAction\",\"target\":[\"https:\/\/librairie7l.com\/en\/produit\/les-101-mots-des-metiers-dart-a-lusage-de-tous-2\/\"]}]},{\"@type\":\"BreadcrumbList\",\"@id\":\"https:\/\/librairie7l.com\/en\/produit\/les-101-mots-des-metiers-dart-a-lusage-de-tous-2\/#breadcrumb\",\"itemListElement\":[{\"@type\":\"ListItem\",\"position\":1,\"name\":\"Accueil\",\"item\":\"https:\/\/librairie7l.com\/en\/\"},{\"@type\":\"ListItem\",\"position\":2,\"name\":\"Shop\",\"item\":\"https:\/\/librairie7l.com\/en\/shop\/\"},{\"@type\":\"ListItem\",\"position\":3,\"name\":\"LES 101 MOTS DES M\u00c9TIERS D&#8217;ART, \u00c0 L&#8217;USAGE DE TOUS\"}]},{\"@type\":\"WebSite\",\"@id\":\"https:\/\/librairie7l.com\/en\/#website\",\"url\":\"https:\/\/librairie7l.com\/en\/\",\"name\":\"Librairie 7L\",\"description\":\"Librairie fond\u00e9e en 1999 par Karl Lagerfeld \u00e0 Paris\",\"publisher\":{\"@id\":\"https:\/\/librairie7l.com\/en\/#organization\"},\"potentialAction\":[{\"@type\":\"SearchAction\",\"target\":{\"@type\":\"EntryPoint\",\"urlTemplate\":\"https:\/\/librairie7l.com\/en\/?s={search_term_string}\"},\"query-input\":\"required name=search_term_string\"}],\"inLanguage\":\"en-US\"},{\"@type\":\"Organization\",\"@id\":\"https:\/\/librairie7l.com\/en\/#organization\",\"name\":\"Librairie 7L\",\"url\":\"https:\/\/librairie7l.com\/en\/\",\"logo\":{\"@type\":\"ImageObject\",\"inLanguage\":\"en-US\",\"@id\":\"https:\/\/librairie7l.com\/en\/#\/schema\/logo\/image\/\",\"url\":\"https:\/\/librairie7l.com\/wp-content\/uploads\/2022\/08\/logo-1.png\",\"contentUrl\":\"https:\/\/librairie7l.com\/wp-content\/uploads\/2022\/08\/logo-1.png\",\"width\":227,\"height\":301,\"caption\":\"Librairie 7L\"},\"image\":{\"@id\":\"https:\/\/librairie7l.com\/en\/#\/schema\/logo\/image\/\"}}]}<\/script>\n<!-- \/ Yoast SEO plugin. -->","yoast_head_json":{"title":"Les 101 mots des m\u00e9tiers d'art, \u00e0 l'usage de tous - Librairie 7L","robots":{"index":"index","follow":"follow","max-snippet":"max-snippet:-1","max-image-preview":"max-image-preview:large","max-video-preview":"max-video-preview:-1"},"canonical":"https:\/\/librairie7l.com\/en\/produit\/les-101-mots-des-metiers-dart-a-lusage-de-tous-2\/","og_locale":"en_US","og_type":"article","og_title":"Les 101 mots des m\u00e9tiers d'art, \u00e0 l'usage de tous - Librairie 7L","og_description":"Les m\u00e9tiers d&#8217;art sont l&#8217;h\u00e9ritage de savoir-faire pr\u00e9cieusement \u00e9labor\u00e9s au fil des si\u00e8cles. Ils repr\u00e9sentent en France plus de 80000 personnes, plus de 200\u00a0m\u00e9tiers, r\u00e9partis dans pr\u00e8s de 20 secteurs diff\u00e9rents. Cette grande diversit\u00e9 repr\u00e9sente une ressource infinie pour tous les artisans, cr\u00e9ateurs. Ces m\u00e9tiers sont en constante \u00e9volution gr\u00e2ce \u00e0 la recherche, l&#8217;innovation et [&hellip;]","og_url":"https:\/\/librairie7l.com\/en\/produit\/les-101-mots-des-metiers-dart-a-lusage-de-tous-2\/","og_site_name":"Librairie 7L","article_modified_time":"2026-05-01T13:06:29+00:00","og_image":[{"width":600,"height":1260,"url":"https:\/\/librairie7l.com\/wp-content\/uploads\/2016\/04\/9782357334168_1_75.jpg","type":"image\/jpeg"}],"twitter_card":"summary_large_image","twitter_misc":{"Est. reading time":"1 minute"},"schema":{"@context":"https:\/\/schema.org","@graph":[{"@type":"WebPage","@id":"https:\/\/librairie7l.com\/en\/produit\/les-101-mots-des-metiers-dart-a-lusage-de-tous-2\/","url":"https:\/\/librairie7l.com\/en\/produit\/les-101-mots-des-metiers-dart-a-lusage-de-tous-2\/","name":"Les 101 mots des m\u00e9tiers d'art, \u00e0 l'usage de tous - Librairie 7L","isPartOf":{"@id":"https:\/\/librairie7l.com\/en\/#website"},"datePublished":"2025-03-02T08:18:03+00:00","dateModified":"2026-05-01T13:06:29+00:00","breadcrumb":{"@id":"https:\/\/librairie7l.com\/en\/produit\/les-101-mots-des-metiers-dart-a-lusage-de-tous-2\/#breadcrumb"},"inLanguage":"en-US","potentialAction":[{"@type":"ReadAction","target":["https:\/\/librairie7l.com\/en\/produit\/les-101-mots-des-metiers-dart-a-lusage-de-tous-2\/"]}]},{"@type":"BreadcrumbList","@id":"https:\/\/librairie7l.com\/en\/produit\/les-101-mots-des-metiers-dart-a-lusage-de-tous-2\/#breadcrumb","itemListElement":[{"@type":"ListItem","position":1,"name":"Accueil","item":"https:\/\/librairie7l.com\/en\/"},{"@type":"ListItem","position":2,"name":"Shop","item":"https:\/\/librairie7l.com\/en\/shop\/"},{"@type":"ListItem","position":3,"name":"LES 101 MOTS DES M\u00c9TIERS D&#8217;ART, \u00c0 L&#8217;USAGE DE TOUS"}]},{"@type":"WebSite","@id":"https:\/\/librairie7l.com\/en\/#website","url":"https:\/\/librairie7l.com\/en\/","name":"Librairie 7L","description":"Librairie fond\u00e9e en 1999 par Karl Lagerfeld \u00e0 Paris","publisher":{"@id":"https:\/\/librairie7l.com\/en\/#organization"},"potentialAction":[{"@type":"SearchAction","target":{"@type":"EntryPoint","urlTemplate":"https:\/\/librairie7l.com\/en\/?s={search_term_string}"},"query-input":"required name=search_term_string"}],"inLanguage":"en-US"},{"@type":"Organization","@id":"https:\/\/librairie7l.com\/en\/#organization","name":"Librairie 7L","url":"https:\/\/librairie7l.com\/en\/","logo":{"@type":"ImageObject","inLanguage":"en-US","@id":"https:\/\/librairie7l.com\/en\/#\/schema\/logo\/image\/","url":"https:\/\/librairie7l.com\/wp-content\/uploads\/2022\/08\/logo-1.png","contentUrl":"https:\/\/librairie7l.com\/wp-content\/uploads\/2022\/08\/logo-1.png","width":227,"height":301,"caption":"Librairie 7L"},"image":{"@id":"https:\/\/librairie7l.com\/en\/#\/schema\/logo\/image\/"}}]}},"_links":{"self":[{"href":"https:\/\/librairie7l.com\/en\/wp-json\/wp\/v2\/product\/46528"}],"collection":[{"href":"https:\/\/librairie7l.com\/en\/wp-json\/wp\/v2\/product"}],"about":[{"href":"https:\/\/librairie7l.com\/en\/wp-json\/wp\/v2\/types\/product"}],"wp:featuredmedia":[{"embeddable":true,"href":"https:\/\/librairie7l.com\/en\/wp-json\/wp\/v2\/media\/46526"}],"wp:attachment":[{"href":"https:\/\/librairie7l.com\/en\/wp-json\/wp\/v2\/media?parent=46528"}],"wp:term":[{"taxonomy":"product_cat","embeddable":true,"href":"https:\/\/librairie7l.com\/en\/wp-json\/wp\/v2\/product_cat?post=46528"},{"taxonomy":"product_tag","embeddable":true,"href":"https:\/\/librairie7l.com\/en\/wp-json\/wp\/v2\/product_tag?post=46528"}],"curies":[{"name":"wp","href":"https:\/\/api.w.org\/{rel}","templated":true}]}}