{"id":46545,"date":"2025-03-06T09:17:55","date_gmt":"2025-03-06T08:17:55","guid":{"rendered":"https:\/\/librairie7l.com\/?post_type=product&#038;p=46545"},"modified":"2026-04-04T22:53:34","modified_gmt":"2026-04-04T20:53:34","slug":"les-metiers-dart-du-mobilier-national-2","status":"publish","type":"product","link":"https:\/\/librairie7l.com\/en\/produit\/les-metiers-dart-du-mobilier-national-2\/","title":{"rendered":"LES M\u00c9TIERS D&#8217;ART DU MOBILIER NATIONAL"},"content":{"rendered":"<p>H\u00e9ritier du Garde-meuble de la Couronne et des manufactures royales, le Mobilier national cr\u00e9e, conserve et restaure des dizaines de milliers de meubles et d&#8217;objets, destin\u00e9s \u00e0 l&#8217;ameublement et au d\u00e9cor des \u00e9difices publics en France et \u00e0 l&#8217;\u00e9tranger. Trois cents artisans d&#8217;art oeuvrent en son sein, \u00e0 Paris et en r\u00e9gion. Les manufactures des Gobelins et de Beauvais sont vou\u00e9es \u00e0 la tapisserie, la manufacture de la Savonnerie au tapis, les ateliers du Puy-en-Velay et d&#8217;Alen\u00e7on \u00e0 la dentelle, l&#8217;Atelier de recherche et de cr\u00e9ation (ARC) au design, tandis que sept ateliers de restauration se r\u00e9partissent les diff\u00e9rentes sp\u00e9cialit\u00e9s du bois, du m\u00e9tal et du textile.<br \/>\nHaut lieu de notre patrimoine, le Mobilier national est aussi un acteur majeur de la cr\u00e9ation contemporaine et de la promotion des m\u00e9tiers d&#8217;art \u00e0 la fran\u00e7aise<\/p>\n","protected":false},"excerpt":{"rendered":"<p>H\u00e9ritier du Garde-meuble de la Couronne et des manufactures royales, le Mobilier national cr\u00e9e, conserve et restaure des dizaines de milliers de meubles et d&#8217;objets, destin\u00e9s \u00e0 l&#8217;ameublement et au d\u00e9cor des \u00e9difices publics en France et \u00e0 l&#8217;\u00e9tranger. Trois cents artisans d&#8217;art oeuvrent en son sein, \u00e0 Paris et en r\u00e9gion. Les manufactures des [&hellip;]<\/p>\n","protected":false},"featured_media":46543,"template":"","meta":[],"product_cat":[2948,2952],"product_tag":[],"acf":[],"yoast_head":"<!-- This site is optimized with the Yoast SEO plugin v20.11 - https:\/\/yoast.com\/wordpress\/plugins\/seo\/ -->\n<title>Les m\u00e9tiers d&#039;art du mobilier national - Librairie 7L<\/title>\n<meta name=\"robots\" content=\"index, follow, max-snippet:-1, max-image-preview:large, max-video-preview:-1\" \/>\n<link rel=\"canonical\" href=\"https:\/\/librairie7l.com\/en\/produit\/les-metiers-dart-du-mobilier-national-2\/\" \/>\n<meta property=\"og:locale\" content=\"en_US\" \/>\n<meta property=\"og:type\" content=\"article\" \/>\n<meta property=\"og:title\" content=\"Les m\u00e9tiers d&#039;art du mobilier national - Librairie 7L\" \/>\n<meta property=\"og:description\" content=\"H\u00e9ritier du Garde-meuble de la Couronne et des manufactures royales, le Mobilier national cr\u00e9e, conserve et restaure des dizaines de milliers de meubles et d&#8217;objets, destin\u00e9s \u00e0 l&#8217;ameublement et au d\u00e9cor des \u00e9difices publics en France et \u00e0 l&#8217;\u00e9tranger. Trois cents artisans d&#8217;art oeuvrent en son sein, \u00e0 Paris et en r\u00e9gion. Les manufactures des [&hellip;]\" \/>\n<meta property=\"og:url\" content=\"https:\/\/librairie7l.com\/en\/produit\/les-metiers-dart-du-mobilier-national-2\/\" \/>\n<meta property=\"og:site_name\" content=\"Librairie 7L\" \/>\n<meta property=\"article:modified_time\" content=\"2026-04-04T20:53:34+00:00\" \/>\n<meta property=\"og:image\" content=\"https:\/\/librairie7l.com\/wp-content\/uploads\/2020\/04\/9782072902987_1_75.jpg\" \/>\n\t<meta property=\"og:image:width\" content=\"600\" \/>\n\t<meta property=\"og:image:height\" content=\"804\" \/>\n\t<meta property=\"og:image:type\" content=\"image\/jpeg\" \/>\n<meta name=\"twitter:card\" content=\"summary_large_image\" \/>\n<meta name=\"twitter:label1\" content=\"Est. reading time\" \/>\n\t<meta name=\"twitter:data1\" content=\"1 minute\" \/>\n<script type=\"application\/ld+json\" class=\"yoast-schema-graph\">{\"@context\":\"https:\/\/schema.org\",\"@graph\":[{\"@type\":\"WebPage\",\"@id\":\"https:\/\/librairie7l.com\/en\/produit\/les-metiers-dart-du-mobilier-national-2\/\",\"url\":\"https:\/\/librairie7l.com\/en\/produit\/les-metiers-dart-du-mobilier-national-2\/\",\"name\":\"Les m\u00e9tiers d'art du mobilier national - Librairie 7L\",\"isPartOf\":{\"@id\":\"https:\/\/librairie7l.com\/en\/#website\"},\"datePublished\":\"2025-03-06T08:17:55+00:00\",\"dateModified\":\"2026-04-04T20:53:34+00:00\",\"breadcrumb\":{\"@id\":\"https:\/\/librairie7l.com\/en\/produit\/les-metiers-dart-du-mobilier-national-2\/#breadcrumb\"},\"inLanguage\":\"en-US\",\"potentialAction\":[{\"@type\":\"ReadAction\",\"target\":[\"https:\/\/librairie7l.com\/en\/produit\/les-metiers-dart-du-mobilier-national-2\/\"]}]},{\"@type\":\"BreadcrumbList\",\"@id\":\"https:\/\/librairie7l.com\/en\/produit\/les-metiers-dart-du-mobilier-national-2\/#breadcrumb\",\"itemListElement\":[{\"@type\":\"ListItem\",\"position\":1,\"name\":\"Accueil\",\"item\":\"https:\/\/librairie7l.com\/en\/\"},{\"@type\":\"ListItem\",\"position\":2,\"name\":\"Shop\",\"item\":\"https:\/\/librairie7l.com\/en\/shop\/\"},{\"@type\":\"ListItem\",\"position\":3,\"name\":\"LES M\u00c9TIERS D&#8217;ART DU MOBILIER NATIONAL\"}]},{\"@type\":\"WebSite\",\"@id\":\"https:\/\/librairie7l.com\/en\/#website\",\"url\":\"https:\/\/librairie7l.com\/en\/\",\"name\":\"Librairie 7L\",\"description\":\"Librairie fond\u00e9e en 1999 par Karl Lagerfeld \u00e0 Paris\",\"publisher\":{\"@id\":\"https:\/\/librairie7l.com\/en\/#organization\"},\"potentialAction\":[{\"@type\":\"SearchAction\",\"target\":{\"@type\":\"EntryPoint\",\"urlTemplate\":\"https:\/\/librairie7l.com\/en\/?s={search_term_string}\"},\"query-input\":\"required name=search_term_string\"}],\"inLanguage\":\"en-US\"},{\"@type\":\"Organization\",\"@id\":\"https:\/\/librairie7l.com\/en\/#organization\",\"name\":\"Librairie 7L\",\"url\":\"https:\/\/librairie7l.com\/en\/\",\"logo\":{\"@type\":\"ImageObject\",\"inLanguage\":\"en-US\",\"@id\":\"https:\/\/librairie7l.com\/en\/#\/schema\/logo\/image\/\",\"url\":\"https:\/\/librairie7l.com\/wp-content\/uploads\/2022\/08\/logo-1.png\",\"contentUrl\":\"https:\/\/librairie7l.com\/wp-content\/uploads\/2022\/08\/logo-1.png\",\"width\":227,\"height\":301,\"caption\":\"Librairie 7L\"},\"image\":{\"@id\":\"https:\/\/librairie7l.com\/en\/#\/schema\/logo\/image\/\"}}]}<\/script>\n<!-- \/ Yoast SEO plugin. -->","yoast_head_json":{"title":"Les m\u00e9tiers d'art du mobilier national - Librairie 7L","robots":{"index":"index","follow":"follow","max-snippet":"max-snippet:-1","max-image-preview":"max-image-preview:large","max-video-preview":"max-video-preview:-1"},"canonical":"https:\/\/librairie7l.com\/en\/produit\/les-metiers-dart-du-mobilier-national-2\/","og_locale":"en_US","og_type":"article","og_title":"Les m\u00e9tiers d'art du mobilier national - Librairie 7L","og_description":"H\u00e9ritier du Garde-meuble de la Couronne et des manufactures royales, le Mobilier national cr\u00e9e, conserve et restaure des dizaines de milliers de meubles et d&#8217;objets, destin\u00e9s \u00e0 l&#8217;ameublement et au d\u00e9cor des \u00e9difices publics en France et \u00e0 l&#8217;\u00e9tranger. Trois cents artisans d&#8217;art oeuvrent en son sein, \u00e0 Paris et en r\u00e9gion. Les manufactures des [&hellip;]","og_url":"https:\/\/librairie7l.com\/en\/produit\/les-metiers-dart-du-mobilier-national-2\/","og_site_name":"Librairie 7L","article_modified_time":"2026-04-04T20:53:34+00:00","og_image":[{"width":600,"height":804,"url":"https:\/\/librairie7l.com\/wp-content\/uploads\/2020\/04\/9782072902987_1_75.jpg","type":"image\/jpeg"}],"twitter_card":"summary_large_image","twitter_misc":{"Est. reading time":"1 minute"},"schema":{"@context":"https:\/\/schema.org","@graph":[{"@type":"WebPage","@id":"https:\/\/librairie7l.com\/en\/produit\/les-metiers-dart-du-mobilier-national-2\/","url":"https:\/\/librairie7l.com\/en\/produit\/les-metiers-dart-du-mobilier-national-2\/","name":"Les m\u00e9tiers d'art du mobilier national - Librairie 7L","isPartOf":{"@id":"https:\/\/librairie7l.com\/en\/#website"},"datePublished":"2025-03-06T08:17:55+00:00","dateModified":"2026-04-04T20:53:34+00:00","breadcrumb":{"@id":"https:\/\/librairie7l.com\/en\/produit\/les-metiers-dart-du-mobilier-national-2\/#breadcrumb"},"inLanguage":"en-US","potentialAction":[{"@type":"ReadAction","target":["https:\/\/librairie7l.com\/en\/produit\/les-metiers-dart-du-mobilier-national-2\/"]}]},{"@type":"BreadcrumbList","@id":"https:\/\/librairie7l.com\/en\/produit\/les-metiers-dart-du-mobilier-national-2\/#breadcrumb","itemListElement":[{"@type":"ListItem","position":1,"name":"Accueil","item":"https:\/\/librairie7l.com\/en\/"},{"@type":"ListItem","position":2,"name":"Shop","item":"https:\/\/librairie7l.com\/en\/shop\/"},{"@type":"ListItem","position":3,"name":"LES M\u00c9TIERS D&#8217;ART DU MOBILIER NATIONAL"}]},{"@type":"WebSite","@id":"https:\/\/librairie7l.com\/en\/#website","url":"https:\/\/librairie7l.com\/en\/","name":"Librairie 7L","description":"Librairie fond\u00e9e en 1999 par Karl Lagerfeld \u00e0 Paris","publisher":{"@id":"https:\/\/librairie7l.com\/en\/#organization"},"potentialAction":[{"@type":"SearchAction","target":{"@type":"EntryPoint","urlTemplate":"https:\/\/librairie7l.com\/en\/?s={search_term_string}"},"query-input":"required name=search_term_string"}],"inLanguage":"en-US"},{"@type":"Organization","@id":"https:\/\/librairie7l.com\/en\/#organization","name":"Librairie 7L","url":"https:\/\/librairie7l.com\/en\/","logo":{"@type":"ImageObject","inLanguage":"en-US","@id":"https:\/\/librairie7l.com\/en\/#\/schema\/logo\/image\/","url":"https:\/\/librairie7l.com\/wp-content\/uploads\/2022\/08\/logo-1.png","contentUrl":"https:\/\/librairie7l.com\/wp-content\/uploads\/2022\/08\/logo-1.png","width":227,"height":301,"caption":"Librairie 7L"},"image":{"@id":"https:\/\/librairie7l.com\/en\/#\/schema\/logo\/image\/"}}]}},"_links":{"self":[{"href":"https:\/\/librairie7l.com\/en\/wp-json\/wp\/v2\/product\/46545"}],"collection":[{"href":"https:\/\/librairie7l.com\/en\/wp-json\/wp\/v2\/product"}],"about":[{"href":"https:\/\/librairie7l.com\/en\/wp-json\/wp\/v2\/types\/product"}],"wp:featuredmedia":[{"embeddable":true,"href":"https:\/\/librairie7l.com\/en\/wp-json\/wp\/v2\/media\/46543"}],"wp:attachment":[{"href":"https:\/\/librairie7l.com\/en\/wp-json\/wp\/v2\/media?parent=46545"}],"wp:term":[{"taxonomy":"product_cat","embeddable":true,"href":"https:\/\/librairie7l.com\/en\/wp-json\/wp\/v2\/product_cat?post=46545"},{"taxonomy":"product_tag","embeddable":true,"href":"https:\/\/librairie7l.com\/en\/wp-json\/wp\/v2\/product_tag?post=46545"}],"curies":[{"name":"wp","href":"https:\/\/api.w.org\/{rel}","templated":true}]}}