{"id":46549,"date":"2025-03-06T09:17:58","date_gmt":"2025-03-06T08:17:58","guid":{"rendered":"https:\/\/librairie7l.com\/?post_type=product&#038;p=46549"},"modified":"2026-04-17T14:15:17","modified_gmt":"2026-04-17T12:15:17","slug":"histoire-generale-du-realisme-dans-les-arts-visuels-1830-1990-2","status":"publish","type":"product","link":"https:\/\/librairie7l.com\/en\/produit\/histoire-generale-du-realisme-dans-les-arts-visuels-1830-1990-2\/","title":{"rendered":"HISTOIRE G\u00c9N\u00c9RALE DU R\u00c9ALISME DANS LES ARTS VISUELS : 1830-1990"},"content":{"rendered":"<p>Le r\u00e9alisme est apparu comme une cons\u00e9quence naturelle du d\u00e9veloppement culturel entre 1830 et 1850, comme une nouvelle orientation de la litt\u00e9rature, de la peinture et de l&#8217;art graphique. Il fut d\u00e9crit comme une forme d&#8217;art en accord avec la nouvelle \u00e8re industrielle, le positivisme et la pens\u00e9e scientifique. M\u00eame \u00e0 l&#8217;\u00e9poque o\u00f9 ce mouvement fut cr\u00e9\u00e9, il n&#8217;y avait pas de d\u00e9finition g\u00e9n\u00e9ralement accept\u00e9e de ce qu&#8217;\u00e9tait le r\u00e9alisme. En France, il faisait d\u00e9j\u00e0 l&#8217;objet d&#8217;un d\u00e9bat acharn\u00e9 \u00e0 la fin des ann\u00e9es 1840, et plus encore apr\u00e8s la r\u00e9volution de 1848. Dans cette \u00ab bataille r\u00e9aliste \u00bb des positions fondamentales du r\u00e9alisme furent discut\u00e9es qui sont rest\u00e9es valables jusqu&#8217;\u00e0 aujourd&#8217;hui. Les principales d\u00e9finitions du terme \u00ab r\u00e9alisme \u00bb, les syst\u00e8mes de classification des courants du r\u00e9alisme dans l&#8217;histoire de l&#8217;art, ainsi que l&#8217;\u00e9volution s\u00e9mantique moderne des mots \u00ab r\u00e9alisme \u00bb et \u00ab naturalisme \u00bb sont ici expliqu\u00e9s de mani\u00e8re d\u00e9taill\u00e9e. Les principaux courants et les artistes les plus importants ainsi que les oeuvres typiques de la peinture, de l&#8217;art graphique, de la sculpture et de la photographie sont pr\u00e9cis\u00e9ment pr\u00e9sent\u00e9s.<\/p>\n<p>Avec le soutien de l&#8217;universit\u00e9 de l&#8217;universit\u00e9 RheinMain (Wiesbaden, Allemagne) et de la R\u00e9gion Bretagne<\/p>\n","protected":false},"excerpt":{"rendered":"<p>Le r\u00e9alisme est apparu comme une cons\u00e9quence naturelle du d\u00e9veloppement culturel entre 1830 et 1850, comme une nouvelle orientation de la litt\u00e9rature, de la peinture et de l&#8217;art graphique. Il fut d\u00e9crit comme une forme d&#8217;art en accord avec la nouvelle \u00e8re industrielle, le positivisme et la pens\u00e9e scientifique. M\u00eame \u00e0 l&#8217;\u00e9poque o\u00f9 ce mouvement [&hellip;]<\/p>\n","protected":false},"featured_media":46547,"template":"","meta":[],"product_cat":[2948,2953],"product_tag":[],"acf":[],"yoast_head":"<!-- This site is optimized with the Yoast SEO plugin v20.11 - https:\/\/yoast.com\/wordpress\/plugins\/seo\/ -->\n<title>Histoire g\u00e9n\u00e9rale du r\u00e9alisme dans les arts visuels : 1830-1990 - Librairie 7L<\/title>\n<meta name=\"robots\" content=\"index, follow, max-snippet:-1, max-image-preview:large, max-video-preview:-1\" \/>\n<link rel=\"canonical\" href=\"https:\/\/librairie7l.com\/en\/produit\/histoire-generale-du-realisme-dans-les-arts-visuels-1830-1990-2\/\" \/>\n<meta property=\"og:locale\" content=\"en_US\" \/>\n<meta property=\"og:type\" content=\"article\" \/>\n<meta property=\"og:title\" content=\"Histoire g\u00e9n\u00e9rale du r\u00e9alisme dans les arts visuels : 1830-1990 - Librairie 7L\" \/>\n<meta property=\"og:description\" content=\"Le r\u00e9alisme est apparu comme une cons\u00e9quence naturelle du d\u00e9veloppement culturel entre 1830 et 1850, comme une nouvelle orientation de la litt\u00e9rature, de la peinture et de l&#8217;art graphique. Il fut d\u00e9crit comme une forme d&#8217;art en accord avec la nouvelle \u00e8re industrielle, le positivisme et la pens\u00e9e scientifique. M\u00eame \u00e0 l&#8217;\u00e9poque o\u00f9 ce mouvement [&hellip;]\" \/>\n<meta property=\"og:url\" content=\"https:\/\/librairie7l.com\/en\/produit\/histoire-generale-du-realisme-dans-les-arts-visuels-1830-1990-2\/\" \/>\n<meta property=\"og:site_name\" content=\"Librairie 7L\" \/>\n<meta property=\"article:modified_time\" content=\"2026-04-17T12:15:17+00:00\" \/>\n<meta property=\"og:image\" content=\"https:\/\/librairie7l.com\/wp-content\/uploads\/2024\/06\/9782753598737_1_75.jpg\" \/>\n\t<meta property=\"og:image:width\" content=\"600\" \/>\n\t<meta property=\"og:image:height\" content=\"847\" \/>\n\t<meta property=\"og:image:type\" content=\"image\/jpeg\" \/>\n<meta name=\"twitter:card\" content=\"summary_large_image\" \/>\n<meta name=\"twitter:label1\" content=\"Est. reading time\" \/>\n\t<meta name=\"twitter:data1\" content=\"1 minute\" \/>\n<script type=\"application\/ld+json\" class=\"yoast-schema-graph\">{\"@context\":\"https:\/\/schema.org\",\"@graph\":[{\"@type\":\"WebPage\",\"@id\":\"https:\/\/librairie7l.com\/en\/produit\/histoire-generale-du-realisme-dans-les-arts-visuels-1830-1990-2\/\",\"url\":\"https:\/\/librairie7l.com\/en\/produit\/histoire-generale-du-realisme-dans-les-arts-visuels-1830-1990-2\/\",\"name\":\"Histoire g\u00e9n\u00e9rale du r\u00e9alisme dans les arts visuels : 1830-1990 - Librairie 7L\",\"isPartOf\":{\"@id\":\"https:\/\/librairie7l.com\/en\/#website\"},\"datePublished\":\"2025-03-06T08:17:58+00:00\",\"dateModified\":\"2026-04-17T12:15:17+00:00\",\"breadcrumb\":{\"@id\":\"https:\/\/librairie7l.com\/en\/produit\/histoire-generale-du-realisme-dans-les-arts-visuels-1830-1990-2\/#breadcrumb\"},\"inLanguage\":\"en-US\",\"potentialAction\":[{\"@type\":\"ReadAction\",\"target\":[\"https:\/\/librairie7l.com\/en\/produit\/histoire-generale-du-realisme-dans-les-arts-visuels-1830-1990-2\/\"]}]},{\"@type\":\"BreadcrumbList\",\"@id\":\"https:\/\/librairie7l.com\/en\/produit\/histoire-generale-du-realisme-dans-les-arts-visuels-1830-1990-2\/#breadcrumb\",\"itemListElement\":[{\"@type\":\"ListItem\",\"position\":1,\"name\":\"Accueil\",\"item\":\"https:\/\/librairie7l.com\/en\/\"},{\"@type\":\"ListItem\",\"position\":2,\"name\":\"Shop\",\"item\":\"https:\/\/librairie7l.com\/en\/shop\/\"},{\"@type\":\"ListItem\",\"position\":3,\"name\":\"HISTOIRE G\u00c9N\u00c9RALE DU R\u00c9ALISME DANS LES ARTS VISUELS : 1830-1990\"}]},{\"@type\":\"WebSite\",\"@id\":\"https:\/\/librairie7l.com\/en\/#website\",\"url\":\"https:\/\/librairie7l.com\/en\/\",\"name\":\"Librairie 7L\",\"description\":\"Librairie fond\u00e9e en 1999 par Karl Lagerfeld \u00e0 Paris\",\"publisher\":{\"@id\":\"https:\/\/librairie7l.com\/en\/#organization\"},\"potentialAction\":[{\"@type\":\"SearchAction\",\"target\":{\"@type\":\"EntryPoint\",\"urlTemplate\":\"https:\/\/librairie7l.com\/en\/?s={search_term_string}\"},\"query-input\":\"required name=search_term_string\"}],\"inLanguage\":\"en-US\"},{\"@type\":\"Organization\",\"@id\":\"https:\/\/librairie7l.com\/en\/#organization\",\"name\":\"Librairie 7L\",\"url\":\"https:\/\/librairie7l.com\/en\/\",\"logo\":{\"@type\":\"ImageObject\",\"inLanguage\":\"en-US\",\"@id\":\"https:\/\/librairie7l.com\/en\/#\/schema\/logo\/image\/\",\"url\":\"https:\/\/librairie7l.com\/wp-content\/uploads\/2022\/08\/logo-1.png\",\"contentUrl\":\"https:\/\/librairie7l.com\/wp-content\/uploads\/2022\/08\/logo-1.png\",\"width\":227,\"height\":301,\"caption\":\"Librairie 7L\"},\"image\":{\"@id\":\"https:\/\/librairie7l.com\/en\/#\/schema\/logo\/image\/\"}}]}<\/script>\n<!-- \/ Yoast SEO plugin. -->","yoast_head_json":{"title":"Histoire g\u00e9n\u00e9rale du r\u00e9alisme dans les arts visuels : 1830-1990 - Librairie 7L","robots":{"index":"index","follow":"follow","max-snippet":"max-snippet:-1","max-image-preview":"max-image-preview:large","max-video-preview":"max-video-preview:-1"},"canonical":"https:\/\/librairie7l.com\/en\/produit\/histoire-generale-du-realisme-dans-les-arts-visuels-1830-1990-2\/","og_locale":"en_US","og_type":"article","og_title":"Histoire g\u00e9n\u00e9rale du r\u00e9alisme dans les arts visuels : 1830-1990 - Librairie 7L","og_description":"Le r\u00e9alisme est apparu comme une cons\u00e9quence naturelle du d\u00e9veloppement culturel entre 1830 et 1850, comme une nouvelle orientation de la litt\u00e9rature, de la peinture et de l&#8217;art graphique. Il fut d\u00e9crit comme une forme d&#8217;art en accord avec la nouvelle \u00e8re industrielle, le positivisme et la pens\u00e9e scientifique. M\u00eame \u00e0 l&#8217;\u00e9poque o\u00f9 ce mouvement [&hellip;]","og_url":"https:\/\/librairie7l.com\/en\/produit\/histoire-generale-du-realisme-dans-les-arts-visuels-1830-1990-2\/","og_site_name":"Librairie 7L","article_modified_time":"2026-04-17T12:15:17+00:00","og_image":[{"width":600,"height":847,"url":"https:\/\/librairie7l.com\/wp-content\/uploads\/2024\/06\/9782753598737_1_75.jpg","type":"image\/jpeg"}],"twitter_card":"summary_large_image","twitter_misc":{"Est. reading time":"1 minute"},"schema":{"@context":"https:\/\/schema.org","@graph":[{"@type":"WebPage","@id":"https:\/\/librairie7l.com\/en\/produit\/histoire-generale-du-realisme-dans-les-arts-visuels-1830-1990-2\/","url":"https:\/\/librairie7l.com\/en\/produit\/histoire-generale-du-realisme-dans-les-arts-visuels-1830-1990-2\/","name":"Histoire g\u00e9n\u00e9rale du r\u00e9alisme dans les arts visuels : 1830-1990 - Librairie 7L","isPartOf":{"@id":"https:\/\/librairie7l.com\/en\/#website"},"datePublished":"2025-03-06T08:17:58+00:00","dateModified":"2026-04-17T12:15:17+00:00","breadcrumb":{"@id":"https:\/\/librairie7l.com\/en\/produit\/histoire-generale-du-realisme-dans-les-arts-visuels-1830-1990-2\/#breadcrumb"},"inLanguage":"en-US","potentialAction":[{"@type":"ReadAction","target":["https:\/\/librairie7l.com\/en\/produit\/histoire-generale-du-realisme-dans-les-arts-visuels-1830-1990-2\/"]}]},{"@type":"BreadcrumbList","@id":"https:\/\/librairie7l.com\/en\/produit\/histoire-generale-du-realisme-dans-les-arts-visuels-1830-1990-2\/#breadcrumb","itemListElement":[{"@type":"ListItem","position":1,"name":"Accueil","item":"https:\/\/librairie7l.com\/en\/"},{"@type":"ListItem","position":2,"name":"Shop","item":"https:\/\/librairie7l.com\/en\/shop\/"},{"@type":"ListItem","position":3,"name":"HISTOIRE G\u00c9N\u00c9RALE DU R\u00c9ALISME DANS LES ARTS VISUELS : 1830-1990"}]},{"@type":"WebSite","@id":"https:\/\/librairie7l.com\/en\/#website","url":"https:\/\/librairie7l.com\/en\/","name":"Librairie 7L","description":"Librairie fond\u00e9e en 1999 par Karl Lagerfeld \u00e0 Paris","publisher":{"@id":"https:\/\/librairie7l.com\/en\/#organization"},"potentialAction":[{"@type":"SearchAction","target":{"@type":"EntryPoint","urlTemplate":"https:\/\/librairie7l.com\/en\/?s={search_term_string}"},"query-input":"required name=search_term_string"}],"inLanguage":"en-US"},{"@type":"Organization","@id":"https:\/\/librairie7l.com\/en\/#organization","name":"Librairie 7L","url":"https:\/\/librairie7l.com\/en\/","logo":{"@type":"ImageObject","inLanguage":"en-US","@id":"https:\/\/librairie7l.com\/en\/#\/schema\/logo\/image\/","url":"https:\/\/librairie7l.com\/wp-content\/uploads\/2022\/08\/logo-1.png","contentUrl":"https:\/\/librairie7l.com\/wp-content\/uploads\/2022\/08\/logo-1.png","width":227,"height":301,"caption":"Librairie 7L"},"image":{"@id":"https:\/\/librairie7l.com\/en\/#\/schema\/logo\/image\/"}}]}},"_links":{"self":[{"href":"https:\/\/librairie7l.com\/en\/wp-json\/wp\/v2\/product\/46549"}],"collection":[{"href":"https:\/\/librairie7l.com\/en\/wp-json\/wp\/v2\/product"}],"about":[{"href":"https:\/\/librairie7l.com\/en\/wp-json\/wp\/v2\/types\/product"}],"wp:featuredmedia":[{"embeddable":true,"href":"https:\/\/librairie7l.com\/en\/wp-json\/wp\/v2\/media\/46547"}],"wp:attachment":[{"href":"https:\/\/librairie7l.com\/en\/wp-json\/wp\/v2\/media?parent=46549"}],"wp:term":[{"taxonomy":"product_cat","embeddable":true,"href":"https:\/\/librairie7l.com\/en\/wp-json\/wp\/v2\/product_cat?post=46549"},{"taxonomy":"product_tag","embeddable":true,"href":"https:\/\/librairie7l.com\/en\/wp-json\/wp\/v2\/product_tag?post=46549"}],"curies":[{"name":"wp","href":"https:\/\/api.w.org\/{rel}","templated":true}]}}