{"id":46553,"date":"2025-03-06T09:18:00","date_gmt":"2025-03-06T08:18:00","guid":{"rendered":"https:\/\/librairie7l.com\/?post_type=product&#038;p=46553"},"modified":"2026-04-11T18:29:53","modified_gmt":"2026-04-11T16:29:53","slug":"seeberger-freres-photographier-paris-1900-picturing-paris-1900-2","status":"publish","type":"product","link":"https:\/\/librairie7l.com\/en\/produit\/seeberger-freres-photographier-paris-1900-picturing-paris-1900-2\/","title":{"rendered":"S\u00c9EBERGER FR\u00c8RES. PHOTOGRAPHIER PARIS 1900 \/ PICTURING PARIS 1900"},"content":{"rendered":"<p>Jules (1872-1932), Louis (1874-1946) et Henri (1876-1956) S\u00e9eberger constituent la premi\u00e8re g\u00e9n\u00e9ration de la lign\u00e9e de photographes dite des fr\u00e8resS\u00e9eberger.C&#8217;est par le biais de concours amateurs qu&#8217;ils se font remarquer : ils sont d&#8217;abord publi\u00e9s dans diverses revues ainsi que par des \u00e9diteurs de cartes postales.<\/p>\n<p>En 1909, leur carri\u00e8re prend un tournant d\u00e9cisif. Alors qu&#8217;ils \u00e9tablissent officiellement leur entreprise familiale \u00ab S\u00e9eberger Fr\u00e8res \u00bb, une commande pour le magazine La Mode pratique marque leurs d\u00e9buts dans la photographie de mode. Ce domaine devient tr\u00e8s rapidement leur sp\u00e9cialit\u00e9, et ils sont bient\u00f4t demand\u00e9s par toutes les maisons de la haute couture fran\u00e7aise, telles que Chanel.<\/p>\n<p>S&#8217;ils photographient plus tard la campagne fran\u00e7aise et ses lieux de vill\u00e9giature, leur principal sujet demeurera Paris et ses habitants. C&#8217;est avec une grande sensibilit\u00e9 qu&#8217;ils s&#8217;attachent \u00e0 y photographier, dans une perspective \u00e0 la fois esth\u00e9tique et documentaire, autant les vieux quartiers et leurs habitants, que les jardins mondains et leurs \u00e9l\u00e9gantes, cristallisant en desclich\u00e9s fascinants cette p\u00e9riode que l&#8217;on nomme aujourd&#8217;hui la Belle \u00c9poque.<\/p>\n","protected":false},"excerpt":{"rendered":"<p>Jules (1872-1932), Louis (1874-1946) et Henri (1876-1956) S\u00e9eberger constituent la premi\u00e8re g\u00e9n\u00e9ration de la lign\u00e9e de photographes dite des fr\u00e8resS\u00e9eberger.C&#8217;est par le biais de concours amateurs qu&#8217;ils se font remarquer : ils sont d&#8217;abord publi\u00e9s dans diverses revues ainsi que par des \u00e9diteurs de cartes postales. En 1909, leur carri\u00e8re prend un tournant d\u00e9cisif. Alors [&hellip;]<\/p>\n","protected":false},"featured_media":46551,"template":"","meta":[],"product_cat":[2948,2958],"product_tag":[],"acf":[],"yoast_head":"<!-- This site is optimized with the Yoast SEO plugin v20.11 - https:\/\/yoast.com\/wordpress\/plugins\/seo\/ -->\n<title>S\u00e9eberger fr\u00e8res. photographier Paris 1900 \/ Picturing Paris 1900 - Librairie 7L<\/title>\n<meta name=\"robots\" content=\"index, follow, max-snippet:-1, max-image-preview:large, max-video-preview:-1\" \/>\n<link rel=\"canonical\" href=\"https:\/\/librairie7l.com\/en\/produit\/seeberger-freres-photographier-paris-1900-picturing-paris-1900-2\/\" \/>\n<meta property=\"og:locale\" content=\"en_US\" \/>\n<meta property=\"og:type\" content=\"article\" \/>\n<meta property=\"og:title\" content=\"S\u00e9eberger fr\u00e8res. photographier Paris 1900 \/ Picturing Paris 1900 - Librairie 7L\" \/>\n<meta property=\"og:description\" content=\"Jules (1872-1932), Louis (1874-1946) et Henri (1876-1956) S\u00e9eberger constituent la premi\u00e8re g\u00e9n\u00e9ration de la lign\u00e9e de photographes dite des fr\u00e8resS\u00e9eberger.C&#8217;est par le biais de concours amateurs qu&#8217;ils se font remarquer : ils sont d&#8217;abord publi\u00e9s dans diverses revues ainsi que par des \u00e9diteurs de cartes postales. En 1909, leur carri\u00e8re prend un tournant d\u00e9cisif. Alors [&hellip;]\" \/>\n<meta property=\"og:url\" content=\"https:\/\/librairie7l.com\/en\/produit\/seeberger-freres-photographier-paris-1900-picturing-paris-1900-2\/\" \/>\n<meta property=\"og:site_name\" content=\"Librairie 7L\" \/>\n<meta property=\"article:modified_time\" content=\"2026-04-11T16:29:53+00:00\" \/>\n<meta property=\"og:image\" content=\"https:\/\/librairie7l.com\/wp-content\/uploads\/2024\/08\/9782759605989_1_75.jpg\" \/>\n\t<meta property=\"og:image:width\" content=\"400\" \/>\n\t<meta property=\"og:image:height\" content=\"499\" \/>\n\t<meta property=\"og:image:type\" content=\"image\/jpeg\" \/>\n<meta name=\"twitter:card\" content=\"summary_large_image\" \/>\n<meta name=\"twitter:label1\" content=\"Est. reading time\" \/>\n\t<meta name=\"twitter:data1\" content=\"1 minute\" \/>\n<script type=\"application\/ld+json\" class=\"yoast-schema-graph\">{\"@context\":\"https:\/\/schema.org\",\"@graph\":[{\"@type\":\"WebPage\",\"@id\":\"https:\/\/librairie7l.com\/en\/produit\/seeberger-freres-photographier-paris-1900-picturing-paris-1900-2\/\",\"url\":\"https:\/\/librairie7l.com\/en\/produit\/seeberger-freres-photographier-paris-1900-picturing-paris-1900-2\/\",\"name\":\"S\u00e9eberger fr\u00e8res. photographier Paris 1900 \/ Picturing Paris 1900 - Librairie 7L\",\"isPartOf\":{\"@id\":\"https:\/\/librairie7l.com\/en\/#website\"},\"datePublished\":\"2025-03-06T08:18:00+00:00\",\"dateModified\":\"2026-04-11T16:29:53+00:00\",\"breadcrumb\":{\"@id\":\"https:\/\/librairie7l.com\/en\/produit\/seeberger-freres-photographier-paris-1900-picturing-paris-1900-2\/#breadcrumb\"},\"inLanguage\":\"en-US\",\"potentialAction\":[{\"@type\":\"ReadAction\",\"target\":[\"https:\/\/librairie7l.com\/en\/produit\/seeberger-freres-photographier-paris-1900-picturing-paris-1900-2\/\"]}]},{\"@type\":\"BreadcrumbList\",\"@id\":\"https:\/\/librairie7l.com\/en\/produit\/seeberger-freres-photographier-paris-1900-picturing-paris-1900-2\/#breadcrumb\",\"itemListElement\":[{\"@type\":\"ListItem\",\"position\":1,\"name\":\"Accueil\",\"item\":\"https:\/\/librairie7l.com\/en\/\"},{\"@type\":\"ListItem\",\"position\":2,\"name\":\"Shop\",\"item\":\"https:\/\/librairie7l.com\/en\/shop\/\"},{\"@type\":\"ListItem\",\"position\":3,\"name\":\"S\u00c9EBERGER FR\u00c8RES. PHOTOGRAPHIER PARIS 1900 \/ PICTURING PARIS 1900\"}]},{\"@type\":\"WebSite\",\"@id\":\"https:\/\/librairie7l.com\/en\/#website\",\"url\":\"https:\/\/librairie7l.com\/en\/\",\"name\":\"Librairie 7L\",\"description\":\"Librairie fond\u00e9e en 1999 par Karl Lagerfeld \u00e0 Paris\",\"publisher\":{\"@id\":\"https:\/\/librairie7l.com\/en\/#organization\"},\"potentialAction\":[{\"@type\":\"SearchAction\",\"target\":{\"@type\":\"EntryPoint\",\"urlTemplate\":\"https:\/\/librairie7l.com\/en\/?s={search_term_string}\"},\"query-input\":\"required name=search_term_string\"}],\"inLanguage\":\"en-US\"},{\"@type\":\"Organization\",\"@id\":\"https:\/\/librairie7l.com\/en\/#organization\",\"name\":\"Librairie 7L\",\"url\":\"https:\/\/librairie7l.com\/en\/\",\"logo\":{\"@type\":\"ImageObject\",\"inLanguage\":\"en-US\",\"@id\":\"https:\/\/librairie7l.com\/en\/#\/schema\/logo\/image\/\",\"url\":\"https:\/\/librairie7l.com\/wp-content\/uploads\/2022\/08\/logo-1.png\",\"contentUrl\":\"https:\/\/librairie7l.com\/wp-content\/uploads\/2022\/08\/logo-1.png\",\"width\":227,\"height\":301,\"caption\":\"Librairie 7L\"},\"image\":{\"@id\":\"https:\/\/librairie7l.com\/en\/#\/schema\/logo\/image\/\"}}]}<\/script>\n<!-- \/ Yoast SEO plugin. -->","yoast_head_json":{"title":"S\u00e9eberger fr\u00e8res. photographier Paris 1900 \/ Picturing Paris 1900 - Librairie 7L","robots":{"index":"index","follow":"follow","max-snippet":"max-snippet:-1","max-image-preview":"max-image-preview:large","max-video-preview":"max-video-preview:-1"},"canonical":"https:\/\/librairie7l.com\/en\/produit\/seeberger-freres-photographier-paris-1900-picturing-paris-1900-2\/","og_locale":"en_US","og_type":"article","og_title":"S\u00e9eberger fr\u00e8res. photographier Paris 1900 \/ Picturing Paris 1900 - Librairie 7L","og_description":"Jules (1872-1932), Louis (1874-1946) et Henri (1876-1956) S\u00e9eberger constituent la premi\u00e8re g\u00e9n\u00e9ration de la lign\u00e9e de photographes dite des fr\u00e8resS\u00e9eberger.C&#8217;est par le biais de concours amateurs qu&#8217;ils se font remarquer : ils sont d&#8217;abord publi\u00e9s dans diverses revues ainsi que par des \u00e9diteurs de cartes postales. En 1909, leur carri\u00e8re prend un tournant d\u00e9cisif. Alors [&hellip;]","og_url":"https:\/\/librairie7l.com\/en\/produit\/seeberger-freres-photographier-paris-1900-picturing-paris-1900-2\/","og_site_name":"Librairie 7L","article_modified_time":"2026-04-11T16:29:53+00:00","og_image":[{"width":400,"height":499,"url":"https:\/\/librairie7l.com\/wp-content\/uploads\/2024\/08\/9782759605989_1_75.jpg","type":"image\/jpeg"}],"twitter_card":"summary_large_image","twitter_misc":{"Est. reading time":"1 minute"},"schema":{"@context":"https:\/\/schema.org","@graph":[{"@type":"WebPage","@id":"https:\/\/librairie7l.com\/en\/produit\/seeberger-freres-photographier-paris-1900-picturing-paris-1900-2\/","url":"https:\/\/librairie7l.com\/en\/produit\/seeberger-freres-photographier-paris-1900-picturing-paris-1900-2\/","name":"S\u00e9eberger fr\u00e8res. photographier Paris 1900 \/ Picturing Paris 1900 - Librairie 7L","isPartOf":{"@id":"https:\/\/librairie7l.com\/en\/#website"},"datePublished":"2025-03-06T08:18:00+00:00","dateModified":"2026-04-11T16:29:53+00:00","breadcrumb":{"@id":"https:\/\/librairie7l.com\/en\/produit\/seeberger-freres-photographier-paris-1900-picturing-paris-1900-2\/#breadcrumb"},"inLanguage":"en-US","potentialAction":[{"@type":"ReadAction","target":["https:\/\/librairie7l.com\/en\/produit\/seeberger-freres-photographier-paris-1900-picturing-paris-1900-2\/"]}]},{"@type":"BreadcrumbList","@id":"https:\/\/librairie7l.com\/en\/produit\/seeberger-freres-photographier-paris-1900-picturing-paris-1900-2\/#breadcrumb","itemListElement":[{"@type":"ListItem","position":1,"name":"Accueil","item":"https:\/\/librairie7l.com\/en\/"},{"@type":"ListItem","position":2,"name":"Shop","item":"https:\/\/librairie7l.com\/en\/shop\/"},{"@type":"ListItem","position":3,"name":"S\u00c9EBERGER FR\u00c8RES. PHOTOGRAPHIER PARIS 1900 \/ PICTURING PARIS 1900"}]},{"@type":"WebSite","@id":"https:\/\/librairie7l.com\/en\/#website","url":"https:\/\/librairie7l.com\/en\/","name":"Librairie 7L","description":"Librairie fond\u00e9e en 1999 par Karl Lagerfeld \u00e0 Paris","publisher":{"@id":"https:\/\/librairie7l.com\/en\/#organization"},"potentialAction":[{"@type":"SearchAction","target":{"@type":"EntryPoint","urlTemplate":"https:\/\/librairie7l.com\/en\/?s={search_term_string}"},"query-input":"required name=search_term_string"}],"inLanguage":"en-US"},{"@type":"Organization","@id":"https:\/\/librairie7l.com\/en\/#organization","name":"Librairie 7L","url":"https:\/\/librairie7l.com\/en\/","logo":{"@type":"ImageObject","inLanguage":"en-US","@id":"https:\/\/librairie7l.com\/en\/#\/schema\/logo\/image\/","url":"https:\/\/librairie7l.com\/wp-content\/uploads\/2022\/08\/logo-1.png","contentUrl":"https:\/\/librairie7l.com\/wp-content\/uploads\/2022\/08\/logo-1.png","width":227,"height":301,"caption":"Librairie 7L"},"image":{"@id":"https:\/\/librairie7l.com\/en\/#\/schema\/logo\/image\/"}}]}},"_links":{"self":[{"href":"https:\/\/librairie7l.com\/en\/wp-json\/wp\/v2\/product\/46553"}],"collection":[{"href":"https:\/\/librairie7l.com\/en\/wp-json\/wp\/v2\/product"}],"about":[{"href":"https:\/\/librairie7l.com\/en\/wp-json\/wp\/v2\/types\/product"}],"wp:featuredmedia":[{"embeddable":true,"href":"https:\/\/librairie7l.com\/en\/wp-json\/wp\/v2\/media\/46551"}],"wp:attachment":[{"href":"https:\/\/librairie7l.com\/en\/wp-json\/wp\/v2\/media?parent=46553"}],"wp:term":[{"taxonomy":"product_cat","embeddable":true,"href":"https:\/\/librairie7l.com\/en\/wp-json\/wp\/v2\/product_cat?post=46553"},{"taxonomy":"product_tag","embeddable":true,"href":"https:\/\/librairie7l.com\/en\/wp-json\/wp\/v2\/product_tag?post=46553"}],"curies":[{"name":"wp","href":"https:\/\/api.w.org\/{rel}","templated":true}]}}