{"id":46646,"date":"2025-03-08T09:17:54","date_gmt":"2025-03-08T08:17:54","guid":{"rendered":"https:\/\/librairie7l.com\/?post_type=product&#038;p=46646"},"modified":"2026-04-11T16:01:34","modified_gmt":"2026-04-11T14:01:34","slug":"1-2-3-4-5-compter-en-samusant-2","status":"publish","type":"product","link":"https:\/\/librairie7l.com\/en\/produit\/1-2-3-4-5-compter-en-samusant-2\/","title":{"rendered":"1, 2, 3, 4, 5 &#8211; COMPTER EN S&#8217;AMUSANT"},"content":{"rendered":"<p>L&#8217;enfant commence \u00e0 parler, l&#8217;enfant commence \u00e0 compter, \u00e0 compter, d&#8217;abord&#8230; Il prend 1 bonbon, il a 2 fr\u00e8res, il habite au 8 de la rue&#8230; (&#8230;) il voit avec 2 yeux, il a 5 doigts, puis 6, 7, 8, 9, 10 doigts, quel vertige !<\/p>\n<p>Figure majeure de la photographie du 20e sie`cle, Robert Doisneau commence sa carrie`re dans les anne\u00b4es 1930. Son travail n&#8217;est reconnu qu&#8217;a` partir des anne\u00b4es 1970, gra^ce a` ses reportages sur les bonheurs ordinaires des Franc\u00b8ais. On sait moins qu&#8217;il re\u00b4alisa quatre ouvrages a` destination de la jeunesse. Le premier 1, 2, 3, 4, 5 : compter en s&#8217;amusant, publie\u00b4 a` la Guilde du Livre en 1955, connut le succe`s des deux co^te\u00b4s de l&#8217;Atlantique. A` son sujet, Michel Defourny e\u00b4crit : \u00ab Dans Compter en s&#8217;amusant, Robert Doisneau marie habilement l&#8217;instantane\u00b4, moment saisi sur le vif, et l&#8217;artificialite\u00b4 d&#8217;une mise en sce`ne soigneusement compose\u00b4e, deux po^les entre lesquels la photo n&#8217;a cesse\u00b4 d&#8217;osciller depuis ses origines. L&#8217;ombre et la lumie`re vibrent avec intensite\u00b4 dans chacun des cliche\u00b4s tandis que le cadrage se met au service du propos. Compter, c&#8217;est ajouter une unite\u00b4 supple\u00b4mentaire au nombre pre\u00b4ce\u00b4dent, et puis, une autre, et puis&#8230; une autre encore. Compter, c&#8217;est grandir, ajouter un centime`tre au pre\u00b4ce\u00b4dent, c&#8217;est fe^ter chaque anne\u00b4e un nouvel anniversaire, c&#8217;est se tourner vers l&#8217;avenir. C&#8217;est grimper toujours plus haut, s&#8217;envoler vers le ciel. \u00bb<\/p>\n","protected":false},"excerpt":{"rendered":"<p>L&#8217;enfant commence \u00e0 parler, l&#8217;enfant commence \u00e0 compter, \u00e0 compter, d&#8217;abord&#8230; Il prend 1 bonbon, il a 2 fr\u00e8res, il habite au 8 de la rue&#8230; (&#8230;) il voit avec 2 yeux, il a 5 doigts, puis 6, 7, 8, 9, 10 doigts, quel vertige ! Figure majeure de la photographie du 20e sie`cle, Robert [&hellip;]<\/p>\n","protected":false},"featured_media":46644,"template":"","meta":[],"product_cat":[2948,2958],"product_tag":[],"acf":[],"yoast_head":"<!-- This site is optimized with the Yoast SEO plugin v20.11 - https:\/\/yoast.com\/wordpress\/plugins\/seo\/ -->\n<title>1, 2, 3, 4, 5 - compter en s&#039;amusant - Librairie 7L<\/title>\n<meta name=\"robots\" content=\"index, follow, max-snippet:-1, max-image-preview:large, max-video-preview:-1\" \/>\n<link rel=\"canonical\" href=\"https:\/\/librairie7l.com\/en\/produit\/1-2-3-4-5-compter-en-samusant-2\/\" \/>\n<meta property=\"og:locale\" content=\"en_US\" \/>\n<meta property=\"og:type\" content=\"article\" \/>\n<meta property=\"og:title\" content=\"1, 2, 3, 4, 5 - compter en s&#039;amusant - Librairie 7L\" \/>\n<meta property=\"og:description\" content=\"L&#8217;enfant commence \u00e0 parler, l&#8217;enfant commence \u00e0 compter, \u00e0 compter, d&#8217;abord&#8230; Il prend 1 bonbon, il a 2 fr\u00e8res, il habite au 8 de la rue&#8230; (&#8230;) il voit avec 2 yeux, il a 5 doigts, puis 6, 7, 8, 9, 10 doigts, quel vertige ! Figure majeure de la photographie du 20e sie`cle, Robert [&hellip;]\" \/>\n<meta property=\"og:url\" content=\"https:\/\/librairie7l.com\/en\/produit\/1-2-3-4-5-compter-en-samusant-2\/\" \/>\n<meta property=\"og:site_name\" content=\"Librairie 7L\" \/>\n<meta property=\"article:modified_time\" content=\"2026-04-11T14:01:34+00:00\" \/>\n<meta property=\"og:image\" content=\"https:\/\/librairie7l.com\/wp-content\/uploads\/2024\/10\/9782352896210_1_75.jpg\" \/>\n\t<meta property=\"og:image:width\" content=\"600\" \/>\n\t<meta property=\"og:image:height\" content=\"757\" \/>\n\t<meta property=\"og:image:type\" content=\"image\/jpeg\" \/>\n<meta name=\"twitter:card\" content=\"summary_large_image\" \/>\n<meta name=\"twitter:label1\" content=\"Est. reading time\" \/>\n\t<meta name=\"twitter:data1\" content=\"1 minute\" \/>\n<script type=\"application\/ld+json\" class=\"yoast-schema-graph\">{\"@context\":\"https:\/\/schema.org\",\"@graph\":[{\"@type\":\"WebPage\",\"@id\":\"https:\/\/librairie7l.com\/en\/produit\/1-2-3-4-5-compter-en-samusant-2\/\",\"url\":\"https:\/\/librairie7l.com\/en\/produit\/1-2-3-4-5-compter-en-samusant-2\/\",\"name\":\"1, 2, 3, 4, 5 - compter en s'amusant - Librairie 7L\",\"isPartOf\":{\"@id\":\"https:\/\/librairie7l.com\/en\/#website\"},\"datePublished\":\"2025-03-08T08:17:54+00:00\",\"dateModified\":\"2026-04-11T14:01:34+00:00\",\"breadcrumb\":{\"@id\":\"https:\/\/librairie7l.com\/en\/produit\/1-2-3-4-5-compter-en-samusant-2\/#breadcrumb\"},\"inLanguage\":\"en-US\",\"potentialAction\":[{\"@type\":\"ReadAction\",\"target\":[\"https:\/\/librairie7l.com\/en\/produit\/1-2-3-4-5-compter-en-samusant-2\/\"]}]},{\"@type\":\"BreadcrumbList\",\"@id\":\"https:\/\/librairie7l.com\/en\/produit\/1-2-3-4-5-compter-en-samusant-2\/#breadcrumb\",\"itemListElement\":[{\"@type\":\"ListItem\",\"position\":1,\"name\":\"Accueil\",\"item\":\"https:\/\/librairie7l.com\/en\/\"},{\"@type\":\"ListItem\",\"position\":2,\"name\":\"Shop\",\"item\":\"https:\/\/librairie7l.com\/en\/shop\/\"},{\"@type\":\"ListItem\",\"position\":3,\"name\":\"1, 2, 3, 4, 5 &#8211; COMPTER EN S&#8217;AMUSANT\"}]},{\"@type\":\"WebSite\",\"@id\":\"https:\/\/librairie7l.com\/en\/#website\",\"url\":\"https:\/\/librairie7l.com\/en\/\",\"name\":\"Librairie 7L\",\"description\":\"Librairie fond\u00e9e en 1999 par Karl Lagerfeld \u00e0 Paris\",\"publisher\":{\"@id\":\"https:\/\/librairie7l.com\/en\/#organization\"},\"potentialAction\":[{\"@type\":\"SearchAction\",\"target\":{\"@type\":\"EntryPoint\",\"urlTemplate\":\"https:\/\/librairie7l.com\/en\/?s={search_term_string}\"},\"query-input\":\"required name=search_term_string\"}],\"inLanguage\":\"en-US\"},{\"@type\":\"Organization\",\"@id\":\"https:\/\/librairie7l.com\/en\/#organization\",\"name\":\"Librairie 7L\",\"url\":\"https:\/\/librairie7l.com\/en\/\",\"logo\":{\"@type\":\"ImageObject\",\"inLanguage\":\"en-US\",\"@id\":\"https:\/\/librairie7l.com\/en\/#\/schema\/logo\/image\/\",\"url\":\"https:\/\/librairie7l.com\/wp-content\/uploads\/2022\/08\/logo-1.png\",\"contentUrl\":\"https:\/\/librairie7l.com\/wp-content\/uploads\/2022\/08\/logo-1.png\",\"width\":227,\"height\":301,\"caption\":\"Librairie 7L\"},\"image\":{\"@id\":\"https:\/\/librairie7l.com\/en\/#\/schema\/logo\/image\/\"}}]}<\/script>\n<!-- \/ Yoast SEO plugin. -->","yoast_head_json":{"title":"1, 2, 3, 4, 5 - compter en s'amusant - Librairie 7L","robots":{"index":"index","follow":"follow","max-snippet":"max-snippet:-1","max-image-preview":"max-image-preview:large","max-video-preview":"max-video-preview:-1"},"canonical":"https:\/\/librairie7l.com\/en\/produit\/1-2-3-4-5-compter-en-samusant-2\/","og_locale":"en_US","og_type":"article","og_title":"1, 2, 3, 4, 5 - compter en s'amusant - Librairie 7L","og_description":"L&#8217;enfant commence \u00e0 parler, l&#8217;enfant commence \u00e0 compter, \u00e0 compter, d&#8217;abord&#8230; Il prend 1 bonbon, il a 2 fr\u00e8res, il habite au 8 de la rue&#8230; (&#8230;) il voit avec 2 yeux, il a 5 doigts, puis 6, 7, 8, 9, 10 doigts, quel vertige ! Figure majeure de la photographie du 20e sie`cle, Robert [&hellip;]","og_url":"https:\/\/librairie7l.com\/en\/produit\/1-2-3-4-5-compter-en-samusant-2\/","og_site_name":"Librairie 7L","article_modified_time":"2026-04-11T14:01:34+00:00","og_image":[{"width":600,"height":757,"url":"https:\/\/librairie7l.com\/wp-content\/uploads\/2024\/10\/9782352896210_1_75.jpg","type":"image\/jpeg"}],"twitter_card":"summary_large_image","twitter_misc":{"Est. reading time":"1 minute"},"schema":{"@context":"https:\/\/schema.org","@graph":[{"@type":"WebPage","@id":"https:\/\/librairie7l.com\/en\/produit\/1-2-3-4-5-compter-en-samusant-2\/","url":"https:\/\/librairie7l.com\/en\/produit\/1-2-3-4-5-compter-en-samusant-2\/","name":"1, 2, 3, 4, 5 - compter en s'amusant - Librairie 7L","isPartOf":{"@id":"https:\/\/librairie7l.com\/en\/#website"},"datePublished":"2025-03-08T08:17:54+00:00","dateModified":"2026-04-11T14:01:34+00:00","breadcrumb":{"@id":"https:\/\/librairie7l.com\/en\/produit\/1-2-3-4-5-compter-en-samusant-2\/#breadcrumb"},"inLanguage":"en-US","potentialAction":[{"@type":"ReadAction","target":["https:\/\/librairie7l.com\/en\/produit\/1-2-3-4-5-compter-en-samusant-2\/"]}]},{"@type":"BreadcrumbList","@id":"https:\/\/librairie7l.com\/en\/produit\/1-2-3-4-5-compter-en-samusant-2\/#breadcrumb","itemListElement":[{"@type":"ListItem","position":1,"name":"Accueil","item":"https:\/\/librairie7l.com\/en\/"},{"@type":"ListItem","position":2,"name":"Shop","item":"https:\/\/librairie7l.com\/en\/shop\/"},{"@type":"ListItem","position":3,"name":"1, 2, 3, 4, 5 &#8211; COMPTER EN S&#8217;AMUSANT"}]},{"@type":"WebSite","@id":"https:\/\/librairie7l.com\/en\/#website","url":"https:\/\/librairie7l.com\/en\/","name":"Librairie 7L","description":"Librairie fond\u00e9e en 1999 par Karl Lagerfeld \u00e0 Paris","publisher":{"@id":"https:\/\/librairie7l.com\/en\/#organization"},"potentialAction":[{"@type":"SearchAction","target":{"@type":"EntryPoint","urlTemplate":"https:\/\/librairie7l.com\/en\/?s={search_term_string}"},"query-input":"required name=search_term_string"}],"inLanguage":"en-US"},{"@type":"Organization","@id":"https:\/\/librairie7l.com\/en\/#organization","name":"Librairie 7L","url":"https:\/\/librairie7l.com\/en\/","logo":{"@type":"ImageObject","inLanguage":"en-US","@id":"https:\/\/librairie7l.com\/en\/#\/schema\/logo\/image\/","url":"https:\/\/librairie7l.com\/wp-content\/uploads\/2022\/08\/logo-1.png","contentUrl":"https:\/\/librairie7l.com\/wp-content\/uploads\/2022\/08\/logo-1.png","width":227,"height":301,"caption":"Librairie 7L"},"image":{"@id":"https:\/\/librairie7l.com\/en\/#\/schema\/logo\/image\/"}}]}},"_links":{"self":[{"href":"https:\/\/librairie7l.com\/en\/wp-json\/wp\/v2\/product\/46646"}],"collection":[{"href":"https:\/\/librairie7l.com\/en\/wp-json\/wp\/v2\/product"}],"about":[{"href":"https:\/\/librairie7l.com\/en\/wp-json\/wp\/v2\/types\/product"}],"wp:featuredmedia":[{"embeddable":true,"href":"https:\/\/librairie7l.com\/en\/wp-json\/wp\/v2\/media\/46644"}],"wp:attachment":[{"href":"https:\/\/librairie7l.com\/en\/wp-json\/wp\/v2\/media?parent=46646"}],"wp:term":[{"taxonomy":"product_cat","embeddable":true,"href":"https:\/\/librairie7l.com\/en\/wp-json\/wp\/v2\/product_cat?post=46646"},{"taxonomy":"product_tag","embeddable":true,"href":"https:\/\/librairie7l.com\/en\/wp-json\/wp\/v2\/product_tag?post=46646"}],"curies":[{"name":"wp","href":"https:\/\/api.w.org\/{rel}","templated":true}]}}