{"id":46650,"date":"2025-03-08T09:17:56","date_gmt":"2025-03-08T08:17:56","guid":{"rendered":"https:\/\/librairie7l.com\/?post_type=product&#038;p=46650"},"modified":"2026-04-22T15:05:57","modified_gmt":"2026-04-22T13:05:57","slug":"zizanies-2","status":"publish","type":"product","link":"https:\/\/librairie7l.com\/en\/produit\/zizanies-2\/","title":{"rendered":"ZIZANIES"},"content":{"rendered":"<p>Zizanies raconte comment une recherche, au d\u00e9part acad\u00e9mique et men\u00e9e dans les r\u00e8gles de l&#8217;art, d\u00e9vie de sa route. Jeune chercheuse et critique d&#8217;art, Clara Schulmann engage un travail sur les voix de femmes d&#8217;abord d\u00e9di\u00e9 aux voix-off cin\u00e9matographiques. Progressivement, ses lectures s&#8217;\u00e9largissent, gagnent du terrain, quittent le domaine soi-disant r\u00e9serv\u00e9 de la recherche universitaire. Sa propre vie s&#8217;immisce dans ce qu&#8217;elle \u00e9crit, les podcasts qu&#8217;elle \u00e9coute r\u00e9sonnent diff\u00e9remment, les histoires de ses amies lui restent en t\u00eate. Ces voix de femmes qui l&#8217;envahissent font valser les cloisons qui s\u00e9parent encore les diff\u00e9rents domaines de la pens\u00e9e contemporaine.<br \/>\nAid\u00e9e sur sa route par les auteures qui r\u00e9fl\u00e9chissent aujourd&#8217;hui aux effets de la transversalit\u00e9 (Donna Haraway, Vinciane Despret), par celles qui redynamisent les enjeux propres de la litt\u00e9rature (Nathalie Quintane, Valeria Luiselli, Chris Kraus), en regardant en arri\u00e8re vers un h\u00e9ritage f\u00e9ministe peu connu en France et qui savait d\u00e9j\u00e0 faire dialoguer th\u00e9orie et cin\u00e9ma ou po\u00e9sie et \u00e9criture critique (Denise Riley, Mary Ann Doane, Susan Howe), Clara Schulmann s&#8217;int\u00e9resse aux puissances de l&#8217;oralit\u00e9 lorsque celle-ci permet de repenser l&#8217;\u00e9criture au sens large.<br \/>\nLes voix de femmes r\u00e9unies ici forment ainsi une famille aux contours et aux attachements inattendus mais dont les engagements s&#8217;arriment aux pr\u00e9occupations politiques les plus contemporaines : comment faire groupe ? comment se faire entendre ? comment trouver les mots justes ?<\/p>\n","protected":false},"excerpt":{"rendered":"<p>Zizanies raconte comment une recherche, au d\u00e9part acad\u00e9mique et men\u00e9e dans les r\u00e8gles de l&#8217;art, d\u00e9vie de sa route. Jeune chercheuse et critique d&#8217;art, Clara Schulmann engage un travail sur les voix de femmes d&#8217;abord d\u00e9di\u00e9 aux voix-off cin\u00e9matographiques. Progressivement, ses lectures s&#8217;\u00e9largissent, gagnent du terrain, quittent le domaine soi-disant r\u00e9serv\u00e9 de la recherche universitaire. [&hellip;]<\/p>\n","protected":false},"featured_media":46648,"template":"","meta":[],"product_cat":[2948,2953],"product_tag":[],"acf":[],"yoast_head":"<!-- This site is optimized with the Yoast SEO plugin v20.11 - https:\/\/yoast.com\/wordpress\/plugins\/seo\/ -->\n<title>Zizanies - Librairie 7L<\/title>\n<meta name=\"robots\" content=\"index, follow, max-snippet:-1, max-image-preview:large, max-video-preview:-1\" \/>\n<link rel=\"canonical\" href=\"https:\/\/librairie7l.com\/en\/produit\/zizanies-2\/\" \/>\n<meta property=\"og:locale\" content=\"en_US\" \/>\n<meta property=\"og:type\" content=\"article\" \/>\n<meta property=\"og:title\" content=\"Zizanies - Librairie 7L\" \/>\n<meta property=\"og:description\" content=\"Zizanies raconte comment une recherche, au d\u00e9part acad\u00e9mique et men\u00e9e dans les r\u00e8gles de l&#8217;art, d\u00e9vie de sa route. Jeune chercheuse et critique d&#8217;art, Clara Schulmann engage un travail sur les voix de femmes d&#8217;abord d\u00e9di\u00e9 aux voix-off cin\u00e9matographiques. Progressivement, ses lectures s&#8217;\u00e9largissent, gagnent du terrain, quittent le domaine soi-disant r\u00e9serv\u00e9 de la recherche universitaire. [&hellip;]\" \/>\n<meta property=\"og:url\" content=\"https:\/\/librairie7l.com\/en\/produit\/zizanies-2\/\" \/>\n<meta property=\"og:site_name\" content=\"Librairie 7L\" \/>\n<meta property=\"article:modified_time\" content=\"2026-04-22T13:05:57+00:00\" \/>\n<meta property=\"og:image\" content=\"https:\/\/librairie7l.com\/wp-content\/uploads\/2020\/05\/9782918252672_1_75.jpg\" \/>\n\t<meta property=\"og:image:width\" content=\"600\" \/>\n\t<meta property=\"og:image:height\" content=\"921\" \/>\n\t<meta property=\"og:image:type\" content=\"image\/jpeg\" \/>\n<meta name=\"twitter:card\" content=\"summary_large_image\" \/>\n<meta name=\"twitter:label1\" content=\"Est. reading time\" \/>\n\t<meta name=\"twitter:data1\" content=\"1 minute\" \/>\n<script type=\"application\/ld+json\" class=\"yoast-schema-graph\">{\"@context\":\"https:\/\/schema.org\",\"@graph\":[{\"@type\":\"WebPage\",\"@id\":\"https:\/\/librairie7l.com\/en\/produit\/zizanies-2\/\",\"url\":\"https:\/\/librairie7l.com\/en\/produit\/zizanies-2\/\",\"name\":\"Zizanies - Librairie 7L\",\"isPartOf\":{\"@id\":\"https:\/\/librairie7l.com\/en\/#website\"},\"datePublished\":\"2025-03-08T08:17:56+00:00\",\"dateModified\":\"2026-04-22T13:05:57+00:00\",\"breadcrumb\":{\"@id\":\"https:\/\/librairie7l.com\/en\/produit\/zizanies-2\/#breadcrumb\"},\"inLanguage\":\"en-US\",\"potentialAction\":[{\"@type\":\"ReadAction\",\"target\":[\"https:\/\/librairie7l.com\/en\/produit\/zizanies-2\/\"]}]},{\"@type\":\"BreadcrumbList\",\"@id\":\"https:\/\/librairie7l.com\/en\/produit\/zizanies-2\/#breadcrumb\",\"itemListElement\":[{\"@type\":\"ListItem\",\"position\":1,\"name\":\"Accueil\",\"item\":\"https:\/\/librairie7l.com\/en\/\"},{\"@type\":\"ListItem\",\"position\":2,\"name\":\"Shop\",\"item\":\"https:\/\/librairie7l.com\/en\/shop\/\"},{\"@type\":\"ListItem\",\"position\":3,\"name\":\"ZIZANIES\"}]},{\"@type\":\"WebSite\",\"@id\":\"https:\/\/librairie7l.com\/en\/#website\",\"url\":\"https:\/\/librairie7l.com\/en\/\",\"name\":\"Librairie 7L\",\"description\":\"Librairie fond\u00e9e en 1999 par Karl Lagerfeld \u00e0 Paris\",\"publisher\":{\"@id\":\"https:\/\/librairie7l.com\/en\/#organization\"},\"potentialAction\":[{\"@type\":\"SearchAction\",\"target\":{\"@type\":\"EntryPoint\",\"urlTemplate\":\"https:\/\/librairie7l.com\/en\/?s={search_term_string}\"},\"query-input\":\"required name=search_term_string\"}],\"inLanguage\":\"en-US\"},{\"@type\":\"Organization\",\"@id\":\"https:\/\/librairie7l.com\/en\/#organization\",\"name\":\"Librairie 7L\",\"url\":\"https:\/\/librairie7l.com\/en\/\",\"logo\":{\"@type\":\"ImageObject\",\"inLanguage\":\"en-US\",\"@id\":\"https:\/\/librairie7l.com\/en\/#\/schema\/logo\/image\/\",\"url\":\"https:\/\/librairie7l.com\/wp-content\/uploads\/2022\/08\/logo-1.png\",\"contentUrl\":\"https:\/\/librairie7l.com\/wp-content\/uploads\/2022\/08\/logo-1.png\",\"width\":227,\"height\":301,\"caption\":\"Librairie 7L\"},\"image\":{\"@id\":\"https:\/\/librairie7l.com\/en\/#\/schema\/logo\/image\/\"}}]}<\/script>\n<!-- \/ Yoast SEO plugin. -->","yoast_head_json":{"title":"Zizanies - Librairie 7L","robots":{"index":"index","follow":"follow","max-snippet":"max-snippet:-1","max-image-preview":"max-image-preview:large","max-video-preview":"max-video-preview:-1"},"canonical":"https:\/\/librairie7l.com\/en\/produit\/zizanies-2\/","og_locale":"en_US","og_type":"article","og_title":"Zizanies - Librairie 7L","og_description":"Zizanies raconte comment une recherche, au d\u00e9part acad\u00e9mique et men\u00e9e dans les r\u00e8gles de l&#8217;art, d\u00e9vie de sa route. Jeune chercheuse et critique d&#8217;art, Clara Schulmann engage un travail sur les voix de femmes d&#8217;abord d\u00e9di\u00e9 aux voix-off cin\u00e9matographiques. Progressivement, ses lectures s&#8217;\u00e9largissent, gagnent du terrain, quittent le domaine soi-disant r\u00e9serv\u00e9 de la recherche universitaire. [&hellip;]","og_url":"https:\/\/librairie7l.com\/en\/produit\/zizanies-2\/","og_site_name":"Librairie 7L","article_modified_time":"2026-04-22T13:05:57+00:00","og_image":[{"width":600,"height":921,"url":"https:\/\/librairie7l.com\/wp-content\/uploads\/2020\/05\/9782918252672_1_75.jpg","type":"image\/jpeg"}],"twitter_card":"summary_large_image","twitter_misc":{"Est. reading time":"1 minute"},"schema":{"@context":"https:\/\/schema.org","@graph":[{"@type":"WebPage","@id":"https:\/\/librairie7l.com\/en\/produit\/zizanies-2\/","url":"https:\/\/librairie7l.com\/en\/produit\/zizanies-2\/","name":"Zizanies - Librairie 7L","isPartOf":{"@id":"https:\/\/librairie7l.com\/en\/#website"},"datePublished":"2025-03-08T08:17:56+00:00","dateModified":"2026-04-22T13:05:57+00:00","breadcrumb":{"@id":"https:\/\/librairie7l.com\/en\/produit\/zizanies-2\/#breadcrumb"},"inLanguage":"en-US","potentialAction":[{"@type":"ReadAction","target":["https:\/\/librairie7l.com\/en\/produit\/zizanies-2\/"]}]},{"@type":"BreadcrumbList","@id":"https:\/\/librairie7l.com\/en\/produit\/zizanies-2\/#breadcrumb","itemListElement":[{"@type":"ListItem","position":1,"name":"Accueil","item":"https:\/\/librairie7l.com\/en\/"},{"@type":"ListItem","position":2,"name":"Shop","item":"https:\/\/librairie7l.com\/en\/shop\/"},{"@type":"ListItem","position":3,"name":"ZIZANIES"}]},{"@type":"WebSite","@id":"https:\/\/librairie7l.com\/en\/#website","url":"https:\/\/librairie7l.com\/en\/","name":"Librairie 7L","description":"Librairie fond\u00e9e en 1999 par Karl Lagerfeld \u00e0 Paris","publisher":{"@id":"https:\/\/librairie7l.com\/en\/#organization"},"potentialAction":[{"@type":"SearchAction","target":{"@type":"EntryPoint","urlTemplate":"https:\/\/librairie7l.com\/en\/?s={search_term_string}"},"query-input":"required name=search_term_string"}],"inLanguage":"en-US"},{"@type":"Organization","@id":"https:\/\/librairie7l.com\/en\/#organization","name":"Librairie 7L","url":"https:\/\/librairie7l.com\/en\/","logo":{"@type":"ImageObject","inLanguage":"en-US","@id":"https:\/\/librairie7l.com\/en\/#\/schema\/logo\/image\/","url":"https:\/\/librairie7l.com\/wp-content\/uploads\/2022\/08\/logo-1.png","contentUrl":"https:\/\/librairie7l.com\/wp-content\/uploads\/2022\/08\/logo-1.png","width":227,"height":301,"caption":"Librairie 7L"},"image":{"@id":"https:\/\/librairie7l.com\/en\/#\/schema\/logo\/image\/"}}]}},"_links":{"self":[{"href":"https:\/\/librairie7l.com\/en\/wp-json\/wp\/v2\/product\/46650"}],"collection":[{"href":"https:\/\/librairie7l.com\/en\/wp-json\/wp\/v2\/product"}],"about":[{"href":"https:\/\/librairie7l.com\/en\/wp-json\/wp\/v2\/types\/product"}],"wp:featuredmedia":[{"embeddable":true,"href":"https:\/\/librairie7l.com\/en\/wp-json\/wp\/v2\/media\/46648"}],"wp:attachment":[{"href":"https:\/\/librairie7l.com\/en\/wp-json\/wp\/v2\/media?parent=46650"}],"wp:term":[{"taxonomy":"product_cat","embeddable":true,"href":"https:\/\/librairie7l.com\/en\/wp-json\/wp\/v2\/product_cat?post=46650"},{"taxonomy":"product_tag","embeddable":true,"href":"https:\/\/librairie7l.com\/en\/wp-json\/wp\/v2\/product_tag?post=46650"}],"curies":[{"name":"wp","href":"https:\/\/api.w.org\/{rel}","templated":true}]}}