{"id":46665,"date":"2025-03-09T09:17:52","date_gmt":"2025-03-09T08:17:52","guid":{"rendered":"https:\/\/librairie7l.com\/?post_type=product&#038;p=46665"},"modified":"2026-04-21T19:06:50","modified_gmt":"2026-04-21T17:06:50","slug":"beau-magazine-n-10-mars-2025-2","status":"publish","type":"product","link":"https:\/\/librairie7l.com\/en\/produit\/beau-magazine-n-10-mars-2025-2\/","title":{"rendered":"BEAU MAGAZINE N.10 : MARS 2025"},"content":{"rendered":"<p>Entre performance et d\u00e9fense des oc\u00e9ans, Bjork, l&#8217;artiste la plus myst\u00e9rieuse de son \u00e9poque se r\u00e9v\u00e8le par ses proches. Elle a tout donn\u00e9 ! L&#8217;h\u00e9riti\u00e8re Marl\u00e8ne Engelhorn raconte sa bataille et sa vision de la d\u00e9mocratie. Erwan Bourroulec r\u00e9habilite l&#8217;architecture paysanne : la plus \u00ab agile \u00bb d&#8217;entre toutes. Mais aussi, un \u00e9change autour des utopies entre l&#8217;artiste Laetitia Dosch et la patronne des \u00e9cologistes Marine Tondelier. Les Gleamers, vous connaissez ? Cette nouvelle communaut\u00e9 de faiseurs rallume les espoirs. Dans ce num\u00e9ro aussi, l&#8217;exp\u00e9rience \u00e9tonnante du son sur la sant\u00e9 mentale et physique. Une tourn\u00e9e des listening bars \u00e0 Londres, o\u00f9 l&#8217;on vient pour se taire + notre guide d&#8217;adresses justes et parfaites pour vivre autrement et un sp\u00e9cial Voyages pour partir Ici et ailleurs.<\/p>\n<p>In\u00e9dit dans les premi\u00e8res pages de ce magazine, l&#8217;odeur du printemps !<\/p>\n","protected":false},"excerpt":{"rendered":"<p>Entre performance et d\u00e9fense des oc\u00e9ans, Bjork, l&#8217;artiste la plus myst\u00e9rieuse de son \u00e9poque se r\u00e9v\u00e8le par ses proches. Elle a tout donn\u00e9 ! L&#8217;h\u00e9riti\u00e8re Marl\u00e8ne Engelhorn raconte sa bataille et sa vision de la d\u00e9mocratie. Erwan Bourroulec r\u00e9habilite l&#8217;architecture paysanne : la plus \u00ab agile \u00bb d&#8217;entre toutes. Mais aussi, un \u00e9change autour des [&hellip;]<\/p>\n","protected":false},"featured_media":46663,"template":"","meta":[],"product_cat":[2948,2950],"product_tag":[],"acf":[],"yoast_head":"<!-- This site is optimized with the Yoast SEO plugin v20.11 - https:\/\/yoast.com\/wordpress\/plugins\/seo\/ -->\n<title>Beau magazine n.10 : Mars 2025 - Librairie 7L<\/title>\n<meta name=\"robots\" content=\"index, follow, max-snippet:-1, max-image-preview:large, max-video-preview:-1\" \/>\n<link rel=\"canonical\" href=\"https:\/\/librairie7l.com\/en\/produit\/beau-magazine-n-10-mars-2025-2\/\" \/>\n<meta property=\"og:locale\" content=\"en_US\" \/>\n<meta property=\"og:type\" content=\"article\" \/>\n<meta property=\"og:title\" content=\"Beau magazine n.10 : Mars 2025 - Librairie 7L\" \/>\n<meta property=\"og:description\" content=\"Entre performance et d\u00e9fense des oc\u00e9ans, Bjork, l&#8217;artiste la plus myst\u00e9rieuse de son \u00e9poque se r\u00e9v\u00e8le par ses proches. Elle a tout donn\u00e9 ! L&#8217;h\u00e9riti\u00e8re Marl\u00e8ne Engelhorn raconte sa bataille et sa vision de la d\u00e9mocratie. Erwan Bourroulec r\u00e9habilite l&#8217;architecture paysanne : la plus \u00ab agile \u00bb d&#8217;entre toutes. Mais aussi, un \u00e9change autour des [&hellip;]\" \/>\n<meta property=\"og:url\" content=\"https:\/\/librairie7l.com\/en\/produit\/beau-magazine-n-10-mars-2025-2\/\" \/>\n<meta property=\"og:site_name\" content=\"Librairie 7L\" \/>\n<meta property=\"article:modified_time\" content=\"2026-04-21T17:06:50+00:00\" \/>\n<meta property=\"og:image\" content=\"https:\/\/librairie7l.com\/wp-content\/uploads\/2025\/02\/3663322132032_1_75.jpg\" \/>\n\t<meta property=\"og:image:width\" content=\"600\" \/>\n\t<meta property=\"og:image:height\" content=\"816\" \/>\n\t<meta property=\"og:image:type\" content=\"image\/jpeg\" \/>\n<meta name=\"twitter:card\" content=\"summary_large_image\" \/>\n<meta name=\"twitter:label1\" content=\"Est. reading time\" \/>\n\t<meta name=\"twitter:data1\" content=\"1 minute\" \/>\n<script type=\"application\/ld+json\" class=\"yoast-schema-graph\">{\"@context\":\"https:\/\/schema.org\",\"@graph\":[{\"@type\":\"WebPage\",\"@id\":\"https:\/\/librairie7l.com\/en\/produit\/beau-magazine-n-10-mars-2025-2\/\",\"url\":\"https:\/\/librairie7l.com\/en\/produit\/beau-magazine-n-10-mars-2025-2\/\",\"name\":\"Beau magazine n.10 : Mars 2025 - Librairie 7L\",\"isPartOf\":{\"@id\":\"https:\/\/librairie7l.com\/en\/#website\"},\"datePublished\":\"2025-03-09T08:17:52+00:00\",\"dateModified\":\"2026-04-21T17:06:50+00:00\",\"breadcrumb\":{\"@id\":\"https:\/\/librairie7l.com\/en\/produit\/beau-magazine-n-10-mars-2025-2\/#breadcrumb\"},\"inLanguage\":\"en-US\",\"potentialAction\":[{\"@type\":\"ReadAction\",\"target\":[\"https:\/\/librairie7l.com\/en\/produit\/beau-magazine-n-10-mars-2025-2\/\"]}]},{\"@type\":\"BreadcrumbList\",\"@id\":\"https:\/\/librairie7l.com\/en\/produit\/beau-magazine-n-10-mars-2025-2\/#breadcrumb\",\"itemListElement\":[{\"@type\":\"ListItem\",\"position\":1,\"name\":\"Accueil\",\"item\":\"https:\/\/librairie7l.com\/en\/\"},{\"@type\":\"ListItem\",\"position\":2,\"name\":\"Shop\",\"item\":\"https:\/\/librairie7l.com\/en\/shop\/\"},{\"@type\":\"ListItem\",\"position\":3,\"name\":\"BEAU MAGAZINE N.10 : MARS 2025\"}]},{\"@type\":\"WebSite\",\"@id\":\"https:\/\/librairie7l.com\/en\/#website\",\"url\":\"https:\/\/librairie7l.com\/en\/\",\"name\":\"Librairie 7L\",\"description\":\"Librairie fond\u00e9e en 1999 par Karl Lagerfeld \u00e0 Paris\",\"publisher\":{\"@id\":\"https:\/\/librairie7l.com\/en\/#organization\"},\"potentialAction\":[{\"@type\":\"SearchAction\",\"target\":{\"@type\":\"EntryPoint\",\"urlTemplate\":\"https:\/\/librairie7l.com\/en\/?s={search_term_string}\"},\"query-input\":\"required name=search_term_string\"}],\"inLanguage\":\"en-US\"},{\"@type\":\"Organization\",\"@id\":\"https:\/\/librairie7l.com\/en\/#organization\",\"name\":\"Librairie 7L\",\"url\":\"https:\/\/librairie7l.com\/en\/\",\"logo\":{\"@type\":\"ImageObject\",\"inLanguage\":\"en-US\",\"@id\":\"https:\/\/librairie7l.com\/en\/#\/schema\/logo\/image\/\",\"url\":\"https:\/\/librairie7l.com\/wp-content\/uploads\/2022\/08\/logo-1.png\",\"contentUrl\":\"https:\/\/librairie7l.com\/wp-content\/uploads\/2022\/08\/logo-1.png\",\"width\":227,\"height\":301,\"caption\":\"Librairie 7L\"},\"image\":{\"@id\":\"https:\/\/librairie7l.com\/en\/#\/schema\/logo\/image\/\"}}]}<\/script>\n<!-- \/ Yoast SEO plugin. -->","yoast_head_json":{"title":"Beau magazine n.10 : Mars 2025 - Librairie 7L","robots":{"index":"index","follow":"follow","max-snippet":"max-snippet:-1","max-image-preview":"max-image-preview:large","max-video-preview":"max-video-preview:-1"},"canonical":"https:\/\/librairie7l.com\/en\/produit\/beau-magazine-n-10-mars-2025-2\/","og_locale":"en_US","og_type":"article","og_title":"Beau magazine n.10 : Mars 2025 - Librairie 7L","og_description":"Entre performance et d\u00e9fense des oc\u00e9ans, Bjork, l&#8217;artiste la plus myst\u00e9rieuse de son \u00e9poque se r\u00e9v\u00e8le par ses proches. Elle a tout donn\u00e9 ! L&#8217;h\u00e9riti\u00e8re Marl\u00e8ne Engelhorn raconte sa bataille et sa vision de la d\u00e9mocratie. Erwan Bourroulec r\u00e9habilite l&#8217;architecture paysanne : la plus \u00ab agile \u00bb d&#8217;entre toutes. Mais aussi, un \u00e9change autour des [&hellip;]","og_url":"https:\/\/librairie7l.com\/en\/produit\/beau-magazine-n-10-mars-2025-2\/","og_site_name":"Librairie 7L","article_modified_time":"2026-04-21T17:06:50+00:00","og_image":[{"width":600,"height":816,"url":"https:\/\/librairie7l.com\/wp-content\/uploads\/2025\/02\/3663322132032_1_75.jpg","type":"image\/jpeg"}],"twitter_card":"summary_large_image","twitter_misc":{"Est. reading time":"1 minute"},"schema":{"@context":"https:\/\/schema.org","@graph":[{"@type":"WebPage","@id":"https:\/\/librairie7l.com\/en\/produit\/beau-magazine-n-10-mars-2025-2\/","url":"https:\/\/librairie7l.com\/en\/produit\/beau-magazine-n-10-mars-2025-2\/","name":"Beau magazine n.10 : Mars 2025 - Librairie 7L","isPartOf":{"@id":"https:\/\/librairie7l.com\/en\/#website"},"datePublished":"2025-03-09T08:17:52+00:00","dateModified":"2026-04-21T17:06:50+00:00","breadcrumb":{"@id":"https:\/\/librairie7l.com\/en\/produit\/beau-magazine-n-10-mars-2025-2\/#breadcrumb"},"inLanguage":"en-US","potentialAction":[{"@type":"ReadAction","target":["https:\/\/librairie7l.com\/en\/produit\/beau-magazine-n-10-mars-2025-2\/"]}]},{"@type":"BreadcrumbList","@id":"https:\/\/librairie7l.com\/en\/produit\/beau-magazine-n-10-mars-2025-2\/#breadcrumb","itemListElement":[{"@type":"ListItem","position":1,"name":"Accueil","item":"https:\/\/librairie7l.com\/en\/"},{"@type":"ListItem","position":2,"name":"Shop","item":"https:\/\/librairie7l.com\/en\/shop\/"},{"@type":"ListItem","position":3,"name":"BEAU MAGAZINE N.10 : MARS 2025"}]},{"@type":"WebSite","@id":"https:\/\/librairie7l.com\/en\/#website","url":"https:\/\/librairie7l.com\/en\/","name":"Librairie 7L","description":"Librairie fond\u00e9e en 1999 par Karl Lagerfeld \u00e0 Paris","publisher":{"@id":"https:\/\/librairie7l.com\/en\/#organization"},"potentialAction":[{"@type":"SearchAction","target":{"@type":"EntryPoint","urlTemplate":"https:\/\/librairie7l.com\/en\/?s={search_term_string}"},"query-input":"required name=search_term_string"}],"inLanguage":"en-US"},{"@type":"Organization","@id":"https:\/\/librairie7l.com\/en\/#organization","name":"Librairie 7L","url":"https:\/\/librairie7l.com\/en\/","logo":{"@type":"ImageObject","inLanguage":"en-US","@id":"https:\/\/librairie7l.com\/en\/#\/schema\/logo\/image\/","url":"https:\/\/librairie7l.com\/wp-content\/uploads\/2022\/08\/logo-1.png","contentUrl":"https:\/\/librairie7l.com\/wp-content\/uploads\/2022\/08\/logo-1.png","width":227,"height":301,"caption":"Librairie 7L"},"image":{"@id":"https:\/\/librairie7l.com\/en\/#\/schema\/logo\/image\/"}}]}},"_links":{"self":[{"href":"https:\/\/librairie7l.com\/en\/wp-json\/wp\/v2\/product\/46665"}],"collection":[{"href":"https:\/\/librairie7l.com\/en\/wp-json\/wp\/v2\/product"}],"about":[{"href":"https:\/\/librairie7l.com\/en\/wp-json\/wp\/v2\/types\/product"}],"wp:featuredmedia":[{"embeddable":true,"href":"https:\/\/librairie7l.com\/en\/wp-json\/wp\/v2\/media\/46663"}],"wp:attachment":[{"href":"https:\/\/librairie7l.com\/en\/wp-json\/wp\/v2\/media?parent=46665"}],"wp:term":[{"taxonomy":"product_cat","embeddable":true,"href":"https:\/\/librairie7l.com\/en\/wp-json\/wp\/v2\/product_cat?post=46665"},{"taxonomy":"product_tag","embeddable":true,"href":"https:\/\/librairie7l.com\/en\/wp-json\/wp\/v2\/product_tag?post=46665"}],"curies":[{"name":"wp","href":"https:\/\/api.w.org\/{rel}","templated":true}]}}