{"id":46669,"date":"2025-03-09T09:17:54","date_gmt":"2025-03-09T08:17:54","guid":{"rendered":"https:\/\/librairie7l.com\/?post_type=product&#038;p=46669"},"modified":"2026-04-04T20:51:48","modified_gmt":"2026-04-04T18:51:48","slug":"marqueterie-de-paille-base-techniques-projets-2","status":"publish","type":"product","link":"https:\/\/librairie7l.com\/en\/produit\/marqueterie-de-paille-base-techniques-projets-2\/","title":{"rendered":"MARQUETERIE DE PAILLE : BASE, TECHNIQUES, PROJETS"},"content":{"rendered":"<p>Le livre MARQUETERIE DE PAILLE met \u00e0 votre port\u00e9e cette technique, dont les principes de base sont faciles \u00e0 ma\u00eetriser. Vous d\u00e9couvrirez tous les outils et techniques de base n\u00e9cessaires expliqu\u00e9es en pas \u00e0 pas.Vous apprendrez \u00e0 r\u00e9aliser les motifs traditionnels de la marqueterie de paille.Vous pourrez vous exercer avec la quinzaine de projet \u00e0 r\u00e9aliser en marqueterie de paille.<\/p>\n","protected":false},"excerpt":{"rendered":"<p>Le livre MARQUETERIE DE PAILLE met \u00e0 votre port\u00e9e cette technique, dont les principes de base sont faciles \u00e0 ma\u00eetriser. Vous d\u00e9couvrirez tous les outils et techniques de base n\u00e9cessaires expliqu\u00e9es en pas \u00e0 pas.Vous apprendrez \u00e0 r\u00e9aliser les motifs traditionnels de la marqueterie de paille.Vous pourrez vous exercer avec la quinzaine de projet \u00e0 [&hellip;]<\/p>\n","protected":false},"featured_media":46667,"template":"","meta":[],"product_cat":[2948,2952],"product_tag":[],"acf":[],"yoast_head":"<!-- This site is optimized with the Yoast SEO plugin v20.11 - https:\/\/yoast.com\/wordpress\/plugins\/seo\/ -->\n<title>Marqueterie de paille : base, techniques, projets - Librairie 7L<\/title>\n<meta name=\"robots\" content=\"index, follow, max-snippet:-1, max-image-preview:large, max-video-preview:-1\" \/>\n<link rel=\"canonical\" href=\"https:\/\/librairie7l.com\/en\/produit\/marqueterie-de-paille-base-techniques-projets-2\/\" \/>\n<meta property=\"og:locale\" content=\"en_US\" \/>\n<meta property=\"og:type\" content=\"article\" \/>\n<meta property=\"og:title\" content=\"Marqueterie de paille : base, techniques, projets - Librairie 7L\" \/>\n<meta property=\"og:description\" content=\"Le livre MARQUETERIE DE PAILLE met \u00e0 votre port\u00e9e cette technique, dont les principes de base sont faciles \u00e0 ma\u00eetriser. Vous d\u00e9couvrirez tous les outils et techniques de base n\u00e9cessaires expliqu\u00e9es en pas \u00e0 pas.Vous apprendrez \u00e0 r\u00e9aliser les motifs traditionnels de la marqueterie de paille.Vous pourrez vous exercer avec la quinzaine de projet \u00e0 [&hellip;]\" \/>\n<meta property=\"og:url\" content=\"https:\/\/librairie7l.com\/en\/produit\/marqueterie-de-paille-base-techniques-projets-2\/\" \/>\n<meta property=\"og:site_name\" content=\"Librairie 7L\" \/>\n<meta property=\"article:modified_time\" content=\"2026-04-04T18:51:48+00:00\" \/>\n<meta property=\"og:image\" content=\"https:\/\/librairie7l.com\/wp-content\/uploads\/2023\/06\/9782378170912_1_75.jpg\" \/>\n\t<meta property=\"og:image:width\" content=\"592\" \/>\n\t<meta property=\"og:image:height\" content=\"600\" \/>\n\t<meta property=\"og:image:type\" content=\"image\/jpeg\" \/>\n<meta name=\"twitter:card\" content=\"summary_large_image\" \/>\n<script type=\"application\/ld+json\" class=\"yoast-schema-graph\">{\"@context\":\"https:\/\/schema.org\",\"@graph\":[{\"@type\":\"WebPage\",\"@id\":\"https:\/\/librairie7l.com\/en\/produit\/marqueterie-de-paille-base-techniques-projets-2\/\",\"url\":\"https:\/\/librairie7l.com\/en\/produit\/marqueterie-de-paille-base-techniques-projets-2\/\",\"name\":\"Marqueterie de paille : base, techniques, projets - Librairie 7L\",\"isPartOf\":{\"@id\":\"https:\/\/librairie7l.com\/en\/#website\"},\"datePublished\":\"2025-03-09T08:17:54+00:00\",\"dateModified\":\"2026-04-04T18:51:48+00:00\",\"breadcrumb\":{\"@id\":\"https:\/\/librairie7l.com\/en\/produit\/marqueterie-de-paille-base-techniques-projets-2\/#breadcrumb\"},\"inLanguage\":\"en-US\",\"potentialAction\":[{\"@type\":\"ReadAction\",\"target\":[\"https:\/\/librairie7l.com\/en\/produit\/marqueterie-de-paille-base-techniques-projets-2\/\"]}]},{\"@type\":\"BreadcrumbList\",\"@id\":\"https:\/\/librairie7l.com\/en\/produit\/marqueterie-de-paille-base-techniques-projets-2\/#breadcrumb\",\"itemListElement\":[{\"@type\":\"ListItem\",\"position\":1,\"name\":\"Accueil\",\"item\":\"https:\/\/librairie7l.com\/en\/\"},{\"@type\":\"ListItem\",\"position\":2,\"name\":\"Shop\",\"item\":\"https:\/\/librairie7l.com\/en\/shop\/\"},{\"@type\":\"ListItem\",\"position\":3,\"name\":\"MARQUETERIE DE PAILLE : BASE, TECHNIQUES, PROJETS\"}]},{\"@type\":\"WebSite\",\"@id\":\"https:\/\/librairie7l.com\/en\/#website\",\"url\":\"https:\/\/librairie7l.com\/en\/\",\"name\":\"Librairie 7L\",\"description\":\"Librairie fond\u00e9e en 1999 par Karl Lagerfeld \u00e0 Paris\",\"publisher\":{\"@id\":\"https:\/\/librairie7l.com\/en\/#organization\"},\"potentialAction\":[{\"@type\":\"SearchAction\",\"target\":{\"@type\":\"EntryPoint\",\"urlTemplate\":\"https:\/\/librairie7l.com\/en\/?s={search_term_string}\"},\"query-input\":\"required name=search_term_string\"}],\"inLanguage\":\"en-US\"},{\"@type\":\"Organization\",\"@id\":\"https:\/\/librairie7l.com\/en\/#organization\",\"name\":\"Librairie 7L\",\"url\":\"https:\/\/librairie7l.com\/en\/\",\"logo\":{\"@type\":\"ImageObject\",\"inLanguage\":\"en-US\",\"@id\":\"https:\/\/librairie7l.com\/en\/#\/schema\/logo\/image\/\",\"url\":\"https:\/\/librairie7l.com\/wp-content\/uploads\/2022\/08\/logo-1.png\",\"contentUrl\":\"https:\/\/librairie7l.com\/wp-content\/uploads\/2022\/08\/logo-1.png\",\"width\":227,\"height\":301,\"caption\":\"Librairie 7L\"},\"image\":{\"@id\":\"https:\/\/librairie7l.com\/en\/#\/schema\/logo\/image\/\"}}]}<\/script>\n<!-- \/ Yoast SEO plugin. -->","yoast_head_json":{"title":"Marqueterie de paille : base, techniques, projets - Librairie 7L","robots":{"index":"index","follow":"follow","max-snippet":"max-snippet:-1","max-image-preview":"max-image-preview:large","max-video-preview":"max-video-preview:-1"},"canonical":"https:\/\/librairie7l.com\/en\/produit\/marqueterie-de-paille-base-techniques-projets-2\/","og_locale":"en_US","og_type":"article","og_title":"Marqueterie de paille : base, techniques, projets - Librairie 7L","og_description":"Le livre MARQUETERIE DE PAILLE met \u00e0 votre port\u00e9e cette technique, dont les principes de base sont faciles \u00e0 ma\u00eetriser. Vous d\u00e9couvrirez tous les outils et techniques de base n\u00e9cessaires expliqu\u00e9es en pas \u00e0 pas.Vous apprendrez \u00e0 r\u00e9aliser les motifs traditionnels de la marqueterie de paille.Vous pourrez vous exercer avec la quinzaine de projet \u00e0 [&hellip;]","og_url":"https:\/\/librairie7l.com\/en\/produit\/marqueterie-de-paille-base-techniques-projets-2\/","og_site_name":"Librairie 7L","article_modified_time":"2026-04-04T18:51:48+00:00","og_image":[{"width":592,"height":600,"url":"https:\/\/librairie7l.com\/wp-content\/uploads\/2023\/06\/9782378170912_1_75.jpg","type":"image\/jpeg"}],"twitter_card":"summary_large_image","schema":{"@context":"https:\/\/schema.org","@graph":[{"@type":"WebPage","@id":"https:\/\/librairie7l.com\/en\/produit\/marqueterie-de-paille-base-techniques-projets-2\/","url":"https:\/\/librairie7l.com\/en\/produit\/marqueterie-de-paille-base-techniques-projets-2\/","name":"Marqueterie de paille : base, techniques, projets - Librairie 7L","isPartOf":{"@id":"https:\/\/librairie7l.com\/en\/#website"},"datePublished":"2025-03-09T08:17:54+00:00","dateModified":"2026-04-04T18:51:48+00:00","breadcrumb":{"@id":"https:\/\/librairie7l.com\/en\/produit\/marqueterie-de-paille-base-techniques-projets-2\/#breadcrumb"},"inLanguage":"en-US","potentialAction":[{"@type":"ReadAction","target":["https:\/\/librairie7l.com\/en\/produit\/marqueterie-de-paille-base-techniques-projets-2\/"]}]},{"@type":"BreadcrumbList","@id":"https:\/\/librairie7l.com\/en\/produit\/marqueterie-de-paille-base-techniques-projets-2\/#breadcrumb","itemListElement":[{"@type":"ListItem","position":1,"name":"Accueil","item":"https:\/\/librairie7l.com\/en\/"},{"@type":"ListItem","position":2,"name":"Shop","item":"https:\/\/librairie7l.com\/en\/shop\/"},{"@type":"ListItem","position":3,"name":"MARQUETERIE DE PAILLE : BASE, TECHNIQUES, PROJETS"}]},{"@type":"WebSite","@id":"https:\/\/librairie7l.com\/en\/#website","url":"https:\/\/librairie7l.com\/en\/","name":"Librairie 7L","description":"Librairie fond\u00e9e en 1999 par Karl Lagerfeld \u00e0 Paris","publisher":{"@id":"https:\/\/librairie7l.com\/en\/#organization"},"potentialAction":[{"@type":"SearchAction","target":{"@type":"EntryPoint","urlTemplate":"https:\/\/librairie7l.com\/en\/?s={search_term_string}"},"query-input":"required name=search_term_string"}],"inLanguage":"en-US"},{"@type":"Organization","@id":"https:\/\/librairie7l.com\/en\/#organization","name":"Librairie 7L","url":"https:\/\/librairie7l.com\/en\/","logo":{"@type":"ImageObject","inLanguage":"en-US","@id":"https:\/\/librairie7l.com\/en\/#\/schema\/logo\/image\/","url":"https:\/\/librairie7l.com\/wp-content\/uploads\/2022\/08\/logo-1.png","contentUrl":"https:\/\/librairie7l.com\/wp-content\/uploads\/2022\/08\/logo-1.png","width":227,"height":301,"caption":"Librairie 7L"},"image":{"@id":"https:\/\/librairie7l.com\/en\/#\/schema\/logo\/image\/"}}]}},"_links":{"self":[{"href":"https:\/\/librairie7l.com\/en\/wp-json\/wp\/v2\/product\/46669"}],"collection":[{"href":"https:\/\/librairie7l.com\/en\/wp-json\/wp\/v2\/product"}],"about":[{"href":"https:\/\/librairie7l.com\/en\/wp-json\/wp\/v2\/types\/product"}],"wp:featuredmedia":[{"embeddable":true,"href":"https:\/\/librairie7l.com\/en\/wp-json\/wp\/v2\/media\/46667"}],"wp:attachment":[{"href":"https:\/\/librairie7l.com\/en\/wp-json\/wp\/v2\/media?parent=46669"}],"wp:term":[{"taxonomy":"product_cat","embeddable":true,"href":"https:\/\/librairie7l.com\/en\/wp-json\/wp\/v2\/product_cat?post=46669"},{"taxonomy":"product_tag","embeddable":true,"href":"https:\/\/librairie7l.com\/en\/wp-json\/wp\/v2\/product_tag?post=46669"}],"curies":[{"name":"wp","href":"https:\/\/api.w.org\/{rel}","templated":true}]}}