{"id":46673,"date":"2025-03-09T09:17:57","date_gmt":"2025-03-09T08:17:57","guid":{"rendered":"https:\/\/librairie7l.com\/?post_type=product&#038;p=46673"},"modified":"2026-04-17T14:14:37","modified_gmt":"2026-04-17T12:14:37","slug":"en-piste-clowns-pitres-et-saltimbanques-2","status":"publish","type":"product","link":"https:\/\/librairie7l.com\/en\/produit\/en-piste-clowns-pitres-et-saltimbanques-2\/","title":{"rendered":"EN PISTE ! CLOWNS, PITRES ET SALTIMBANQUES"},"content":{"rendered":"<p>Entrez dans le cabinet de curiosit\u00e9s de Macha Make\u00efeff, une dr\u00f4le de roulotte o\u00f9 l&#8217;imaginaire du cirque et des saltimbanques a trouv\u00e9 refuge !<\/p>\n<p>Accompagnant l&#8217;exposition \u00ab En piste ! \u00bb, au Mucem \u00e0 Marseille, cet ouvrage propose une \u00ab travers\u00e9e sensible, autour du destin prosa\u00efque et sublime du saltimbanque \u00bb. \u00ab Approchez, approchez, Mesdames et Messieurs&#8230; \u00bb, osez d\u00e9ambuler dans ce livre objet \u00e0 la forme surprenante : on progresse parmi campements, cahutes et cabanes, loges et coulisses ; on y croise de c\u00e9l\u00e8bres figures de saltimbanques tels Yanco, Mae West, Buster Keaton, Monsieur Hulot, Bartabas, Zouk, Grock ou les Fratellini. Laissez-vous surprendre par toutes sortes d&#8217;objets insolites, de costumes, d&#8217;accessoires, de miroirs d\u00e9formants, d&#8217;attractions, sans oublier les oeuvres de grands artistes fascin\u00e9s par l&#8217;univers du cirque : Varda, Sorin, Saint Phalle, Picasso&#8230; Dans cette joyeuse parade, les plus grands sp\u00e9cialistes du cirque, mais aussi un philosophe, un psychanalyste, des com\u00e9diens, metteurs en sc\u00e8ne, des \u00e9crivains apportent leurs voix pour raconter et c\u00e9l\u00e9brer cet univers.<\/p>\n","protected":false},"excerpt":{"rendered":"<p>Entrez dans le cabinet de curiosit\u00e9s de Macha Make\u00efeff, une dr\u00f4le de roulotte o\u00f9 l&#8217;imaginaire du cirque et des saltimbanques a trouv\u00e9 refuge ! Accompagnant l&#8217;exposition \u00ab En piste ! \u00bb, au Mucem \u00e0 Marseille, cet ouvrage propose une \u00ab travers\u00e9e sensible, autour du destin prosa\u00efque et sublime du saltimbanque \u00bb. \u00ab Approchez, approchez, Mesdames [&hellip;]<\/p>\n","protected":false},"featured_media":46671,"template":"","meta":[],"product_cat":[2948,2953],"product_tag":[],"acf":[],"yoast_head":"<!-- This site is optimized with the Yoast SEO plugin v20.11 - https:\/\/yoast.com\/wordpress\/plugins\/seo\/ -->\n<title>En piste ! Clowns, pitres et saltimbanques - Librairie 7L<\/title>\n<meta name=\"robots\" content=\"index, follow, max-snippet:-1, max-image-preview:large, max-video-preview:-1\" \/>\n<link rel=\"canonical\" href=\"https:\/\/librairie7l.com\/en\/produit\/en-piste-clowns-pitres-et-saltimbanques-2\/\" \/>\n<meta property=\"og:locale\" content=\"en_US\" \/>\n<meta property=\"og:type\" content=\"article\" \/>\n<meta property=\"og:title\" content=\"En piste ! Clowns, pitres et saltimbanques - Librairie 7L\" \/>\n<meta property=\"og:description\" content=\"Entrez dans le cabinet de curiosit\u00e9s de Macha Make\u00efeff, une dr\u00f4le de roulotte o\u00f9 l&#8217;imaginaire du cirque et des saltimbanques a trouv\u00e9 refuge ! Accompagnant l&#8217;exposition \u00ab En piste ! \u00bb, au Mucem \u00e0 Marseille, cet ouvrage propose une \u00ab travers\u00e9e sensible, autour du destin prosa\u00efque et sublime du saltimbanque \u00bb. \u00ab Approchez, approchez, Mesdames [&hellip;]\" \/>\n<meta property=\"og:url\" content=\"https:\/\/librairie7l.com\/en\/produit\/en-piste-clowns-pitres-et-saltimbanques-2\/\" \/>\n<meta property=\"og:site_name\" content=\"Librairie 7L\" \/>\n<meta property=\"article:modified_time\" content=\"2026-04-17T12:14:37+00:00\" \/>\n<meta property=\"og:image\" content=\"https:\/\/librairie7l.com\/wp-content\/uploads\/2024\/06\/9791040121336_1_75.jpg\" \/>\n\t<meta property=\"og:image:width\" content=\"400\" \/>\n\t<meta property=\"og:image:height\" content=\"579\" \/>\n\t<meta property=\"og:image:type\" content=\"image\/jpeg\" \/>\n<meta name=\"twitter:card\" content=\"summary_large_image\" \/>\n<meta name=\"twitter:label1\" content=\"Est. reading time\" \/>\n\t<meta name=\"twitter:data1\" content=\"1 minute\" \/>\n<script type=\"application\/ld+json\" class=\"yoast-schema-graph\">{\"@context\":\"https:\/\/schema.org\",\"@graph\":[{\"@type\":\"WebPage\",\"@id\":\"https:\/\/librairie7l.com\/en\/produit\/en-piste-clowns-pitres-et-saltimbanques-2\/\",\"url\":\"https:\/\/librairie7l.com\/en\/produit\/en-piste-clowns-pitres-et-saltimbanques-2\/\",\"name\":\"En piste ! Clowns, pitres et saltimbanques - Librairie 7L\",\"isPartOf\":{\"@id\":\"https:\/\/librairie7l.com\/en\/#website\"},\"datePublished\":\"2025-03-09T08:17:57+00:00\",\"dateModified\":\"2026-04-17T12:14:37+00:00\",\"breadcrumb\":{\"@id\":\"https:\/\/librairie7l.com\/en\/produit\/en-piste-clowns-pitres-et-saltimbanques-2\/#breadcrumb\"},\"inLanguage\":\"en-US\",\"potentialAction\":[{\"@type\":\"ReadAction\",\"target\":[\"https:\/\/librairie7l.com\/en\/produit\/en-piste-clowns-pitres-et-saltimbanques-2\/\"]}]},{\"@type\":\"BreadcrumbList\",\"@id\":\"https:\/\/librairie7l.com\/en\/produit\/en-piste-clowns-pitres-et-saltimbanques-2\/#breadcrumb\",\"itemListElement\":[{\"@type\":\"ListItem\",\"position\":1,\"name\":\"Accueil\",\"item\":\"https:\/\/librairie7l.com\/en\/\"},{\"@type\":\"ListItem\",\"position\":2,\"name\":\"Shop\",\"item\":\"https:\/\/librairie7l.com\/en\/shop\/\"},{\"@type\":\"ListItem\",\"position\":3,\"name\":\"EN PISTE ! CLOWNS, PITRES ET SALTIMBANQUES\"}]},{\"@type\":\"WebSite\",\"@id\":\"https:\/\/librairie7l.com\/en\/#website\",\"url\":\"https:\/\/librairie7l.com\/en\/\",\"name\":\"Librairie 7L\",\"description\":\"Librairie fond\u00e9e en 1999 par Karl Lagerfeld \u00e0 Paris\",\"publisher\":{\"@id\":\"https:\/\/librairie7l.com\/en\/#organization\"},\"potentialAction\":[{\"@type\":\"SearchAction\",\"target\":{\"@type\":\"EntryPoint\",\"urlTemplate\":\"https:\/\/librairie7l.com\/en\/?s={search_term_string}\"},\"query-input\":\"required name=search_term_string\"}],\"inLanguage\":\"en-US\"},{\"@type\":\"Organization\",\"@id\":\"https:\/\/librairie7l.com\/en\/#organization\",\"name\":\"Librairie 7L\",\"url\":\"https:\/\/librairie7l.com\/en\/\",\"logo\":{\"@type\":\"ImageObject\",\"inLanguage\":\"en-US\",\"@id\":\"https:\/\/librairie7l.com\/en\/#\/schema\/logo\/image\/\",\"url\":\"https:\/\/librairie7l.com\/wp-content\/uploads\/2022\/08\/logo-1.png\",\"contentUrl\":\"https:\/\/librairie7l.com\/wp-content\/uploads\/2022\/08\/logo-1.png\",\"width\":227,\"height\":301,\"caption\":\"Librairie 7L\"},\"image\":{\"@id\":\"https:\/\/librairie7l.com\/en\/#\/schema\/logo\/image\/\"}}]}<\/script>\n<!-- \/ Yoast SEO plugin. -->","yoast_head_json":{"title":"En piste ! Clowns, pitres et saltimbanques - Librairie 7L","robots":{"index":"index","follow":"follow","max-snippet":"max-snippet:-1","max-image-preview":"max-image-preview:large","max-video-preview":"max-video-preview:-1"},"canonical":"https:\/\/librairie7l.com\/en\/produit\/en-piste-clowns-pitres-et-saltimbanques-2\/","og_locale":"en_US","og_type":"article","og_title":"En piste ! Clowns, pitres et saltimbanques - Librairie 7L","og_description":"Entrez dans le cabinet de curiosit\u00e9s de Macha Make\u00efeff, une dr\u00f4le de roulotte o\u00f9 l&#8217;imaginaire du cirque et des saltimbanques a trouv\u00e9 refuge ! Accompagnant l&#8217;exposition \u00ab En piste ! \u00bb, au Mucem \u00e0 Marseille, cet ouvrage propose une \u00ab travers\u00e9e sensible, autour du destin prosa\u00efque et sublime du saltimbanque \u00bb. \u00ab Approchez, approchez, Mesdames [&hellip;]","og_url":"https:\/\/librairie7l.com\/en\/produit\/en-piste-clowns-pitres-et-saltimbanques-2\/","og_site_name":"Librairie 7L","article_modified_time":"2026-04-17T12:14:37+00:00","og_image":[{"width":400,"height":579,"url":"https:\/\/librairie7l.com\/wp-content\/uploads\/2024\/06\/9791040121336_1_75.jpg","type":"image\/jpeg"}],"twitter_card":"summary_large_image","twitter_misc":{"Est. reading time":"1 minute"},"schema":{"@context":"https:\/\/schema.org","@graph":[{"@type":"WebPage","@id":"https:\/\/librairie7l.com\/en\/produit\/en-piste-clowns-pitres-et-saltimbanques-2\/","url":"https:\/\/librairie7l.com\/en\/produit\/en-piste-clowns-pitres-et-saltimbanques-2\/","name":"En piste ! Clowns, pitres et saltimbanques - Librairie 7L","isPartOf":{"@id":"https:\/\/librairie7l.com\/en\/#website"},"datePublished":"2025-03-09T08:17:57+00:00","dateModified":"2026-04-17T12:14:37+00:00","breadcrumb":{"@id":"https:\/\/librairie7l.com\/en\/produit\/en-piste-clowns-pitres-et-saltimbanques-2\/#breadcrumb"},"inLanguage":"en-US","potentialAction":[{"@type":"ReadAction","target":["https:\/\/librairie7l.com\/en\/produit\/en-piste-clowns-pitres-et-saltimbanques-2\/"]}]},{"@type":"BreadcrumbList","@id":"https:\/\/librairie7l.com\/en\/produit\/en-piste-clowns-pitres-et-saltimbanques-2\/#breadcrumb","itemListElement":[{"@type":"ListItem","position":1,"name":"Accueil","item":"https:\/\/librairie7l.com\/en\/"},{"@type":"ListItem","position":2,"name":"Shop","item":"https:\/\/librairie7l.com\/en\/shop\/"},{"@type":"ListItem","position":3,"name":"EN PISTE ! CLOWNS, PITRES ET SALTIMBANQUES"}]},{"@type":"WebSite","@id":"https:\/\/librairie7l.com\/en\/#website","url":"https:\/\/librairie7l.com\/en\/","name":"Librairie 7L","description":"Librairie fond\u00e9e en 1999 par Karl Lagerfeld \u00e0 Paris","publisher":{"@id":"https:\/\/librairie7l.com\/en\/#organization"},"potentialAction":[{"@type":"SearchAction","target":{"@type":"EntryPoint","urlTemplate":"https:\/\/librairie7l.com\/en\/?s={search_term_string}"},"query-input":"required name=search_term_string"}],"inLanguage":"en-US"},{"@type":"Organization","@id":"https:\/\/librairie7l.com\/en\/#organization","name":"Librairie 7L","url":"https:\/\/librairie7l.com\/en\/","logo":{"@type":"ImageObject","inLanguage":"en-US","@id":"https:\/\/librairie7l.com\/en\/#\/schema\/logo\/image\/","url":"https:\/\/librairie7l.com\/wp-content\/uploads\/2022\/08\/logo-1.png","contentUrl":"https:\/\/librairie7l.com\/wp-content\/uploads\/2022\/08\/logo-1.png","width":227,"height":301,"caption":"Librairie 7L"},"image":{"@id":"https:\/\/librairie7l.com\/en\/#\/schema\/logo\/image\/"}}]}},"_links":{"self":[{"href":"https:\/\/librairie7l.com\/en\/wp-json\/wp\/v2\/product\/46673"}],"collection":[{"href":"https:\/\/librairie7l.com\/en\/wp-json\/wp\/v2\/product"}],"about":[{"href":"https:\/\/librairie7l.com\/en\/wp-json\/wp\/v2\/types\/product"}],"wp:featuredmedia":[{"embeddable":true,"href":"https:\/\/librairie7l.com\/en\/wp-json\/wp\/v2\/media\/46671"}],"wp:attachment":[{"href":"https:\/\/librairie7l.com\/en\/wp-json\/wp\/v2\/media?parent=46673"}],"wp:term":[{"taxonomy":"product_cat","embeddable":true,"href":"https:\/\/librairie7l.com\/en\/wp-json\/wp\/v2\/product_cat?post=46673"},{"taxonomy":"product_tag","embeddable":true,"href":"https:\/\/librairie7l.com\/en\/wp-json\/wp\/v2\/product_tag?post=46673"}],"curies":[{"name":"wp","href":"https:\/\/api.w.org\/{rel}","templated":true}]}}