{"id":46677,"date":"2025-03-09T09:18:00","date_gmt":"2025-03-09T08:18:00","guid":{"rendered":"https:\/\/librairie7l.com\/?post_type=product&#038;p=46677"},"modified":"2026-04-10T07:22:42","modified_gmt":"2026-04-10T05:22:42","slug":"grigris-ex-voto-a-broder-livre-a-broder-avec-perles-paillettes-2","status":"publish","type":"product","link":"https:\/\/librairie7l.com\/en\/produit\/grigris-ex-voto-a-broder-livre-a-broder-avec-perles-paillettes-2\/","title":{"rendered":"GRIGRIS &AMP; EX-VOTO \u00c0 BRODER : LIVRE \u00c0 BRODER AVEC PERLES &AMP; PAILLETTES"},"content":{"rendered":"<p>Embellissez de perles et paillettes scintillantes de magnifiques illustrations originales cr\u00e9\u00e9es par Happy Remix Productions \u00e0 partir de leur collection de gravures anciennes.<br \/>\nAvec un papier facile \u00e0 piquer et le mat\u00e9riel fourni (aiguille \u00e0 broder, fils or, argent et rouge, perles dor\u00e9es et bleues et paillettes cuvette dor\u00e9es), initiez-vous \u00e0 toute la cr\u00e9ativit\u00e9 de la broderie sur papier !<\/p>\n","protected":false},"excerpt":{"rendered":"<p>Embellissez de perles et paillettes scintillantes de magnifiques illustrations originales cr\u00e9\u00e9es par Happy Remix Productions \u00e0 partir de leur collection de gravures anciennes. Avec un papier facile \u00e0 piquer et le mat\u00e9riel fourni (aiguille \u00e0 broder, fils or, argent et rouge, perles dor\u00e9es et bleues et paillettes cuvette dor\u00e9es), initiez-vous \u00e0 toute la cr\u00e9ativit\u00e9 de [&hellip;]<\/p>\n","protected":false},"featured_media":46675,"template":"","meta":[],"product_cat":[2948,2952],"product_tag":[],"acf":[],"yoast_head":"<!-- This site is optimized with the Yoast SEO plugin v20.11 - https:\/\/yoast.com\/wordpress\/plugins\/seo\/ -->\n<title>Grigris &amp; ex-voto \u00e0 broder : Livre \u00e0 broder avec perles &amp; paillettes - Librairie 7L<\/title>\n<meta name=\"robots\" content=\"index, follow, max-snippet:-1, max-image-preview:large, max-video-preview:-1\" \/>\n<link rel=\"canonical\" href=\"https:\/\/librairie7l.com\/en\/produit\/grigris-ex-voto-a-broder-livre-a-broder-avec-perles-paillettes-2\/\" \/>\n<meta property=\"og:locale\" content=\"en_US\" \/>\n<meta property=\"og:type\" content=\"article\" \/>\n<meta property=\"og:title\" content=\"Grigris &amp; ex-voto \u00e0 broder : Livre \u00e0 broder avec perles &amp; paillettes - Librairie 7L\" \/>\n<meta property=\"og:description\" content=\"Embellissez de perles et paillettes scintillantes de magnifiques illustrations originales cr\u00e9\u00e9es par Happy Remix Productions \u00e0 partir de leur collection de gravures anciennes. Avec un papier facile \u00e0 piquer et le mat\u00e9riel fourni (aiguille \u00e0 broder, fils or, argent et rouge, perles dor\u00e9es et bleues et paillettes cuvette dor\u00e9es), initiez-vous \u00e0 toute la cr\u00e9ativit\u00e9 de [&hellip;]\" \/>\n<meta property=\"og:url\" content=\"https:\/\/librairie7l.com\/en\/produit\/grigris-ex-voto-a-broder-livre-a-broder-avec-perles-paillettes-2\/\" \/>\n<meta property=\"og:site_name\" content=\"Librairie 7L\" \/>\n<meta property=\"article:modified_time\" content=\"2026-04-10T05:22:42+00:00\" \/>\n<meta property=\"og:image\" content=\"https:\/\/librairie7l.com\/wp-content\/uploads\/2024\/06\/9782501190572_1_75.jpg\" \/>\n\t<meta property=\"og:image:width\" content=\"807\" \/>\n\t<meta property=\"og:image:height\" content=\"600\" \/>\n\t<meta property=\"og:image:type\" content=\"image\/jpeg\" \/>\n<meta name=\"twitter:card\" content=\"summary_large_image\" \/>\n<script type=\"application\/ld+json\" class=\"yoast-schema-graph\">{\"@context\":\"https:\/\/schema.org\",\"@graph\":[{\"@type\":\"WebPage\",\"@id\":\"https:\/\/librairie7l.com\/en\/produit\/grigris-ex-voto-a-broder-livre-a-broder-avec-perles-paillettes-2\/\",\"url\":\"https:\/\/librairie7l.com\/en\/produit\/grigris-ex-voto-a-broder-livre-a-broder-avec-perles-paillettes-2\/\",\"name\":\"Grigris &amp; ex-voto \u00e0 broder : Livre \u00e0 broder avec perles &amp; paillettes - Librairie 7L\",\"isPartOf\":{\"@id\":\"https:\/\/librairie7l.com\/en\/#website\"},\"datePublished\":\"2025-03-09T08:18:00+00:00\",\"dateModified\":\"2026-04-10T05:22:42+00:00\",\"breadcrumb\":{\"@id\":\"https:\/\/librairie7l.com\/en\/produit\/grigris-ex-voto-a-broder-livre-a-broder-avec-perles-paillettes-2\/#breadcrumb\"},\"inLanguage\":\"en-US\",\"potentialAction\":[{\"@type\":\"ReadAction\",\"target\":[\"https:\/\/librairie7l.com\/en\/produit\/grigris-ex-voto-a-broder-livre-a-broder-avec-perles-paillettes-2\/\"]}]},{\"@type\":\"BreadcrumbList\",\"@id\":\"https:\/\/librairie7l.com\/en\/produit\/grigris-ex-voto-a-broder-livre-a-broder-avec-perles-paillettes-2\/#breadcrumb\",\"itemListElement\":[{\"@type\":\"ListItem\",\"position\":1,\"name\":\"Accueil\",\"item\":\"https:\/\/librairie7l.com\/en\/\"},{\"@type\":\"ListItem\",\"position\":2,\"name\":\"Shop\",\"item\":\"https:\/\/librairie7l.com\/en\/shop\/\"},{\"@type\":\"ListItem\",\"position\":3,\"name\":\"GRIGRIS &AMP; EX-VOTO \u00c0 BRODER : LIVRE \u00c0 BRODER AVEC PERLES &AMP; PAILLETTES\"}]},{\"@type\":\"WebSite\",\"@id\":\"https:\/\/librairie7l.com\/en\/#website\",\"url\":\"https:\/\/librairie7l.com\/en\/\",\"name\":\"Librairie 7L\",\"description\":\"Librairie fond\u00e9e en 1999 par Karl Lagerfeld \u00e0 Paris\",\"publisher\":{\"@id\":\"https:\/\/librairie7l.com\/en\/#organization\"},\"potentialAction\":[{\"@type\":\"SearchAction\",\"target\":{\"@type\":\"EntryPoint\",\"urlTemplate\":\"https:\/\/librairie7l.com\/en\/?s={search_term_string}\"},\"query-input\":\"required name=search_term_string\"}],\"inLanguage\":\"en-US\"},{\"@type\":\"Organization\",\"@id\":\"https:\/\/librairie7l.com\/en\/#organization\",\"name\":\"Librairie 7L\",\"url\":\"https:\/\/librairie7l.com\/en\/\",\"logo\":{\"@type\":\"ImageObject\",\"inLanguage\":\"en-US\",\"@id\":\"https:\/\/librairie7l.com\/en\/#\/schema\/logo\/image\/\",\"url\":\"https:\/\/librairie7l.com\/wp-content\/uploads\/2022\/08\/logo-1.png\",\"contentUrl\":\"https:\/\/librairie7l.com\/wp-content\/uploads\/2022\/08\/logo-1.png\",\"width\":227,\"height\":301,\"caption\":\"Librairie 7L\"},\"image\":{\"@id\":\"https:\/\/librairie7l.com\/en\/#\/schema\/logo\/image\/\"}}]}<\/script>\n<!-- \/ Yoast SEO plugin. -->","yoast_head_json":{"title":"Grigris &amp; ex-voto \u00e0 broder : Livre \u00e0 broder avec perles &amp; paillettes - Librairie 7L","robots":{"index":"index","follow":"follow","max-snippet":"max-snippet:-1","max-image-preview":"max-image-preview:large","max-video-preview":"max-video-preview:-1"},"canonical":"https:\/\/librairie7l.com\/en\/produit\/grigris-ex-voto-a-broder-livre-a-broder-avec-perles-paillettes-2\/","og_locale":"en_US","og_type":"article","og_title":"Grigris &amp; ex-voto \u00e0 broder : Livre \u00e0 broder avec perles &amp; paillettes - Librairie 7L","og_description":"Embellissez de perles et paillettes scintillantes de magnifiques illustrations originales cr\u00e9\u00e9es par Happy Remix Productions \u00e0 partir de leur collection de gravures anciennes. Avec un papier facile \u00e0 piquer et le mat\u00e9riel fourni (aiguille \u00e0 broder, fils or, argent et rouge, perles dor\u00e9es et bleues et paillettes cuvette dor\u00e9es), initiez-vous \u00e0 toute la cr\u00e9ativit\u00e9 de [&hellip;]","og_url":"https:\/\/librairie7l.com\/en\/produit\/grigris-ex-voto-a-broder-livre-a-broder-avec-perles-paillettes-2\/","og_site_name":"Librairie 7L","article_modified_time":"2026-04-10T05:22:42+00:00","og_image":[{"width":807,"height":600,"url":"https:\/\/librairie7l.com\/wp-content\/uploads\/2024\/06\/9782501190572_1_75.jpg","type":"image\/jpeg"}],"twitter_card":"summary_large_image","schema":{"@context":"https:\/\/schema.org","@graph":[{"@type":"WebPage","@id":"https:\/\/librairie7l.com\/en\/produit\/grigris-ex-voto-a-broder-livre-a-broder-avec-perles-paillettes-2\/","url":"https:\/\/librairie7l.com\/en\/produit\/grigris-ex-voto-a-broder-livre-a-broder-avec-perles-paillettes-2\/","name":"Grigris &amp; ex-voto \u00e0 broder : Livre \u00e0 broder avec perles &amp; paillettes - Librairie 7L","isPartOf":{"@id":"https:\/\/librairie7l.com\/en\/#website"},"datePublished":"2025-03-09T08:18:00+00:00","dateModified":"2026-04-10T05:22:42+00:00","breadcrumb":{"@id":"https:\/\/librairie7l.com\/en\/produit\/grigris-ex-voto-a-broder-livre-a-broder-avec-perles-paillettes-2\/#breadcrumb"},"inLanguage":"en-US","potentialAction":[{"@type":"ReadAction","target":["https:\/\/librairie7l.com\/en\/produit\/grigris-ex-voto-a-broder-livre-a-broder-avec-perles-paillettes-2\/"]}]},{"@type":"BreadcrumbList","@id":"https:\/\/librairie7l.com\/en\/produit\/grigris-ex-voto-a-broder-livre-a-broder-avec-perles-paillettes-2\/#breadcrumb","itemListElement":[{"@type":"ListItem","position":1,"name":"Accueil","item":"https:\/\/librairie7l.com\/en\/"},{"@type":"ListItem","position":2,"name":"Shop","item":"https:\/\/librairie7l.com\/en\/shop\/"},{"@type":"ListItem","position":3,"name":"GRIGRIS &AMP; EX-VOTO \u00c0 BRODER : LIVRE \u00c0 BRODER AVEC PERLES &AMP; PAILLETTES"}]},{"@type":"WebSite","@id":"https:\/\/librairie7l.com\/en\/#website","url":"https:\/\/librairie7l.com\/en\/","name":"Librairie 7L","description":"Librairie fond\u00e9e en 1999 par Karl Lagerfeld \u00e0 Paris","publisher":{"@id":"https:\/\/librairie7l.com\/en\/#organization"},"potentialAction":[{"@type":"SearchAction","target":{"@type":"EntryPoint","urlTemplate":"https:\/\/librairie7l.com\/en\/?s={search_term_string}"},"query-input":"required name=search_term_string"}],"inLanguage":"en-US"},{"@type":"Organization","@id":"https:\/\/librairie7l.com\/en\/#organization","name":"Librairie 7L","url":"https:\/\/librairie7l.com\/en\/","logo":{"@type":"ImageObject","inLanguage":"en-US","@id":"https:\/\/librairie7l.com\/en\/#\/schema\/logo\/image\/","url":"https:\/\/librairie7l.com\/wp-content\/uploads\/2022\/08\/logo-1.png","contentUrl":"https:\/\/librairie7l.com\/wp-content\/uploads\/2022\/08\/logo-1.png","width":227,"height":301,"caption":"Librairie 7L"},"image":{"@id":"https:\/\/librairie7l.com\/en\/#\/schema\/logo\/image\/"}}]}},"_links":{"self":[{"href":"https:\/\/librairie7l.com\/en\/wp-json\/wp\/v2\/product\/46677"}],"collection":[{"href":"https:\/\/librairie7l.com\/en\/wp-json\/wp\/v2\/product"}],"about":[{"href":"https:\/\/librairie7l.com\/en\/wp-json\/wp\/v2\/types\/product"}],"wp:featuredmedia":[{"embeddable":true,"href":"https:\/\/librairie7l.com\/en\/wp-json\/wp\/v2\/media\/46675"}],"wp:attachment":[{"href":"https:\/\/librairie7l.com\/en\/wp-json\/wp\/v2\/media?parent=46677"}],"wp:term":[{"taxonomy":"product_cat","embeddable":true,"href":"https:\/\/librairie7l.com\/en\/wp-json\/wp\/v2\/product_cat?post=46677"},{"taxonomy":"product_tag","embeddable":true,"href":"https:\/\/librairie7l.com\/en\/wp-json\/wp\/v2\/product_tag?post=46677"}],"curies":[{"name":"wp","href":"https:\/\/api.w.org\/{rel}","templated":true}]}}