{"id":46682,"date":"2025-03-09T17:26:09","date_gmt":"2025-03-09T16:26:09","guid":{"rendered":"https:\/\/librairie7l.com\/?post_type=product&#038;p=46682"},"modified":"2026-04-04T00:01:55","modified_gmt":"2026-04-03T22:01:55","slug":"le-corbusier-et-le-japon-2","status":"publish","type":"product","link":"https:\/\/librairie7l.com\/en\/produit\/le-corbusier-et-le-japon-2\/","title":{"rendered":"LE CORBUSIER ET LE JAPON"},"content":{"rendered":"<p>            aucun autre pays que le japon n&#8217;a fait une telle place \u00e0 le corbusier, \u00e0 ses disciples et aux architectes qu&#8217;il a longtemps inspir\u00e9s.<br \/>\n nulle part ailleurs, ses \u00e9crits n&#8217;ont \u00e9t\u00e9 si rapidement traduits, publi\u00e9s et comment\u00e9s.  ce sont les jeunes architectes japonais, attir\u00e9s par le prestige des textes de le corbusier, qui ont donn\u00e9 le d\u00e9part d&#8217;un formidable int\u00e9r\u00eat pour l&#8217;agence de la rue de s\u00e8vres ; cet int\u00e9r\u00eat pour l&#8217;architecte \u00e9tait d&#8217;ailleurs s\u00e9lectif, il laissait de c\u00f4t\u00e9 aussi bien l&#8217;urbanisme que l&#8217;oeuvre plastique du dessinateur ou du peintre, et combinait plusieurs images successives de le corbusier, qui \u00e9tait d&#8217;abord, dans les ann\u00e9es 1920 et 1930, un &#8221; jeune h\u00e9ros &#8220;, puis, apr\u00e8s 1945, un &#8221; ma\u00eetre &#8221; du modernisme, et enfin, l&#8217;architecte de r\u00e9f\u00e9rence d&#8217;une nouvelle approche de l&#8217;espace qu&#8217;au japon, en raison des conditions d&#8217;une intense d\u00e9marche de modernisation, on exp\u00e9rimente avec passion.<br \/>\n jusqu&#8217;\u00e0 pr\u00e9sent cependant cette relation de le corbusier avec le japon n&#8217;avait pas fait l&#8217;objet d&#8217;une \u00e9tude.  a c\u00f4t\u00e9 des grandes sagas, celle de le corbusier en am\u00e9rique latine, celle de le corbusier en urss, la relation de le corbusier avec le japon \u00e9tait demeur\u00e9e une page blanche, qui attendait son approche, son \u00e9criture, ses interpr\u00e9tations.  c&#8217;est ce qu&#8217;apportent les travaux du colloque r\u00e9uni \u00e0 tokyo en 1997, que nous pr\u00e9sentons ici aux lecteurs de langue fran\u00e7aise.<\/p>\n","protected":false},"excerpt":{"rendered":"<p>aucun autre pays que le japon n&#8217;a fait une telle place \u00e0 le corbusier, \u00e0 ses disciples et aux architectes qu&#8217;il a longtemps inspir\u00e9s. nulle part ailleurs, ses \u00e9crits n&#8217;ont \u00e9t\u00e9 si rapidement traduits, publi\u00e9s et comment\u00e9s. ce sont les jeunes architectes japonais, attir\u00e9s par le prestige des textes de le corbusier, qui ont donn\u00e9 [&hellip;]<\/p>\n","protected":false},"featured_media":46680,"template":"","meta":[],"product_cat":[7364,2948],"product_tag":[],"acf":[],"yoast_head":"<!-- This site is optimized with the Yoast SEO plugin v20.11 - https:\/\/yoast.com\/wordpress\/plugins\/seo\/ -->\n<title>Le corbusier et le japon - Librairie 7L<\/title>\n<meta name=\"robots\" content=\"index, follow, max-snippet:-1, max-image-preview:large, max-video-preview:-1\" \/>\n<link rel=\"canonical\" href=\"https:\/\/librairie7l.com\/en\/produit\/le-corbusier-et-le-japon-2\/\" \/>\n<meta property=\"og:locale\" content=\"en_US\" \/>\n<meta property=\"og:type\" content=\"article\" \/>\n<meta property=\"og:title\" content=\"Le corbusier et le japon - Librairie 7L\" \/>\n<meta property=\"og:description\" content=\"aucun autre pays que le japon n&#8217;a fait une telle place \u00e0 le corbusier, \u00e0 ses disciples et aux architectes qu&#8217;il a longtemps inspir\u00e9s. nulle part ailleurs, ses \u00e9crits n&#8217;ont \u00e9t\u00e9 si rapidement traduits, publi\u00e9s et comment\u00e9s. ce sont les jeunes architectes japonais, attir\u00e9s par le prestige des textes de le corbusier, qui ont donn\u00e9 [&hellip;]\" \/>\n<meta property=\"og:url\" content=\"https:\/\/librairie7l.com\/en\/produit\/le-corbusier-et-le-japon-2\/\" \/>\n<meta property=\"og:site_name\" content=\"Librairie 7L\" \/>\n<meta property=\"article:modified_time\" content=\"2026-04-03T22:01:55+00:00\" \/>\n<meta property=\"og:image\" content=\"https:\/\/librairie7l.com\/wp-content\/uploads\/2007\/02\/9782708407206_1_75.jpg\" \/>\n\t<meta property=\"og:image:width\" content=\"340\" \/>\n\t<meta property=\"og:image:height\" content=\"475\" \/>\n\t<meta property=\"og:image:type\" content=\"image\/jpeg\" \/>\n<meta name=\"twitter:card\" content=\"summary_large_image\" \/>\n<meta name=\"twitter:label1\" content=\"Est. reading time\" \/>\n\t<meta name=\"twitter:data1\" content=\"1 minute\" \/>\n<script type=\"application\/ld+json\" class=\"yoast-schema-graph\">{\"@context\":\"https:\/\/schema.org\",\"@graph\":[{\"@type\":\"WebPage\",\"@id\":\"https:\/\/librairie7l.com\/en\/produit\/le-corbusier-et-le-japon-2\/\",\"url\":\"https:\/\/librairie7l.com\/en\/produit\/le-corbusier-et-le-japon-2\/\",\"name\":\"Le corbusier et le japon - Librairie 7L\",\"isPartOf\":{\"@id\":\"https:\/\/librairie7l.com\/en\/#website\"},\"datePublished\":\"2025-03-09T16:26:09+00:00\",\"dateModified\":\"2026-04-03T22:01:55+00:00\",\"breadcrumb\":{\"@id\":\"https:\/\/librairie7l.com\/en\/produit\/le-corbusier-et-le-japon-2\/#breadcrumb\"},\"inLanguage\":\"en-US\",\"potentialAction\":[{\"@type\":\"ReadAction\",\"target\":[\"https:\/\/librairie7l.com\/en\/produit\/le-corbusier-et-le-japon-2\/\"]}]},{\"@type\":\"BreadcrumbList\",\"@id\":\"https:\/\/librairie7l.com\/en\/produit\/le-corbusier-et-le-japon-2\/#breadcrumb\",\"itemListElement\":[{\"@type\":\"ListItem\",\"position\":1,\"name\":\"Accueil\",\"item\":\"https:\/\/librairie7l.com\/en\/\"},{\"@type\":\"ListItem\",\"position\":2,\"name\":\"Shop\",\"item\":\"https:\/\/librairie7l.com\/en\/shop\/\"},{\"@type\":\"ListItem\",\"position\":3,\"name\":\"LE CORBUSIER ET LE JAPON\"}]},{\"@type\":\"WebSite\",\"@id\":\"https:\/\/librairie7l.com\/en\/#website\",\"url\":\"https:\/\/librairie7l.com\/en\/\",\"name\":\"Librairie 7L\",\"description\":\"Librairie fond\u00e9e en 1999 par Karl Lagerfeld \u00e0 Paris\",\"publisher\":{\"@id\":\"https:\/\/librairie7l.com\/en\/#organization\"},\"potentialAction\":[{\"@type\":\"SearchAction\",\"target\":{\"@type\":\"EntryPoint\",\"urlTemplate\":\"https:\/\/librairie7l.com\/en\/?s={search_term_string}\"},\"query-input\":\"required name=search_term_string\"}],\"inLanguage\":\"en-US\"},{\"@type\":\"Organization\",\"@id\":\"https:\/\/librairie7l.com\/en\/#organization\",\"name\":\"Librairie 7L\",\"url\":\"https:\/\/librairie7l.com\/en\/\",\"logo\":{\"@type\":\"ImageObject\",\"inLanguage\":\"en-US\",\"@id\":\"https:\/\/librairie7l.com\/en\/#\/schema\/logo\/image\/\",\"url\":\"https:\/\/librairie7l.com\/wp-content\/uploads\/2022\/08\/logo-1.png\",\"contentUrl\":\"https:\/\/librairie7l.com\/wp-content\/uploads\/2022\/08\/logo-1.png\",\"width\":227,\"height\":301,\"caption\":\"Librairie 7L\"},\"image\":{\"@id\":\"https:\/\/librairie7l.com\/en\/#\/schema\/logo\/image\/\"}}]}<\/script>\n<!-- \/ Yoast SEO plugin. -->","yoast_head_json":{"title":"Le corbusier et le japon - Librairie 7L","robots":{"index":"index","follow":"follow","max-snippet":"max-snippet:-1","max-image-preview":"max-image-preview:large","max-video-preview":"max-video-preview:-1"},"canonical":"https:\/\/librairie7l.com\/en\/produit\/le-corbusier-et-le-japon-2\/","og_locale":"en_US","og_type":"article","og_title":"Le corbusier et le japon - Librairie 7L","og_description":"aucun autre pays que le japon n&#8217;a fait une telle place \u00e0 le corbusier, \u00e0 ses disciples et aux architectes qu&#8217;il a longtemps inspir\u00e9s. nulle part ailleurs, ses \u00e9crits n&#8217;ont \u00e9t\u00e9 si rapidement traduits, publi\u00e9s et comment\u00e9s. ce sont les jeunes architectes japonais, attir\u00e9s par le prestige des textes de le corbusier, qui ont donn\u00e9 [&hellip;]","og_url":"https:\/\/librairie7l.com\/en\/produit\/le-corbusier-et-le-japon-2\/","og_site_name":"Librairie 7L","article_modified_time":"2026-04-03T22:01:55+00:00","og_image":[{"width":340,"height":475,"url":"https:\/\/librairie7l.com\/wp-content\/uploads\/2007\/02\/9782708407206_1_75.jpg","type":"image\/jpeg"}],"twitter_card":"summary_large_image","twitter_misc":{"Est. reading time":"1 minute"},"schema":{"@context":"https:\/\/schema.org","@graph":[{"@type":"WebPage","@id":"https:\/\/librairie7l.com\/en\/produit\/le-corbusier-et-le-japon-2\/","url":"https:\/\/librairie7l.com\/en\/produit\/le-corbusier-et-le-japon-2\/","name":"Le corbusier et le japon - Librairie 7L","isPartOf":{"@id":"https:\/\/librairie7l.com\/en\/#website"},"datePublished":"2025-03-09T16:26:09+00:00","dateModified":"2026-04-03T22:01:55+00:00","breadcrumb":{"@id":"https:\/\/librairie7l.com\/en\/produit\/le-corbusier-et-le-japon-2\/#breadcrumb"},"inLanguage":"en-US","potentialAction":[{"@type":"ReadAction","target":["https:\/\/librairie7l.com\/en\/produit\/le-corbusier-et-le-japon-2\/"]}]},{"@type":"BreadcrumbList","@id":"https:\/\/librairie7l.com\/en\/produit\/le-corbusier-et-le-japon-2\/#breadcrumb","itemListElement":[{"@type":"ListItem","position":1,"name":"Accueil","item":"https:\/\/librairie7l.com\/en\/"},{"@type":"ListItem","position":2,"name":"Shop","item":"https:\/\/librairie7l.com\/en\/shop\/"},{"@type":"ListItem","position":3,"name":"LE CORBUSIER ET LE JAPON"}]},{"@type":"WebSite","@id":"https:\/\/librairie7l.com\/en\/#website","url":"https:\/\/librairie7l.com\/en\/","name":"Librairie 7L","description":"Librairie fond\u00e9e en 1999 par Karl Lagerfeld \u00e0 Paris","publisher":{"@id":"https:\/\/librairie7l.com\/en\/#organization"},"potentialAction":[{"@type":"SearchAction","target":{"@type":"EntryPoint","urlTemplate":"https:\/\/librairie7l.com\/en\/?s={search_term_string}"},"query-input":"required name=search_term_string"}],"inLanguage":"en-US"},{"@type":"Organization","@id":"https:\/\/librairie7l.com\/en\/#organization","name":"Librairie 7L","url":"https:\/\/librairie7l.com\/en\/","logo":{"@type":"ImageObject","inLanguage":"en-US","@id":"https:\/\/librairie7l.com\/en\/#\/schema\/logo\/image\/","url":"https:\/\/librairie7l.com\/wp-content\/uploads\/2022\/08\/logo-1.png","contentUrl":"https:\/\/librairie7l.com\/wp-content\/uploads\/2022\/08\/logo-1.png","width":227,"height":301,"caption":"Librairie 7L"},"image":{"@id":"https:\/\/librairie7l.com\/en\/#\/schema\/logo\/image\/"}}]}},"_links":{"self":[{"href":"https:\/\/librairie7l.com\/en\/wp-json\/wp\/v2\/product\/46682"}],"collection":[{"href":"https:\/\/librairie7l.com\/en\/wp-json\/wp\/v2\/product"}],"about":[{"href":"https:\/\/librairie7l.com\/en\/wp-json\/wp\/v2\/types\/product"}],"wp:featuredmedia":[{"embeddable":true,"href":"https:\/\/librairie7l.com\/en\/wp-json\/wp\/v2\/media\/46680"}],"wp:attachment":[{"href":"https:\/\/librairie7l.com\/en\/wp-json\/wp\/v2\/media?parent=46682"}],"wp:term":[{"taxonomy":"product_cat","embeddable":true,"href":"https:\/\/librairie7l.com\/en\/wp-json\/wp\/v2\/product_cat?post=46682"},{"taxonomy":"product_tag","embeddable":true,"href":"https:\/\/librairie7l.com\/en\/wp-json\/wp\/v2\/product_tag?post=46682"}],"curies":[{"name":"wp","href":"https:\/\/api.w.org\/{rel}","templated":true}]}}