{"id":46690,"date":"2025-03-10T00:52:38","date_gmt":"2025-03-09T23:52:38","guid":{"rendered":"https:\/\/librairie7l.com\/?post_type=product&#038;p=46690"},"modified":"2026-04-17T08:06:03","modified_gmt":"2026-04-17T06:06:03","slug":"le-ravissement-de-lol-v-stein-2","status":"publish","type":"product","link":"https:\/\/librairie7l.com\/en\/produit\/le-ravissement-de-lol-v-stein-2\/","title":{"rendered":"LE RAVISSEMENT DE LOL V. STEIN"},"content":{"rendered":"<p>L&#8217;histoire de lola val\u00e9rie stein commence au moment pr\u00e9cis o\u00f9 les derni\u00e8res venues franchissent la porte de la salle de bal du casino municipal de t.<br \/>\n Beach.  elle se poursuit jusqu&#8217;\u00e0 l&#8217;aurore qui trouve lol v.  stein profond\u00e9ment chang\u00e9e.  une fois le bal termin\u00e9, la nuit finie, une fois rassur\u00e9s les proches de lol v.  stein sur son \u00e9tat, cette histoire s&#8217;\u00e9teint, sommeille, semblerait-il durant dix ans.<br \/>\nLol stein se marie, quitte sa ville natale, s.  tahla, a des enfants, para\u00eet confiante dans le d\u00e9roulement de sa vie et se montre heureuse, gaie.  apr\u00e8s la p\u00e9riode de dix ans la s\u00e9parant maintenant de la nuit du bal, lol v.<br \/>\n Stein revient habiter \u00e0 s.  tahla o\u00f9 une situation est offerte \u00e0 son ami.  elle y retrouve une amie d&#8217;enfance qu&#8217;elle avait oubli\u00e9e, tatiana karl, celle qui tout au long de la nuit du bal de t.  beach \u00e9tait rest\u00e9e aupr\u00e8s d&#8217;elle, ce qu&#8217;elle avait \u00e9galement oubli\u00e9.  l&#8217;histoire de lol v.  stein reprend alors pour durer quelques semaines.<\/p>\n","protected":false},"excerpt":{"rendered":"<p>L&#8217;histoire de lola val\u00e9rie stein commence au moment pr\u00e9cis o\u00f9 les derni\u00e8res venues franchissent la porte de la salle de bal du casino municipal de t. Beach. elle se poursuit jusqu&#8217;\u00e0 l&#8217;aurore qui trouve lol v. stein profond\u00e9ment chang\u00e9e. une fois le bal termin\u00e9, la nuit finie, une fois rassur\u00e9s les proches de lol v. [&hellip;]<\/p>\n","protected":false},"featured_media":46688,"template":"","meta":[],"product_cat":[7364,2948],"product_tag":[],"acf":[],"yoast_head":"<!-- This site is optimized with the Yoast SEO plugin v20.11 - https:\/\/yoast.com\/wordpress\/plugins\/seo\/ -->\n<title>Le ravissement de Lol V. Stein - Librairie 7L<\/title>\n<meta name=\"robots\" content=\"index, follow, max-snippet:-1, max-image-preview:large, max-video-preview:-1\" \/>\n<link rel=\"canonical\" href=\"https:\/\/librairie7l.com\/en\/produit\/le-ravissement-de-lol-v-stein-2\/\" \/>\n<meta property=\"og:locale\" content=\"en_US\" \/>\n<meta property=\"og:type\" content=\"article\" \/>\n<meta property=\"og:title\" content=\"Le ravissement de Lol V. Stein - Librairie 7L\" \/>\n<meta property=\"og:description\" content=\"L&#8217;histoire de lola val\u00e9rie stein commence au moment pr\u00e9cis o\u00f9 les derni\u00e8res venues franchissent la porte de la salle de bal du casino municipal de t. Beach. elle se poursuit jusqu&#8217;\u00e0 l&#8217;aurore qui trouve lol v. stein profond\u00e9ment chang\u00e9e. une fois le bal termin\u00e9, la nuit finie, une fois rassur\u00e9s les proches de lol v. [&hellip;]\" \/>\n<meta property=\"og:url\" content=\"https:\/\/librairie7l.com\/en\/produit\/le-ravissement-de-lol-v-stein-2\/\" \/>\n<meta property=\"og:site_name\" content=\"Librairie 7L\" \/>\n<meta property=\"article:modified_time\" content=\"2026-04-17T06:06:03+00:00\" \/>\n<meta property=\"og:image\" content=\"https:\/\/librairie7l.com\/wp-content\/uploads\/1998\/02\/9782070221028_1_75.jpg\" \/>\n\t<meta property=\"og:image:width\" content=\"600\" \/>\n\t<meta property=\"og:image:height\" content=\"872\" \/>\n\t<meta property=\"og:image:type\" content=\"image\/jpeg\" \/>\n<meta name=\"twitter:card\" content=\"summary_large_image\" \/>\n<meta name=\"twitter:label1\" content=\"Est. reading time\" \/>\n\t<meta name=\"twitter:data1\" content=\"1 minute\" \/>\n<script type=\"application\/ld+json\" class=\"yoast-schema-graph\">{\"@context\":\"https:\/\/schema.org\",\"@graph\":[{\"@type\":\"WebPage\",\"@id\":\"https:\/\/librairie7l.com\/en\/produit\/le-ravissement-de-lol-v-stein-2\/\",\"url\":\"https:\/\/librairie7l.com\/en\/produit\/le-ravissement-de-lol-v-stein-2\/\",\"name\":\"Le ravissement de Lol V. Stein - Librairie 7L\",\"isPartOf\":{\"@id\":\"https:\/\/librairie7l.com\/en\/#website\"},\"datePublished\":\"2025-03-09T23:52:38+00:00\",\"dateModified\":\"2026-04-17T06:06:03+00:00\",\"breadcrumb\":{\"@id\":\"https:\/\/librairie7l.com\/en\/produit\/le-ravissement-de-lol-v-stein-2\/#breadcrumb\"},\"inLanguage\":\"en-US\",\"potentialAction\":[{\"@type\":\"ReadAction\",\"target\":[\"https:\/\/librairie7l.com\/en\/produit\/le-ravissement-de-lol-v-stein-2\/\"]}]},{\"@type\":\"BreadcrumbList\",\"@id\":\"https:\/\/librairie7l.com\/en\/produit\/le-ravissement-de-lol-v-stein-2\/#breadcrumb\",\"itemListElement\":[{\"@type\":\"ListItem\",\"position\":1,\"name\":\"Accueil\",\"item\":\"https:\/\/librairie7l.com\/en\/\"},{\"@type\":\"ListItem\",\"position\":2,\"name\":\"Shop\",\"item\":\"https:\/\/librairie7l.com\/en\/shop\/\"},{\"@type\":\"ListItem\",\"position\":3,\"name\":\"LE RAVISSEMENT DE LOL V. STEIN\"}]},{\"@type\":\"WebSite\",\"@id\":\"https:\/\/librairie7l.com\/en\/#website\",\"url\":\"https:\/\/librairie7l.com\/en\/\",\"name\":\"Librairie 7L\",\"description\":\"Librairie fond\u00e9e en 1999 par Karl Lagerfeld \u00e0 Paris\",\"publisher\":{\"@id\":\"https:\/\/librairie7l.com\/en\/#organization\"},\"potentialAction\":[{\"@type\":\"SearchAction\",\"target\":{\"@type\":\"EntryPoint\",\"urlTemplate\":\"https:\/\/librairie7l.com\/en\/?s={search_term_string}\"},\"query-input\":\"required name=search_term_string\"}],\"inLanguage\":\"en-US\"},{\"@type\":\"Organization\",\"@id\":\"https:\/\/librairie7l.com\/en\/#organization\",\"name\":\"Librairie 7L\",\"url\":\"https:\/\/librairie7l.com\/en\/\",\"logo\":{\"@type\":\"ImageObject\",\"inLanguage\":\"en-US\",\"@id\":\"https:\/\/librairie7l.com\/en\/#\/schema\/logo\/image\/\",\"url\":\"https:\/\/librairie7l.com\/wp-content\/uploads\/2022\/08\/logo-1.png\",\"contentUrl\":\"https:\/\/librairie7l.com\/wp-content\/uploads\/2022\/08\/logo-1.png\",\"width\":227,\"height\":301,\"caption\":\"Librairie 7L\"},\"image\":{\"@id\":\"https:\/\/librairie7l.com\/en\/#\/schema\/logo\/image\/\"}}]}<\/script>\n<!-- \/ Yoast SEO plugin. -->","yoast_head_json":{"title":"Le ravissement de Lol V. Stein - Librairie 7L","robots":{"index":"index","follow":"follow","max-snippet":"max-snippet:-1","max-image-preview":"max-image-preview:large","max-video-preview":"max-video-preview:-1"},"canonical":"https:\/\/librairie7l.com\/en\/produit\/le-ravissement-de-lol-v-stein-2\/","og_locale":"en_US","og_type":"article","og_title":"Le ravissement de Lol V. Stein - Librairie 7L","og_description":"L&#8217;histoire de lola val\u00e9rie stein commence au moment pr\u00e9cis o\u00f9 les derni\u00e8res venues franchissent la porte de la salle de bal du casino municipal de t. Beach. elle se poursuit jusqu&#8217;\u00e0 l&#8217;aurore qui trouve lol v. stein profond\u00e9ment chang\u00e9e. une fois le bal termin\u00e9, la nuit finie, une fois rassur\u00e9s les proches de lol v. [&hellip;]","og_url":"https:\/\/librairie7l.com\/en\/produit\/le-ravissement-de-lol-v-stein-2\/","og_site_name":"Librairie 7L","article_modified_time":"2026-04-17T06:06:03+00:00","og_image":[{"width":600,"height":872,"url":"https:\/\/librairie7l.com\/wp-content\/uploads\/1998\/02\/9782070221028_1_75.jpg","type":"image\/jpeg"}],"twitter_card":"summary_large_image","twitter_misc":{"Est. reading time":"1 minute"},"schema":{"@context":"https:\/\/schema.org","@graph":[{"@type":"WebPage","@id":"https:\/\/librairie7l.com\/en\/produit\/le-ravissement-de-lol-v-stein-2\/","url":"https:\/\/librairie7l.com\/en\/produit\/le-ravissement-de-lol-v-stein-2\/","name":"Le ravissement de Lol V. Stein - Librairie 7L","isPartOf":{"@id":"https:\/\/librairie7l.com\/en\/#website"},"datePublished":"2025-03-09T23:52:38+00:00","dateModified":"2026-04-17T06:06:03+00:00","breadcrumb":{"@id":"https:\/\/librairie7l.com\/en\/produit\/le-ravissement-de-lol-v-stein-2\/#breadcrumb"},"inLanguage":"en-US","potentialAction":[{"@type":"ReadAction","target":["https:\/\/librairie7l.com\/en\/produit\/le-ravissement-de-lol-v-stein-2\/"]}]},{"@type":"BreadcrumbList","@id":"https:\/\/librairie7l.com\/en\/produit\/le-ravissement-de-lol-v-stein-2\/#breadcrumb","itemListElement":[{"@type":"ListItem","position":1,"name":"Accueil","item":"https:\/\/librairie7l.com\/en\/"},{"@type":"ListItem","position":2,"name":"Shop","item":"https:\/\/librairie7l.com\/en\/shop\/"},{"@type":"ListItem","position":3,"name":"LE RAVISSEMENT DE LOL V. STEIN"}]},{"@type":"WebSite","@id":"https:\/\/librairie7l.com\/en\/#website","url":"https:\/\/librairie7l.com\/en\/","name":"Librairie 7L","description":"Librairie fond\u00e9e en 1999 par Karl Lagerfeld \u00e0 Paris","publisher":{"@id":"https:\/\/librairie7l.com\/en\/#organization"},"potentialAction":[{"@type":"SearchAction","target":{"@type":"EntryPoint","urlTemplate":"https:\/\/librairie7l.com\/en\/?s={search_term_string}"},"query-input":"required name=search_term_string"}],"inLanguage":"en-US"},{"@type":"Organization","@id":"https:\/\/librairie7l.com\/en\/#organization","name":"Librairie 7L","url":"https:\/\/librairie7l.com\/en\/","logo":{"@type":"ImageObject","inLanguage":"en-US","@id":"https:\/\/librairie7l.com\/en\/#\/schema\/logo\/image\/","url":"https:\/\/librairie7l.com\/wp-content\/uploads\/2022\/08\/logo-1.png","contentUrl":"https:\/\/librairie7l.com\/wp-content\/uploads\/2022\/08\/logo-1.png","width":227,"height":301,"caption":"Librairie 7L"},"image":{"@id":"https:\/\/librairie7l.com\/en\/#\/schema\/logo\/image\/"}}]}},"_links":{"self":[{"href":"https:\/\/librairie7l.com\/en\/wp-json\/wp\/v2\/product\/46690"}],"collection":[{"href":"https:\/\/librairie7l.com\/en\/wp-json\/wp\/v2\/product"}],"about":[{"href":"https:\/\/librairie7l.com\/en\/wp-json\/wp\/v2\/types\/product"}],"wp:featuredmedia":[{"embeddable":true,"href":"https:\/\/librairie7l.com\/en\/wp-json\/wp\/v2\/media\/46688"}],"wp:attachment":[{"href":"https:\/\/librairie7l.com\/en\/wp-json\/wp\/v2\/media?parent=46690"}],"wp:term":[{"taxonomy":"product_cat","embeddable":true,"href":"https:\/\/librairie7l.com\/en\/wp-json\/wp\/v2\/product_cat?post=46690"},{"taxonomy":"product_tag","embeddable":true,"href":"https:\/\/librairie7l.com\/en\/wp-json\/wp\/v2\/product_tag?post=46690"}],"curies":[{"name":"wp","href":"https:\/\/api.w.org\/{rel}","templated":true}]}}