{"id":46694,"date":"2025-03-10T00:53:16","date_gmt":"2025-03-09T23:53:16","guid":{"rendered":"https:\/\/librairie7l.com\/?post_type=product&#038;p=46694"},"modified":"2026-04-22T06:22:30","modified_gmt":"2026-04-22T04:22:30","slug":"jane-birkin-icone-de-style-2","status":"publish","type":"product","link":"https:\/\/librairie7l.com\/en\/produit\/jane-birkin-icone-de-style-2\/","title":{"rendered":"JANE BIRKIN : IC\u00d4NE DE STYLE"},"content":{"rendered":"<p>&#8220;Je ne suis pas une fashionista et je n&#8217;ai pas beaucoup de v\u00eatements. Je sais juste ce que j&#8217;aime&#8221;  <\/p>\n<p>Comment une petite Anglaise d\u00e9barqu\u00e9e \u00e0 Paris \u00e0 l&#8217;age de 20 ans est devenue une ic\u00f4ne de mode ?<br \/>\nPlus qu&#8217;intemporelle, Jane Birkin est immortelle.<br \/>\nD\u00e8s qu&#8217;on prononce son nom, on voit sa silhouette et son look. De ses minirobes tr\u00e8s british \u00e0 ses pull \u00e0 ses pull-jean-baskets, elle a su se constituer une allure qui fascine toutes les g\u00e9n\u00e9rations m\u00eame apr\u00e8s sa disparition.<br \/>\nOn ne s&#8217;ennuie pas en regardant l&#8217;evolution du style de Jane B. dont la nonchalance ing\u00e9nue donne l&#8217;impression que tout est fait sans effort.<\/p>\n","protected":false},"excerpt":{"rendered":"<p>&#8220;Je ne suis pas une fashionista et je n&#8217;ai pas beaucoup de v\u00eatements. Je sais juste ce que j&#8217;aime&#8221; Comment une petite Anglaise d\u00e9barqu\u00e9e \u00e0 Paris \u00e0 l&#8217;age de 20 ans est devenue une ic\u00f4ne de mode ? Plus qu&#8217;intemporelle, Jane Birkin est immortelle. D\u00e8s qu&#8217;on prononce son nom, on voit sa silhouette et son [&hellip;]<\/p>\n","protected":false},"featured_media":46692,"template":"","meta":[],"product_cat":[7364,2948],"product_tag":[],"acf":[],"yoast_head":"<!-- This site is optimized with the Yoast SEO plugin v20.11 - https:\/\/yoast.com\/wordpress\/plugins\/seo\/ -->\n<title>Jane Birkin : Ic\u00f4ne de style - Librairie 7L<\/title>\n<meta name=\"robots\" content=\"index, follow, max-snippet:-1, max-image-preview:large, max-video-preview:-1\" \/>\n<link rel=\"canonical\" href=\"https:\/\/librairie7l.com\/en\/produit\/jane-birkin-icone-de-style-2\/\" \/>\n<meta property=\"og:locale\" content=\"en_US\" \/>\n<meta property=\"og:type\" content=\"article\" \/>\n<meta property=\"og:title\" content=\"Jane Birkin : Ic\u00f4ne de style - Librairie 7L\" \/>\n<meta property=\"og:description\" content=\"&#8220;Je ne suis pas une fashionista et je n&#8217;ai pas beaucoup de v\u00eatements. Je sais juste ce que j&#8217;aime&#8221; Comment une petite Anglaise d\u00e9barqu\u00e9e \u00e0 Paris \u00e0 l&#8217;age de 20 ans est devenue une ic\u00f4ne de mode ? Plus qu&#8217;intemporelle, Jane Birkin est immortelle. D\u00e8s qu&#8217;on prononce son nom, on voit sa silhouette et son [&hellip;]\" \/>\n<meta property=\"og:url\" content=\"https:\/\/librairie7l.com\/en\/produit\/jane-birkin-icone-de-style-2\/\" \/>\n<meta property=\"og:site_name\" content=\"Librairie 7L\" \/>\n<meta property=\"article:modified_time\" content=\"2026-04-22T04:22:30+00:00\" \/>\n<meta property=\"og:image\" content=\"https:\/\/librairie7l.com\/wp-content\/uploads\/2024\/06\/9782376716716_1_75.jpg\" \/>\n\t<meta property=\"og:image:width\" content=\"600\" \/>\n\t<meta property=\"og:image:height\" content=\"775\" \/>\n\t<meta property=\"og:image:type\" content=\"image\/jpeg\" \/>\n<meta name=\"twitter:card\" content=\"summary_large_image\" \/>\n<meta name=\"twitter:label1\" content=\"Est. reading time\" \/>\n\t<meta name=\"twitter:data1\" content=\"1 minute\" \/>\n<script type=\"application\/ld+json\" class=\"yoast-schema-graph\">{\"@context\":\"https:\/\/schema.org\",\"@graph\":[{\"@type\":\"WebPage\",\"@id\":\"https:\/\/librairie7l.com\/en\/produit\/jane-birkin-icone-de-style-2\/\",\"url\":\"https:\/\/librairie7l.com\/en\/produit\/jane-birkin-icone-de-style-2\/\",\"name\":\"Jane Birkin : Ic\u00f4ne de style - Librairie 7L\",\"isPartOf\":{\"@id\":\"https:\/\/librairie7l.com\/en\/#website\"},\"datePublished\":\"2025-03-09T23:53:16+00:00\",\"dateModified\":\"2026-04-22T04:22:30+00:00\",\"breadcrumb\":{\"@id\":\"https:\/\/librairie7l.com\/en\/produit\/jane-birkin-icone-de-style-2\/#breadcrumb\"},\"inLanguage\":\"en-US\",\"potentialAction\":[{\"@type\":\"ReadAction\",\"target\":[\"https:\/\/librairie7l.com\/en\/produit\/jane-birkin-icone-de-style-2\/\"]}]},{\"@type\":\"BreadcrumbList\",\"@id\":\"https:\/\/librairie7l.com\/en\/produit\/jane-birkin-icone-de-style-2\/#breadcrumb\",\"itemListElement\":[{\"@type\":\"ListItem\",\"position\":1,\"name\":\"Accueil\",\"item\":\"https:\/\/librairie7l.com\/en\/\"},{\"@type\":\"ListItem\",\"position\":2,\"name\":\"Shop\",\"item\":\"https:\/\/librairie7l.com\/en\/shop\/\"},{\"@type\":\"ListItem\",\"position\":3,\"name\":\"JANE BIRKIN : IC\u00d4NE DE STYLE\"}]},{\"@type\":\"WebSite\",\"@id\":\"https:\/\/librairie7l.com\/en\/#website\",\"url\":\"https:\/\/librairie7l.com\/en\/\",\"name\":\"Librairie 7L\",\"description\":\"Librairie fond\u00e9e en 1999 par Karl Lagerfeld \u00e0 Paris\",\"publisher\":{\"@id\":\"https:\/\/librairie7l.com\/en\/#organization\"},\"potentialAction\":[{\"@type\":\"SearchAction\",\"target\":{\"@type\":\"EntryPoint\",\"urlTemplate\":\"https:\/\/librairie7l.com\/en\/?s={search_term_string}\"},\"query-input\":\"required name=search_term_string\"}],\"inLanguage\":\"en-US\"},{\"@type\":\"Organization\",\"@id\":\"https:\/\/librairie7l.com\/en\/#organization\",\"name\":\"Librairie 7L\",\"url\":\"https:\/\/librairie7l.com\/en\/\",\"logo\":{\"@type\":\"ImageObject\",\"inLanguage\":\"en-US\",\"@id\":\"https:\/\/librairie7l.com\/en\/#\/schema\/logo\/image\/\",\"url\":\"https:\/\/librairie7l.com\/wp-content\/uploads\/2022\/08\/logo-1.png\",\"contentUrl\":\"https:\/\/librairie7l.com\/wp-content\/uploads\/2022\/08\/logo-1.png\",\"width\":227,\"height\":301,\"caption\":\"Librairie 7L\"},\"image\":{\"@id\":\"https:\/\/librairie7l.com\/en\/#\/schema\/logo\/image\/\"}}]}<\/script>\n<!-- \/ Yoast SEO plugin. -->","yoast_head_json":{"title":"Jane Birkin : Ic\u00f4ne de style - Librairie 7L","robots":{"index":"index","follow":"follow","max-snippet":"max-snippet:-1","max-image-preview":"max-image-preview:large","max-video-preview":"max-video-preview:-1"},"canonical":"https:\/\/librairie7l.com\/en\/produit\/jane-birkin-icone-de-style-2\/","og_locale":"en_US","og_type":"article","og_title":"Jane Birkin : Ic\u00f4ne de style - Librairie 7L","og_description":"&#8220;Je ne suis pas une fashionista et je n&#8217;ai pas beaucoup de v\u00eatements. Je sais juste ce que j&#8217;aime&#8221; Comment une petite Anglaise d\u00e9barqu\u00e9e \u00e0 Paris \u00e0 l&#8217;age de 20 ans est devenue une ic\u00f4ne de mode ? Plus qu&#8217;intemporelle, Jane Birkin est immortelle. D\u00e8s qu&#8217;on prononce son nom, on voit sa silhouette et son [&hellip;]","og_url":"https:\/\/librairie7l.com\/en\/produit\/jane-birkin-icone-de-style-2\/","og_site_name":"Librairie 7L","article_modified_time":"2026-04-22T04:22:30+00:00","og_image":[{"width":600,"height":775,"url":"https:\/\/librairie7l.com\/wp-content\/uploads\/2024\/06\/9782376716716_1_75.jpg","type":"image\/jpeg"}],"twitter_card":"summary_large_image","twitter_misc":{"Est. reading time":"1 minute"},"schema":{"@context":"https:\/\/schema.org","@graph":[{"@type":"WebPage","@id":"https:\/\/librairie7l.com\/en\/produit\/jane-birkin-icone-de-style-2\/","url":"https:\/\/librairie7l.com\/en\/produit\/jane-birkin-icone-de-style-2\/","name":"Jane Birkin : Ic\u00f4ne de style - Librairie 7L","isPartOf":{"@id":"https:\/\/librairie7l.com\/en\/#website"},"datePublished":"2025-03-09T23:53:16+00:00","dateModified":"2026-04-22T04:22:30+00:00","breadcrumb":{"@id":"https:\/\/librairie7l.com\/en\/produit\/jane-birkin-icone-de-style-2\/#breadcrumb"},"inLanguage":"en-US","potentialAction":[{"@type":"ReadAction","target":["https:\/\/librairie7l.com\/en\/produit\/jane-birkin-icone-de-style-2\/"]}]},{"@type":"BreadcrumbList","@id":"https:\/\/librairie7l.com\/en\/produit\/jane-birkin-icone-de-style-2\/#breadcrumb","itemListElement":[{"@type":"ListItem","position":1,"name":"Accueil","item":"https:\/\/librairie7l.com\/en\/"},{"@type":"ListItem","position":2,"name":"Shop","item":"https:\/\/librairie7l.com\/en\/shop\/"},{"@type":"ListItem","position":3,"name":"JANE BIRKIN : IC\u00d4NE DE STYLE"}]},{"@type":"WebSite","@id":"https:\/\/librairie7l.com\/en\/#website","url":"https:\/\/librairie7l.com\/en\/","name":"Librairie 7L","description":"Librairie fond\u00e9e en 1999 par Karl Lagerfeld \u00e0 Paris","publisher":{"@id":"https:\/\/librairie7l.com\/en\/#organization"},"potentialAction":[{"@type":"SearchAction","target":{"@type":"EntryPoint","urlTemplate":"https:\/\/librairie7l.com\/en\/?s={search_term_string}"},"query-input":"required name=search_term_string"}],"inLanguage":"en-US"},{"@type":"Organization","@id":"https:\/\/librairie7l.com\/en\/#organization","name":"Librairie 7L","url":"https:\/\/librairie7l.com\/en\/","logo":{"@type":"ImageObject","inLanguage":"en-US","@id":"https:\/\/librairie7l.com\/en\/#\/schema\/logo\/image\/","url":"https:\/\/librairie7l.com\/wp-content\/uploads\/2022\/08\/logo-1.png","contentUrl":"https:\/\/librairie7l.com\/wp-content\/uploads\/2022\/08\/logo-1.png","width":227,"height":301,"caption":"Librairie 7L"},"image":{"@id":"https:\/\/librairie7l.com\/en\/#\/schema\/logo\/image\/"}}]}},"_links":{"self":[{"href":"https:\/\/librairie7l.com\/en\/wp-json\/wp\/v2\/product\/46694"}],"collection":[{"href":"https:\/\/librairie7l.com\/en\/wp-json\/wp\/v2\/product"}],"about":[{"href":"https:\/\/librairie7l.com\/en\/wp-json\/wp\/v2\/types\/product"}],"wp:featuredmedia":[{"embeddable":true,"href":"https:\/\/librairie7l.com\/en\/wp-json\/wp\/v2\/media\/46692"}],"wp:attachment":[{"href":"https:\/\/librairie7l.com\/en\/wp-json\/wp\/v2\/media?parent=46694"}],"wp:term":[{"taxonomy":"product_cat","embeddable":true,"href":"https:\/\/librairie7l.com\/en\/wp-json\/wp\/v2\/product_cat?post=46694"},{"taxonomy":"product_tag","embeddable":true,"href":"https:\/\/librairie7l.com\/en\/wp-json\/wp\/v2\/product_tag?post=46694"}],"curies":[{"name":"wp","href":"https:\/\/api.w.org\/{rel}","templated":true}]}}