{"id":46698,"date":"2025-03-10T00:53:45","date_gmt":"2025-03-09T23:53:45","guid":{"rendered":"https:\/\/librairie7l.com\/?post_type=product&#038;p=46698"},"modified":"2026-04-22T15:06:44","modified_gmt":"2026-04-22T13:06:44","slug":"guy-gilles-a-contretemps-2","status":"publish","type":"product","link":"https:\/\/librairie7l.com\/en\/produit\/guy-gilles-a-contretemps-2\/","title":{"rendered":"GUY GILLES : \u00c0 CONTRETEMPS"},"content":{"rendered":"<p>\u00ab En avril 2008, \u00e0 la faveur d&#8217;une chronique que je devais r\u00e9diger, on me remet un coffret dvd : nom du cin\u00e9aste inconnu, titres de films inconnus. Plong\u00e9e dans un royaume myst\u00e9rieux, dont je ne pouvais soup\u00e7onner les merveilles \u00e0 venir, tant sur le plan des films, que sur la personnalit\u00e9 du cin\u00e9aste. Tr\u00e8s vite s\u00e9duite par la m\u00e9lancolie et la beaut\u00e9 du premier film vu, L&#8217;Amour \u00e0 la mer, je d\u00e9couvrais avec h\u00e2te Au pan coup\u00e9 et Le Clair de terre ; m\u00eame teneur, m\u00eame profondeur.<br \/>\nCommen\u00e7ait alors cette longue recherche et cette exaltante aventure dont ce livre est l&#8217;aboutissement. \u00bb &#8211; Temps qui passe. Temps qui s&#8217;arr\u00eate.<br \/>\nTemps qui fuit, qui s&#8217;enfuit.<br \/>\nQui revient.<br \/>\n\u00c0 la recherche du temps.<br \/>\nC&#8217;est ce que M\u00e9lanie Forret cherche \u00e0 chaque page de cet ouvrage.<br \/>\nGuy Gilles, qui, n&#8217;ayant connu qu&#8217;un succ\u00e8s \u00ab\u00a0confidentiel\u00a0\u00bb de son vivant, jouit depuis quelques ann\u00e9es, d&#8217;un regain\u00a0d&#8217;int\u00e9r\u00eat.<br \/>\nCin\u00e9aste \u00e0 \u00ab contretemps \u00bb Guy Gilles ? \u00c0 contretemps du cin\u00e9ma de son \u00e9poque ? \u00c0 contretemps de son temps ? \u00c0 contretemps du temps. Du temps qui passe.<\/p>\n","protected":false},"excerpt":{"rendered":"<p>\u00ab En avril 2008, \u00e0 la faveur d&#8217;une chronique que je devais r\u00e9diger, on me remet un coffret dvd : nom du cin\u00e9aste inconnu, titres de films inconnus. Plong\u00e9e dans un royaume myst\u00e9rieux, dont je ne pouvais soup\u00e7onner les merveilles \u00e0 venir, tant sur le plan des films, que sur la personnalit\u00e9 du cin\u00e9aste. Tr\u00e8s [&hellip;]<\/p>\n","protected":false},"featured_media":46696,"template":"","meta":[],"product_cat":[7364,2948],"product_tag":[],"acf":[],"yoast_head":"<!-- This site is optimized with the Yoast SEO plugin v20.11 - https:\/\/yoast.com\/wordpress\/plugins\/seo\/ -->\n<title>Guy Gilles : \u00e0 contretemps - Librairie 7L<\/title>\n<meta name=\"robots\" content=\"index, follow, max-snippet:-1, max-image-preview:large, max-video-preview:-1\" \/>\n<link rel=\"canonical\" href=\"https:\/\/librairie7l.com\/en\/produit\/guy-gilles-a-contretemps-2\/\" \/>\n<meta property=\"og:locale\" content=\"en_US\" \/>\n<meta property=\"og:type\" content=\"article\" \/>\n<meta property=\"og:title\" content=\"Guy Gilles : \u00e0 contretemps - Librairie 7L\" \/>\n<meta property=\"og:description\" content=\"\u00ab En avril 2008, \u00e0 la faveur d&#8217;une chronique que je devais r\u00e9diger, on me remet un coffret dvd : nom du cin\u00e9aste inconnu, titres de films inconnus. Plong\u00e9e dans un royaume myst\u00e9rieux, dont je ne pouvais soup\u00e7onner les merveilles \u00e0 venir, tant sur le plan des films, que sur la personnalit\u00e9 du cin\u00e9aste. Tr\u00e8s [&hellip;]\" \/>\n<meta property=\"og:url\" content=\"https:\/\/librairie7l.com\/en\/produit\/guy-gilles-a-contretemps-2\/\" \/>\n<meta property=\"og:site_name\" content=\"Librairie 7L\" \/>\n<meta property=\"article:modified_time\" content=\"2026-04-22T13:06:44+00:00\" \/>\n<meta property=\"og:image\" content=\"https:\/\/librairie7l.com\/wp-content\/uploads\/2022\/11\/9782351373316_1_75.jpg\" \/>\n\t<meta property=\"og:image:width\" content=\"595\" \/>\n\t<meta property=\"og:image:height\" content=\"600\" \/>\n\t<meta property=\"og:image:type\" content=\"image\/jpeg\" \/>\n<meta name=\"twitter:card\" content=\"summary_large_image\" \/>\n<meta name=\"twitter:label1\" content=\"Est. reading time\" \/>\n\t<meta name=\"twitter:data1\" content=\"1 minute\" \/>\n<script type=\"application\/ld+json\" class=\"yoast-schema-graph\">{\"@context\":\"https:\/\/schema.org\",\"@graph\":[{\"@type\":\"WebPage\",\"@id\":\"https:\/\/librairie7l.com\/en\/produit\/guy-gilles-a-contretemps-2\/\",\"url\":\"https:\/\/librairie7l.com\/en\/produit\/guy-gilles-a-contretemps-2\/\",\"name\":\"Guy Gilles : \u00e0 contretemps - Librairie 7L\",\"isPartOf\":{\"@id\":\"https:\/\/librairie7l.com\/en\/#website\"},\"datePublished\":\"2025-03-09T23:53:45+00:00\",\"dateModified\":\"2026-04-22T13:06:44+00:00\",\"breadcrumb\":{\"@id\":\"https:\/\/librairie7l.com\/en\/produit\/guy-gilles-a-contretemps-2\/#breadcrumb\"},\"inLanguage\":\"en-US\",\"potentialAction\":[{\"@type\":\"ReadAction\",\"target\":[\"https:\/\/librairie7l.com\/en\/produit\/guy-gilles-a-contretemps-2\/\"]}]},{\"@type\":\"BreadcrumbList\",\"@id\":\"https:\/\/librairie7l.com\/en\/produit\/guy-gilles-a-contretemps-2\/#breadcrumb\",\"itemListElement\":[{\"@type\":\"ListItem\",\"position\":1,\"name\":\"Accueil\",\"item\":\"https:\/\/librairie7l.com\/en\/\"},{\"@type\":\"ListItem\",\"position\":2,\"name\":\"Shop\",\"item\":\"https:\/\/librairie7l.com\/en\/shop\/\"},{\"@type\":\"ListItem\",\"position\":3,\"name\":\"GUY GILLES : \u00c0 CONTRETEMPS\"}]},{\"@type\":\"WebSite\",\"@id\":\"https:\/\/librairie7l.com\/en\/#website\",\"url\":\"https:\/\/librairie7l.com\/en\/\",\"name\":\"Librairie 7L\",\"description\":\"Librairie fond\u00e9e en 1999 par Karl Lagerfeld \u00e0 Paris\",\"publisher\":{\"@id\":\"https:\/\/librairie7l.com\/en\/#organization\"},\"potentialAction\":[{\"@type\":\"SearchAction\",\"target\":{\"@type\":\"EntryPoint\",\"urlTemplate\":\"https:\/\/librairie7l.com\/en\/?s={search_term_string}\"},\"query-input\":\"required name=search_term_string\"}],\"inLanguage\":\"en-US\"},{\"@type\":\"Organization\",\"@id\":\"https:\/\/librairie7l.com\/en\/#organization\",\"name\":\"Librairie 7L\",\"url\":\"https:\/\/librairie7l.com\/en\/\",\"logo\":{\"@type\":\"ImageObject\",\"inLanguage\":\"en-US\",\"@id\":\"https:\/\/librairie7l.com\/en\/#\/schema\/logo\/image\/\",\"url\":\"https:\/\/librairie7l.com\/wp-content\/uploads\/2022\/08\/logo-1.png\",\"contentUrl\":\"https:\/\/librairie7l.com\/wp-content\/uploads\/2022\/08\/logo-1.png\",\"width\":227,\"height\":301,\"caption\":\"Librairie 7L\"},\"image\":{\"@id\":\"https:\/\/librairie7l.com\/en\/#\/schema\/logo\/image\/\"}}]}<\/script>\n<!-- \/ Yoast SEO plugin. -->","yoast_head_json":{"title":"Guy Gilles : \u00e0 contretemps - Librairie 7L","robots":{"index":"index","follow":"follow","max-snippet":"max-snippet:-1","max-image-preview":"max-image-preview:large","max-video-preview":"max-video-preview:-1"},"canonical":"https:\/\/librairie7l.com\/en\/produit\/guy-gilles-a-contretemps-2\/","og_locale":"en_US","og_type":"article","og_title":"Guy Gilles : \u00e0 contretemps - Librairie 7L","og_description":"\u00ab En avril 2008, \u00e0 la faveur d&#8217;une chronique que je devais r\u00e9diger, on me remet un coffret dvd : nom du cin\u00e9aste inconnu, titres de films inconnus. Plong\u00e9e dans un royaume myst\u00e9rieux, dont je ne pouvais soup\u00e7onner les merveilles \u00e0 venir, tant sur le plan des films, que sur la personnalit\u00e9 du cin\u00e9aste. Tr\u00e8s [&hellip;]","og_url":"https:\/\/librairie7l.com\/en\/produit\/guy-gilles-a-contretemps-2\/","og_site_name":"Librairie 7L","article_modified_time":"2026-04-22T13:06:44+00:00","og_image":[{"width":595,"height":600,"url":"https:\/\/librairie7l.com\/wp-content\/uploads\/2022\/11\/9782351373316_1_75.jpg","type":"image\/jpeg"}],"twitter_card":"summary_large_image","twitter_misc":{"Est. reading time":"1 minute"},"schema":{"@context":"https:\/\/schema.org","@graph":[{"@type":"WebPage","@id":"https:\/\/librairie7l.com\/en\/produit\/guy-gilles-a-contretemps-2\/","url":"https:\/\/librairie7l.com\/en\/produit\/guy-gilles-a-contretemps-2\/","name":"Guy Gilles : \u00e0 contretemps - Librairie 7L","isPartOf":{"@id":"https:\/\/librairie7l.com\/en\/#website"},"datePublished":"2025-03-09T23:53:45+00:00","dateModified":"2026-04-22T13:06:44+00:00","breadcrumb":{"@id":"https:\/\/librairie7l.com\/en\/produit\/guy-gilles-a-contretemps-2\/#breadcrumb"},"inLanguage":"en-US","potentialAction":[{"@type":"ReadAction","target":["https:\/\/librairie7l.com\/en\/produit\/guy-gilles-a-contretemps-2\/"]}]},{"@type":"BreadcrumbList","@id":"https:\/\/librairie7l.com\/en\/produit\/guy-gilles-a-contretemps-2\/#breadcrumb","itemListElement":[{"@type":"ListItem","position":1,"name":"Accueil","item":"https:\/\/librairie7l.com\/en\/"},{"@type":"ListItem","position":2,"name":"Shop","item":"https:\/\/librairie7l.com\/en\/shop\/"},{"@type":"ListItem","position":3,"name":"GUY GILLES : \u00c0 CONTRETEMPS"}]},{"@type":"WebSite","@id":"https:\/\/librairie7l.com\/en\/#website","url":"https:\/\/librairie7l.com\/en\/","name":"Librairie 7L","description":"Librairie fond\u00e9e en 1999 par Karl Lagerfeld \u00e0 Paris","publisher":{"@id":"https:\/\/librairie7l.com\/en\/#organization"},"potentialAction":[{"@type":"SearchAction","target":{"@type":"EntryPoint","urlTemplate":"https:\/\/librairie7l.com\/en\/?s={search_term_string}"},"query-input":"required name=search_term_string"}],"inLanguage":"en-US"},{"@type":"Organization","@id":"https:\/\/librairie7l.com\/en\/#organization","name":"Librairie 7L","url":"https:\/\/librairie7l.com\/en\/","logo":{"@type":"ImageObject","inLanguage":"en-US","@id":"https:\/\/librairie7l.com\/en\/#\/schema\/logo\/image\/","url":"https:\/\/librairie7l.com\/wp-content\/uploads\/2022\/08\/logo-1.png","contentUrl":"https:\/\/librairie7l.com\/wp-content\/uploads\/2022\/08\/logo-1.png","width":227,"height":301,"caption":"Librairie 7L"},"image":{"@id":"https:\/\/librairie7l.com\/en\/#\/schema\/logo\/image\/"}}]}},"_links":{"self":[{"href":"https:\/\/librairie7l.com\/en\/wp-json\/wp\/v2\/product\/46698"}],"collection":[{"href":"https:\/\/librairie7l.com\/en\/wp-json\/wp\/v2\/product"}],"about":[{"href":"https:\/\/librairie7l.com\/en\/wp-json\/wp\/v2\/types\/product"}],"wp:featuredmedia":[{"embeddable":true,"href":"https:\/\/librairie7l.com\/en\/wp-json\/wp\/v2\/media\/46696"}],"wp:attachment":[{"href":"https:\/\/librairie7l.com\/en\/wp-json\/wp\/v2\/media?parent=46698"}],"wp:term":[{"taxonomy":"product_cat","embeddable":true,"href":"https:\/\/librairie7l.com\/en\/wp-json\/wp\/v2\/product_cat?post=46698"},{"taxonomy":"product_tag","embeddable":true,"href":"https:\/\/librairie7l.com\/en\/wp-json\/wp\/v2\/product_tag?post=46698"}],"curies":[{"name":"wp","href":"https:\/\/api.w.org\/{rel}","templated":true}]}}