{"id":46702,"date":"2025-03-11T09:17:51","date_gmt":"2025-03-11T08:17:51","guid":{"rendered":"https:\/\/librairie7l.com\/?post_type=product&#038;p=46702"},"modified":"2026-04-22T15:07:36","modified_gmt":"2026-04-22T13:07:36","slug":"la-fabrique-de-pierre-charpin-2","status":"publish","type":"product","link":"https:\/\/librairie7l.com\/en\/produit\/la-fabrique-de-pierre-charpin-2\/","title":{"rendered":"LA FABRIQUE DE PIERRE CHARPIN"},"content":{"rendered":"<p>La Fabrique de Pierre Charpin r\u00e9unit des textes \u00e9crits par le designer, plasticien et sc\u00e9nographe fran\u00e7ais Pierre Charpin au cours des deux derni\u00e8res d\u00e9cennies. R\u00e9dig\u00e9s pour la plupart en amont des projets, ces textes cherchent \u00e0 restituer leur dimension sensible ainsi que les al\u00e9as qui traversent toute entreprise cr\u00e9ative. \u00c0 leur mani\u00e8re, ces \u00e9crits font partie int\u00e9grante de son travail. De ces collaborations avec des commanditaires comme Alessi ou la Cristallerie Saint-Louis, en passant par sa pratique du dessin, la place qu&#8217;occupe son atelier ou le r\u00f4le de ses diff\u00e9rents collaborateurs dans sa pratique, Pierre Charpin ouvre une perspective in\u00e9dite sur la d\u00e9marche d&#8217;un designer au tournant du XXIe si\u00e8cle, mais aussi sur les doutes et les h\u00e9sitations qui habitent la mise en oeuvre de ses projets. <\/p>\n<p>Pens\u00e9 sous la forme d&#8217;un journal, le livre retrace ainsi quelques grands jalons de la carri\u00e8re du designer mais porte \u00e9galement une dimension introspective et renseigne sur le \u00abhors-champ\u00bb de la profession de designer. En se d\u00e9peignant comme amateur du langage des formes, Pierre Charpin d\u00e9veloppe au fil de ces textes un rapport presque intime au langage des signes. Une fa\u00e7on de poser par moments un regard r\u00e9trospectif et critique sur?sa propre pratique mais \u00e9galement d&#8217;envisager les contours d&#8217;une carri\u00e8re qui oscille entre travail de commande, collaboration avec des galeries et pratique du dessin. Si le designer revendique cette derni\u00e8re comme essentielle \u00e0 sa d\u00e9marche, La Fabrique de Pierre Charpin constitue un contrepoint \u00e0 Avec le dessin, publi\u00e9 en 2022, et qui revenait sur cette dimension de son travail: alors que le pr\u00e9c\u00e9dent ouvrage prenait un parti r\u00e9solument tourn\u00e9 vers l&#8217;iconographie, celui pens\u00e9 pour la collection Prisme a \u00e9t\u00e9 imagin\u00e9 comme un livre textuel. Illustr\u00e9 d&#8217;une seule image par texte, volontairement reproduite en noir et blanc, cet ouvrage laissera ainsi toute sa place \u00e0 la parole du designer. Une photographie, illustrant un projet bien sp\u00e9cifique, fera l&#8217;objet d&#8217;une reproduction en couleurs.<\/p>\n","protected":false},"excerpt":{"rendered":"<p>La Fabrique de Pierre Charpin r\u00e9unit des textes \u00e9crits par le designer, plasticien et sc\u00e9nographe fran\u00e7ais Pierre Charpin au cours des deux derni\u00e8res d\u00e9cennies. R\u00e9dig\u00e9s pour la plupart en amont des projets, ces textes cherchent \u00e0 restituer leur dimension sensible ainsi que les al\u00e9as qui traversent toute entreprise cr\u00e9ative. \u00c0 leur mani\u00e8re, ces \u00e9crits font [&hellip;]<\/p>\n","protected":false},"featured_media":46700,"template":"","meta":[],"product_cat":[2948,2952],"product_tag":[],"acf":[],"yoast_head":"<!-- This site is optimized with the Yoast SEO plugin v20.11 - https:\/\/yoast.com\/wordpress\/plugins\/seo\/ -->\n<title>La Fabrique de Pierre Charpin - Librairie 7L<\/title>\n<meta name=\"robots\" content=\"index, follow, max-snippet:-1, max-image-preview:large, max-video-preview:-1\" \/>\n<link rel=\"canonical\" href=\"https:\/\/librairie7l.com\/en\/produit\/la-fabrique-de-pierre-charpin-2\/\" \/>\n<meta property=\"og:locale\" content=\"en_US\" \/>\n<meta property=\"og:type\" content=\"article\" \/>\n<meta property=\"og:title\" content=\"La Fabrique de Pierre Charpin - Librairie 7L\" \/>\n<meta property=\"og:description\" content=\"La Fabrique de Pierre Charpin r\u00e9unit des textes \u00e9crits par le designer, plasticien et sc\u00e9nographe fran\u00e7ais Pierre Charpin au cours des deux derni\u00e8res d\u00e9cennies. R\u00e9dig\u00e9s pour la plupart en amont des projets, ces textes cherchent \u00e0 restituer leur dimension sensible ainsi que les al\u00e9as qui traversent toute entreprise cr\u00e9ative. \u00c0 leur mani\u00e8re, ces \u00e9crits font [&hellip;]\" \/>\n<meta property=\"og:url\" content=\"https:\/\/librairie7l.com\/en\/produit\/la-fabrique-de-pierre-charpin-2\/\" \/>\n<meta property=\"og:site_name\" content=\"Librairie 7L\" \/>\n<meta property=\"article:modified_time\" content=\"2026-04-22T13:07:36+00:00\" \/>\n<meta property=\"og:image\" content=\"https:\/\/librairie7l.com\/wp-content\/uploads\/2024\/09\/9782494983243_1_75.jpg\" \/>\n\t<meta property=\"og:image:width\" content=\"600\" \/>\n\t<meta property=\"og:image:height\" content=\"941\" \/>\n\t<meta property=\"og:image:type\" content=\"image\/jpeg\" \/>\n<meta name=\"twitter:card\" content=\"summary_large_image\" \/>\n<meta name=\"twitter:label1\" content=\"Est. reading time\" \/>\n\t<meta name=\"twitter:data1\" content=\"2 minutes\" \/>\n<script type=\"application\/ld+json\" class=\"yoast-schema-graph\">{\"@context\":\"https:\/\/schema.org\",\"@graph\":[{\"@type\":\"WebPage\",\"@id\":\"https:\/\/librairie7l.com\/en\/produit\/la-fabrique-de-pierre-charpin-2\/\",\"url\":\"https:\/\/librairie7l.com\/en\/produit\/la-fabrique-de-pierre-charpin-2\/\",\"name\":\"La Fabrique de Pierre Charpin - Librairie 7L\",\"isPartOf\":{\"@id\":\"https:\/\/librairie7l.com\/en\/#website\"},\"datePublished\":\"2025-03-11T08:17:51+00:00\",\"dateModified\":\"2026-04-22T13:07:36+00:00\",\"breadcrumb\":{\"@id\":\"https:\/\/librairie7l.com\/en\/produit\/la-fabrique-de-pierre-charpin-2\/#breadcrumb\"},\"inLanguage\":\"en-US\",\"potentialAction\":[{\"@type\":\"ReadAction\",\"target\":[\"https:\/\/librairie7l.com\/en\/produit\/la-fabrique-de-pierre-charpin-2\/\"]}]},{\"@type\":\"BreadcrumbList\",\"@id\":\"https:\/\/librairie7l.com\/en\/produit\/la-fabrique-de-pierre-charpin-2\/#breadcrumb\",\"itemListElement\":[{\"@type\":\"ListItem\",\"position\":1,\"name\":\"Accueil\",\"item\":\"https:\/\/librairie7l.com\/en\/\"},{\"@type\":\"ListItem\",\"position\":2,\"name\":\"Shop\",\"item\":\"https:\/\/librairie7l.com\/en\/shop\/\"},{\"@type\":\"ListItem\",\"position\":3,\"name\":\"LA FABRIQUE DE PIERRE CHARPIN\"}]},{\"@type\":\"WebSite\",\"@id\":\"https:\/\/librairie7l.com\/en\/#website\",\"url\":\"https:\/\/librairie7l.com\/en\/\",\"name\":\"Librairie 7L\",\"description\":\"Librairie fond\u00e9e en 1999 par Karl Lagerfeld \u00e0 Paris\",\"publisher\":{\"@id\":\"https:\/\/librairie7l.com\/en\/#organization\"},\"potentialAction\":[{\"@type\":\"SearchAction\",\"target\":{\"@type\":\"EntryPoint\",\"urlTemplate\":\"https:\/\/librairie7l.com\/en\/?s={search_term_string}\"},\"query-input\":\"required name=search_term_string\"}],\"inLanguage\":\"en-US\"},{\"@type\":\"Organization\",\"@id\":\"https:\/\/librairie7l.com\/en\/#organization\",\"name\":\"Librairie 7L\",\"url\":\"https:\/\/librairie7l.com\/en\/\",\"logo\":{\"@type\":\"ImageObject\",\"inLanguage\":\"en-US\",\"@id\":\"https:\/\/librairie7l.com\/en\/#\/schema\/logo\/image\/\",\"url\":\"https:\/\/librairie7l.com\/wp-content\/uploads\/2022\/08\/logo-1.png\",\"contentUrl\":\"https:\/\/librairie7l.com\/wp-content\/uploads\/2022\/08\/logo-1.png\",\"width\":227,\"height\":301,\"caption\":\"Librairie 7L\"},\"image\":{\"@id\":\"https:\/\/librairie7l.com\/en\/#\/schema\/logo\/image\/\"}}]}<\/script>\n<!-- \/ Yoast SEO plugin. -->","yoast_head_json":{"title":"La Fabrique de Pierre Charpin - Librairie 7L","robots":{"index":"index","follow":"follow","max-snippet":"max-snippet:-1","max-image-preview":"max-image-preview:large","max-video-preview":"max-video-preview:-1"},"canonical":"https:\/\/librairie7l.com\/en\/produit\/la-fabrique-de-pierre-charpin-2\/","og_locale":"en_US","og_type":"article","og_title":"La Fabrique de Pierre Charpin - Librairie 7L","og_description":"La Fabrique de Pierre Charpin r\u00e9unit des textes \u00e9crits par le designer, plasticien et sc\u00e9nographe fran\u00e7ais Pierre Charpin au cours des deux derni\u00e8res d\u00e9cennies. R\u00e9dig\u00e9s pour la plupart en amont des projets, ces textes cherchent \u00e0 restituer leur dimension sensible ainsi que les al\u00e9as qui traversent toute entreprise cr\u00e9ative. \u00c0 leur mani\u00e8re, ces \u00e9crits font [&hellip;]","og_url":"https:\/\/librairie7l.com\/en\/produit\/la-fabrique-de-pierre-charpin-2\/","og_site_name":"Librairie 7L","article_modified_time":"2026-04-22T13:07:36+00:00","og_image":[{"width":600,"height":941,"url":"https:\/\/librairie7l.com\/wp-content\/uploads\/2024\/09\/9782494983243_1_75.jpg","type":"image\/jpeg"}],"twitter_card":"summary_large_image","twitter_misc":{"Est. reading time":"2 minutes"},"schema":{"@context":"https:\/\/schema.org","@graph":[{"@type":"WebPage","@id":"https:\/\/librairie7l.com\/en\/produit\/la-fabrique-de-pierre-charpin-2\/","url":"https:\/\/librairie7l.com\/en\/produit\/la-fabrique-de-pierre-charpin-2\/","name":"La Fabrique de Pierre Charpin - Librairie 7L","isPartOf":{"@id":"https:\/\/librairie7l.com\/en\/#website"},"datePublished":"2025-03-11T08:17:51+00:00","dateModified":"2026-04-22T13:07:36+00:00","breadcrumb":{"@id":"https:\/\/librairie7l.com\/en\/produit\/la-fabrique-de-pierre-charpin-2\/#breadcrumb"},"inLanguage":"en-US","potentialAction":[{"@type":"ReadAction","target":["https:\/\/librairie7l.com\/en\/produit\/la-fabrique-de-pierre-charpin-2\/"]}]},{"@type":"BreadcrumbList","@id":"https:\/\/librairie7l.com\/en\/produit\/la-fabrique-de-pierre-charpin-2\/#breadcrumb","itemListElement":[{"@type":"ListItem","position":1,"name":"Accueil","item":"https:\/\/librairie7l.com\/en\/"},{"@type":"ListItem","position":2,"name":"Shop","item":"https:\/\/librairie7l.com\/en\/shop\/"},{"@type":"ListItem","position":3,"name":"LA FABRIQUE DE PIERRE CHARPIN"}]},{"@type":"WebSite","@id":"https:\/\/librairie7l.com\/en\/#website","url":"https:\/\/librairie7l.com\/en\/","name":"Librairie 7L","description":"Librairie fond\u00e9e en 1999 par Karl Lagerfeld \u00e0 Paris","publisher":{"@id":"https:\/\/librairie7l.com\/en\/#organization"},"potentialAction":[{"@type":"SearchAction","target":{"@type":"EntryPoint","urlTemplate":"https:\/\/librairie7l.com\/en\/?s={search_term_string}"},"query-input":"required name=search_term_string"}],"inLanguage":"en-US"},{"@type":"Organization","@id":"https:\/\/librairie7l.com\/en\/#organization","name":"Librairie 7L","url":"https:\/\/librairie7l.com\/en\/","logo":{"@type":"ImageObject","inLanguage":"en-US","@id":"https:\/\/librairie7l.com\/en\/#\/schema\/logo\/image\/","url":"https:\/\/librairie7l.com\/wp-content\/uploads\/2022\/08\/logo-1.png","contentUrl":"https:\/\/librairie7l.com\/wp-content\/uploads\/2022\/08\/logo-1.png","width":227,"height":301,"caption":"Librairie 7L"},"image":{"@id":"https:\/\/librairie7l.com\/en\/#\/schema\/logo\/image\/"}}]}},"_links":{"self":[{"href":"https:\/\/librairie7l.com\/en\/wp-json\/wp\/v2\/product\/46702"}],"collection":[{"href":"https:\/\/librairie7l.com\/en\/wp-json\/wp\/v2\/product"}],"about":[{"href":"https:\/\/librairie7l.com\/en\/wp-json\/wp\/v2\/types\/product"}],"wp:featuredmedia":[{"embeddable":true,"href":"https:\/\/librairie7l.com\/en\/wp-json\/wp\/v2\/media\/46700"}],"wp:attachment":[{"href":"https:\/\/librairie7l.com\/en\/wp-json\/wp\/v2\/media?parent=46702"}],"wp:term":[{"taxonomy":"product_cat","embeddable":true,"href":"https:\/\/librairie7l.com\/en\/wp-json\/wp\/v2\/product_cat?post=46702"},{"taxonomy":"product_tag","embeddable":true,"href":"https:\/\/librairie7l.com\/en\/wp-json\/wp\/v2\/product_tag?post=46702"}],"curies":[{"name":"wp","href":"https:\/\/api.w.org\/{rel}","templated":true}]}}