{"id":46711,"date":"2025-03-12T09:17:55","date_gmt":"2025-03-12T08:17:55","guid":{"rendered":"https:\/\/librairie7l.com\/?post_type=product&#038;p=46711"},"modified":"2026-04-22T14:59:53","modified_gmt":"2026-04-22T12:59:53","slug":"nicolas-pineau-1684-1754-un-sculpteur-rocaille-entre-paris-et-saint-petersbourg-2","status":"publish","type":"product","link":"https:\/\/librairie7l.com\/en\/produit\/nicolas-pineau-1684-1754-un-sculpteur-rocaille-entre-paris-et-saint-petersbourg-2\/","title":{"rendered":"NICOLAS PINEAU (1684-1754) : UN SCULPTEUR ROCAILLE ENTRE PARIS ET SAINT-PETERSBOURG"},"content":{"rendered":"<p>Une vision compl\u00e8te et renouvel\u00e9e de l&#8217;oeuvre de Nicolas Pineau (1684-1754), sculpteur ornemaniste central dans l&#8217;\u00e9laboration du style rocaille, qui s&#8217;est illustr\u00e9 dans des domaines aussi divers que la boiserie, la sculpture des fa\u00e7ades, l&#8217;architecture, l&#8217;estampe, le mobilier ou encore l&#8217;orf\u00e8vrerie.<br \/>\nCentral dans l&#8217;\u00e9laboration du style rocaille, Nicolas Pineau (1684-1754) n&#8217;a pourtant b\u00e9n\u00e9fici\u00e9 que d&#8217;\u00e9tudes ponctuelles. De ce sculpteur ornemaniste, ses contemporains disaient qu&#8217;il avait invent\u00e9 &#8221; le contraste dans les ornements &#8220;. Adepte d&#8217;une asym\u00e9trie mesur\u00e9e, jouant subtilement des pleins et des vides, il s&#8217;est illustr\u00e9 dans des domaines aussi divers que la boiserie, la sculpture des fa\u00e7ades, l&#8217;architecture, l&#8217;estampe, le mobilier, l&#8217;orf\u00e8vrerie&#8230; Appel\u00e9 \u00e0 Saint-P\u00e9tersbourg par le tsar Pierre le Grand en 1716, il a oeuvr\u00e9 \u00e0 l&#8217;ornement de Peterhof. De retour \u00e0 Paris en 1728, il a travaill\u00e9 pour la noblesse parisienne et pour Louis XV, tout en envoyant des mod\u00e8les en Allemagne et en Russie.<br \/>\n Cette monographie s&#8217;appuie sur d&#8217;importantes recherches d&#8217;archives et sur la publication du fonds de dessins &#8211; que conserve principalement le mus\u00e9e des Arts d\u00e9coratifs &#8211; issu de l&#8217;atelier de l&#8217;artiste et de ses descendants, Dominique, son fils, \u00e9galement sculpteur d&#8217;ornement, et l&#8217;architecte Fran\u00e7ois-Nicolas, son petit-fils. Un groupe international de chercheurs y propose une vision compl\u00e8te et renouvel\u00e9e de l&#8217;oeuvre de Nicolas Pineau, alliant essais th\u00e9matiques, notices sur l&#8217;ensemble de ses chantiers et catalogue sommaire de quelque six cents dessins.<\/p>\n","protected":false},"excerpt":{"rendered":"<p>Une vision compl\u00e8te et renouvel\u00e9e de l&#8217;oeuvre de Nicolas Pineau (1684-1754), sculpteur ornemaniste central dans l&#8217;\u00e9laboration du style rocaille, qui s&#8217;est illustr\u00e9 dans des domaines aussi divers que la boiserie, la sculpture des fa\u00e7ades, l&#8217;architecture, l&#8217;estampe, le mobilier ou encore l&#8217;orf\u00e8vrerie. Central dans l&#8217;\u00e9laboration du style rocaille, Nicolas Pineau (1684-1754) n&#8217;a pourtant b\u00e9n\u00e9fici\u00e9 que d&#8217;\u00e9tudes [&hellip;]<\/p>\n","protected":false},"featured_media":46709,"template":"","meta":[],"product_cat":[2948,2953],"product_tag":[],"acf":[],"yoast_head":"<!-- This site is optimized with the Yoast SEO plugin v20.11 - https:\/\/yoast.com\/wordpress\/plugins\/seo\/ -->\n<title>Nicolas Pineau (1684-1754) : Un sculpteur rocaille entre Paris et Saint-Petersbourg - Librairie 7L<\/title>\n<meta name=\"robots\" content=\"index, follow, max-snippet:-1, max-image-preview:large, max-video-preview:-1\" \/>\n<link rel=\"canonical\" href=\"https:\/\/librairie7l.com\/en\/produit\/nicolas-pineau-1684-1754-un-sculpteur-rocaille-entre-paris-et-saint-petersbourg-2\/\" \/>\n<meta property=\"og:locale\" content=\"en_US\" \/>\n<meta property=\"og:type\" content=\"article\" \/>\n<meta property=\"og:title\" content=\"Nicolas Pineau (1684-1754) : Un sculpteur rocaille entre Paris et Saint-Petersbourg - Librairie 7L\" \/>\n<meta property=\"og:description\" content=\"Une vision compl\u00e8te et renouvel\u00e9e de l&#8217;oeuvre de Nicolas Pineau (1684-1754), sculpteur ornemaniste central dans l&#8217;\u00e9laboration du style rocaille, qui s&#8217;est illustr\u00e9 dans des domaines aussi divers que la boiserie, la sculpture des fa\u00e7ades, l&#8217;architecture, l&#8217;estampe, le mobilier ou encore l&#8217;orf\u00e8vrerie. Central dans l&#8217;\u00e9laboration du style rocaille, Nicolas Pineau (1684-1754) n&#8217;a pourtant b\u00e9n\u00e9fici\u00e9 que d&#8217;\u00e9tudes [&hellip;]\" \/>\n<meta property=\"og:url\" content=\"https:\/\/librairie7l.com\/en\/produit\/nicolas-pineau-1684-1754-un-sculpteur-rocaille-entre-paris-et-saint-petersbourg-2\/\" \/>\n<meta property=\"og:site_name\" content=\"Librairie 7L\" \/>\n<meta property=\"article:modified_time\" content=\"2026-04-22T12:59:53+00:00\" \/>\n<meta property=\"og:image\" content=\"https:\/\/librairie7l.com\/wp-content\/uploads\/2023\/12\/9782847425123_1_75.jpg\" \/>\n\t<meta property=\"og:image:width\" content=\"400\" \/>\n\t<meta property=\"og:image:height\" content=\"488\" \/>\n\t<meta property=\"og:image:type\" content=\"image\/jpeg\" \/>\n<meta name=\"twitter:card\" content=\"summary_large_image\" \/>\n<meta name=\"twitter:label1\" content=\"Est. reading time\" \/>\n\t<meta name=\"twitter:data1\" content=\"1 minute\" \/>\n<script type=\"application\/ld+json\" class=\"yoast-schema-graph\">{\"@context\":\"https:\/\/schema.org\",\"@graph\":[{\"@type\":\"WebPage\",\"@id\":\"https:\/\/librairie7l.com\/en\/produit\/nicolas-pineau-1684-1754-un-sculpteur-rocaille-entre-paris-et-saint-petersbourg-2\/\",\"url\":\"https:\/\/librairie7l.com\/en\/produit\/nicolas-pineau-1684-1754-un-sculpteur-rocaille-entre-paris-et-saint-petersbourg-2\/\",\"name\":\"Nicolas Pineau (1684-1754) : Un sculpteur rocaille entre Paris et Saint-Petersbourg - Librairie 7L\",\"isPartOf\":{\"@id\":\"https:\/\/librairie7l.com\/en\/#website\"},\"datePublished\":\"2025-03-12T08:17:55+00:00\",\"dateModified\":\"2026-04-22T12:59:53+00:00\",\"breadcrumb\":{\"@id\":\"https:\/\/librairie7l.com\/en\/produit\/nicolas-pineau-1684-1754-un-sculpteur-rocaille-entre-paris-et-saint-petersbourg-2\/#breadcrumb\"},\"inLanguage\":\"en-US\",\"potentialAction\":[{\"@type\":\"ReadAction\",\"target\":[\"https:\/\/librairie7l.com\/en\/produit\/nicolas-pineau-1684-1754-un-sculpteur-rocaille-entre-paris-et-saint-petersbourg-2\/\"]}]},{\"@type\":\"BreadcrumbList\",\"@id\":\"https:\/\/librairie7l.com\/en\/produit\/nicolas-pineau-1684-1754-un-sculpteur-rocaille-entre-paris-et-saint-petersbourg-2\/#breadcrumb\",\"itemListElement\":[{\"@type\":\"ListItem\",\"position\":1,\"name\":\"Accueil\",\"item\":\"https:\/\/librairie7l.com\/en\/\"},{\"@type\":\"ListItem\",\"position\":2,\"name\":\"Shop\",\"item\":\"https:\/\/librairie7l.com\/en\/shop\/\"},{\"@type\":\"ListItem\",\"position\":3,\"name\":\"NICOLAS PINEAU (1684-1754) : UN SCULPTEUR ROCAILLE ENTRE PARIS ET SAINT-PETERSBOURG\"}]},{\"@type\":\"WebSite\",\"@id\":\"https:\/\/librairie7l.com\/en\/#website\",\"url\":\"https:\/\/librairie7l.com\/en\/\",\"name\":\"Librairie 7L\",\"description\":\"Librairie fond\u00e9e en 1999 par Karl Lagerfeld \u00e0 Paris\",\"publisher\":{\"@id\":\"https:\/\/librairie7l.com\/en\/#organization\"},\"potentialAction\":[{\"@type\":\"SearchAction\",\"target\":{\"@type\":\"EntryPoint\",\"urlTemplate\":\"https:\/\/librairie7l.com\/en\/?s={search_term_string}\"},\"query-input\":\"required name=search_term_string\"}],\"inLanguage\":\"en-US\"},{\"@type\":\"Organization\",\"@id\":\"https:\/\/librairie7l.com\/en\/#organization\",\"name\":\"Librairie 7L\",\"url\":\"https:\/\/librairie7l.com\/en\/\",\"logo\":{\"@type\":\"ImageObject\",\"inLanguage\":\"en-US\",\"@id\":\"https:\/\/librairie7l.com\/en\/#\/schema\/logo\/image\/\",\"url\":\"https:\/\/librairie7l.com\/wp-content\/uploads\/2022\/08\/logo-1.png\",\"contentUrl\":\"https:\/\/librairie7l.com\/wp-content\/uploads\/2022\/08\/logo-1.png\",\"width\":227,\"height\":301,\"caption\":\"Librairie 7L\"},\"image\":{\"@id\":\"https:\/\/librairie7l.com\/en\/#\/schema\/logo\/image\/\"}}]}<\/script>\n<!-- \/ Yoast SEO plugin. -->","yoast_head_json":{"title":"Nicolas Pineau (1684-1754) : Un sculpteur rocaille entre Paris et Saint-Petersbourg - Librairie 7L","robots":{"index":"index","follow":"follow","max-snippet":"max-snippet:-1","max-image-preview":"max-image-preview:large","max-video-preview":"max-video-preview:-1"},"canonical":"https:\/\/librairie7l.com\/en\/produit\/nicolas-pineau-1684-1754-un-sculpteur-rocaille-entre-paris-et-saint-petersbourg-2\/","og_locale":"en_US","og_type":"article","og_title":"Nicolas Pineau (1684-1754) : Un sculpteur rocaille entre Paris et Saint-Petersbourg - Librairie 7L","og_description":"Une vision compl\u00e8te et renouvel\u00e9e de l&#8217;oeuvre de Nicolas Pineau (1684-1754), sculpteur ornemaniste central dans l&#8217;\u00e9laboration du style rocaille, qui s&#8217;est illustr\u00e9 dans des domaines aussi divers que la boiserie, la sculpture des fa\u00e7ades, l&#8217;architecture, l&#8217;estampe, le mobilier ou encore l&#8217;orf\u00e8vrerie. Central dans l&#8217;\u00e9laboration du style rocaille, Nicolas Pineau (1684-1754) n&#8217;a pourtant b\u00e9n\u00e9fici\u00e9 que d&#8217;\u00e9tudes [&hellip;]","og_url":"https:\/\/librairie7l.com\/en\/produit\/nicolas-pineau-1684-1754-un-sculpteur-rocaille-entre-paris-et-saint-petersbourg-2\/","og_site_name":"Librairie 7L","article_modified_time":"2026-04-22T12:59:53+00:00","og_image":[{"width":400,"height":488,"url":"https:\/\/librairie7l.com\/wp-content\/uploads\/2023\/12\/9782847425123_1_75.jpg","type":"image\/jpeg"}],"twitter_card":"summary_large_image","twitter_misc":{"Est. reading time":"1 minute"},"schema":{"@context":"https:\/\/schema.org","@graph":[{"@type":"WebPage","@id":"https:\/\/librairie7l.com\/en\/produit\/nicolas-pineau-1684-1754-un-sculpteur-rocaille-entre-paris-et-saint-petersbourg-2\/","url":"https:\/\/librairie7l.com\/en\/produit\/nicolas-pineau-1684-1754-un-sculpteur-rocaille-entre-paris-et-saint-petersbourg-2\/","name":"Nicolas Pineau (1684-1754) : Un sculpteur rocaille entre Paris et Saint-Petersbourg - Librairie 7L","isPartOf":{"@id":"https:\/\/librairie7l.com\/en\/#website"},"datePublished":"2025-03-12T08:17:55+00:00","dateModified":"2026-04-22T12:59:53+00:00","breadcrumb":{"@id":"https:\/\/librairie7l.com\/en\/produit\/nicolas-pineau-1684-1754-un-sculpteur-rocaille-entre-paris-et-saint-petersbourg-2\/#breadcrumb"},"inLanguage":"en-US","potentialAction":[{"@type":"ReadAction","target":["https:\/\/librairie7l.com\/en\/produit\/nicolas-pineau-1684-1754-un-sculpteur-rocaille-entre-paris-et-saint-petersbourg-2\/"]}]},{"@type":"BreadcrumbList","@id":"https:\/\/librairie7l.com\/en\/produit\/nicolas-pineau-1684-1754-un-sculpteur-rocaille-entre-paris-et-saint-petersbourg-2\/#breadcrumb","itemListElement":[{"@type":"ListItem","position":1,"name":"Accueil","item":"https:\/\/librairie7l.com\/en\/"},{"@type":"ListItem","position":2,"name":"Shop","item":"https:\/\/librairie7l.com\/en\/shop\/"},{"@type":"ListItem","position":3,"name":"NICOLAS PINEAU (1684-1754) : UN SCULPTEUR ROCAILLE ENTRE PARIS ET SAINT-PETERSBOURG"}]},{"@type":"WebSite","@id":"https:\/\/librairie7l.com\/en\/#website","url":"https:\/\/librairie7l.com\/en\/","name":"Librairie 7L","description":"Librairie fond\u00e9e en 1999 par Karl Lagerfeld \u00e0 Paris","publisher":{"@id":"https:\/\/librairie7l.com\/en\/#organization"},"potentialAction":[{"@type":"SearchAction","target":{"@type":"EntryPoint","urlTemplate":"https:\/\/librairie7l.com\/en\/?s={search_term_string}"},"query-input":"required name=search_term_string"}],"inLanguage":"en-US"},{"@type":"Organization","@id":"https:\/\/librairie7l.com\/en\/#organization","name":"Librairie 7L","url":"https:\/\/librairie7l.com\/en\/","logo":{"@type":"ImageObject","inLanguage":"en-US","@id":"https:\/\/librairie7l.com\/en\/#\/schema\/logo\/image\/","url":"https:\/\/librairie7l.com\/wp-content\/uploads\/2022\/08\/logo-1.png","contentUrl":"https:\/\/librairie7l.com\/wp-content\/uploads\/2022\/08\/logo-1.png","width":227,"height":301,"caption":"Librairie 7L"},"image":{"@id":"https:\/\/librairie7l.com\/en\/#\/schema\/logo\/image\/"}}]}},"_links":{"self":[{"href":"https:\/\/librairie7l.com\/en\/wp-json\/wp\/v2\/product\/46711"}],"collection":[{"href":"https:\/\/librairie7l.com\/en\/wp-json\/wp\/v2\/product"}],"about":[{"href":"https:\/\/librairie7l.com\/en\/wp-json\/wp\/v2\/types\/product"}],"wp:featuredmedia":[{"embeddable":true,"href":"https:\/\/librairie7l.com\/en\/wp-json\/wp\/v2\/media\/46709"}],"wp:attachment":[{"href":"https:\/\/librairie7l.com\/en\/wp-json\/wp\/v2\/media?parent=46711"}],"wp:term":[{"taxonomy":"product_cat","embeddable":true,"href":"https:\/\/librairie7l.com\/en\/wp-json\/wp\/v2\/product_cat?post=46711"},{"taxonomy":"product_tag","embeddable":true,"href":"https:\/\/librairie7l.com\/en\/wp-json\/wp\/v2\/product_tag?post=46711"}],"curies":[{"name":"wp","href":"https:\/\/api.w.org\/{rel}","templated":true}]}}