{"id":46715,"date":"2025-03-12T09:17:58","date_gmt":"2025-03-12T08:17:58","guid":{"rendered":"https:\/\/librairie7l.com\/?post_type=product&#038;p=46715"},"modified":"2026-04-22T16:35:53","modified_gmt":"2026-04-22T14:35:53","slug":"le-corbusier-et-la-question-du-brutalisme-2","status":"publish","type":"product","link":"https:\/\/librairie7l.com\/en\/produit\/le-corbusier-et-la-question-du-brutalisme-2\/","title":{"rendered":"LE CORBUSIER ET LA QUESTION DU BRUTALISME"},"content":{"rendered":"<p>Au cours des vingt derni\u00e8res ann\u00e9es de sa carri\u00e8re, Le Corbusier a exp\u00e9riment\u00e9 une nouvelle esth\u00e9tique qui a fortement marqu\u00e9 ses oeuvres ultimes. Sa volont\u00e9 vise alors \u00e0 s&#8217;\u00e9carter de tout acad\u00e9misme en utilisant la forme comme instrument pour inventer une nouvelle \u00e9criture tr\u00e8s vite d\u00e9sign\u00e9e du nom de \u00abbrutalisme\u00bb. Cette orientation se d\u00e9finit comme une \u00ab v\u00e9ritable synth\u00e8se des arts \u00bb associant autour de l&#8217;architecture l&#8217;ensemble des arts majeurs. L&#8217;ouvrage illustrera avec de nombreux documents photographiques et film\u00e9s et une anthologie de ses textes l&#8217;interaction des diff\u00e9rentes pratiques formelles et th\u00e9oriques de Le Corbusier autour des diff\u00e9rentes th\u00e9matiques abord\u00e9es : le brutalisme, le rationalisme constructif, la composition, la mati\u00e8re, la lumi\u00e8re, la couleur.<\/p>\n","protected":false},"excerpt":{"rendered":"<p>Au cours des vingt derni\u00e8res ann\u00e9es de sa carri\u00e8re, Le Corbusier a exp\u00e9riment\u00e9 une nouvelle esth\u00e9tique qui a fortement marqu\u00e9 ses oeuvres ultimes. Sa volont\u00e9 vise alors \u00e0 s&#8217;\u00e9carter de tout acad\u00e9misme en utilisant la forme comme instrument pour inventer une nouvelle \u00e9criture tr\u00e8s vite d\u00e9sign\u00e9e du nom de \u00abbrutalisme\u00bb. Cette orientation se d\u00e9finit comme [&hellip;]<\/p>\n","protected":false},"featured_media":46713,"template":"","meta":[],"product_cat":[2948,2950],"product_tag":[],"acf":[],"yoast_head":"<!-- This site is optimized with the Yoast SEO plugin v20.11 - https:\/\/yoast.com\/wordpress\/plugins\/seo\/ -->\n<title>Le Corbusier et la question du brutalisme - Librairie 7L<\/title>\n<meta name=\"robots\" content=\"index, follow, max-snippet:-1, max-image-preview:large, max-video-preview:-1\" \/>\n<link rel=\"canonical\" href=\"https:\/\/librairie7l.com\/en\/produit\/le-corbusier-et-la-question-du-brutalisme-2\/\" \/>\n<meta property=\"og:locale\" content=\"en_US\" \/>\n<meta property=\"og:type\" content=\"article\" \/>\n<meta property=\"og:title\" content=\"Le Corbusier et la question du brutalisme - Librairie 7L\" \/>\n<meta property=\"og:description\" content=\"Au cours des vingt derni\u00e8res ann\u00e9es de sa carri\u00e8re, Le Corbusier a exp\u00e9riment\u00e9 une nouvelle esth\u00e9tique qui a fortement marqu\u00e9 ses oeuvres ultimes. Sa volont\u00e9 vise alors \u00e0 s&#8217;\u00e9carter de tout acad\u00e9misme en utilisant la forme comme instrument pour inventer une nouvelle \u00e9criture tr\u00e8s vite d\u00e9sign\u00e9e du nom de \u00abbrutalisme\u00bb. Cette orientation se d\u00e9finit comme [&hellip;]\" \/>\n<meta property=\"og:url\" content=\"https:\/\/librairie7l.com\/en\/produit\/le-corbusier-et-la-question-du-brutalisme-2\/\" \/>\n<meta property=\"og:site_name\" content=\"Librairie 7L\" \/>\n<meta property=\"article:modified_time\" content=\"2026-04-22T14:35:53+00:00\" \/>\n<meta property=\"og:image\" content=\"https:\/\/librairie7l.com\/wp-content\/uploads\/2013\/06\/9782863642849_1_75.jpg\" \/>\n\t<meta property=\"og:image:width\" content=\"600\" \/>\n\t<meta property=\"og:image:height\" content=\"826\" \/>\n\t<meta property=\"og:image:type\" content=\"image\/jpeg\" \/>\n<meta name=\"twitter:card\" content=\"summary_large_image\" \/>\n<meta name=\"twitter:label1\" content=\"Est. reading time\" \/>\n\t<meta name=\"twitter:data1\" content=\"1 minute\" \/>\n<script type=\"application\/ld+json\" class=\"yoast-schema-graph\">{\"@context\":\"https:\/\/schema.org\",\"@graph\":[{\"@type\":\"WebPage\",\"@id\":\"https:\/\/librairie7l.com\/en\/produit\/le-corbusier-et-la-question-du-brutalisme-2\/\",\"url\":\"https:\/\/librairie7l.com\/en\/produit\/le-corbusier-et-la-question-du-brutalisme-2\/\",\"name\":\"Le Corbusier et la question du brutalisme - Librairie 7L\",\"isPartOf\":{\"@id\":\"https:\/\/librairie7l.com\/en\/#website\"},\"datePublished\":\"2025-03-12T08:17:58+00:00\",\"dateModified\":\"2026-04-22T14:35:53+00:00\",\"breadcrumb\":{\"@id\":\"https:\/\/librairie7l.com\/en\/produit\/le-corbusier-et-la-question-du-brutalisme-2\/#breadcrumb\"},\"inLanguage\":\"en-US\",\"potentialAction\":[{\"@type\":\"ReadAction\",\"target\":[\"https:\/\/librairie7l.com\/en\/produit\/le-corbusier-et-la-question-du-brutalisme-2\/\"]}]},{\"@type\":\"BreadcrumbList\",\"@id\":\"https:\/\/librairie7l.com\/en\/produit\/le-corbusier-et-la-question-du-brutalisme-2\/#breadcrumb\",\"itemListElement\":[{\"@type\":\"ListItem\",\"position\":1,\"name\":\"Accueil\",\"item\":\"https:\/\/librairie7l.com\/en\/\"},{\"@type\":\"ListItem\",\"position\":2,\"name\":\"Shop\",\"item\":\"https:\/\/librairie7l.com\/en\/shop\/\"},{\"@type\":\"ListItem\",\"position\":3,\"name\":\"LE CORBUSIER ET LA QUESTION DU BRUTALISME\"}]},{\"@type\":\"WebSite\",\"@id\":\"https:\/\/librairie7l.com\/en\/#website\",\"url\":\"https:\/\/librairie7l.com\/en\/\",\"name\":\"Librairie 7L\",\"description\":\"Librairie fond\u00e9e en 1999 par Karl Lagerfeld \u00e0 Paris\",\"publisher\":{\"@id\":\"https:\/\/librairie7l.com\/en\/#organization\"},\"potentialAction\":[{\"@type\":\"SearchAction\",\"target\":{\"@type\":\"EntryPoint\",\"urlTemplate\":\"https:\/\/librairie7l.com\/en\/?s={search_term_string}\"},\"query-input\":\"required name=search_term_string\"}],\"inLanguage\":\"en-US\"},{\"@type\":\"Organization\",\"@id\":\"https:\/\/librairie7l.com\/en\/#organization\",\"name\":\"Librairie 7L\",\"url\":\"https:\/\/librairie7l.com\/en\/\",\"logo\":{\"@type\":\"ImageObject\",\"inLanguage\":\"en-US\",\"@id\":\"https:\/\/librairie7l.com\/en\/#\/schema\/logo\/image\/\",\"url\":\"https:\/\/librairie7l.com\/wp-content\/uploads\/2022\/08\/logo-1.png\",\"contentUrl\":\"https:\/\/librairie7l.com\/wp-content\/uploads\/2022\/08\/logo-1.png\",\"width\":227,\"height\":301,\"caption\":\"Librairie 7L\"},\"image\":{\"@id\":\"https:\/\/librairie7l.com\/en\/#\/schema\/logo\/image\/\"}}]}<\/script>\n<!-- \/ Yoast SEO plugin. -->","yoast_head_json":{"title":"Le Corbusier et la question du brutalisme - Librairie 7L","robots":{"index":"index","follow":"follow","max-snippet":"max-snippet:-1","max-image-preview":"max-image-preview:large","max-video-preview":"max-video-preview:-1"},"canonical":"https:\/\/librairie7l.com\/en\/produit\/le-corbusier-et-la-question-du-brutalisme-2\/","og_locale":"en_US","og_type":"article","og_title":"Le Corbusier et la question du brutalisme - Librairie 7L","og_description":"Au cours des vingt derni\u00e8res ann\u00e9es de sa carri\u00e8re, Le Corbusier a exp\u00e9riment\u00e9 une nouvelle esth\u00e9tique qui a fortement marqu\u00e9 ses oeuvres ultimes. Sa volont\u00e9 vise alors \u00e0 s&#8217;\u00e9carter de tout acad\u00e9misme en utilisant la forme comme instrument pour inventer une nouvelle \u00e9criture tr\u00e8s vite d\u00e9sign\u00e9e du nom de \u00abbrutalisme\u00bb. Cette orientation se d\u00e9finit comme [&hellip;]","og_url":"https:\/\/librairie7l.com\/en\/produit\/le-corbusier-et-la-question-du-brutalisme-2\/","og_site_name":"Librairie 7L","article_modified_time":"2026-04-22T14:35:53+00:00","og_image":[{"width":600,"height":826,"url":"https:\/\/librairie7l.com\/wp-content\/uploads\/2013\/06\/9782863642849_1_75.jpg","type":"image\/jpeg"}],"twitter_card":"summary_large_image","twitter_misc":{"Est. reading time":"1 minute"},"schema":{"@context":"https:\/\/schema.org","@graph":[{"@type":"WebPage","@id":"https:\/\/librairie7l.com\/en\/produit\/le-corbusier-et-la-question-du-brutalisme-2\/","url":"https:\/\/librairie7l.com\/en\/produit\/le-corbusier-et-la-question-du-brutalisme-2\/","name":"Le Corbusier et la question du brutalisme - Librairie 7L","isPartOf":{"@id":"https:\/\/librairie7l.com\/en\/#website"},"datePublished":"2025-03-12T08:17:58+00:00","dateModified":"2026-04-22T14:35:53+00:00","breadcrumb":{"@id":"https:\/\/librairie7l.com\/en\/produit\/le-corbusier-et-la-question-du-brutalisme-2\/#breadcrumb"},"inLanguage":"en-US","potentialAction":[{"@type":"ReadAction","target":["https:\/\/librairie7l.com\/en\/produit\/le-corbusier-et-la-question-du-brutalisme-2\/"]}]},{"@type":"BreadcrumbList","@id":"https:\/\/librairie7l.com\/en\/produit\/le-corbusier-et-la-question-du-brutalisme-2\/#breadcrumb","itemListElement":[{"@type":"ListItem","position":1,"name":"Accueil","item":"https:\/\/librairie7l.com\/en\/"},{"@type":"ListItem","position":2,"name":"Shop","item":"https:\/\/librairie7l.com\/en\/shop\/"},{"@type":"ListItem","position":3,"name":"LE CORBUSIER ET LA QUESTION DU BRUTALISME"}]},{"@type":"WebSite","@id":"https:\/\/librairie7l.com\/en\/#website","url":"https:\/\/librairie7l.com\/en\/","name":"Librairie 7L","description":"Librairie fond\u00e9e en 1999 par Karl Lagerfeld \u00e0 Paris","publisher":{"@id":"https:\/\/librairie7l.com\/en\/#organization"},"potentialAction":[{"@type":"SearchAction","target":{"@type":"EntryPoint","urlTemplate":"https:\/\/librairie7l.com\/en\/?s={search_term_string}"},"query-input":"required name=search_term_string"}],"inLanguage":"en-US"},{"@type":"Organization","@id":"https:\/\/librairie7l.com\/en\/#organization","name":"Librairie 7L","url":"https:\/\/librairie7l.com\/en\/","logo":{"@type":"ImageObject","inLanguage":"en-US","@id":"https:\/\/librairie7l.com\/en\/#\/schema\/logo\/image\/","url":"https:\/\/librairie7l.com\/wp-content\/uploads\/2022\/08\/logo-1.png","contentUrl":"https:\/\/librairie7l.com\/wp-content\/uploads\/2022\/08\/logo-1.png","width":227,"height":301,"caption":"Librairie 7L"},"image":{"@id":"https:\/\/librairie7l.com\/en\/#\/schema\/logo\/image\/"}}]}},"_links":{"self":[{"href":"https:\/\/librairie7l.com\/en\/wp-json\/wp\/v2\/product\/46715"}],"collection":[{"href":"https:\/\/librairie7l.com\/en\/wp-json\/wp\/v2\/product"}],"about":[{"href":"https:\/\/librairie7l.com\/en\/wp-json\/wp\/v2\/types\/product"}],"wp:featuredmedia":[{"embeddable":true,"href":"https:\/\/librairie7l.com\/en\/wp-json\/wp\/v2\/media\/46713"}],"wp:attachment":[{"href":"https:\/\/librairie7l.com\/en\/wp-json\/wp\/v2\/media?parent=46715"}],"wp:term":[{"taxonomy":"product_cat","embeddable":true,"href":"https:\/\/librairie7l.com\/en\/wp-json\/wp\/v2\/product_cat?post=46715"},{"taxonomy":"product_tag","embeddable":true,"href":"https:\/\/librairie7l.com\/en\/wp-json\/wp\/v2\/product_tag?post=46715"}],"curies":[{"name":"wp","href":"https:\/\/api.w.org\/{rel}","templated":true}]}}