{"id":46729,"date":"2025-03-13T09:18:19","date_gmt":"2025-03-13T08:18:19","guid":{"rendered":"https:\/\/librairie7l.com\/?post_type=product&#038;p=46729"},"modified":"2026-04-17T14:13:33","modified_gmt":"2026-04-17T12:13:33","slug":"le-petit-livre-des-couleurs-2","status":"publish","type":"product","link":"https:\/\/librairie7l.com\/en\/produit\/le-petit-livre-des-couleurs-2\/","title":{"rendered":"LE PETIT LIVRE DES COULEURS"},"content":{"rendered":"<p>Notre monde et notre imaginaire sont habit\u00e9s par les couleurs. Nos actes, nos paroles, nos r\u00eaves et nos achats sont domin\u00e9s par un code implicite, qui est celui dict\u00e9 par les couleurs. Rien n&#8217;est incolore : la r\u00e9alit\u00e9 se voit et se comprend au travers d&#8217;un prisme infini de couleurs. Et ces derni\u00e8res ont une histoire que Michel Pastoureau retrace ici avec brio.<\/p>\n","protected":false},"excerpt":{"rendered":"<p>Notre monde et notre imaginaire sont habit\u00e9s par les couleurs. Nos actes, nos paroles, nos r\u00eaves et nos achats sont domin\u00e9s par un code implicite, qui est celui dict\u00e9 par les couleurs. Rien n&#8217;est incolore : la r\u00e9alit\u00e9 se voit et se comprend au travers d&#8217;un prisme infini de couleurs. Et ces derni\u00e8res ont une [&hellip;]<\/p>\n","protected":false},"featured_media":46727,"template":"","meta":[],"product_cat":[2948,2953],"product_tag":[],"acf":[],"yoast_head":"<!-- This site is optimized with the Yoast SEO plugin v20.11 - https:\/\/yoast.com\/wordpress\/plugins\/seo\/ -->\n<title>Le petit livre des couleurs - Librairie 7L<\/title>\n<meta name=\"robots\" content=\"index, follow, max-snippet:-1, max-image-preview:large, max-video-preview:-1\" \/>\n<link rel=\"canonical\" href=\"https:\/\/librairie7l.com\/en\/produit\/le-petit-livre-des-couleurs-2\/\" \/>\n<meta property=\"og:locale\" content=\"en_US\" \/>\n<meta property=\"og:type\" content=\"article\" \/>\n<meta property=\"og:title\" content=\"Le petit livre des couleurs - Librairie 7L\" \/>\n<meta property=\"og:description\" content=\"Notre monde et notre imaginaire sont habit\u00e9s par les couleurs. Nos actes, nos paroles, nos r\u00eaves et nos achats sont domin\u00e9s par un code implicite, qui est celui dict\u00e9 par les couleurs. Rien n&#8217;est incolore : la r\u00e9alit\u00e9 se voit et se comprend au travers d&#8217;un prisme infini de couleurs. Et ces derni\u00e8res ont une [&hellip;]\" \/>\n<meta property=\"og:url\" content=\"https:\/\/librairie7l.com\/en\/produit\/le-petit-livre-des-couleurs-2\/\" \/>\n<meta property=\"og:site_name\" content=\"Librairie 7L\" \/>\n<meta property=\"article:modified_time\" content=\"2026-04-17T12:13:33+00:00\" \/>\n<meta property=\"og:image\" content=\"https:\/\/librairie7l.com\/wp-content\/uploads\/2013\/11\/9782757841532_1_75.jpg\" \/>\n\t<meta property=\"og:image:width\" content=\"1000\" \/>\n\t<meta property=\"og:image:height\" content=\"1628\" \/>\n\t<meta property=\"og:image:type\" content=\"image\/jpeg\" \/>\n<meta name=\"twitter:card\" content=\"summary_large_image\" \/>\n<script type=\"application\/ld+json\" class=\"yoast-schema-graph\">{\"@context\":\"https:\/\/schema.org\",\"@graph\":[{\"@type\":\"WebPage\",\"@id\":\"https:\/\/librairie7l.com\/en\/produit\/le-petit-livre-des-couleurs-2\/\",\"url\":\"https:\/\/librairie7l.com\/en\/produit\/le-petit-livre-des-couleurs-2\/\",\"name\":\"Le petit livre des couleurs - Librairie 7L\",\"isPartOf\":{\"@id\":\"https:\/\/librairie7l.com\/en\/#website\"},\"datePublished\":\"2025-03-13T08:18:19+00:00\",\"dateModified\":\"2026-04-17T12:13:33+00:00\",\"breadcrumb\":{\"@id\":\"https:\/\/librairie7l.com\/en\/produit\/le-petit-livre-des-couleurs-2\/#breadcrumb\"},\"inLanguage\":\"en-US\",\"potentialAction\":[{\"@type\":\"ReadAction\",\"target\":[\"https:\/\/librairie7l.com\/en\/produit\/le-petit-livre-des-couleurs-2\/\"]}]},{\"@type\":\"BreadcrumbList\",\"@id\":\"https:\/\/librairie7l.com\/en\/produit\/le-petit-livre-des-couleurs-2\/#breadcrumb\",\"itemListElement\":[{\"@type\":\"ListItem\",\"position\":1,\"name\":\"Accueil\",\"item\":\"https:\/\/librairie7l.com\/en\/\"},{\"@type\":\"ListItem\",\"position\":2,\"name\":\"Shop\",\"item\":\"https:\/\/librairie7l.com\/en\/shop\/\"},{\"@type\":\"ListItem\",\"position\":3,\"name\":\"LE PETIT LIVRE DES COULEURS\"}]},{\"@type\":\"WebSite\",\"@id\":\"https:\/\/librairie7l.com\/en\/#website\",\"url\":\"https:\/\/librairie7l.com\/en\/\",\"name\":\"Librairie 7L\",\"description\":\"Librairie fond\u00e9e en 1999 par Karl Lagerfeld \u00e0 Paris\",\"publisher\":{\"@id\":\"https:\/\/librairie7l.com\/en\/#organization\"},\"potentialAction\":[{\"@type\":\"SearchAction\",\"target\":{\"@type\":\"EntryPoint\",\"urlTemplate\":\"https:\/\/librairie7l.com\/en\/?s={search_term_string}\"},\"query-input\":\"required name=search_term_string\"}],\"inLanguage\":\"en-US\"},{\"@type\":\"Organization\",\"@id\":\"https:\/\/librairie7l.com\/en\/#organization\",\"name\":\"Librairie 7L\",\"url\":\"https:\/\/librairie7l.com\/en\/\",\"logo\":{\"@type\":\"ImageObject\",\"inLanguage\":\"en-US\",\"@id\":\"https:\/\/librairie7l.com\/en\/#\/schema\/logo\/image\/\",\"url\":\"https:\/\/librairie7l.com\/wp-content\/uploads\/2022\/08\/logo-1.png\",\"contentUrl\":\"https:\/\/librairie7l.com\/wp-content\/uploads\/2022\/08\/logo-1.png\",\"width\":227,\"height\":301,\"caption\":\"Librairie 7L\"},\"image\":{\"@id\":\"https:\/\/librairie7l.com\/en\/#\/schema\/logo\/image\/\"}}]}<\/script>\n<!-- \/ Yoast SEO plugin. -->","yoast_head_json":{"title":"Le petit livre des couleurs - Librairie 7L","robots":{"index":"index","follow":"follow","max-snippet":"max-snippet:-1","max-image-preview":"max-image-preview:large","max-video-preview":"max-video-preview:-1"},"canonical":"https:\/\/librairie7l.com\/en\/produit\/le-petit-livre-des-couleurs-2\/","og_locale":"en_US","og_type":"article","og_title":"Le petit livre des couleurs - Librairie 7L","og_description":"Notre monde et notre imaginaire sont habit\u00e9s par les couleurs. Nos actes, nos paroles, nos r\u00eaves et nos achats sont domin\u00e9s par un code implicite, qui est celui dict\u00e9 par les couleurs. Rien n&#8217;est incolore : la r\u00e9alit\u00e9 se voit et se comprend au travers d&#8217;un prisme infini de couleurs. Et ces derni\u00e8res ont une [&hellip;]","og_url":"https:\/\/librairie7l.com\/en\/produit\/le-petit-livre-des-couleurs-2\/","og_site_name":"Librairie 7L","article_modified_time":"2026-04-17T12:13:33+00:00","og_image":[{"width":1000,"height":1628,"url":"https:\/\/librairie7l.com\/wp-content\/uploads\/2013\/11\/9782757841532_1_75.jpg","type":"image\/jpeg"}],"twitter_card":"summary_large_image","schema":{"@context":"https:\/\/schema.org","@graph":[{"@type":"WebPage","@id":"https:\/\/librairie7l.com\/en\/produit\/le-petit-livre-des-couleurs-2\/","url":"https:\/\/librairie7l.com\/en\/produit\/le-petit-livre-des-couleurs-2\/","name":"Le petit livre des couleurs - Librairie 7L","isPartOf":{"@id":"https:\/\/librairie7l.com\/en\/#website"},"datePublished":"2025-03-13T08:18:19+00:00","dateModified":"2026-04-17T12:13:33+00:00","breadcrumb":{"@id":"https:\/\/librairie7l.com\/en\/produit\/le-petit-livre-des-couleurs-2\/#breadcrumb"},"inLanguage":"en-US","potentialAction":[{"@type":"ReadAction","target":["https:\/\/librairie7l.com\/en\/produit\/le-petit-livre-des-couleurs-2\/"]}]},{"@type":"BreadcrumbList","@id":"https:\/\/librairie7l.com\/en\/produit\/le-petit-livre-des-couleurs-2\/#breadcrumb","itemListElement":[{"@type":"ListItem","position":1,"name":"Accueil","item":"https:\/\/librairie7l.com\/en\/"},{"@type":"ListItem","position":2,"name":"Shop","item":"https:\/\/librairie7l.com\/en\/shop\/"},{"@type":"ListItem","position":3,"name":"LE PETIT LIVRE DES COULEURS"}]},{"@type":"WebSite","@id":"https:\/\/librairie7l.com\/en\/#website","url":"https:\/\/librairie7l.com\/en\/","name":"Librairie 7L","description":"Librairie fond\u00e9e en 1999 par Karl Lagerfeld \u00e0 Paris","publisher":{"@id":"https:\/\/librairie7l.com\/en\/#organization"},"potentialAction":[{"@type":"SearchAction","target":{"@type":"EntryPoint","urlTemplate":"https:\/\/librairie7l.com\/en\/?s={search_term_string}"},"query-input":"required name=search_term_string"}],"inLanguage":"en-US"},{"@type":"Organization","@id":"https:\/\/librairie7l.com\/en\/#organization","name":"Librairie 7L","url":"https:\/\/librairie7l.com\/en\/","logo":{"@type":"ImageObject","inLanguage":"en-US","@id":"https:\/\/librairie7l.com\/en\/#\/schema\/logo\/image\/","url":"https:\/\/librairie7l.com\/wp-content\/uploads\/2022\/08\/logo-1.png","contentUrl":"https:\/\/librairie7l.com\/wp-content\/uploads\/2022\/08\/logo-1.png","width":227,"height":301,"caption":"Librairie 7L"},"image":{"@id":"https:\/\/librairie7l.com\/en\/#\/schema\/logo\/image\/"}}]}},"_links":{"self":[{"href":"https:\/\/librairie7l.com\/en\/wp-json\/wp\/v2\/product\/46729"}],"collection":[{"href":"https:\/\/librairie7l.com\/en\/wp-json\/wp\/v2\/product"}],"about":[{"href":"https:\/\/librairie7l.com\/en\/wp-json\/wp\/v2\/types\/product"}],"wp:featuredmedia":[{"embeddable":true,"href":"https:\/\/librairie7l.com\/en\/wp-json\/wp\/v2\/media\/46727"}],"wp:attachment":[{"href":"https:\/\/librairie7l.com\/en\/wp-json\/wp\/v2\/media?parent=46729"}],"wp:term":[{"taxonomy":"product_cat","embeddable":true,"href":"https:\/\/librairie7l.com\/en\/wp-json\/wp\/v2\/product_cat?post=46729"},{"taxonomy":"product_tag","embeddable":true,"href":"https:\/\/librairie7l.com\/en\/wp-json\/wp\/v2\/product_tag?post=46729"}],"curies":[{"name":"wp","href":"https:\/\/api.w.org\/{rel}","templated":true}]}}