{"id":46774,"date":"2025-03-13T11:16:43","date_gmt":"2025-03-13T10:16:43","guid":{"rendered":"https:\/\/librairie7l.com\/?post_type=product&#038;p=46774"},"modified":"2026-04-22T16:36:55","modified_gmt":"2026-04-22T14:36:55","slug":"martin-munkacsi-think-while-you-shoot-2","status":"publish","type":"product","link":"https:\/\/librairie7l.com\/en\/produit\/martin-munkacsi-think-while-you-shoot-2\/","title":{"rendered":"MARTIN MUNKACSI : THINK WHILE YOU SHOOT"},"content":{"rendered":"<p>Le volume, d\u00e9di\u00e9 au photographe hongrois Martin Munkacsi (1896-1963), pr\u00e9sente ses clich\u00e9s des sujets sportifs, acteurs, politiciens et sc\u00e8nes de rue en Allemagne et en Hongrie \u00e0 la fin des ann\u00e9es 1920 et 1930, consid\u00e9r\u00e9s comme les porte-parole d&#8217;un nouveau style de libert\u00e9 capable de capturer la vitesse et le mouvement de l&#8217;\u00e8re moderne.<br \/>\nBeaucoup de ces photographies ont \u00e9t\u00e9 publi\u00e9es dans des hebdomadaires allemands, gr\u00e2ce auxquels Munkacsi a cr\u00e9\u00e9 sa propre r\u00e9putation en se consacrant aux reportages, souvent men\u00e9s en des lieux exotiques. \u00c0 partir de 1933, Munkacsi a utilis\u00e9 son style \u00e9nergique principalement dans le cadre de la photographie de mode, en particulier en immortalisant des mannequins faisant de l&#8217;exercice sur la plage.<br \/>\nDes photos enfin r\u00e9unies dans une seule publication, qui ont r\u00e9volutionn\u00e9 la photographie de mode avec leur caract\u00e8re informel et leur grande vitalit\u00e9 consacrant la r\u00e9putation du photographe \u00e0 New York.<\/p>\n","protected":false},"excerpt":{"rendered":"<p>Le volume, d\u00e9di\u00e9 au photographe hongrois Martin Munkacsi (1896-1963), pr\u00e9sente ses clich\u00e9s des sujets sportifs, acteurs, politiciens et sc\u00e8nes de rue en Allemagne et en Hongrie \u00e0 la fin des ann\u00e9es 1920 et 1930, consid\u00e9r\u00e9s comme les porte-parole d&#8217;un nouveau style de libert\u00e9 capable de capturer la vitesse et le mouvement de l&#8217;\u00e8re moderne. Beaucoup [&hellip;]<\/p>\n","protected":false},"featured_media":46772,"template":"","meta":[],"product_cat":[2948,2958],"product_tag":[],"acf":[],"yoast_head":"<!-- This site is optimized with the Yoast SEO plugin v20.11 - https:\/\/yoast.com\/wordpress\/plugins\/seo\/ -->\n<title>Martin Munkacsi : think while you shoot - Librairie 7L<\/title>\n<meta name=\"robots\" content=\"index, follow, max-snippet:-1, max-image-preview:large, max-video-preview:-1\" \/>\n<link rel=\"canonical\" href=\"https:\/\/librairie7l.com\/en\/produit\/martin-munkacsi-think-while-you-shoot-2\/\" \/>\n<meta property=\"og:locale\" content=\"en_US\" \/>\n<meta property=\"og:type\" content=\"article\" \/>\n<meta property=\"og:title\" content=\"Martin Munkacsi : think while you shoot - Librairie 7L\" \/>\n<meta property=\"og:description\" content=\"Le volume, d\u00e9di\u00e9 au photographe hongrois Martin Munkacsi (1896-1963), pr\u00e9sente ses clich\u00e9s des sujets sportifs, acteurs, politiciens et sc\u00e8nes de rue en Allemagne et en Hongrie \u00e0 la fin des ann\u00e9es 1920 et 1930, consid\u00e9r\u00e9s comme les porte-parole d&#8217;un nouveau style de libert\u00e9 capable de capturer la vitesse et le mouvement de l&#8217;\u00e8re moderne. Beaucoup [&hellip;]\" \/>\n<meta property=\"og:url\" content=\"https:\/\/librairie7l.com\/en\/produit\/martin-munkacsi-think-while-you-shoot-2\/\" \/>\n<meta property=\"og:site_name\" content=\"Librairie 7L\" \/>\n<meta property=\"article:modified_time\" content=\"2026-04-22T14:36:55+00:00\" \/>\n<meta property=\"og:image\" content=\"https:\/\/librairie7l.com\/wp-content\/uploads\/2024\/10\/9791255611011_1_75.jpg\" \/>\n\t<meta property=\"og:image:width\" content=\"600\" \/>\n\t<meta property=\"og:image:height\" content=\"730\" \/>\n\t<meta property=\"og:image:type\" content=\"image\/jpeg\" \/>\n<meta name=\"twitter:card\" content=\"summary_large_image\" \/>\n<meta name=\"twitter:label1\" content=\"Est. reading time\" \/>\n\t<meta name=\"twitter:data1\" content=\"1 minute\" \/>\n<script type=\"application\/ld+json\" class=\"yoast-schema-graph\">{\"@context\":\"https:\/\/schema.org\",\"@graph\":[{\"@type\":\"WebPage\",\"@id\":\"https:\/\/librairie7l.com\/en\/produit\/martin-munkacsi-think-while-you-shoot-2\/\",\"url\":\"https:\/\/librairie7l.com\/en\/produit\/martin-munkacsi-think-while-you-shoot-2\/\",\"name\":\"Martin Munkacsi : think while you shoot - Librairie 7L\",\"isPartOf\":{\"@id\":\"https:\/\/librairie7l.com\/en\/#website\"},\"datePublished\":\"2025-03-13T10:16:43+00:00\",\"dateModified\":\"2026-04-22T14:36:55+00:00\",\"breadcrumb\":{\"@id\":\"https:\/\/librairie7l.com\/en\/produit\/martin-munkacsi-think-while-you-shoot-2\/#breadcrumb\"},\"inLanguage\":\"en-US\",\"potentialAction\":[{\"@type\":\"ReadAction\",\"target\":[\"https:\/\/librairie7l.com\/en\/produit\/martin-munkacsi-think-while-you-shoot-2\/\"]}]},{\"@type\":\"BreadcrumbList\",\"@id\":\"https:\/\/librairie7l.com\/en\/produit\/martin-munkacsi-think-while-you-shoot-2\/#breadcrumb\",\"itemListElement\":[{\"@type\":\"ListItem\",\"position\":1,\"name\":\"Accueil\",\"item\":\"https:\/\/librairie7l.com\/en\/\"},{\"@type\":\"ListItem\",\"position\":2,\"name\":\"Shop\",\"item\":\"https:\/\/librairie7l.com\/en\/shop\/\"},{\"@type\":\"ListItem\",\"position\":3,\"name\":\"MARTIN MUNKACSI : THINK WHILE YOU SHOOT\"}]},{\"@type\":\"WebSite\",\"@id\":\"https:\/\/librairie7l.com\/en\/#website\",\"url\":\"https:\/\/librairie7l.com\/en\/\",\"name\":\"Librairie 7L\",\"description\":\"Librairie fond\u00e9e en 1999 par Karl Lagerfeld \u00e0 Paris\",\"publisher\":{\"@id\":\"https:\/\/librairie7l.com\/en\/#organization\"},\"potentialAction\":[{\"@type\":\"SearchAction\",\"target\":{\"@type\":\"EntryPoint\",\"urlTemplate\":\"https:\/\/librairie7l.com\/en\/?s={search_term_string}\"},\"query-input\":\"required name=search_term_string\"}],\"inLanguage\":\"en-US\"},{\"@type\":\"Organization\",\"@id\":\"https:\/\/librairie7l.com\/en\/#organization\",\"name\":\"Librairie 7L\",\"url\":\"https:\/\/librairie7l.com\/en\/\",\"logo\":{\"@type\":\"ImageObject\",\"inLanguage\":\"en-US\",\"@id\":\"https:\/\/librairie7l.com\/en\/#\/schema\/logo\/image\/\",\"url\":\"https:\/\/librairie7l.com\/wp-content\/uploads\/2022\/08\/logo-1.png\",\"contentUrl\":\"https:\/\/librairie7l.com\/wp-content\/uploads\/2022\/08\/logo-1.png\",\"width\":227,\"height\":301,\"caption\":\"Librairie 7L\"},\"image\":{\"@id\":\"https:\/\/librairie7l.com\/en\/#\/schema\/logo\/image\/\"}}]}<\/script>\n<!-- \/ Yoast SEO plugin. -->","yoast_head_json":{"title":"Martin Munkacsi : think while you shoot - Librairie 7L","robots":{"index":"index","follow":"follow","max-snippet":"max-snippet:-1","max-image-preview":"max-image-preview:large","max-video-preview":"max-video-preview:-1"},"canonical":"https:\/\/librairie7l.com\/en\/produit\/martin-munkacsi-think-while-you-shoot-2\/","og_locale":"en_US","og_type":"article","og_title":"Martin Munkacsi : think while you shoot - Librairie 7L","og_description":"Le volume, d\u00e9di\u00e9 au photographe hongrois Martin Munkacsi (1896-1963), pr\u00e9sente ses clich\u00e9s des sujets sportifs, acteurs, politiciens et sc\u00e8nes de rue en Allemagne et en Hongrie \u00e0 la fin des ann\u00e9es 1920 et 1930, consid\u00e9r\u00e9s comme les porte-parole d&#8217;un nouveau style de libert\u00e9 capable de capturer la vitesse et le mouvement de l&#8217;\u00e8re moderne. Beaucoup [&hellip;]","og_url":"https:\/\/librairie7l.com\/en\/produit\/martin-munkacsi-think-while-you-shoot-2\/","og_site_name":"Librairie 7L","article_modified_time":"2026-04-22T14:36:55+00:00","og_image":[{"width":600,"height":730,"url":"https:\/\/librairie7l.com\/wp-content\/uploads\/2024\/10\/9791255611011_1_75.jpg","type":"image\/jpeg"}],"twitter_card":"summary_large_image","twitter_misc":{"Est. reading time":"1 minute"},"schema":{"@context":"https:\/\/schema.org","@graph":[{"@type":"WebPage","@id":"https:\/\/librairie7l.com\/en\/produit\/martin-munkacsi-think-while-you-shoot-2\/","url":"https:\/\/librairie7l.com\/en\/produit\/martin-munkacsi-think-while-you-shoot-2\/","name":"Martin Munkacsi : think while you shoot - Librairie 7L","isPartOf":{"@id":"https:\/\/librairie7l.com\/en\/#website"},"datePublished":"2025-03-13T10:16:43+00:00","dateModified":"2026-04-22T14:36:55+00:00","breadcrumb":{"@id":"https:\/\/librairie7l.com\/en\/produit\/martin-munkacsi-think-while-you-shoot-2\/#breadcrumb"},"inLanguage":"en-US","potentialAction":[{"@type":"ReadAction","target":["https:\/\/librairie7l.com\/en\/produit\/martin-munkacsi-think-while-you-shoot-2\/"]}]},{"@type":"BreadcrumbList","@id":"https:\/\/librairie7l.com\/en\/produit\/martin-munkacsi-think-while-you-shoot-2\/#breadcrumb","itemListElement":[{"@type":"ListItem","position":1,"name":"Accueil","item":"https:\/\/librairie7l.com\/en\/"},{"@type":"ListItem","position":2,"name":"Shop","item":"https:\/\/librairie7l.com\/en\/shop\/"},{"@type":"ListItem","position":3,"name":"MARTIN MUNKACSI : THINK WHILE YOU SHOOT"}]},{"@type":"WebSite","@id":"https:\/\/librairie7l.com\/en\/#website","url":"https:\/\/librairie7l.com\/en\/","name":"Librairie 7L","description":"Librairie fond\u00e9e en 1999 par Karl Lagerfeld \u00e0 Paris","publisher":{"@id":"https:\/\/librairie7l.com\/en\/#organization"},"potentialAction":[{"@type":"SearchAction","target":{"@type":"EntryPoint","urlTemplate":"https:\/\/librairie7l.com\/en\/?s={search_term_string}"},"query-input":"required name=search_term_string"}],"inLanguage":"en-US"},{"@type":"Organization","@id":"https:\/\/librairie7l.com\/en\/#organization","name":"Librairie 7L","url":"https:\/\/librairie7l.com\/en\/","logo":{"@type":"ImageObject","inLanguage":"en-US","@id":"https:\/\/librairie7l.com\/en\/#\/schema\/logo\/image\/","url":"https:\/\/librairie7l.com\/wp-content\/uploads\/2022\/08\/logo-1.png","contentUrl":"https:\/\/librairie7l.com\/wp-content\/uploads\/2022\/08\/logo-1.png","width":227,"height":301,"caption":"Librairie 7L"},"image":{"@id":"https:\/\/librairie7l.com\/en\/#\/schema\/logo\/image\/"}}]}},"_links":{"self":[{"href":"https:\/\/librairie7l.com\/en\/wp-json\/wp\/v2\/product\/46774"}],"collection":[{"href":"https:\/\/librairie7l.com\/en\/wp-json\/wp\/v2\/product"}],"about":[{"href":"https:\/\/librairie7l.com\/en\/wp-json\/wp\/v2\/types\/product"}],"wp:featuredmedia":[{"embeddable":true,"href":"https:\/\/librairie7l.com\/en\/wp-json\/wp\/v2\/media\/46772"}],"wp:attachment":[{"href":"https:\/\/librairie7l.com\/en\/wp-json\/wp\/v2\/media?parent=46774"}],"wp:term":[{"taxonomy":"product_cat","embeddable":true,"href":"https:\/\/librairie7l.com\/en\/wp-json\/wp\/v2\/product_cat?post=46774"},{"taxonomy":"product_tag","embeddable":true,"href":"https:\/\/librairie7l.com\/en\/wp-json\/wp\/v2\/product_tag?post=46774"}],"curies":[{"name":"wp","href":"https:\/\/api.w.org\/{rel}","templated":true}]}}