{"id":46780,"date":"2025-03-13T11:16:49","date_gmt":"2025-03-13T10:16:49","guid":{"rendered":"https:\/\/librairie7l.com\/?post_type=product&#038;p=46780"},"modified":"2026-04-14T09:13:25","modified_gmt":"2026-04-14T07:13:25","slug":"corps-et-ames-2","status":"publish","type":"product","link":"https:\/\/librairie7l.com\/en\/produit\/corps-et-ames-2\/","title":{"rendered":"CORPS ET \u00c2MES"},"content":{"rendered":"<p>Avec des oeuvres de Georg Baselitz, Ali Cherri, Arthur Jafa, Duane Hanson, Philip Guston, Lynette Yiadom-Boakye, Kerry James Marshall, Marlene Dumas, Auguste Rodin, Cecil BeatonRichard Avedon, Diane Arbus, David Hammons, Antonio Oba, Mira Schor, Kudzanai-Violet Hwami, Michael Armitage, Richard Avedon&#8230;<br \/>\nD&#8217;Auguste Rodin \u00e0 Duane Hanson, de Georg Baselitz \u00e0 Michael Armitage, d&#8217;Ana Mendieta \u00e0 Miriam Cahn, de Philip Guston \u00e0 Marlene Dumas, de David Hammons \u00e0 Kerry James Marshall, de Kudzanai-Violet Hwami \u00e0 Mira Schor, d&#8217;Arthur Jafa \u00e0 Deana Lawson, l&#8217;exposition \u00ab Corps et \u00e2mes \u00bb sonde, \u00e0 travers les oeuvres d&#8217;une vingtaine d&#8217;artistes de la Collection Pinault, la pr\u00e9gnance du corps dans la pens\u00e9e contemporaine. Dans les courbes matricielles de la Bourse de Commerce, ces corps forment une chor\u00e9graphie, une ronde d\u00e9multipli\u00e9e. \u00c0 l&#8217;image de Ceremony of Us de la chor\u00e9graphe am\u00e9ricaine Anna Halprin en 1969, pi\u00e8ce con\u00e7ue apr\u00e8s les \u00e9meutes raciales aux \u00c9tats-Unis o\u00f9, pour la premi\u00e8re fois, les corps noirs comme les corps blancs dansaient ensemble, ce parcours \u00e0 travers la Collection Pinault invite le visiteur-spectateur \u00e0 retrouver \u00e0 son tour, selon les mots de Jacques Ranci\u00e8re, la \u00ab possession de ses \u00e9nergies vitales int\u00e9grales \u00bb.<br \/>\nLib\u00e9r\u00e9 de tout carcan mim\u00e9tique, le corps, qu&#8217;il soit photographi\u00e9, sculpt\u00e9, dessin\u00e9, film\u00e9 ou peint, ne cesse de se r\u00e9inventer conf\u00e9rant \u00e0 l&#8217;art une organicit\u00e9 essentielle lui permettant, tel un cordon ombilical, de prendre le pouls de l&#8217;\u00e2me humaine. L&#8217;art se saisit des \u00e9nergies, des flux vitaux de la pens\u00e9e et de la vie int\u00e9rieure, pour inviter \u00e0 une exp\u00e9rience sensible et humaniste de l&#8217;alt\u00e9rit\u00e9. Les formes se m\u00e9tamorphosent, s&#8217;affranchissent de la figuration pour se saisir, retenir et laisser affleurer l&#8217;\u00e2me et la conscience. Il ne s&#8217;agit plus seulement de peindre des corps mais d&#8217;incarner les forces qui les traversent, de rendre visible ce qui est enfoui, invisible, d&#8217;\u00e9clairer les ombres de l&#8217;histoire &#8211; notamment celles de l&#8217;h\u00e9ritage colonial, du d\u00e9racinement, de l&#8217;exil.<br \/>\nOutre des essais th\u00e9matiques d\u00e9veloppant le propos de l&#8217;exposition, des notices viennent mettre en lumi\u00e8re les oeuvres richement reproduites dans le catalogue.<\/p>\n","protected":false},"excerpt":{"rendered":"<p>Avec des oeuvres de Georg Baselitz, Ali Cherri, Arthur Jafa, Duane Hanson, Philip Guston, Lynette Yiadom-Boakye, Kerry James Marshall, Marlene Dumas, Auguste Rodin, Cecil BeatonRichard Avedon, Diane Arbus, David Hammons, Antonio Oba, Mira Schor, Kudzanai-Violet Hwami, Michael Armitage, Richard Avedon&#8230; D&#8217;Auguste Rodin \u00e0 Duane Hanson, de Georg Baselitz \u00e0 Michael Armitage, d&#8217;Ana Mendieta \u00e0 Miriam [&hellip;]<\/p>\n","protected":false},"featured_media":55704,"template":"","meta":[],"product_cat":[2948,2953],"product_tag":[],"acf":[],"yoast_head":"<!-- This site is optimized with the Yoast SEO plugin v20.11 - https:\/\/yoast.com\/wordpress\/plugins\/seo\/ -->\n<title>Corps et \u00e2mes - Librairie 7L<\/title>\n<meta name=\"robots\" content=\"index, follow, max-snippet:-1, max-image-preview:large, max-video-preview:-1\" \/>\n<link rel=\"canonical\" href=\"https:\/\/librairie7l.com\/en\/produit\/corps-et-ames-2\/\" \/>\n<meta property=\"og:locale\" content=\"en_US\" \/>\n<meta property=\"og:type\" content=\"article\" \/>\n<meta property=\"og:title\" content=\"Corps et \u00e2mes - Librairie 7L\" \/>\n<meta property=\"og:description\" content=\"Avec des oeuvres de Georg Baselitz, Ali Cherri, Arthur Jafa, Duane Hanson, Philip Guston, Lynette Yiadom-Boakye, Kerry James Marshall, Marlene Dumas, Auguste Rodin, Cecil BeatonRichard Avedon, Diane Arbus, David Hammons, Antonio Oba, Mira Schor, Kudzanai-Violet Hwami, Michael Armitage, Richard Avedon&#8230; D&#8217;Auguste Rodin \u00e0 Duane Hanson, de Georg Baselitz \u00e0 Michael Armitage, d&#8217;Ana Mendieta \u00e0 Miriam [&hellip;]\" \/>\n<meta property=\"og:url\" content=\"https:\/\/librairie7l.com\/en\/produit\/corps-et-ames-2\/\" \/>\n<meta property=\"og:site_name\" content=\"Librairie 7L\" \/>\n<meta property=\"article:modified_time\" content=\"2026-04-14T07:13:25+00:00\" \/>\n<meta name=\"twitter:card\" content=\"summary_large_image\" \/>\n<meta name=\"twitter:label1\" content=\"Est. reading time\" \/>\n\t<meta name=\"twitter:data1\" content=\"2 minutes\" \/>\n<script type=\"application\/ld+json\" class=\"yoast-schema-graph\">{\"@context\":\"https:\/\/schema.org\",\"@graph\":[{\"@type\":\"WebPage\",\"@id\":\"https:\/\/librairie7l.com\/en\/produit\/corps-et-ames-2\/\",\"url\":\"https:\/\/librairie7l.com\/en\/produit\/corps-et-ames-2\/\",\"name\":\"Corps et \u00e2mes - Librairie 7L\",\"isPartOf\":{\"@id\":\"https:\/\/librairie7l.com\/en\/#website\"},\"datePublished\":\"2025-03-13T10:16:49+00:00\",\"dateModified\":\"2026-04-14T07:13:25+00:00\",\"breadcrumb\":{\"@id\":\"https:\/\/librairie7l.com\/en\/produit\/corps-et-ames-2\/#breadcrumb\"},\"inLanguage\":\"en-US\",\"potentialAction\":[{\"@type\":\"ReadAction\",\"target\":[\"https:\/\/librairie7l.com\/en\/produit\/corps-et-ames-2\/\"]}]},{\"@type\":\"BreadcrumbList\",\"@id\":\"https:\/\/librairie7l.com\/en\/produit\/corps-et-ames-2\/#breadcrumb\",\"itemListElement\":[{\"@type\":\"ListItem\",\"position\":1,\"name\":\"Accueil\",\"item\":\"https:\/\/librairie7l.com\/en\/\"},{\"@type\":\"ListItem\",\"position\":2,\"name\":\"Shop\",\"item\":\"https:\/\/librairie7l.com\/en\/shop\/\"},{\"@type\":\"ListItem\",\"position\":3,\"name\":\"CORPS ET \u00c2MES\"}]},{\"@type\":\"WebSite\",\"@id\":\"https:\/\/librairie7l.com\/en\/#website\",\"url\":\"https:\/\/librairie7l.com\/en\/\",\"name\":\"Librairie 7L\",\"description\":\"Librairie fond\u00e9e en 1999 par Karl Lagerfeld \u00e0 Paris\",\"publisher\":{\"@id\":\"https:\/\/librairie7l.com\/en\/#organization\"},\"potentialAction\":[{\"@type\":\"SearchAction\",\"target\":{\"@type\":\"EntryPoint\",\"urlTemplate\":\"https:\/\/librairie7l.com\/en\/?s={search_term_string}\"},\"query-input\":\"required name=search_term_string\"}],\"inLanguage\":\"en-US\"},{\"@type\":\"Organization\",\"@id\":\"https:\/\/librairie7l.com\/en\/#organization\",\"name\":\"Librairie 7L\",\"url\":\"https:\/\/librairie7l.com\/en\/\",\"logo\":{\"@type\":\"ImageObject\",\"inLanguage\":\"en-US\",\"@id\":\"https:\/\/librairie7l.com\/en\/#\/schema\/logo\/image\/\",\"url\":\"https:\/\/librairie7l.com\/wp-content\/uploads\/2022\/08\/logo-1.png\",\"contentUrl\":\"https:\/\/librairie7l.com\/wp-content\/uploads\/2022\/08\/logo-1.png\",\"width\":227,\"height\":301,\"caption\":\"Librairie 7L\"},\"image\":{\"@id\":\"https:\/\/librairie7l.com\/en\/#\/schema\/logo\/image\/\"}}]}<\/script>\n<!-- \/ Yoast SEO plugin. -->","yoast_head_json":{"title":"Corps et \u00e2mes - Librairie 7L","robots":{"index":"index","follow":"follow","max-snippet":"max-snippet:-1","max-image-preview":"max-image-preview:large","max-video-preview":"max-video-preview:-1"},"canonical":"https:\/\/librairie7l.com\/en\/produit\/corps-et-ames-2\/","og_locale":"en_US","og_type":"article","og_title":"Corps et \u00e2mes - Librairie 7L","og_description":"Avec des oeuvres de Georg Baselitz, Ali Cherri, Arthur Jafa, Duane Hanson, Philip Guston, Lynette Yiadom-Boakye, Kerry James Marshall, Marlene Dumas, Auguste Rodin, Cecil BeatonRichard Avedon, Diane Arbus, David Hammons, Antonio Oba, Mira Schor, Kudzanai-Violet Hwami, Michael Armitage, Richard Avedon&#8230; D&#8217;Auguste Rodin \u00e0 Duane Hanson, de Georg Baselitz \u00e0 Michael Armitage, d&#8217;Ana Mendieta \u00e0 Miriam [&hellip;]","og_url":"https:\/\/librairie7l.com\/en\/produit\/corps-et-ames-2\/","og_site_name":"Librairie 7L","article_modified_time":"2026-04-14T07:13:25+00:00","twitter_card":"summary_large_image","twitter_misc":{"Est. reading time":"2 minutes"},"schema":{"@context":"https:\/\/schema.org","@graph":[{"@type":"WebPage","@id":"https:\/\/librairie7l.com\/en\/produit\/corps-et-ames-2\/","url":"https:\/\/librairie7l.com\/en\/produit\/corps-et-ames-2\/","name":"Corps et \u00e2mes - Librairie 7L","isPartOf":{"@id":"https:\/\/librairie7l.com\/en\/#website"},"datePublished":"2025-03-13T10:16:49+00:00","dateModified":"2026-04-14T07:13:25+00:00","breadcrumb":{"@id":"https:\/\/librairie7l.com\/en\/produit\/corps-et-ames-2\/#breadcrumb"},"inLanguage":"en-US","potentialAction":[{"@type":"ReadAction","target":["https:\/\/librairie7l.com\/en\/produit\/corps-et-ames-2\/"]}]},{"@type":"BreadcrumbList","@id":"https:\/\/librairie7l.com\/en\/produit\/corps-et-ames-2\/#breadcrumb","itemListElement":[{"@type":"ListItem","position":1,"name":"Accueil","item":"https:\/\/librairie7l.com\/en\/"},{"@type":"ListItem","position":2,"name":"Shop","item":"https:\/\/librairie7l.com\/en\/shop\/"},{"@type":"ListItem","position":3,"name":"CORPS ET \u00c2MES"}]},{"@type":"WebSite","@id":"https:\/\/librairie7l.com\/en\/#website","url":"https:\/\/librairie7l.com\/en\/","name":"Librairie 7L","description":"Librairie fond\u00e9e en 1999 par Karl Lagerfeld \u00e0 Paris","publisher":{"@id":"https:\/\/librairie7l.com\/en\/#organization"},"potentialAction":[{"@type":"SearchAction","target":{"@type":"EntryPoint","urlTemplate":"https:\/\/librairie7l.com\/en\/?s={search_term_string}"},"query-input":"required name=search_term_string"}],"inLanguage":"en-US"},{"@type":"Organization","@id":"https:\/\/librairie7l.com\/en\/#organization","name":"Librairie 7L","url":"https:\/\/librairie7l.com\/en\/","logo":{"@type":"ImageObject","inLanguage":"en-US","@id":"https:\/\/librairie7l.com\/en\/#\/schema\/logo\/image\/","url":"https:\/\/librairie7l.com\/wp-content\/uploads\/2022\/08\/logo-1.png","contentUrl":"https:\/\/librairie7l.com\/wp-content\/uploads\/2022\/08\/logo-1.png","width":227,"height":301,"caption":"Librairie 7L"},"image":{"@id":"https:\/\/librairie7l.com\/en\/#\/schema\/logo\/image\/"}}]}},"_links":{"self":[{"href":"https:\/\/librairie7l.com\/en\/wp-json\/wp\/v2\/product\/46780"}],"collection":[{"href":"https:\/\/librairie7l.com\/en\/wp-json\/wp\/v2\/product"}],"about":[{"href":"https:\/\/librairie7l.com\/en\/wp-json\/wp\/v2\/types\/product"}],"wp:featuredmedia":[{"embeddable":true,"href":"https:\/\/librairie7l.com\/en\/wp-json\/wp\/v2\/media\/55704"}],"wp:attachment":[{"href":"https:\/\/librairie7l.com\/en\/wp-json\/wp\/v2\/media?parent=46780"}],"wp:term":[{"taxonomy":"product_cat","embeddable":true,"href":"https:\/\/librairie7l.com\/en\/wp-json\/wp\/v2\/product_cat?post=46780"},{"taxonomy":"product_tag","embeddable":true,"href":"https:\/\/librairie7l.com\/en\/wp-json\/wp\/v2\/product_tag?post=46780"}],"curies":[{"name":"wp","href":"https:\/\/api.w.org\/{rel}","templated":true}]}}