{"id":46784,"date":"2025-03-13T11:16:53","date_gmt":"2025-03-13T10:16:53","guid":{"rendered":"https:\/\/librairie7l.com\/?post_type=product&#038;p=46784"},"modified":"2026-04-04T17:39:02","modified_gmt":"2026-04-04T15:39:02","slug":"beautiful-people-saint-laurent-lagerfeld-splendeurs-et-miseres-de-la-mode-2","status":"publish","type":"product","link":"https:\/\/librairie7l.com\/en\/produit\/beautiful-people-saint-laurent-lagerfeld-splendeurs-et-miseres-de-la-mode-2\/","title":{"rendered":"BEAUTIFUL PEOPLE ; SAINT LAURENT, LAGERFELD : SPLENDEURS ET MIS\u00c8RES DE LA MODE"},"content":{"rendered":"<p>En 1954, le concours du Secr\u00e9tariat international de la laine couronne deux jeunes inconnus : Yves Saint Laurent, dix-huit ans, et Kart Lagerfeld, vingt et un ans.<br \/>\nTous deux vont bouleverser l&#8217;univers compass\u00e9 de la mode et sculpter les ann\u00e9es 70 et 80. Bals costum\u00e9s, nightclubbing d\u00e9lirant, cr\u00e9ativit\u00e9 explosive marquent \u00e0 jamais ces d\u00e9cennies prodigieuses. Bient\u00f4t le sida fera des ravages, la mode deviendra une industrie&#8230; A travers une enqu\u00eate exceptionnelle, Alicia Drake livre le portrait crois\u00e9 de deux fr\u00e8res ennemis aussi charismatiques qu&#8217;\u00e9nigmatiques. Elle offre ainsi la chronique incisive d&#8217;un moment singulier de notre histoire &#8211; ses obsessions, ses ambitions, sa flamboyante d\u00e9cadence.<\/p>\n","protected":false},"excerpt":{"rendered":"<p>En 1954, le concours du Secr\u00e9tariat international de la laine couronne deux jeunes inconnus : Yves Saint Laurent, dix-huit ans, et Kart Lagerfeld, vingt et un ans. Tous deux vont bouleverser l&#8217;univers compass\u00e9 de la mode et sculpter les ann\u00e9es 70 et 80. Bals costum\u00e9s, nightclubbing d\u00e9lirant, cr\u00e9ativit\u00e9 explosive marquent \u00e0 jamais ces d\u00e9cennies prodigieuses. [&hellip;]<\/p>\n","protected":false},"featured_media":46782,"template":"","meta":[],"product_cat":[2948,2957],"product_tag":[],"acf":[],"yoast_head":"<!-- This site is optimized with the Yoast SEO plugin v20.11 - https:\/\/yoast.com\/wordpress\/plugins\/seo\/ -->\n<title>Beautiful people ; Saint laurent, Lagerfeld : splendeurs et mis\u00e8res de la mode - Librairie 7L<\/title>\n<meta name=\"robots\" content=\"index, follow, max-snippet:-1, max-image-preview:large, max-video-preview:-1\" \/>\n<link rel=\"canonical\" href=\"https:\/\/librairie7l.com\/en\/produit\/beautiful-people-saint-laurent-lagerfeld-splendeurs-et-miseres-de-la-mode-2\/\" \/>\n<meta property=\"og:locale\" content=\"en_US\" \/>\n<meta property=\"og:type\" content=\"article\" \/>\n<meta property=\"og:title\" content=\"Beautiful people ; Saint laurent, Lagerfeld : splendeurs et mis\u00e8res de la mode - Librairie 7L\" \/>\n<meta property=\"og:description\" content=\"En 1954, le concours du Secr\u00e9tariat international de la laine couronne deux jeunes inconnus : Yves Saint Laurent, dix-huit ans, et Kart Lagerfeld, vingt et un ans. Tous deux vont bouleverser l&#8217;univers compass\u00e9 de la mode et sculpter les ann\u00e9es 70 et 80. Bals costum\u00e9s, nightclubbing d\u00e9lirant, cr\u00e9ativit\u00e9 explosive marquent \u00e0 jamais ces d\u00e9cennies prodigieuses. [&hellip;]\" \/>\n<meta property=\"og:url\" content=\"https:\/\/librairie7l.com\/en\/produit\/beautiful-people-saint-laurent-lagerfeld-splendeurs-et-miseres-de-la-mode-2\/\" \/>\n<meta property=\"og:site_name\" content=\"Librairie 7L\" \/>\n<meta property=\"article:modified_time\" content=\"2026-04-04T15:39:02+00:00\" \/>\n<meta property=\"og:image\" content=\"https:\/\/librairie7l.com\/wp-content\/uploads\/2009\/07\/9782070402595_1_75.jpg\" \/>\n\t<meta property=\"og:image:width\" content=\"600\" \/>\n\t<meta property=\"og:image:height\" content=\"988\" \/>\n\t<meta property=\"og:image:type\" content=\"image\/jpeg\" \/>\n<meta name=\"twitter:card\" content=\"summary_large_image\" \/>\n<meta name=\"twitter:label1\" content=\"Est. reading time\" \/>\n\t<meta name=\"twitter:data1\" content=\"1 minute\" \/>\n<script type=\"application\/ld+json\" class=\"yoast-schema-graph\">{\"@context\":\"https:\/\/schema.org\",\"@graph\":[{\"@type\":\"WebPage\",\"@id\":\"https:\/\/librairie7l.com\/en\/produit\/beautiful-people-saint-laurent-lagerfeld-splendeurs-et-miseres-de-la-mode-2\/\",\"url\":\"https:\/\/librairie7l.com\/en\/produit\/beautiful-people-saint-laurent-lagerfeld-splendeurs-et-miseres-de-la-mode-2\/\",\"name\":\"Beautiful people ; Saint laurent, Lagerfeld : splendeurs et mis\u00e8res de la mode - Librairie 7L\",\"isPartOf\":{\"@id\":\"https:\/\/librairie7l.com\/en\/#website\"},\"datePublished\":\"2025-03-13T10:16:53+00:00\",\"dateModified\":\"2026-04-04T15:39:02+00:00\",\"breadcrumb\":{\"@id\":\"https:\/\/librairie7l.com\/en\/produit\/beautiful-people-saint-laurent-lagerfeld-splendeurs-et-miseres-de-la-mode-2\/#breadcrumb\"},\"inLanguage\":\"en-US\",\"potentialAction\":[{\"@type\":\"ReadAction\",\"target\":[\"https:\/\/librairie7l.com\/en\/produit\/beautiful-people-saint-laurent-lagerfeld-splendeurs-et-miseres-de-la-mode-2\/\"]}]},{\"@type\":\"BreadcrumbList\",\"@id\":\"https:\/\/librairie7l.com\/en\/produit\/beautiful-people-saint-laurent-lagerfeld-splendeurs-et-miseres-de-la-mode-2\/#breadcrumb\",\"itemListElement\":[{\"@type\":\"ListItem\",\"position\":1,\"name\":\"Accueil\",\"item\":\"https:\/\/librairie7l.com\/en\/\"},{\"@type\":\"ListItem\",\"position\":2,\"name\":\"Shop\",\"item\":\"https:\/\/librairie7l.com\/en\/shop\/\"},{\"@type\":\"ListItem\",\"position\":3,\"name\":\"BEAUTIFUL PEOPLE ; SAINT LAURENT, LAGERFELD : SPLENDEURS ET MIS\u00c8RES DE LA MODE\"}]},{\"@type\":\"WebSite\",\"@id\":\"https:\/\/librairie7l.com\/en\/#website\",\"url\":\"https:\/\/librairie7l.com\/en\/\",\"name\":\"Librairie 7L\",\"description\":\"Librairie fond\u00e9e en 1999 par Karl Lagerfeld \u00e0 Paris\",\"publisher\":{\"@id\":\"https:\/\/librairie7l.com\/en\/#organization\"},\"potentialAction\":[{\"@type\":\"SearchAction\",\"target\":{\"@type\":\"EntryPoint\",\"urlTemplate\":\"https:\/\/librairie7l.com\/en\/?s={search_term_string}\"},\"query-input\":\"required name=search_term_string\"}],\"inLanguage\":\"en-US\"},{\"@type\":\"Organization\",\"@id\":\"https:\/\/librairie7l.com\/en\/#organization\",\"name\":\"Librairie 7L\",\"url\":\"https:\/\/librairie7l.com\/en\/\",\"logo\":{\"@type\":\"ImageObject\",\"inLanguage\":\"en-US\",\"@id\":\"https:\/\/librairie7l.com\/en\/#\/schema\/logo\/image\/\",\"url\":\"https:\/\/librairie7l.com\/wp-content\/uploads\/2022\/08\/logo-1.png\",\"contentUrl\":\"https:\/\/librairie7l.com\/wp-content\/uploads\/2022\/08\/logo-1.png\",\"width\":227,\"height\":301,\"caption\":\"Librairie 7L\"},\"image\":{\"@id\":\"https:\/\/librairie7l.com\/en\/#\/schema\/logo\/image\/\"}}]}<\/script>\n<!-- \/ Yoast SEO plugin. -->","yoast_head_json":{"title":"Beautiful people ; Saint laurent, Lagerfeld : splendeurs et mis\u00e8res de la mode - Librairie 7L","robots":{"index":"index","follow":"follow","max-snippet":"max-snippet:-1","max-image-preview":"max-image-preview:large","max-video-preview":"max-video-preview:-1"},"canonical":"https:\/\/librairie7l.com\/en\/produit\/beautiful-people-saint-laurent-lagerfeld-splendeurs-et-miseres-de-la-mode-2\/","og_locale":"en_US","og_type":"article","og_title":"Beautiful people ; Saint laurent, Lagerfeld : splendeurs et mis\u00e8res de la mode - Librairie 7L","og_description":"En 1954, le concours du Secr\u00e9tariat international de la laine couronne deux jeunes inconnus : Yves Saint Laurent, dix-huit ans, et Kart Lagerfeld, vingt et un ans. Tous deux vont bouleverser l&#8217;univers compass\u00e9 de la mode et sculpter les ann\u00e9es 70 et 80. Bals costum\u00e9s, nightclubbing d\u00e9lirant, cr\u00e9ativit\u00e9 explosive marquent \u00e0 jamais ces d\u00e9cennies prodigieuses. [&hellip;]","og_url":"https:\/\/librairie7l.com\/en\/produit\/beautiful-people-saint-laurent-lagerfeld-splendeurs-et-miseres-de-la-mode-2\/","og_site_name":"Librairie 7L","article_modified_time":"2026-04-04T15:39:02+00:00","og_image":[{"width":600,"height":988,"url":"https:\/\/librairie7l.com\/wp-content\/uploads\/2009\/07\/9782070402595_1_75.jpg","type":"image\/jpeg"}],"twitter_card":"summary_large_image","twitter_misc":{"Est. reading time":"1 minute"},"schema":{"@context":"https:\/\/schema.org","@graph":[{"@type":"WebPage","@id":"https:\/\/librairie7l.com\/en\/produit\/beautiful-people-saint-laurent-lagerfeld-splendeurs-et-miseres-de-la-mode-2\/","url":"https:\/\/librairie7l.com\/en\/produit\/beautiful-people-saint-laurent-lagerfeld-splendeurs-et-miseres-de-la-mode-2\/","name":"Beautiful people ; Saint laurent, Lagerfeld : splendeurs et mis\u00e8res de la mode - Librairie 7L","isPartOf":{"@id":"https:\/\/librairie7l.com\/en\/#website"},"datePublished":"2025-03-13T10:16:53+00:00","dateModified":"2026-04-04T15:39:02+00:00","breadcrumb":{"@id":"https:\/\/librairie7l.com\/en\/produit\/beautiful-people-saint-laurent-lagerfeld-splendeurs-et-miseres-de-la-mode-2\/#breadcrumb"},"inLanguage":"en-US","potentialAction":[{"@type":"ReadAction","target":["https:\/\/librairie7l.com\/en\/produit\/beautiful-people-saint-laurent-lagerfeld-splendeurs-et-miseres-de-la-mode-2\/"]}]},{"@type":"BreadcrumbList","@id":"https:\/\/librairie7l.com\/en\/produit\/beautiful-people-saint-laurent-lagerfeld-splendeurs-et-miseres-de-la-mode-2\/#breadcrumb","itemListElement":[{"@type":"ListItem","position":1,"name":"Accueil","item":"https:\/\/librairie7l.com\/en\/"},{"@type":"ListItem","position":2,"name":"Shop","item":"https:\/\/librairie7l.com\/en\/shop\/"},{"@type":"ListItem","position":3,"name":"BEAUTIFUL PEOPLE ; SAINT LAURENT, LAGERFELD : SPLENDEURS ET MIS\u00c8RES DE LA MODE"}]},{"@type":"WebSite","@id":"https:\/\/librairie7l.com\/en\/#website","url":"https:\/\/librairie7l.com\/en\/","name":"Librairie 7L","description":"Librairie fond\u00e9e en 1999 par Karl Lagerfeld \u00e0 Paris","publisher":{"@id":"https:\/\/librairie7l.com\/en\/#organization"},"potentialAction":[{"@type":"SearchAction","target":{"@type":"EntryPoint","urlTemplate":"https:\/\/librairie7l.com\/en\/?s={search_term_string}"},"query-input":"required name=search_term_string"}],"inLanguage":"en-US"},{"@type":"Organization","@id":"https:\/\/librairie7l.com\/en\/#organization","name":"Librairie 7L","url":"https:\/\/librairie7l.com\/en\/","logo":{"@type":"ImageObject","inLanguage":"en-US","@id":"https:\/\/librairie7l.com\/en\/#\/schema\/logo\/image\/","url":"https:\/\/librairie7l.com\/wp-content\/uploads\/2022\/08\/logo-1.png","contentUrl":"https:\/\/librairie7l.com\/wp-content\/uploads\/2022\/08\/logo-1.png","width":227,"height":301,"caption":"Librairie 7L"},"image":{"@id":"https:\/\/librairie7l.com\/en\/#\/schema\/logo\/image\/"}}]}},"_links":{"self":[{"href":"https:\/\/librairie7l.com\/en\/wp-json\/wp\/v2\/product\/46784"}],"collection":[{"href":"https:\/\/librairie7l.com\/en\/wp-json\/wp\/v2\/product"}],"about":[{"href":"https:\/\/librairie7l.com\/en\/wp-json\/wp\/v2\/types\/product"}],"wp:featuredmedia":[{"embeddable":true,"href":"https:\/\/librairie7l.com\/en\/wp-json\/wp\/v2\/media\/46782"}],"wp:attachment":[{"href":"https:\/\/librairie7l.com\/en\/wp-json\/wp\/v2\/media?parent=46784"}],"wp:term":[{"taxonomy":"product_cat","embeddable":true,"href":"https:\/\/librairie7l.com\/en\/wp-json\/wp\/v2\/product_cat?post=46784"},{"taxonomy":"product_tag","embeddable":true,"href":"https:\/\/librairie7l.com\/en\/wp-json\/wp\/v2\/product_tag?post=46784"}],"curies":[{"name":"wp","href":"https:\/\/api.w.org\/{rel}","templated":true}]}}