{"id":46792,"date":"2025-03-13T11:17:00","date_gmt":"2025-03-13T10:17:00","guid":{"rendered":"https:\/\/librairie7l.com\/?post_type=product&#038;p=46792"},"modified":"2026-04-17T14:12:39","modified_gmt":"2026-04-17T12:12:39","slug":"pierre-soulages-trois-lumieres-2","status":"publish","type":"product","link":"https:\/\/librairie7l.com\/en\/produit\/pierre-soulages-trois-lumieres-2\/","title":{"rendered":"PIERRE SOULAGES, TROIS LUMI\u00c8RES"},"content":{"rendered":"<p>Cela se passait vers la fin d&#8217;un mois d&#8217;ao\u00fbt. Nous \u00e9tions proches d&#8217;un soir de pleine lune et la nuit, \u00e0 cette date, ne semblait plus tout \u00e0 fait la nuit. L&#8217;air \u00e9tait doux, berc\u00e9 par quelques ombres v\u00e9g\u00e9tales tandis qu&#8217;au loin des barques de p\u00eacheurs tremblaient sur l&#8217;eau comme de petites \u00e9toiles frileuses.<\/p>\n<p>Dans le vaste salon de la villa, j&#8217;avais remarqu\u00e9 une des toiles r\u00e9centes de Pierre Soulages?; j&#8217;entends par l\u00e0 celles qui ne laissent plus au blanc la moindre chance de tirer un seul \u00e9clat, le moindre appui. Maintenant, le noir souverain est tout autant couleur que reflet, mati\u00e8re que vibration, conjugaison de l&#8217;apparence et de l&#8217;enracinement.<\/p>\n<p>Et, comme surpris par mon propre discernement, je d\u00e9couvrais le lien fondamental, essentiel &#8211; ?de nature, devrais-je mieux dire ?- unissant l&#8217;oeuvre \u00e0 la source des \u00e9l\u00e9ments.<\/p>\n","protected":false},"excerpt":{"rendered":"<p>Cela se passait vers la fin d&#8217;un mois d&#8217;ao\u00fbt. Nous \u00e9tions proches d&#8217;un soir de pleine lune et la nuit, \u00e0 cette date, ne semblait plus tout \u00e0 fait la nuit. L&#8217;air \u00e9tait doux, berc\u00e9 par quelques ombres v\u00e9g\u00e9tales tandis qu&#8217;au loin des barques de p\u00eacheurs tremblaient sur l&#8217;eau comme de petites \u00e9toiles frileuses. Dans [&hellip;]<\/p>\n","protected":false},"featured_media":46790,"template":"","meta":[],"product_cat":[2948,2953],"product_tag":[],"acf":[],"yoast_head":"<!-- This site is optimized with the Yoast SEO plugin v20.11 - https:\/\/yoast.com\/wordpress\/plugins\/seo\/ -->\n<title>Pierre Soulages, trois lumi\u00e8res - Librairie 7L<\/title>\n<meta name=\"robots\" content=\"index, follow, max-snippet:-1, max-image-preview:large, max-video-preview:-1\" \/>\n<link rel=\"canonical\" href=\"https:\/\/librairie7l.com\/en\/produit\/pierre-soulages-trois-lumieres-2\/\" \/>\n<meta property=\"og:locale\" content=\"en_US\" \/>\n<meta property=\"og:type\" content=\"article\" \/>\n<meta property=\"og:title\" content=\"Pierre Soulages, trois lumi\u00e8res - Librairie 7L\" \/>\n<meta property=\"og:description\" content=\"Cela se passait vers la fin d&#8217;un mois d&#8217;ao\u00fbt. Nous \u00e9tions proches d&#8217;un soir de pleine lune et la nuit, \u00e0 cette date, ne semblait plus tout \u00e0 fait la nuit. L&#8217;air \u00e9tait doux, berc\u00e9 par quelques ombres v\u00e9g\u00e9tales tandis qu&#8217;au loin des barques de p\u00eacheurs tremblaient sur l&#8217;eau comme de petites \u00e9toiles frileuses. Dans [&hellip;]\" \/>\n<meta property=\"og:url\" content=\"https:\/\/librairie7l.com\/en\/produit\/pierre-soulages-trois-lumieres-2\/\" \/>\n<meta property=\"og:site_name\" content=\"Librairie 7L\" \/>\n<meta property=\"article:modified_time\" content=\"2026-04-17T12:12:39+00:00\" \/>\n<meta property=\"og:image\" content=\"https:\/\/librairie7l.com\/wp-content\/uploads\/2024\/11\/9782378562380_1_75.jpg\" \/>\n\t<meta property=\"og:image:width\" content=\"600\" \/>\n\t<meta property=\"og:image:height\" content=\"907\" \/>\n\t<meta property=\"og:image:type\" content=\"image\/jpeg\" \/>\n<meta name=\"twitter:card\" content=\"summary_large_image\" \/>\n<meta name=\"twitter:label1\" content=\"Est. reading time\" \/>\n\t<meta name=\"twitter:data1\" content=\"1 minute\" \/>\n<script type=\"application\/ld+json\" class=\"yoast-schema-graph\">{\"@context\":\"https:\/\/schema.org\",\"@graph\":[{\"@type\":\"WebPage\",\"@id\":\"https:\/\/librairie7l.com\/en\/produit\/pierre-soulages-trois-lumieres-2\/\",\"url\":\"https:\/\/librairie7l.com\/en\/produit\/pierre-soulages-trois-lumieres-2\/\",\"name\":\"Pierre Soulages, trois lumi\u00e8res - Librairie 7L\",\"isPartOf\":{\"@id\":\"https:\/\/librairie7l.com\/en\/#website\"},\"datePublished\":\"2025-03-13T10:17:00+00:00\",\"dateModified\":\"2026-04-17T12:12:39+00:00\",\"breadcrumb\":{\"@id\":\"https:\/\/librairie7l.com\/en\/produit\/pierre-soulages-trois-lumieres-2\/#breadcrumb\"},\"inLanguage\":\"en-US\",\"potentialAction\":[{\"@type\":\"ReadAction\",\"target\":[\"https:\/\/librairie7l.com\/en\/produit\/pierre-soulages-trois-lumieres-2\/\"]}]},{\"@type\":\"BreadcrumbList\",\"@id\":\"https:\/\/librairie7l.com\/en\/produit\/pierre-soulages-trois-lumieres-2\/#breadcrumb\",\"itemListElement\":[{\"@type\":\"ListItem\",\"position\":1,\"name\":\"Accueil\",\"item\":\"https:\/\/librairie7l.com\/en\/\"},{\"@type\":\"ListItem\",\"position\":2,\"name\":\"Shop\",\"item\":\"https:\/\/librairie7l.com\/en\/shop\/\"},{\"@type\":\"ListItem\",\"position\":3,\"name\":\"PIERRE SOULAGES, TROIS LUMI\u00c8RES\"}]},{\"@type\":\"WebSite\",\"@id\":\"https:\/\/librairie7l.com\/en\/#website\",\"url\":\"https:\/\/librairie7l.com\/en\/\",\"name\":\"Librairie 7L\",\"description\":\"Librairie fond\u00e9e en 1999 par Karl Lagerfeld \u00e0 Paris\",\"publisher\":{\"@id\":\"https:\/\/librairie7l.com\/en\/#organization\"},\"potentialAction\":[{\"@type\":\"SearchAction\",\"target\":{\"@type\":\"EntryPoint\",\"urlTemplate\":\"https:\/\/librairie7l.com\/en\/?s={search_term_string}\"},\"query-input\":\"required name=search_term_string\"}],\"inLanguage\":\"en-US\"},{\"@type\":\"Organization\",\"@id\":\"https:\/\/librairie7l.com\/en\/#organization\",\"name\":\"Librairie 7L\",\"url\":\"https:\/\/librairie7l.com\/en\/\",\"logo\":{\"@type\":\"ImageObject\",\"inLanguage\":\"en-US\",\"@id\":\"https:\/\/librairie7l.com\/en\/#\/schema\/logo\/image\/\",\"url\":\"https:\/\/librairie7l.com\/wp-content\/uploads\/2022\/08\/logo-1.png\",\"contentUrl\":\"https:\/\/librairie7l.com\/wp-content\/uploads\/2022\/08\/logo-1.png\",\"width\":227,\"height\":301,\"caption\":\"Librairie 7L\"},\"image\":{\"@id\":\"https:\/\/librairie7l.com\/en\/#\/schema\/logo\/image\/\"}}]}<\/script>\n<!-- \/ Yoast SEO plugin. -->","yoast_head_json":{"title":"Pierre Soulages, trois lumi\u00e8res - Librairie 7L","robots":{"index":"index","follow":"follow","max-snippet":"max-snippet:-1","max-image-preview":"max-image-preview:large","max-video-preview":"max-video-preview:-1"},"canonical":"https:\/\/librairie7l.com\/en\/produit\/pierre-soulages-trois-lumieres-2\/","og_locale":"en_US","og_type":"article","og_title":"Pierre Soulages, trois lumi\u00e8res - Librairie 7L","og_description":"Cela se passait vers la fin d&#8217;un mois d&#8217;ao\u00fbt. Nous \u00e9tions proches d&#8217;un soir de pleine lune et la nuit, \u00e0 cette date, ne semblait plus tout \u00e0 fait la nuit. L&#8217;air \u00e9tait doux, berc\u00e9 par quelques ombres v\u00e9g\u00e9tales tandis qu&#8217;au loin des barques de p\u00eacheurs tremblaient sur l&#8217;eau comme de petites \u00e9toiles frileuses. Dans [&hellip;]","og_url":"https:\/\/librairie7l.com\/en\/produit\/pierre-soulages-trois-lumieres-2\/","og_site_name":"Librairie 7L","article_modified_time":"2026-04-17T12:12:39+00:00","og_image":[{"width":600,"height":907,"url":"https:\/\/librairie7l.com\/wp-content\/uploads\/2024\/11\/9782378562380_1_75.jpg","type":"image\/jpeg"}],"twitter_card":"summary_large_image","twitter_misc":{"Est. reading time":"1 minute"},"schema":{"@context":"https:\/\/schema.org","@graph":[{"@type":"WebPage","@id":"https:\/\/librairie7l.com\/en\/produit\/pierre-soulages-trois-lumieres-2\/","url":"https:\/\/librairie7l.com\/en\/produit\/pierre-soulages-trois-lumieres-2\/","name":"Pierre Soulages, trois lumi\u00e8res - Librairie 7L","isPartOf":{"@id":"https:\/\/librairie7l.com\/en\/#website"},"datePublished":"2025-03-13T10:17:00+00:00","dateModified":"2026-04-17T12:12:39+00:00","breadcrumb":{"@id":"https:\/\/librairie7l.com\/en\/produit\/pierre-soulages-trois-lumieres-2\/#breadcrumb"},"inLanguage":"en-US","potentialAction":[{"@type":"ReadAction","target":["https:\/\/librairie7l.com\/en\/produit\/pierre-soulages-trois-lumieres-2\/"]}]},{"@type":"BreadcrumbList","@id":"https:\/\/librairie7l.com\/en\/produit\/pierre-soulages-trois-lumieres-2\/#breadcrumb","itemListElement":[{"@type":"ListItem","position":1,"name":"Accueil","item":"https:\/\/librairie7l.com\/en\/"},{"@type":"ListItem","position":2,"name":"Shop","item":"https:\/\/librairie7l.com\/en\/shop\/"},{"@type":"ListItem","position":3,"name":"PIERRE SOULAGES, TROIS LUMI\u00c8RES"}]},{"@type":"WebSite","@id":"https:\/\/librairie7l.com\/en\/#website","url":"https:\/\/librairie7l.com\/en\/","name":"Librairie 7L","description":"Librairie fond\u00e9e en 1999 par Karl Lagerfeld \u00e0 Paris","publisher":{"@id":"https:\/\/librairie7l.com\/en\/#organization"},"potentialAction":[{"@type":"SearchAction","target":{"@type":"EntryPoint","urlTemplate":"https:\/\/librairie7l.com\/en\/?s={search_term_string}"},"query-input":"required name=search_term_string"}],"inLanguage":"en-US"},{"@type":"Organization","@id":"https:\/\/librairie7l.com\/en\/#organization","name":"Librairie 7L","url":"https:\/\/librairie7l.com\/en\/","logo":{"@type":"ImageObject","inLanguage":"en-US","@id":"https:\/\/librairie7l.com\/en\/#\/schema\/logo\/image\/","url":"https:\/\/librairie7l.com\/wp-content\/uploads\/2022\/08\/logo-1.png","contentUrl":"https:\/\/librairie7l.com\/wp-content\/uploads\/2022\/08\/logo-1.png","width":227,"height":301,"caption":"Librairie 7L"},"image":{"@id":"https:\/\/librairie7l.com\/en\/#\/schema\/logo\/image\/"}}]}},"_links":{"self":[{"href":"https:\/\/librairie7l.com\/en\/wp-json\/wp\/v2\/product\/46792"}],"collection":[{"href":"https:\/\/librairie7l.com\/en\/wp-json\/wp\/v2\/product"}],"about":[{"href":"https:\/\/librairie7l.com\/en\/wp-json\/wp\/v2\/types\/product"}],"wp:featuredmedia":[{"embeddable":true,"href":"https:\/\/librairie7l.com\/en\/wp-json\/wp\/v2\/media\/46790"}],"wp:attachment":[{"href":"https:\/\/librairie7l.com\/en\/wp-json\/wp\/v2\/media?parent=46792"}],"wp:term":[{"taxonomy":"product_cat","embeddable":true,"href":"https:\/\/librairie7l.com\/en\/wp-json\/wp\/v2\/product_cat?post=46792"},{"taxonomy":"product_tag","embeddable":true,"href":"https:\/\/librairie7l.com\/en\/wp-json\/wp\/v2\/product_tag?post=46792"}],"curies":[{"name":"wp","href":"https:\/\/api.w.org\/{rel}","templated":true}]}}