{"id":46804,"date":"2025-03-13T11:17:11","date_gmt":"2025-03-13T10:17:11","guid":{"rendered":"https:\/\/librairie7l.com\/?post_type=product&#038;p=46804"},"modified":"2026-04-22T11:19:13","modified_gmt":"2026-04-22T09:19:13","slug":"charlotte-perriand-loeuvre-complete-tome-3-1956-1968-2","status":"publish","type":"product","link":"https:\/\/librairie7l.com\/en\/produit\/charlotte-perriand-loeuvre-complete-tome-3-1956-1968-2\/","title":{"rendered":"CHARLOTTE PERRIAND, L&#8217;OEUVRE COMPL\u00c8TE  TOME 3 ; 1956-1968"},"content":{"rendered":"<p>Ce troisi\u00e8me volume de l&#8217;oeuvre compl\u00e8te (1956-1968) pr\u00e9sente le travail de Charlotte Perriand au coeur des Trente Glorieuses, p\u00e9riode pendant laquelle son statut de cr\u00e9atrice internationale va se confirmer.<br \/>\nD\u00e8s 1956, Charlotte Perriand d\u00e9veloppe une collaboration soutenue avec la galerie Steph Simon, \u00e9diteur notamment de ses biblioth\u00e8ques Nuages. Elle renforce ses liens avec Air France, am\u00e9nage des agences en Europe, au Japon et au Br\u00e9sil et con\u00e7oit les premiers espaces de travail en open space.<br \/>\n\u00c0 Gen\u00e8ve, elle consacre plus de dix ans \u00e0 la r\u00e9novation de l&#8217;immense palais des Nations, si\u00e8ge de l&#8217;ONU en Europe, pour en faire un outil moderne au service de milliers de diplomates et d&#8217;ONG.<br \/>\nL&#8217;ouvrage illustre \u00e9galement son \u00ab art d&#8217;habiter \u00bb \u00e0 travers des r\u00e9alisations comme la r\u00e9sidence de l&#8217;ambassadeur du Japon \u00e0 Paris, la maison du Sahara, son chalet \u00e0 M\u00e9ribel, son appartement \u00e0 Rio de Janeiro, ou encore l&#8217;\u00e9quipement int\u00e9rieur du pavillon du Br\u00e9sil \u00e0 la cit\u00e9 universitaire, \u00e0 Paris, avec Le Corbusier.<br \/>\nAutre pays d&#8217;\u00e9lection de Charlotte Perriand apr\u00e8s le Japon, le Br\u00e9sil, o\u00f9 elle se rend r\u00e9guli\u00e8rement de 1959 \u00e0 1970, occupe une place importante dans son univers. Elle y noue des liens d&#8217;amiti\u00e9 avec L\u00facio Costa, Oscar Niemeyer et les grandes figures du milieu culturel progressiste. En 1963, elle commence une mission sur le d\u00e9veloppement de l&#8217;artisanat dans le Nordeste, interrompue par le coup d&#8217;\u00c9tat militaire.<br \/>\nPr\u00e8s de 800 documents, pour la plupart in\u00e9dits, retracent une douzaine d&#8217;ann\u00e9es de cr\u00e9ation dans les domaines du mobilier, de l&#8217;am\u00e9nagement et de l&#8217;architecture de cette pionni\u00e8re du design, et pr\u00e9figurent son travail pour la station des Arcs en Savoie dans les ann\u00e9es 70 et 80.<\/p>\n","protected":false},"excerpt":{"rendered":"<p>Ce troisi\u00e8me volume de l&#8217;oeuvre compl\u00e8te (1956-1968) pr\u00e9sente le travail de Charlotte Perriand au coeur des Trente Glorieuses, p\u00e9riode pendant laquelle son statut de cr\u00e9atrice internationale va se confirmer. D\u00e8s 1956, Charlotte Perriand d\u00e9veloppe une collaboration soutenue avec la galerie Steph Simon, \u00e9diteur notamment de ses biblioth\u00e8ques Nuages. Elle renforce ses liens avec Air France, [&hellip;]<\/p>\n","protected":false},"featured_media":46802,"template":"","meta":[],"product_cat":[2948,2952],"product_tag":[],"acf":[],"yoast_head":"<!-- This site is optimized with the Yoast SEO plugin v20.11 - https:\/\/yoast.com\/wordpress\/plugins\/seo\/ -->\n<title>Charlotte Perriand, l&#039;oeuvre compl\u00e8te Tome 3 ; 1956-1968 - Librairie 7L<\/title>\n<meta name=\"robots\" content=\"index, follow, max-snippet:-1, max-image-preview:large, max-video-preview:-1\" \/>\n<link rel=\"canonical\" href=\"https:\/\/librairie7l.com\/en\/produit\/charlotte-perriand-loeuvre-complete-tome-3-1956-1968-2\/\" \/>\n<meta property=\"og:locale\" content=\"en_US\" \/>\n<meta property=\"og:type\" content=\"article\" \/>\n<meta property=\"og:title\" content=\"Charlotte Perriand, l&#039;oeuvre compl\u00e8te Tome 3 ; 1956-1968 - Librairie 7L\" \/>\n<meta property=\"og:description\" content=\"Ce troisi\u00e8me volume de l&#8217;oeuvre compl\u00e8te (1956-1968) pr\u00e9sente le travail de Charlotte Perriand au coeur des Trente Glorieuses, p\u00e9riode pendant laquelle son statut de cr\u00e9atrice internationale va se confirmer. D\u00e8s 1956, Charlotte Perriand d\u00e9veloppe une collaboration soutenue avec la galerie Steph Simon, \u00e9diteur notamment de ses biblioth\u00e8ques Nuages. Elle renforce ses liens avec Air France, [&hellip;]\" \/>\n<meta property=\"og:url\" content=\"https:\/\/librairie7l.com\/en\/produit\/charlotte-perriand-loeuvre-complete-tome-3-1956-1968-2\/\" \/>\n<meta property=\"og:site_name\" content=\"Librairie 7L\" \/>\n<meta property=\"article:modified_time\" content=\"2026-04-22T09:19:13+00:00\" \/>\n<meta property=\"og:image\" content=\"https:\/\/librairie7l.com\/wp-content\/uploads\/2016\/12\/9782376660019_1_75.jpg\" \/>\n\t<meta property=\"og:image:width\" content=\"600\" \/>\n\t<meta property=\"og:image:height\" content=\"788\" \/>\n\t<meta property=\"og:image:type\" content=\"image\/jpeg\" \/>\n<meta name=\"twitter:card\" content=\"summary_large_image\" \/>\n<meta name=\"twitter:label1\" content=\"Est. reading time\" \/>\n\t<meta name=\"twitter:data1\" content=\"1 minute\" \/>\n<script type=\"application\/ld+json\" class=\"yoast-schema-graph\">{\"@context\":\"https:\/\/schema.org\",\"@graph\":[{\"@type\":\"WebPage\",\"@id\":\"https:\/\/librairie7l.com\/en\/produit\/charlotte-perriand-loeuvre-complete-tome-3-1956-1968-2\/\",\"url\":\"https:\/\/librairie7l.com\/en\/produit\/charlotte-perriand-loeuvre-complete-tome-3-1956-1968-2\/\",\"name\":\"Charlotte Perriand, l'oeuvre compl\u00e8te Tome 3 ; 1956-1968 - Librairie 7L\",\"isPartOf\":{\"@id\":\"https:\/\/librairie7l.com\/en\/#website\"},\"datePublished\":\"2025-03-13T10:17:11+00:00\",\"dateModified\":\"2026-04-22T09:19:13+00:00\",\"breadcrumb\":{\"@id\":\"https:\/\/librairie7l.com\/en\/produit\/charlotte-perriand-loeuvre-complete-tome-3-1956-1968-2\/#breadcrumb\"},\"inLanguage\":\"en-US\",\"potentialAction\":[{\"@type\":\"ReadAction\",\"target\":[\"https:\/\/librairie7l.com\/en\/produit\/charlotte-perriand-loeuvre-complete-tome-3-1956-1968-2\/\"]}]},{\"@type\":\"BreadcrumbList\",\"@id\":\"https:\/\/librairie7l.com\/en\/produit\/charlotte-perriand-loeuvre-complete-tome-3-1956-1968-2\/#breadcrumb\",\"itemListElement\":[{\"@type\":\"ListItem\",\"position\":1,\"name\":\"Accueil\",\"item\":\"https:\/\/librairie7l.com\/en\/\"},{\"@type\":\"ListItem\",\"position\":2,\"name\":\"Shop\",\"item\":\"https:\/\/librairie7l.com\/en\/shop\/\"},{\"@type\":\"ListItem\",\"position\":3,\"name\":\"CHARLOTTE PERRIAND, L&#8217;OEUVRE COMPL\u00c8TE TOME 3 ; 1956-1968\"}]},{\"@type\":\"WebSite\",\"@id\":\"https:\/\/librairie7l.com\/en\/#website\",\"url\":\"https:\/\/librairie7l.com\/en\/\",\"name\":\"Librairie 7L\",\"description\":\"Librairie fond\u00e9e en 1999 par Karl Lagerfeld \u00e0 Paris\",\"publisher\":{\"@id\":\"https:\/\/librairie7l.com\/en\/#organization\"},\"potentialAction\":[{\"@type\":\"SearchAction\",\"target\":{\"@type\":\"EntryPoint\",\"urlTemplate\":\"https:\/\/librairie7l.com\/en\/?s={search_term_string}\"},\"query-input\":\"required name=search_term_string\"}],\"inLanguage\":\"en-US\"},{\"@type\":\"Organization\",\"@id\":\"https:\/\/librairie7l.com\/en\/#organization\",\"name\":\"Librairie 7L\",\"url\":\"https:\/\/librairie7l.com\/en\/\",\"logo\":{\"@type\":\"ImageObject\",\"inLanguage\":\"en-US\",\"@id\":\"https:\/\/librairie7l.com\/en\/#\/schema\/logo\/image\/\",\"url\":\"https:\/\/librairie7l.com\/wp-content\/uploads\/2022\/08\/logo-1.png\",\"contentUrl\":\"https:\/\/librairie7l.com\/wp-content\/uploads\/2022\/08\/logo-1.png\",\"width\":227,\"height\":301,\"caption\":\"Librairie 7L\"},\"image\":{\"@id\":\"https:\/\/librairie7l.com\/en\/#\/schema\/logo\/image\/\"}}]}<\/script>\n<!-- \/ Yoast SEO plugin. -->","yoast_head_json":{"title":"Charlotte Perriand, l'oeuvre compl\u00e8te Tome 3 ; 1956-1968 - Librairie 7L","robots":{"index":"index","follow":"follow","max-snippet":"max-snippet:-1","max-image-preview":"max-image-preview:large","max-video-preview":"max-video-preview:-1"},"canonical":"https:\/\/librairie7l.com\/en\/produit\/charlotte-perriand-loeuvre-complete-tome-3-1956-1968-2\/","og_locale":"en_US","og_type":"article","og_title":"Charlotte Perriand, l'oeuvre compl\u00e8te Tome 3 ; 1956-1968 - Librairie 7L","og_description":"Ce troisi\u00e8me volume de l&#8217;oeuvre compl\u00e8te (1956-1968) pr\u00e9sente le travail de Charlotte Perriand au coeur des Trente Glorieuses, p\u00e9riode pendant laquelle son statut de cr\u00e9atrice internationale va se confirmer. D\u00e8s 1956, Charlotte Perriand d\u00e9veloppe une collaboration soutenue avec la galerie Steph Simon, \u00e9diteur notamment de ses biblioth\u00e8ques Nuages. Elle renforce ses liens avec Air France, [&hellip;]","og_url":"https:\/\/librairie7l.com\/en\/produit\/charlotte-perriand-loeuvre-complete-tome-3-1956-1968-2\/","og_site_name":"Librairie 7L","article_modified_time":"2026-04-22T09:19:13+00:00","og_image":[{"width":600,"height":788,"url":"https:\/\/librairie7l.com\/wp-content\/uploads\/2016\/12\/9782376660019_1_75.jpg","type":"image\/jpeg"}],"twitter_card":"summary_large_image","twitter_misc":{"Est. reading time":"1 minute"},"schema":{"@context":"https:\/\/schema.org","@graph":[{"@type":"WebPage","@id":"https:\/\/librairie7l.com\/en\/produit\/charlotte-perriand-loeuvre-complete-tome-3-1956-1968-2\/","url":"https:\/\/librairie7l.com\/en\/produit\/charlotte-perriand-loeuvre-complete-tome-3-1956-1968-2\/","name":"Charlotte Perriand, l'oeuvre compl\u00e8te Tome 3 ; 1956-1968 - Librairie 7L","isPartOf":{"@id":"https:\/\/librairie7l.com\/en\/#website"},"datePublished":"2025-03-13T10:17:11+00:00","dateModified":"2026-04-22T09:19:13+00:00","breadcrumb":{"@id":"https:\/\/librairie7l.com\/en\/produit\/charlotte-perriand-loeuvre-complete-tome-3-1956-1968-2\/#breadcrumb"},"inLanguage":"en-US","potentialAction":[{"@type":"ReadAction","target":["https:\/\/librairie7l.com\/en\/produit\/charlotte-perriand-loeuvre-complete-tome-3-1956-1968-2\/"]}]},{"@type":"BreadcrumbList","@id":"https:\/\/librairie7l.com\/en\/produit\/charlotte-perriand-loeuvre-complete-tome-3-1956-1968-2\/#breadcrumb","itemListElement":[{"@type":"ListItem","position":1,"name":"Accueil","item":"https:\/\/librairie7l.com\/en\/"},{"@type":"ListItem","position":2,"name":"Shop","item":"https:\/\/librairie7l.com\/en\/shop\/"},{"@type":"ListItem","position":3,"name":"CHARLOTTE PERRIAND, L&#8217;OEUVRE COMPL\u00c8TE TOME 3 ; 1956-1968"}]},{"@type":"WebSite","@id":"https:\/\/librairie7l.com\/en\/#website","url":"https:\/\/librairie7l.com\/en\/","name":"Librairie 7L","description":"Librairie fond\u00e9e en 1999 par Karl Lagerfeld \u00e0 Paris","publisher":{"@id":"https:\/\/librairie7l.com\/en\/#organization"},"potentialAction":[{"@type":"SearchAction","target":{"@type":"EntryPoint","urlTemplate":"https:\/\/librairie7l.com\/en\/?s={search_term_string}"},"query-input":"required name=search_term_string"}],"inLanguage":"en-US"},{"@type":"Organization","@id":"https:\/\/librairie7l.com\/en\/#organization","name":"Librairie 7L","url":"https:\/\/librairie7l.com\/en\/","logo":{"@type":"ImageObject","inLanguage":"en-US","@id":"https:\/\/librairie7l.com\/en\/#\/schema\/logo\/image\/","url":"https:\/\/librairie7l.com\/wp-content\/uploads\/2022\/08\/logo-1.png","contentUrl":"https:\/\/librairie7l.com\/wp-content\/uploads\/2022\/08\/logo-1.png","width":227,"height":301,"caption":"Librairie 7L"},"image":{"@id":"https:\/\/librairie7l.com\/en\/#\/schema\/logo\/image\/"}}]}},"_links":{"self":[{"href":"https:\/\/librairie7l.com\/en\/wp-json\/wp\/v2\/product\/46804"}],"collection":[{"href":"https:\/\/librairie7l.com\/en\/wp-json\/wp\/v2\/product"}],"about":[{"href":"https:\/\/librairie7l.com\/en\/wp-json\/wp\/v2\/types\/product"}],"wp:featuredmedia":[{"embeddable":true,"href":"https:\/\/librairie7l.com\/en\/wp-json\/wp\/v2\/media\/46802"}],"wp:attachment":[{"href":"https:\/\/librairie7l.com\/en\/wp-json\/wp\/v2\/media?parent=46804"}],"wp:term":[{"taxonomy":"product_cat","embeddable":true,"href":"https:\/\/librairie7l.com\/en\/wp-json\/wp\/v2\/product_cat?post=46804"},{"taxonomy":"product_tag","embeddable":true,"href":"https:\/\/librairie7l.com\/en\/wp-json\/wp\/v2\/product_tag?post=46804"}],"curies":[{"name":"wp","href":"https:\/\/api.w.org\/{rel}","templated":true}]}}