{"id":46808,"date":"2025-03-13T11:17:14","date_gmt":"2025-03-13T10:17:14","guid":{"rendered":"https:\/\/librairie7l.com\/?post_type=product&#038;p=46808"},"modified":"2026-04-17T14:10:51","modified_gmt":"2026-04-17T12:10:51","slug":"le-black-mountain-college-2","status":"publish","type":"product","link":"https:\/\/librairie7l.com\/en\/produit\/le-black-mountain-college-2\/","title":{"rendered":"LE BLACK MOUNTAIN COLLEGE"},"content":{"rendered":"<p>En 1933, s&#8217;ouvrit en caroline du nord un coll\u00e8ge atypique, le Black Mountain college. au d\u00e9part, celui-ci \u00e9tait destin\u00e9 \u00e0 d\u00e9montrer que, gr\u00e2ce \u00e0 un programme p\u00e9dagogique original, il \u00e9tait possible de proposer une nouvelle forme d&#8217;enseignement sup\u00e9rieur aux \u00c9tats-unis. aux yeux de son fondateur, John rice, l&#8217;inclusion de cours d&#8217;art au sein m\u00eame du programme allait jouer un r\u00f4le fondamental dans l&#8217;\u00e9panouissement de ses \u00e9tudiants.<br \/>\n\u00c0 cette fin, il engagea un professeur du Bauhaus, Josef albers, qui allait y enseigner pendant pr\u00e8s de quinze ans. De simple exp\u00e9rience p\u00e9dagogique \u00e0 ses d\u00e9buts, le Black Mountain college acquit apr\u00e8s la seconde Guerre mondiale une r\u00e9putation de foyer exp\u00e9rimental non seulement dans le domaine de l&#8217;\u00e9ducation mais aussi et surtout dans le domaine de la cr\u00e9ation artistique. John cage, robert Motherwell, Willem de Koning et Franz Kline y enseign\u00e8rent. Kenneth noland, robert rauschenberg et cy twombly firent partie de ses \u00e9tudiants. c&#8217;est \u00e0 l&#8217;initiative de John cage qu&#8217;eut lieu au Black Mountain college le premier happening de l&#8217;histoire, \u00e9v\u00e8nement qui contribua \u00e0 donner au coll\u00e8ge son statut quasi mythique. L&#8217;aventure dura un peu plus de vingt ans. Le monde avait chang\u00e9 et il manquait aux h\u00e9ritiers de rice et albers leur enthousiasme utopique.<br \/>\nCet ouvrage raconte l&#8217;histoire du Black Mountain college et les \u00e9v\u00e8nements qui contribu\u00e8rent \u00e0 forger sa r\u00e9putation.<\/p>\n","protected":false},"excerpt":{"rendered":"<p>En 1933, s&#8217;ouvrit en caroline du nord un coll\u00e8ge atypique, le Black Mountain college. au d\u00e9part, celui-ci \u00e9tait destin\u00e9 \u00e0 d\u00e9montrer que, gr\u00e2ce \u00e0 un programme p\u00e9dagogique original, il \u00e9tait possible de proposer une nouvelle forme d&#8217;enseignement sup\u00e9rieur aux \u00c9tats-unis. aux yeux de son fondateur, John rice, l&#8217;inclusion de cours d&#8217;art au sein m\u00eame du [&hellip;]<\/p>\n","protected":false},"featured_media":46806,"template":"","meta":[],"product_cat":[2948,2953],"product_tag":[],"acf":[],"yoast_head":"<!-- This site is optimized with the Yoast SEO plugin v20.11 - https:\/\/yoast.com\/wordpress\/plugins\/seo\/ -->\n<title>Le Black Mountain college - Librairie 7L<\/title>\n<meta name=\"robots\" content=\"index, follow, max-snippet:-1, max-image-preview:large, max-video-preview:-1\" \/>\n<link rel=\"canonical\" href=\"https:\/\/librairie7l.com\/en\/produit\/le-black-mountain-college-2\/\" \/>\n<meta property=\"og:locale\" content=\"en_US\" \/>\n<meta property=\"og:type\" content=\"article\" \/>\n<meta property=\"og:title\" content=\"Le Black Mountain college - Librairie 7L\" \/>\n<meta property=\"og:description\" content=\"En 1933, s&#8217;ouvrit en caroline du nord un coll\u00e8ge atypique, le Black Mountain college. au d\u00e9part, celui-ci \u00e9tait destin\u00e9 \u00e0 d\u00e9montrer que, gr\u00e2ce \u00e0 un programme p\u00e9dagogique original, il \u00e9tait possible de proposer une nouvelle forme d&#8217;enseignement sup\u00e9rieur aux \u00c9tats-unis. aux yeux de son fondateur, John rice, l&#8217;inclusion de cours d&#8217;art au sein m\u00eame du [&hellip;]\" \/>\n<meta property=\"og:url\" content=\"https:\/\/librairie7l.com\/en\/produit\/le-black-mountain-college-2\/\" \/>\n<meta property=\"og:site_name\" content=\"Librairie 7L\" \/>\n<meta property=\"article:modified_time\" content=\"2026-04-17T12:10:51+00:00\" \/>\n<meta property=\"og:image\" content=\"https:\/\/librairie7l.com\/wp-content\/uploads\/2014\/01\/9782873174224_1_75.jpg\" \/>\n\t<meta property=\"og:image:width\" content=\"600\" \/>\n\t<meta property=\"og:image:height\" content=\"897\" \/>\n\t<meta property=\"og:image:type\" content=\"image\/jpeg\" \/>\n<meta name=\"twitter:card\" content=\"summary_large_image\" \/>\n<meta name=\"twitter:label1\" content=\"Est. reading time\" \/>\n\t<meta name=\"twitter:data1\" content=\"1 minute\" \/>\n<script type=\"application\/ld+json\" class=\"yoast-schema-graph\">{\"@context\":\"https:\/\/schema.org\",\"@graph\":[{\"@type\":\"WebPage\",\"@id\":\"https:\/\/librairie7l.com\/en\/produit\/le-black-mountain-college-2\/\",\"url\":\"https:\/\/librairie7l.com\/en\/produit\/le-black-mountain-college-2\/\",\"name\":\"Le Black Mountain college - Librairie 7L\",\"isPartOf\":{\"@id\":\"https:\/\/librairie7l.com\/en\/#website\"},\"datePublished\":\"2025-03-13T10:17:14+00:00\",\"dateModified\":\"2026-04-17T12:10:51+00:00\",\"breadcrumb\":{\"@id\":\"https:\/\/librairie7l.com\/en\/produit\/le-black-mountain-college-2\/#breadcrumb\"},\"inLanguage\":\"en-US\",\"potentialAction\":[{\"@type\":\"ReadAction\",\"target\":[\"https:\/\/librairie7l.com\/en\/produit\/le-black-mountain-college-2\/\"]}]},{\"@type\":\"BreadcrumbList\",\"@id\":\"https:\/\/librairie7l.com\/en\/produit\/le-black-mountain-college-2\/#breadcrumb\",\"itemListElement\":[{\"@type\":\"ListItem\",\"position\":1,\"name\":\"Accueil\",\"item\":\"https:\/\/librairie7l.com\/en\/\"},{\"@type\":\"ListItem\",\"position\":2,\"name\":\"Shop\",\"item\":\"https:\/\/librairie7l.com\/en\/shop\/\"},{\"@type\":\"ListItem\",\"position\":3,\"name\":\"LE BLACK MOUNTAIN COLLEGE\"}]},{\"@type\":\"WebSite\",\"@id\":\"https:\/\/librairie7l.com\/en\/#website\",\"url\":\"https:\/\/librairie7l.com\/en\/\",\"name\":\"Librairie 7L\",\"description\":\"Librairie fond\u00e9e en 1999 par Karl Lagerfeld \u00e0 Paris\",\"publisher\":{\"@id\":\"https:\/\/librairie7l.com\/en\/#organization\"},\"potentialAction\":[{\"@type\":\"SearchAction\",\"target\":{\"@type\":\"EntryPoint\",\"urlTemplate\":\"https:\/\/librairie7l.com\/en\/?s={search_term_string}\"},\"query-input\":\"required name=search_term_string\"}],\"inLanguage\":\"en-US\"},{\"@type\":\"Organization\",\"@id\":\"https:\/\/librairie7l.com\/en\/#organization\",\"name\":\"Librairie 7L\",\"url\":\"https:\/\/librairie7l.com\/en\/\",\"logo\":{\"@type\":\"ImageObject\",\"inLanguage\":\"en-US\",\"@id\":\"https:\/\/librairie7l.com\/en\/#\/schema\/logo\/image\/\",\"url\":\"https:\/\/librairie7l.com\/wp-content\/uploads\/2022\/08\/logo-1.png\",\"contentUrl\":\"https:\/\/librairie7l.com\/wp-content\/uploads\/2022\/08\/logo-1.png\",\"width\":227,\"height\":301,\"caption\":\"Librairie 7L\"},\"image\":{\"@id\":\"https:\/\/librairie7l.com\/en\/#\/schema\/logo\/image\/\"}}]}<\/script>\n<!-- \/ Yoast SEO plugin. -->","yoast_head_json":{"title":"Le Black Mountain college - Librairie 7L","robots":{"index":"index","follow":"follow","max-snippet":"max-snippet:-1","max-image-preview":"max-image-preview:large","max-video-preview":"max-video-preview:-1"},"canonical":"https:\/\/librairie7l.com\/en\/produit\/le-black-mountain-college-2\/","og_locale":"en_US","og_type":"article","og_title":"Le Black Mountain college - Librairie 7L","og_description":"En 1933, s&#8217;ouvrit en caroline du nord un coll\u00e8ge atypique, le Black Mountain college. au d\u00e9part, celui-ci \u00e9tait destin\u00e9 \u00e0 d\u00e9montrer que, gr\u00e2ce \u00e0 un programme p\u00e9dagogique original, il \u00e9tait possible de proposer une nouvelle forme d&#8217;enseignement sup\u00e9rieur aux \u00c9tats-unis. aux yeux de son fondateur, John rice, l&#8217;inclusion de cours d&#8217;art au sein m\u00eame du [&hellip;]","og_url":"https:\/\/librairie7l.com\/en\/produit\/le-black-mountain-college-2\/","og_site_name":"Librairie 7L","article_modified_time":"2026-04-17T12:10:51+00:00","og_image":[{"width":600,"height":897,"url":"https:\/\/librairie7l.com\/wp-content\/uploads\/2014\/01\/9782873174224_1_75.jpg","type":"image\/jpeg"}],"twitter_card":"summary_large_image","twitter_misc":{"Est. reading time":"1 minute"},"schema":{"@context":"https:\/\/schema.org","@graph":[{"@type":"WebPage","@id":"https:\/\/librairie7l.com\/en\/produit\/le-black-mountain-college-2\/","url":"https:\/\/librairie7l.com\/en\/produit\/le-black-mountain-college-2\/","name":"Le Black Mountain college - Librairie 7L","isPartOf":{"@id":"https:\/\/librairie7l.com\/en\/#website"},"datePublished":"2025-03-13T10:17:14+00:00","dateModified":"2026-04-17T12:10:51+00:00","breadcrumb":{"@id":"https:\/\/librairie7l.com\/en\/produit\/le-black-mountain-college-2\/#breadcrumb"},"inLanguage":"en-US","potentialAction":[{"@type":"ReadAction","target":["https:\/\/librairie7l.com\/en\/produit\/le-black-mountain-college-2\/"]}]},{"@type":"BreadcrumbList","@id":"https:\/\/librairie7l.com\/en\/produit\/le-black-mountain-college-2\/#breadcrumb","itemListElement":[{"@type":"ListItem","position":1,"name":"Accueil","item":"https:\/\/librairie7l.com\/en\/"},{"@type":"ListItem","position":2,"name":"Shop","item":"https:\/\/librairie7l.com\/en\/shop\/"},{"@type":"ListItem","position":3,"name":"LE BLACK MOUNTAIN COLLEGE"}]},{"@type":"WebSite","@id":"https:\/\/librairie7l.com\/en\/#website","url":"https:\/\/librairie7l.com\/en\/","name":"Librairie 7L","description":"Librairie fond\u00e9e en 1999 par Karl Lagerfeld \u00e0 Paris","publisher":{"@id":"https:\/\/librairie7l.com\/en\/#organization"},"potentialAction":[{"@type":"SearchAction","target":{"@type":"EntryPoint","urlTemplate":"https:\/\/librairie7l.com\/en\/?s={search_term_string}"},"query-input":"required name=search_term_string"}],"inLanguage":"en-US"},{"@type":"Organization","@id":"https:\/\/librairie7l.com\/en\/#organization","name":"Librairie 7L","url":"https:\/\/librairie7l.com\/en\/","logo":{"@type":"ImageObject","inLanguage":"en-US","@id":"https:\/\/librairie7l.com\/en\/#\/schema\/logo\/image\/","url":"https:\/\/librairie7l.com\/wp-content\/uploads\/2022\/08\/logo-1.png","contentUrl":"https:\/\/librairie7l.com\/wp-content\/uploads\/2022\/08\/logo-1.png","width":227,"height":301,"caption":"Librairie 7L"},"image":{"@id":"https:\/\/librairie7l.com\/en\/#\/schema\/logo\/image\/"}}]}},"_links":{"self":[{"href":"https:\/\/librairie7l.com\/en\/wp-json\/wp\/v2\/product\/46808"}],"collection":[{"href":"https:\/\/librairie7l.com\/en\/wp-json\/wp\/v2\/product"}],"about":[{"href":"https:\/\/librairie7l.com\/en\/wp-json\/wp\/v2\/types\/product"}],"wp:featuredmedia":[{"embeddable":true,"href":"https:\/\/librairie7l.com\/en\/wp-json\/wp\/v2\/media\/46806"}],"wp:attachment":[{"href":"https:\/\/librairie7l.com\/en\/wp-json\/wp\/v2\/media?parent=46808"}],"wp:term":[{"taxonomy":"product_cat","embeddable":true,"href":"https:\/\/librairie7l.com\/en\/wp-json\/wp\/v2\/product_cat?post=46808"},{"taxonomy":"product_tag","embeddable":true,"href":"https:\/\/librairie7l.com\/en\/wp-json\/wp\/v2\/product_tag?post=46808"}],"curies":[{"name":"wp","href":"https:\/\/api.w.org\/{rel}","templated":true}]}}